{"id":303891,"date":"2024-12-18T17:26:27","date_gmt":"2024-12-18T16:26:27","guid":{"rendered":"https:\/\/flexlifting.girafdev.com\/?post_type=product&#038;p=303891"},"modified":"2025-01-22T14:34:02","modified_gmt":"2025-01-22T13:34:02","slug":"justerbar-loftebjelke-kapasitet-500-kg","status":"publish","type":"product","link":"https:\/\/liftingfx.girafdev.com\/no\/product\/justerbar-loftebjelke-kapasitet-500-kg\/","title":{"rendered":"LBA500 Justerbar l\u00f8ftebjelke &#8211; kapasitet 500 kg"},"content":{"rendered":"<h2>CAPASITET MAX 500 KG<\/h2>\n<p>LBA500 l\u00f8ftebjelke er et sv\u00e6rt allsidig l\u00f8fteverkt\u00f8y, designet for \u00e5 h\u00e5ndtere store laster p\u00e5 en balansert m\u00e5te, og optimalisere de totale dimensjonene i b\u00e5de h\u00f8yde og bredde. Denne enheten er utstyrt med to 360\u00b0 roterbare lastkroker, utstyrt med sikkerhetsl\u00e5ser som garanterer en up\u00e5klagelig tetning under alle driftsforhold. Med en maksimal lastekapasitet p\u00e5 500 kg er l\u00f8fteb\u00f8ylen behandlet med antioksidantgalvanisering, noe som sikrer overlegen motstand og holdbarhet.<br \/>\nVidere er l\u00f8ftebjelken LBA500 justerbar i lengden, slik at den kan tilpasses ulike st\u00f8rrelser p\u00e5 last som skal l\u00f8ftes. Plasseringen av krokene kan enkelt endres ved senter p\u00e5 400, 700, 1000, 1300 og 1600 mm, takket v\u00e6re sikkerhetsn\u00e5ler med mekanisk stopp, noe som sikrer fleksibel og sikker bruk.<\/p>\n<p><a href=\"https:\/\/liftingfx.girafdev.comwp-content\/uploads\/2024\/12\/LBA500-1.pdf\">Se tegning<\/a><\/p>\n<p>&nbsp;<\/p>\n","protected":false},"excerpt":{"rendered":"<p>CAPASITET MAX 500 KG LBA500 l\u00f8ftebjelke er et sv\u00e6rt allsidig l\u00f8fteverkt\u00f8y, designet for \u00e5 h\u00e5ndtere store laster p\u00e5 en balansert m\u00e5te, og optimalisere de totale dimensjonene i b\u00e5de h\u00f8yde og bredde. Denne enheten er utstyrt med to 360\u00b0 roterbare lastkroker, utstyrt med sikkerhetsl\u00e5ser som garanterer en up\u00e5klagelig tetning under alle driftsforhold. Med en maksimal lastekapasitet [&hellip;]<\/p>\n","protected":false},"featured_media":307685,"template":"","meta":{"_acf_changed":false,"_et_pb_use_builder":"off","_et_pb_old_content":"","_et_gb_content_width":""},"product_brand":[],"product_cat":[673],"product_tag":[],"class_list":{"0":"post-303891","1":"product","2":"type-product","3":"status-publish","4":"has-post-thumbnail","6":"product_cat-tilbehor","8":"first","9":"instock","10":"shipping-taxable","11":"product-type-simple"},"acf":[],"gallery_images":[307695],"_links":{"self":[{"href":"https:\/\/liftingfx.girafdev.com\/no\/wp-json\/wp\/v2\/product\/303891","targetHints":{"allow":["GET"]}}],"collection":[{"href":"https:\/\/liftingfx.girafdev.com\/no\/wp-json\/wp\/v2\/product"}],"about":[{"href":"https:\/\/liftingfx.girafdev.com\/no\/wp-json\/wp\/v2\/types\/product"}],"wp:featuredmedia":[{"embeddable":true,"href":"https:\/\/liftingfx.girafdev.com\/no\/wp-json\/wp\/v2\/media\/307685"}],"wp:attachment":[{"href":"https:\/\/liftingfx.girafdev.com\/no\/wp-json\/wp\/v2\/media?parent=303891"}],"wp:term":[{"taxonomy":"product_brand","embeddable":true,"href":"https:\/\/liftingfx.girafdev.com\/no\/wp-json\/wp\/v2\/product_brand?post=303891"},{"taxonomy":"product_cat","embeddable":true,"href":"https:\/\/liftingfx.girafdev.com\/no\/wp-json\/wp\/v2\/product_cat?post=303891"},{"taxonomy":"product_tag","embeddable":true,"href":"https:\/\/liftingfx.girafdev.com\/no\/wp-json\/wp\/v2\/product_tag?post=303891"}],"curies":[{"name":"wp","href":"https:\/\/api.w.org\/{rel}","templated":true}]}}