{"id":301881,"date":"2024-12-10T10:18:01","date_gmt":"2024-12-10T09:18:01","guid":{"rendered":"https:\/\/flexlifting.girafdev.com\/?post_type=product&#038;p=301881"},"modified":"2025-01-22T14:43:29","modified_gmt":"2025-01-22T13:43:29","slug":"loftebjelke-kapasitet-500-kg","status":"publish","type":"product","link":"https:\/\/liftingfx.girafdev.com\/no\/product\/loftebjelke-kapasitet-500-kg\/","title":{"rendered":"LBF500 L\u00f8ftebjelke &#8211; kapasitet 500 kg"},"content":{"rendered":"<h2>CAPASITET MAX 500 KG<\/h2>\n<p>L\u00f8ftebjelken LBF500 representerer sv\u00e6rt allsidig l\u00f8fteutstyr, designet for \u00e5 lette h\u00e5ndteringen av betydelig store laster p\u00e5 en balansert m\u00e5te, og optimalisere de totale dimensjonene i b\u00e5de h\u00f8yde og bredde.<\/p>\n<p>Den er utstyrt med to 360\u00b0 roterbare lastkroker med en avstand mellom sentrene p\u00e5 600 mm, utstyrt med sikkerhetsl\u00e5ser som sikrer maksimal tetting under alle arbeidsforhold. Med en maksimal lastekapasitet p\u00e5 500 kg har balansen blitt utsatt for en galvaniseringsprosess som garanterer h\u00f8y motstand og holdbarhet over tid.<\/p>\n<p><a href=\"https:\/\/liftingfx.girafdev.comwp-content\/uploads\/2024\/12\/LBF500.pdf\">Se tegning<\/a><\/p>\n<p>&nbsp;<\/p>\n","protected":false},"excerpt":{"rendered":"<p>CAPASITET MAX 500 KG L\u00f8ftebjelken LBF500 representerer sv\u00e6rt allsidig l\u00f8fteutstyr, designet for \u00e5 lette h\u00e5ndteringen av betydelig store laster p\u00e5 en balansert m\u00e5te, og optimalisere de totale dimensjonene i b\u00e5de h\u00f8yde og bredde. Den er utstyrt med to 360\u00b0 roterbare lastkroker med en avstand mellom sentrene p\u00e5 600 mm, utstyrt med sikkerhetsl\u00e5ser som sikrer maksimal [&hellip;]<\/p>\n","protected":false},"featured_media":301910,"template":"","meta":{"_acf_changed":false,"_et_pb_use_builder":"off","_et_pb_old_content":"","_et_gb_content_width":""},"product_brand":[],"product_cat":[673],"product_tag":[],"class_list":{"0":"post-301881","1":"product","2":"type-product","3":"status-publish","4":"has-post-thumbnail","6":"product_cat-tilbehor","8":"first","9":"instock","10":"shipping-taxable","11":"product-type-simple"},"acf":[],"gallery_images":[301905],"_links":{"self":[{"href":"https:\/\/liftingfx.girafdev.com\/no\/wp-json\/wp\/v2\/product\/301881","targetHints":{"allow":["GET"]}}],"collection":[{"href":"https:\/\/liftingfx.girafdev.com\/no\/wp-json\/wp\/v2\/product"}],"about":[{"href":"https:\/\/liftingfx.girafdev.com\/no\/wp-json\/wp\/v2\/types\/product"}],"wp:featuredmedia":[{"embeddable":true,"href":"https:\/\/liftingfx.girafdev.com\/no\/wp-json\/wp\/v2\/media\/301910"}],"wp:attachment":[{"href":"https:\/\/liftingfx.girafdev.com\/no\/wp-json\/wp\/v2\/media?parent=301881"}],"wp:term":[{"taxonomy":"product_brand","embeddable":true,"href":"https:\/\/liftingfx.girafdev.com\/no\/wp-json\/wp\/v2\/product_brand?post=301881"},{"taxonomy":"product_cat","embeddable":true,"href":"https:\/\/liftingfx.girafdev.com\/no\/wp-json\/wp\/v2\/product_cat?post=301881"},{"taxonomy":"product_tag","embeddable":true,"href":"https:\/\/liftingfx.girafdev.com\/no\/wp-json\/wp\/v2\/product_tag?post=301881"}],"curies":[{"name":"wp","href":"https:\/\/api.w.org\/{rel}","templated":true}]}}