{"id":296143,"date":"2024-09-02T13:38:19","date_gmt":"2024-09-02T11:38:19","guid":{"rendered":"https:\/\/flexlifting.girafdev.com\/prodotto\/01b5ser_400\/"},"modified":"2025-08-04T10:15:49","modified_gmt":"2025-08-04T08:15:49","slug":"01b5ser_400-500-kg-verksted-svivel-kran-med-fjernkontroll","status":"publish","type":"product","link":"https:\/\/liftingfx.girafdev.com\/no\/product\/01b5ser_400-500-kg-verksted-svivel-kran-med-fjernkontroll\/","title":{"rendered":"01B5SER_400 MULTIFUNKSJONELL MINIKRAN"},"content":{"rendered":"<p><span style=\"font-weight: 400\">Den <\/span><b>motbalanserte mobilkranen 01B5SER_400 <\/b><span style=\"font-weight: 400\">er designet for \u00e5 v\u00e6re enkel \u00e5 betjene og sikker. Ballast med ergonomiske h\u00e5ndtak og dreibar ring med lagre sikrer enkel og jevn rotasjon. <\/span><b>500 kg lastekapasitet og 360\u00b0 rotasjon<\/b><span style=\"font-weight: 400\"> gj\u00f8r den allsidig og p\u00e5litelig utstyr for et bredt spekter av bruksomr\u00e5der.<\/span><\/p>\n<p><b>Takket v\u00e6re fjernkontrollen og muligheten til \u00e5 justere hastigheten ved hjelp av et potensiometer<\/b><span style=\"font-weight: 400\">, tilbyr minikranen 01B5SER_400 <\/span><b>millimeterpresisjon<\/b><span style=\"font-weight: 400\"> i l\u00f8fte-, senke- og forlengelsesbevegelser av armene.<\/span><\/p>\n<p><span style=\"font-weight: 400\">Minikranen 01B5SER_400 er utstyrt med en elektrisk bom med en slaglengde p\u00e5 400 mm og n\u00e5r en <\/span><b>maksimal lengde p\u00e5 1312 mm<\/b><span style=\"font-weight: 400\"> med valgfri mekanisk forlengelse.<\/span><\/p>\n<p><span style=\"font-weight: 400\">Kranen er utstyrt med fire nylonhjul. Denne konfigurasjonen garanterer eksepsjonell stabilitet og presis man\u00f8vrerbarhet selv under tung belastning. Strukturen er produsert av malt st\u00e5l for st\u00f8rre korrosjonsmotstand og er utstyrt med spesielle l\u00f8ftest\u00f8tter for gaffeltrucker, slik at kranen enkelt kan flyttes i ethvert arbeidsmilj\u00f8.<\/span><\/p>\n<p><b>Hydraulikksystemet er utstyrt med en sperreventil som hindrer at lasten faller ved utilsiktet r\u00f8rbrudd og en trykkventil som hindrer at kranen overbelastes.<\/b><\/p>\n<p><span style=\"font-weight: 400\">Drevet av et vedlikeholdsfritt, forseglet AGM-batteri, kan denne kranen ogs\u00e5 utstyres med et litiumbatteri. Ekstern batterilader. Svingkrok med sikkerhetsl\u00e5s.<\/span><\/p>\n<p>&nbsp;<\/p>\n<p><b>Multifunksjonelt display som viser ladeniv\u00e5, batterispenning og driftstimeteller.<\/b><\/p>\n<p><span style=\"font-weight: 400\">01B5SER_400 er den mest popul\u00e6re modellen for \u00e5 flytte last fra bakken i 3D-maskiner, dreiebenker, perimeterbeskyttelse, trange rom osv., og takket v\u00e6re dens 360\u00b0 rotasjon i alle applikasjoner der det ikke er plass til bevegelse, last med en gaffeltruck eller annet stort l\u00f8fteutstyr.<\/span><\/p>\n<div id=\"gtx-trans\" style=\"position: absolute;left: 620px;top: 314.578px\">\n<div class=\"gtx-trans-icon\"><\/div>\n<\/div>\n","protected":false},"excerpt":{"rendered":"<p><span data-sheets-root=\"1\">L\u00d8FTEKAPASITET<\/span> 500 KG<\/p>\n","protected":false},"featured_media":285721,"template":"","meta":{"_acf_changed":false,"_et_pb_use_builder":"","_et_pb_old_content":"","_et_gb_content_width":""},"product_brand":[],"product_cat":[575],"product_tag":[],"class_list":{"0":"post-296143","1":"product","2":"type-product","3":"status-publish","4":"has-post-thumbnail","6":"product_cat-gru-a-trazione-manuale-girevole-360-no","7":"pa_portata-max-kg-500-no","9":"first","10":"instock","11":"shipping-taxable","12":"product-type-simple"},"acf":[],"gallery_images":[285721,307113,285681,285691,285711,285732],"_links":{"self":[{"href":"https:\/\/liftingfx.girafdev.com\/no\/wp-json\/wp\/v2\/product\/296143","targetHints":{"allow":["GET"]}}],"collection":[{"href":"https:\/\/liftingfx.girafdev.com\/no\/wp-json\/wp\/v2\/product"}],"about":[{"href":"https:\/\/liftingfx.girafdev.com\/no\/wp-json\/wp\/v2\/types\/product"}],"wp:featuredmedia":[{"embeddable":true,"href":"https:\/\/liftingfx.girafdev.com\/no\/wp-json\/wp\/v2\/media\/285721"}],"wp:attachment":[{"href":"https:\/\/liftingfx.girafdev.com\/no\/wp-json\/wp\/v2\/media?parent=296143"}],"wp:term":[{"taxonomy":"product_brand","embeddable":true,"href":"https:\/\/liftingfx.girafdev.com\/no\/wp-json\/wp\/v2\/product_brand?post=296143"},{"taxonomy":"product_cat","embeddable":true,"href":"https:\/\/liftingfx.girafdev.com\/no\/wp-json\/wp\/v2\/product_cat?post=296143"},{"taxonomy":"product_tag","embeddable":true,"href":"https:\/\/liftingfx.girafdev.com\/no\/wp-json\/wp\/v2\/product_tag?post=296143"}],"curies":[{"name":"wp","href":"https:\/\/api.w.org\/{rel}","templated":true}]}}