{"id":295380,"date":"2024-11-20T11:16:19","date_gmt":"2024-11-20T10:16:19","guid":{"rendered":"https:\/\/flexlifting.girafdev.com\/prodotto\/01b2l\/"},"modified":"2025-08-04T10:14:43","modified_gmt":"2025-08-04T08:14:43","slug":"01b2l-200-kg-motbalansert-svingkrane","status":"publish","type":"product","link":"https:\/\/liftingfx.girafdev.com\/no\/product\/01b2l-200-kg-motbalansert-svingkrane\/","title":{"rendered":"01B2L KRAN MED SVINGBAR"},"content":{"rendered":"<p>[et_pb_section fb_built=&raquo;1&#8243; _builder_version=&raquo;4.27.3&#8243; _module_preset=&raquo;default&raquo; da_disable_devices=&raquo;off|off|off&raquo; global_colors_info=&raquo;{}&raquo; da_is_popup=&raquo;off&raquo; da_exit_intent=&raquo;off&raquo; da_has_close=&raquo;on&raquo; da_alt_close=&raquo;off&raquo; da_dark_close=&raquo;off&raquo; da_not_modal=&raquo;on&raquo; da_is_singular=&raquo;off&raquo; da_with_loader=&raquo;off&raquo; da_has_shadow=&raquo;on&raquo;][\/et_pb_section]<\/p>\n","protected":false},"excerpt":{"rendered":"<p>L\u00d8FTEKAPASITET\u00a0200 KG<\/p>\n","protected":false},"featured_media":314952,"template":"","meta":{"_acf_changed":false,"_et_pb_use_builder":"on","_et_pb_old_content":"<span style=\"font-weight: 400\">01B2L <\/span><b>roterende kran<\/b><span style=\"font-weight: 400\"> lar deg l\u00f8fte og flytte laster opp til <\/span><b>200 kg<\/b><span style=\"font-weight: 400\">. Takket v\u00e6re 360\u00b0 fri rotasjon eller l\u00e5sbar hver 30\u00b0, er det mulig \u00e5 plassere last med maksimal presisjon. Rotasjonsringen, utstyrt med lagre, garanterer jevne og uanstrengte bevegelser. Rotasjonen av armen er lettet takket v\u00e6re de to ergonomiske h\u00e5ndtakene plassert p\u00e5 ballasten.<\/span>\r\n\r\n<b>Posisjonen til kontrollspaken er designet for \u00e5 gi f\u00f8reren maksimal sikt og sikker kontroll over lasten i alle faser av arbeidet.<\/b>\r\n\r\n<span style=\"font-weight: 400\">01B2L-modellen er en kompakt og h\u00f8yytelses kran, preget av et frontal fotavtrykk p\u00e5 bare 780 mm, den minste p\u00e5 markedet. Bevegelsessystemet, sammensatt av 2 svingbare hjul med h\u00f8y kapasitet med st\u00f8tfangerst\u00f8tter og parkeringsbremser og 2 faste forhjul med lagre, sikrer eksepsjonell man\u00f8vrerbarhet. Den malte st\u00e5lrammen, de integrerte gaffeltruckst\u00f8ttene, svingkroken med sikkerhetsl\u00e5s og det avtakbare kj\u00f8reh\u00e5ndtaket gj\u00f8r denne kranen til en allsidig og p\u00e5litelig l\u00f8sning for ethvert behov.\"<\/span>\r\n\r\n<b>Armen heves og senkes via en ergonomisk spak som tillater presis og gradvis hastighetsjustering. <\/b><span style=\"font-weight: 400\">Hydraulikksystemet, utstyrt med sikkerhetsventil og overbelastningsventil, garanterer maksimal beskyttelse under alle arbeidsforhold. Armen, som kan utvides i fire posisjoner og utvides ytterligere takket v\u00e6re mekaniske forlengelser, tilbyr et <\/span><b>maksimalt overheng p\u00e5 2050 mm<\/b><span style=\"font-weight: 400\">, noe som sikrer fleksibilitet og presisjon i hver operasjon.<\/span>\r\n\r\n<span style=\"font-weight: 400\">Ekstern batterilader. Drevet av et vedlikeholdsfritt, forseglet AGM-batteri, kan denne kranen ogs\u00e5 utstyres med et litiumbatteri.<\/span>\r\n\r\n<b>Multifunksjonsdisplay som viser ladeniv\u00e5, batterispenning og driftstimeteller.<\/b>\r\n<div id=\"gtx-trans\" style=\"position: absolute;left: 836px;top: 379.172px\">\r\n<div class=\"gtx-trans-icon\"><\/div>\r\n<\/div>","_et_gb_content_width":""},"product_brand":[],"product_cat":[575],"product_tag":[],"class_list":{"0":"post-295380","1":"product","2":"type-product","3":"status-publish","4":"has-post-thumbnail","6":"product_cat-gru-a-trazione-manuale-girevole-360-no","7":"pa_portata-max-kg-200-no","9":"first","10":"instock","11":"shipping-taxable","12":"product-type-simple"},"acf":[],"gallery_images":[314947,314967,314957,314937,314927,314917],"_links":{"self":[{"href":"https:\/\/liftingfx.girafdev.com\/no\/wp-json\/wp\/v2\/product\/295380","targetHints":{"allow":["GET"]}}],"collection":[{"href":"https:\/\/liftingfx.girafdev.com\/no\/wp-json\/wp\/v2\/product"}],"about":[{"href":"https:\/\/liftingfx.girafdev.com\/no\/wp-json\/wp\/v2\/types\/product"}],"wp:featuredmedia":[{"embeddable":true,"href":"https:\/\/liftingfx.girafdev.com\/no\/wp-json\/wp\/v2\/media\/314952"}],"wp:attachment":[{"href":"https:\/\/liftingfx.girafdev.com\/no\/wp-json\/wp\/v2\/media?parent=295380"}],"wp:term":[{"taxonomy":"product_brand","embeddable":true,"href":"https:\/\/liftingfx.girafdev.com\/no\/wp-json\/wp\/v2\/product_brand?post=295380"},{"taxonomy":"product_cat","embeddable":true,"href":"https:\/\/liftingfx.girafdev.com\/no\/wp-json\/wp\/v2\/product_cat?post=295380"},{"taxonomy":"product_tag","embeddable":true,"href":"https:\/\/liftingfx.girafdev.com\/no\/wp-json\/wp\/v2\/product_tag?post=295380"}],"curies":[{"name":"wp","href":"https:\/\/api.w.org\/{rel}","templated":true}]}}