{"id":16544,"date":"2023-12-15T09:04:10","date_gmt":"2023-12-15T08:04:10","guid":{"rendered":"https:\/\/liftingfx.girafdev.com?post_type=product&#038;p=16544"},"modified":"2025-06-27T18:22:32","modified_gmt":"2025-06-27T16:22:32","slug":"1000-kg-hel-elektrisk-kran-trippel-elektrisk-bom","status":"publish","type":"product","link":"https:\/\/liftingfx.girafdev.com\/no\/product\/1000-kg-hel-elektrisk-kran-trippel-elektrisk-bom\/","title":{"rendered":"ATLAS 1TE3R INDUSTRIKRAN MED MOTVEKT"},"content":{"rendered":"<p><span style=\"font-weight: 400;\">ATLAS 1TE3R modellen er en <\/span><b>helelektrisk motorisert kran<\/b><span style=\"font-weight: 400;\"> med en b\u00e6reevne p\u00e5 1000 kg.<\/span><\/p>\n<p><b>ATLAS 1TE3R elektrisk kran<\/b><span style=\"font-weight: 400;\"> er utstyrt med tre teleskoparmer som har en lengde p\u00e5 mer enn 3 meter.<\/span><\/p>\n<p><span style=\"font-weight: 400;\">Heving, senking, forlengelse og tilbaketrekking av armen er elektrisk styrt. Alle bevegelser kan justeres av operat\u00f8ren ved hjelp av en fjernkontroll. <\/span><b>Fjernkontrollen er utstyrt med et potensiometer som lar deg styre hastigheten og proporsjonaliteten til bevegelsene til kranarmen.<\/b><\/p>\n<p><span style=\"font-weight: 400;\">En av de grunnleggende egenskapene til denne Pick &amp; Carry-kranen er dens selvfremdrift da den kan bevege seg med den hengende lasten siden den ikke har stabilisatorer.<\/span><\/p>\n<p><span style=\"font-weight: 400;\">ATLAS 1TE3R er den <\/span><b>motoriserte kranen<\/b><span style=\"font-weight: 400;\"> med de minste dimensjonene i sin kategori (kun 800 mm bred), og takket v\u00e6re sin ekstreme man\u00f8vrerbarhet tilbyr den maksimal fleksibilitet til \u00e5 operere under alle forhold, selv i begrensede rom. Den eksepsjonelle styrevinkelen og muligheten til \u00e5 rotere p\u00e5 seg selv gj\u00f8r den perfekt for arbeid i komplekse milj\u00f8er og begrensede omr\u00e5der.<\/span><\/p>\n<p><span style=\"font-weight: 400;\">Standardutstyr: forseglede og vedlikeholdsfrie AGM-batterier, ekstern batterilader, LED-lysindikator som indikerer korrekt drift og signaliserer eventuell overbelastning, n\u00f8dstoppknapp. <\/span><b>ATLAS 1TE3R-kranen<\/b><span style=\"font-weight: 400;\"> er ogs\u00e5 utstyrt med et multifunksjonsdisplay som viser ladeniv\u00e5, batterispenning og driftstimer.<\/span><\/p>\n<p><b>Sikkerhetsfunksjoner:<\/b><\/p>\n<p><b>Dynamisk lastbegrenser<\/b><span style=\"font-weight: 400;\"> som forhindrer overbelastning og potensielle ulykker. Den overv\u00e5ker konstant lasten som l\u00f8ftes eller flyttes og begrenser automatisk operasjonen hvis lasten overskrider den forh\u00e5ndsinnstilte sikkerhetsgrensen.<\/span><\/p>\n<p><span style=\"font-weight: 400;\">En <\/span><b>blokkeringsventil <\/b><span style=\"font-weight: 400;\">aktiveres automatisk ved brudd i hydraulikksystemets r\u00f8r, og hindrer at lasten synker ukontrollert.<\/span><\/p>\n<p><span style=\"font-weight: 400;\">Roret er utstyrt med en hastighetsvelger som lar deg tilpasse kj\u00f8ret\u00f8yets hastighet til ulike driftsbehov. To stillinger er tilgjengelige:<\/span><\/p>\n<ul>\n<li><span style=\"font-weight: 400;\"> Sakte modus: begrenser maksimal hastighet til 1,5 km\/t, ideelt for presise man\u00f8vrer p\u00e5 trange steder og delikat h\u00e5ndtering av last.<\/span><\/li>\n<li><span style=\"font-weight: 400;\"> Standardhastighet: tillater en maksimal hastighet p\u00e5 3 km\/t, egnet for lange avstander under standardforhold<\/span><\/li>\n<\/ul>\n<p><span style=\"font-weight: 400;\">ATLAS 1TE3R kan utstyres med alle typer l\u00f8ftetilbeh\u00f8r for spesifikke bruksomr\u00e5der: l\u00f8ftesugekopper, vekter, klemmer, tippere, permanentmagneter, etc.<\/span><\/p>\n","protected":false},"excerpt":{"rendered":"<p>MED FJERNKONTROLL<\/p>\n<p>L\u00d8FTEKAPASITET 1000 KG<\/p>\n","protected":false},"featured_media":16503,"template":"","meta":{"_acf_changed":false,"_et_pb_use_builder":"","_et_pb_old_content":"","_et_gb_content_width":""},"product_brand":[],"product_cat":[600],"product_tag":[],"class_list":{"0":"post-16544","1":"product","2":"type-product","3":"status-publish","4":"has-post-thumbnail","6":"product_cat-gru-a-trazione-elettrica-pick-carry-con-doppio-e-triplo-sfilo-elettrico-no","7":"pa_portata-max-kg-1000-no","9":"first","10":"instock","11":"shipping-taxable","12":"product-type-simple"},"acf":[],"gallery_images":[283522,283512,283562,283552,283532,283542,283572],"_links":{"self":[{"href":"https:\/\/liftingfx.girafdev.com\/no\/wp-json\/wp\/v2\/product\/16544","targetHints":{"allow":["GET"]}}],"collection":[{"href":"https:\/\/liftingfx.girafdev.com\/no\/wp-json\/wp\/v2\/product"}],"about":[{"href":"https:\/\/liftingfx.girafdev.com\/no\/wp-json\/wp\/v2\/types\/product"}],"wp:featuredmedia":[{"embeddable":true,"href":"https:\/\/liftingfx.girafdev.com\/no\/wp-json\/wp\/v2\/media\/16503"}],"wp:attachment":[{"href":"https:\/\/liftingfx.girafdev.com\/no\/wp-json\/wp\/v2\/media?parent=16544"}],"wp:term":[{"taxonomy":"product_brand","embeddable":true,"href":"https:\/\/liftingfx.girafdev.com\/no\/wp-json\/wp\/v2\/product_brand?post=16544"},{"taxonomy":"product_cat","embeddable":true,"href":"https:\/\/liftingfx.girafdev.com\/no\/wp-json\/wp\/v2\/product_cat?post=16544"},{"taxonomy":"product_tag","embeddable":true,"href":"https:\/\/liftingfx.girafdev.com\/no\/wp-json\/wp\/v2\/product_tag?post=16544"}],"curies":[{"name":"wp","href":"https:\/\/api.w.org\/{rel}","templated":true}]}}