{"id":16472,"date":"2023-12-14T17:18:29","date_gmt":"2023-12-14T16:18:29","guid":{"rendered":"https:\/\/liftingfx.girafdev.com?post_type=product&#038;p=16472"},"modified":"2025-06-27T17:25:56","modified_gmt":"2025-06-27T15:25:56","slug":"orbit-200er-med-fjernkontroll","status":"publish","type":"product","link":"https:\/\/liftingfx.girafdev.com\/no\/product\/orbit-200er-med-fjernkontroll\/","title":{"rendered":"ORBIT 200ER ERGONOMISCHE TILOPLOSSING"},"content":{"rendered":"<p><b>ORBIT 200ER-kranen er en helelektrisk svingkran som tillater l\u00f8fting av last opp til 200 kg.<\/b><\/p>\n<p><span style=\"font-weight: 400;\">Dette mobile l\u00f8fteutstyret er som standard utstyrt med en dobbel elektrisk forlengelse som gj\u00f8r at den kan n\u00e5 et overheng p\u00e5 2000 mm og et rattmotorhjul som gir optimal man\u00f8vrerbarhet selv i arbeidsmilj\u00f8er med begrenset plass.<\/span><\/p>\n<p><b>Fjernkontrollen, utstyrt med et potensiometer, lar operat\u00f8ren kontrollere alle bevegelser av teleskoparmen med ekstrem presisjon og gradvishet, fra l\u00f8fting til forlengelse. Elektrisk rotasjon fullf\u00f8rer allsidigheten til denne kranen, noe som gj\u00f8r den ideell for l\u00f8fteoperasjoner i trange rom.<\/b><\/p>\n<p><b>ORBIT 200ER motoriserte kran<\/b><span style=\"font-weight: 400;\"> er en alt-i-ett l\u00f8ftel\u00f8sning som, takket v\u00e6re sin 210 \u00b0 rotasjon og teleskopiske arm, forenkler og optimerer all lasting og lossing av st\u00f8peform, verkt\u00f8y for CNC-bearbeidingssentre, plassering av metallplater p\u00e5 plasmaskj\u00e6remaskineri , vedlikehold og montering av komponenter p\u00e5 ulike typer maskiner.<\/span><\/p>\n<p><b>Orbit 200ER elektrohydraulisk kran er den ideelle l\u00f8sningen for de som trenger maksimal man\u00f8vrerbarhet p\u00e5 begrensede omr\u00e5der. Den begrensede bredden, 800 mm, og rotasjonen av arm-ballastsystemet uten ekstra bulk, gj\u00f8r den unik i sitt slag.<\/b><\/p>\n<p><b>ORBIT 200ER elektrohydraulisk kran<\/b><span style=\"font-weight: 400;\"> er utstyrt med spakkontroller for \u00e5 aktivere f\u00f8lgende funksjoner med justerbar og proporsjonal hastighet: l\u00f8fting, senking, forlengelse, tilbaketrekking og rotasjon av armen.<\/span><\/p>\n<p><span style=\"font-weight: 400;\">Standardutstyr: forseglede og vedlikeholdsfrie AGM-batterier, ekstern batterilader, LED-lysindikator som indikerer korrekt drift og signaliserer eventuell overbelastning, n\u00f8dstoppknapp. ORBIT 200ER-kranen er ogs\u00e5 utstyrt med et multifunksjonsdisplay som viser ladeniv\u00e5, batterispenning og driftstimer.<\/span><\/p>\n<p><b>Sikkerhetsfunksjoner:<\/b><\/p>\n<p><b>Dynamisk lastbegrenser<\/b><span style=\"font-weight: 400;\"> som forhindrer overbelastning og potensielle ulykker. Den overv\u00e5ker konstant lasten som l\u00f8ftes eller flyttes og begrenser automatisk operasjonen hvis lasten overskrider den forh\u00e5ndsinnstilte sikkerhetsgrensen.<\/span><\/p>\n<p><span style=\"font-weight: 400;\">En <\/span><b>blokkeringsventil<\/b><span style=\"font-weight: 400;\"> aktiveres automatisk ved brudd i hydraulikksystemets r\u00f8r, og hindrer at lasten synker ukontrollert.<\/span><\/p>\n<p><span style=\"font-weight: 400;\">Det er en hastighetsvelger p\u00e5 roret som lar deg tilpasse hastigheten p\u00e5 kj\u00f8ret\u00f8yet til ulike driftsbehov.<\/span><\/p>\n<ul>\n<li><span style=\"font-weight: 400;\"> Sakte modus: begrenser maksimal hastighet til 1,5 km\/t, ideelt for presise man\u00f8vrer p\u00e5 trange steder og delikat h\u00e5ndtering av last.<\/span><\/li>\n<li><span style=\"font-weight: 400;\"> Standardhastighet: tillater en maksimal hastighet p\u00e5 3 km\/t, egnet for lange avstander under standardforhold<\/span><\/li>\n<\/ul>\n","protected":false},"excerpt":{"rendered":"<p>MED FJERNKONTROLL<\/p>\n<p><span data-sheets-root=\"1\">L\u00d8FTEKAPASITET 200 KG<\/span><\/p>\n","protected":false},"featured_media":16651,"template":"","meta":{"_acf_changed":false,"_et_pb_use_builder":"","_et_pb_old_content":"","_et_gb_content_width":""},"product_brand":[],"product_cat":[616],"product_tag":[],"class_list":{"0":"post-16472","1":"product","2":"type-product","3":"status-publish","4":"has-post-thumbnail","6":"product_cat-gru-a-trazione-manuale-a-grande-portata-no","7":"pa_portata-max-kg-200-no","9":"first","10":"instock","11":"shipping-taxable","12":"product-type-simple"},"acf":[],"gallery_images":[302167,315748,315758,315768,315778,315788,315798,315808],"_links":{"self":[{"href":"https:\/\/liftingfx.girafdev.com\/no\/wp-json\/wp\/v2\/product\/16472","targetHints":{"allow":["GET"]}}],"collection":[{"href":"https:\/\/liftingfx.girafdev.com\/no\/wp-json\/wp\/v2\/product"}],"about":[{"href":"https:\/\/liftingfx.girafdev.com\/no\/wp-json\/wp\/v2\/types\/product"}],"wp:featuredmedia":[{"embeddable":true,"href":"https:\/\/liftingfx.girafdev.com\/no\/wp-json\/wp\/v2\/media\/16651"}],"wp:attachment":[{"href":"https:\/\/liftingfx.girafdev.com\/no\/wp-json\/wp\/v2\/media?parent=16472"}],"wp:term":[{"taxonomy":"product_brand","embeddable":true,"href":"https:\/\/liftingfx.girafdev.com\/no\/wp-json\/wp\/v2\/product_brand?post=16472"},{"taxonomy":"product_cat","embeddable":true,"href":"https:\/\/liftingfx.girafdev.com\/no\/wp-json\/wp\/v2\/product_cat?post=16472"},{"taxonomy":"product_tag","embeddable":true,"href":"https:\/\/liftingfx.girafdev.com\/no\/wp-json\/wp\/v2\/product_tag?post=16472"}],"curies":[{"name":"wp","href":"https:\/\/api.w.org\/{rel}","templated":true}]}}