{"id":16441,"date":"2023-12-14T17:02:08","date_gmt":"2023-12-14T16:02:08","guid":{"rendered":"https:\/\/liftingfx.girafdev.com?post_type=product&#038;p=16441"},"modified":"2025-06-26T10:57:44","modified_gmt":"2025-06-26T08:57:44","slug":"flex-g1000dbr-med-fjernkontroll","status":"publish","type":"product","link":"https:\/\/liftingfx.girafdev.com\/no\/product\/flex-g1000dbr-med-fjernkontroll\/","title":{"rendered":"FLEX G1000DBR ELEKTRISK MOBILKRAN"},"content":{"rendered":"<p><b>FLEX G1000DBR-kranen er en helelektrisk svingkran som tillater l\u00f8fting av last opp til 1000 kg.<\/b><\/p>\n<p><span style=\"font-weight: 400;\">Dette <\/span><b>mobile l\u00f8fteutstyret<\/b><span style=\"font-weight: 400;\"> er som standard utstyrt med en dobbel elektrisk forlengelse som gj\u00f8r at den kan n\u00e5 en utkraging p\u00e5 2400 mm og et ratt som gj\u00f8r at kranen kan man\u00f8vreres selv i trange rom.<\/span><\/p>\n<p><b>Utstyrt med en fjernkontroll med nyeste generasjons joystickspaker, sikrer denne kranen presis posisjonering av lasten takket v\u00e6re den kontinuerlige moduleringen av hastigheten til alle bevegelser. Den motoriserte rotasjonen kompletterer de tekniske egenskapene til denne modellen, ideell for bruksomr\u00e5der som krever h\u00f8y presisjon og allsidighet.<\/b><\/p>\n<p><b>Flex G1000DBR motoriserte kran<\/b><span style=\"font-weight: 400;\"> er en alt-i-ett l\u00f8ftel\u00f8sning som, takket v\u00e6re sin 220\u00b0 rotasjon og teleskopiske arm, forenkler og optimerer all lasting og lossing av st\u00f8peform, verkt\u00f8y for CNC-bearbeidingssentre, plassering av metallplater p\u00e5 plasmaskj\u00e6remaskineri , vedlikehold og montering av komponenter p\u00e5 ulike typer maskiner.<\/span><\/p>\n<p><b>For \u00e5 sikre maksimal man\u00f8vrerbarhet selv i trange rom, kan denne elektrohydrauliske kranen utstyres med en enda mer kompakt ballast, designet for ikke \u00e5 overskride st\u00f8rrelsen p\u00e5 selve maskinen, uavhengig av armens posisjon.<\/b><\/p>\n<p><span style=\"font-weight: 400;\">Standardutstyr: forseglede og vedlikeholdsfrie AGM-batterier, ekstern batterilader, LED-lysindikator som indikerer korrekt drift og signaliserer eventuell overbelastning, n\u00f8dstoppknapp. Flex G1000DBR-kranen er ogs\u00e5 utstyrt med et multifunksjonsdisplay som viser ladeniv\u00e5, batterispenning og driftstimer.<\/span><\/p>\n<p><b>Sikkerhetsfunksjoner:<\/b><\/p>\n<p><b>Dynamisk lastbegrenser<\/b><span style=\"font-weight: 400;\"> som forhindrer overbelastning og potensielle ulykker. Den overv\u00e5ker konstant lasten som l\u00f8ftes eller flyttes og begrenser automatisk operasjonen hvis lasten overskrider den forh\u00e5ndsinnstilte sikkerhetsgrensen.<\/span><\/p>\n<p><span style=\"font-weight: 400;\">En <\/span><b>blokkeringsventil<\/b><span style=\"font-weight: 400;\"> aktiveres automatisk ved brudd i hydraulikksystemets r\u00f8r, og hindrer at lasten synker ukontrollert.<\/span><\/p>\n<p><span style=\"font-weight: 400;\">Det er en hastighetsvelger p\u00e5 roret som lar deg tilpasse hastigheten p\u00e5 kj\u00f8ret\u00f8yet til ulike driftsbehov.<\/span><\/p>\n<ul>\n<li><span style=\"font-weight: 400;\"> Sakte modus: begrenser maksimal hastighet til 1,5 km\/t, ideelt for presise man\u00f8vrer p\u00e5 trange steder og delikat h\u00e5ndtering av last.<\/span><\/li>\n<li><span style=\"font-weight: 400;\"> Standardhastighet: tillater en maksimal hastighet p\u00e5 3 km\/t, egnet for lange avstander under standardforhold<\/span><\/li>\n<\/ul>\n","protected":false},"excerpt":{"rendered":"<p>MED FJERNKONTROLL<\/p>\n<p><span style=\"vertical-align: inherit;\"><span style=\"vertical-align: inherit;\"><span style=\"vertical-align: inherit;\"><span style=\"vertical-align: inherit;\"><span data-sheets-root=\"1\">L\u00d8FTEKAPASITET <\/span>1000 kg\u00a0<\/span><\/span><\/span><\/span><\/p>\n","protected":false},"featured_media":309092,"template":"","meta":{"_acf_changed":false,"_et_pb_use_builder":"","_et_pb_old_content":"","_et_gb_content_width":""},"product_brand":[],"product_cat":[565],"product_tag":[],"class_list":{"0":"post-16441","1":"product","2":"type-product","3":"status-publish","4":"has-post-thumbnail","6":"product_cat-gru-a-trazione-elettrica-con-singolo-sfilo-no","7":"pa_portata-max-kg-1000-no","9":"first","10":"instock","11":"shipping-taxable","12":"product-type-simple"},"acf":[],"gallery_images":[309087,309107,309097,309077,309067,309117,309127],"_links":{"self":[{"href":"https:\/\/liftingfx.girafdev.com\/no\/wp-json\/wp\/v2\/product\/16441","targetHints":{"allow":["GET"]}}],"collection":[{"href":"https:\/\/liftingfx.girafdev.com\/no\/wp-json\/wp\/v2\/product"}],"about":[{"href":"https:\/\/liftingfx.girafdev.com\/no\/wp-json\/wp\/v2\/types\/product"}],"wp:featuredmedia":[{"embeddable":true,"href":"https:\/\/liftingfx.girafdev.com\/no\/wp-json\/wp\/v2\/media\/309092"}],"wp:attachment":[{"href":"https:\/\/liftingfx.girafdev.com\/no\/wp-json\/wp\/v2\/media?parent=16441"}],"wp:term":[{"taxonomy":"product_brand","embeddable":true,"href":"https:\/\/liftingfx.girafdev.com\/no\/wp-json\/wp\/v2\/product_brand?post=16441"},{"taxonomy":"product_cat","embeddable":true,"href":"https:\/\/liftingfx.girafdev.com\/no\/wp-json\/wp\/v2\/product_cat?post=16441"},{"taxonomy":"product_tag","embeddable":true,"href":"https:\/\/liftingfx.girafdev.com\/no\/wp-json\/wp\/v2\/product_tag?post=16441"}],"curies":[{"name":"wp","href":"https:\/\/api.w.org\/{rel}","templated":true}]}}