{"id":16413,"date":"2023-12-14T16:45:38","date_gmt":"2023-12-14T15:45:38","guid":{"rendered":"https:\/\/liftingfx.girafdev.com?post_type=product&#038;p=16413"},"modified":"2025-06-26T09:59:03","modified_gmt":"2025-06-26T07:59:03","slug":"flex-f1000dbr-med-fjernkontroll","status":"publish","type":"product","link":"https:\/\/liftingfx.girafdev.com\/no\/product\/flex-f1000dbr-med-fjernkontroll\/","title":{"rendered":"FLEX F1000DBR ELEKTRISK L\u00d8FTEMASKIN"},"content":{"rendered":"<p><b>FLEX F1000DBR-kranen er en motvektskran med fast s\u00f8yle og elektrisk trekkraft som tillater l\u00f8fting av last opp til 1000 kg.<\/b><\/p>\n<p><span style=\"font-weight: 400;\">Den er utstyrt med en dobbel teleskoparm som gj\u00f8r at den kan n\u00e5 en utkraging p\u00e5 2500 mm.<\/span><\/p>\n<p><b>FLEX F1000DBR elektrisk kran<\/b><span style=\"font-weight: 400;\"> tilbyr presis og sikker kontroll over alle operasjoner. Det svingbare drivhjulet og de faste forhjulene sikrer optimal man\u00f8vrerbarhet selv i trange rom. De elektriske funksjonene, justerbare i hastighet, gj\u00f8r at kranen kan tilpasses enhver belastning og situasjon.<\/span><\/p>\n<p><b>Fjernkontrollen, utstyrt med et potensiometer, lar operat\u00f8ren kontrollere alle bevegelser av teleskoparmen med ekstrem presisjon og gradvishet, fra l\u00f8fting til forlengelse.<\/b><\/p>\n<p><span style=\"font-weight: 400;\">Takket v\u00e6re den integrerte motvekten er det en <\/span><b>mobil og allsidig l\u00f8ftel\u00f8sning<\/b><span style=\"font-weight: 400;\">. Uten behov for stabilisatorer kan kranen v\u00e5r operere p\u00e5 trange steder og flyttes raskt fra ett punkt til et annet. Det er den ideelle l\u00f8sningen for de som leter etter en fleksibel og brukervennlig l\u00f8sning.<\/span><\/p>\n<p><span style=\"font-weight: 400;\">Takket v\u00e6re sin fleksibilitet, lar den <\/span><b>motoriserte FLEX F1000DBR kranen<\/b><span style=\"font-weight: 400;\"> deg enkelt n\u00e5 og plassere alle typer last, selv i trange eller vanskelig tilgjengelige rom, som maskinverkt\u00f8y, hyller og monteringsbenker.<\/span><\/p>\n<p><b>Sikkerhetsfunksjoner:<\/b><\/p>\n<p><b>Dynamisk lastbegrenser<\/b><span style=\"font-weight: 400;\"> som forhindrer overbelastning og potensielle ulykker. Den overv\u00e5ker konstant lasten som l\u00f8ftes eller flyttes og begrenser automatisk operasjonen hvis lasten overskrider den forh\u00e5ndsinnstilte sikkerhetsgrensen.<\/span><\/p>\n<p><span style=\"font-weight: 400;\">En <\/span><b>blokkeringsventil <\/b><span style=\"font-weight: 400;\">aktiveres automatisk ved brudd i hydraulikksystemets r\u00f8r, og hindrer at lasten synker ukontrollert.<\/span><\/p>\n<p><span style=\"font-weight: 400;\">Roret er utstyrt med en hastighetsvelger som lar deg tilpasse kj\u00f8ret\u00f8yets hastighet til ulike driftsbehov.<\/span><\/p>\n<ul>\n<li><span style=\"font-weight: 400;\"> Sakte modus: begrenser maksimal hastighet til 1,5 km\/t, ideelt for presise man\u00f8vrer p\u00e5 trange steder og delikat h\u00e5ndtering av last.<\/span><\/li>\n<li><span style=\"font-weight: 400;\"> Standardhastighet: tillater en maksimal hastighet p\u00e5 3 km\/t, egnet for lange avstander under standardforhold<\/span><\/li>\n<\/ul>\n<p><span style=\"font-weight: 400;\">Standardutstyr: forseglede og vedlikeholdsfrie AGM-batterier, ekstern batterilader, LED-lysindikator som indikerer korrekt drift og signaliserer eventuell overbelastning, n\u00f8dstoppknapp. <\/span><b>FLEX F1000DBR-kranen<\/b><span style=\"font-weight: 400;\"> er ogs\u00e5 utstyrt med et multifunksjonsdisplay som viser ladeniv\u00e5, batterispenning og driftstimer. <\/span><\/p>\n","protected":false},"excerpt":{"rendered":"<p>MED FJERNKONTROLL<\/p>\n<p><span style=\"vertical-align: inherit;\"><span style=\"vertical-align: inherit;\">L\u00d8FTEKAPASITET 1000 kg<\/span><\/span><\/p>\n","protected":false},"featured_media":16398,"template":"","meta":{"_acf_changed":false,"_et_pb_use_builder":"","_et_pb_old_content":"","_et_gb_content_width":""},"product_brand":[],"product_cat":[565],"product_tag":[],"class_list":{"0":"post-16413","1":"product","2":"type-product","3":"status-publish","4":"has-post-thumbnail","6":"product_cat-gru-a-trazione-elettrica-con-singolo-sfilo-no","7":"pa_portata-max-kg-1000-no","9":"first","10":"instock","11":"shipping-taxable","12":"product-type-simple"},"acf":[],"gallery_images":[303760,303770,303750,303730,303740,303720,303710],"_links":{"self":[{"href":"https:\/\/liftingfx.girafdev.com\/no\/wp-json\/wp\/v2\/product\/16413","targetHints":{"allow":["GET"]}}],"collection":[{"href":"https:\/\/liftingfx.girafdev.com\/no\/wp-json\/wp\/v2\/product"}],"about":[{"href":"https:\/\/liftingfx.girafdev.com\/no\/wp-json\/wp\/v2\/types\/product"}],"wp:featuredmedia":[{"embeddable":true,"href":"https:\/\/liftingfx.girafdev.com\/no\/wp-json\/wp\/v2\/media\/16398"}],"wp:attachment":[{"href":"https:\/\/liftingfx.girafdev.com\/no\/wp-json\/wp\/v2\/media?parent=16413"}],"wp:term":[{"taxonomy":"product_brand","embeddable":true,"href":"https:\/\/liftingfx.girafdev.com\/no\/wp-json\/wp\/v2\/product_brand?post=16413"},{"taxonomy":"product_cat","embeddable":true,"href":"https:\/\/liftingfx.girafdev.com\/no\/wp-json\/wp\/v2\/product_cat?post=16413"},{"taxonomy":"product_tag","embeddable":true,"href":"https:\/\/liftingfx.girafdev.com\/no\/wp-json\/wp\/v2\/product_tag?post=16413"}],"curies":[{"name":"wp","href":"https:\/\/api.w.org\/{rel}","templated":true}]}}