{"id":16342,"date":"2023-12-14T15:34:20","date_gmt":"2023-12-14T14:34:20","guid":{"rendered":"https:\/\/liftingfx.girafdev.com?post_type=product&#038;p=16342"},"modified":"2025-06-25T16:11:25","modified_gmt":"2025-06-25T14:11:25","slug":"flex-g500sbr-med-fjernkontroll","status":"publish","type":"product","link":"https:\/\/liftingfx.girafdev.com\/no\/product\/flex-g500sbr-med-fjernkontroll\/","title":{"rendered":"FLEX G500SBR MOBIL MOTVEKTSKRAN"},"content":{"rendered":"<p><span style=\"font-weight: 400;\">FLEX G500BR kranen er en <\/span><b>motvekt svingkran med elektrisk trekkraft<\/b><span style=\"font-weight: 400;\"> som tillater l\u00f8fting av last p\u00e5 opptil 500 kg.<\/span><\/p>\n<p><span style=\"font-weight: 400;\">Dette l\u00f8fteutstyret er utstyrt med en elektrisk arm med en slaglengde p\u00e5 1000 mm, som garanterer en rekkevidde p\u00e5 1430 mm. Den valgfrie mekaniske forlengelsen med en konstant lastekapasitet p\u00e5 100 kg tillater et fritt overheng p\u00e5 opptil 1930 mm.<\/span><\/p>\n<p><span style=\"font-weight: 400;\">Rotasjonen av armen, l\u00e5sbar hver 30\u00b0, gj\u00f8res manuelt og forenkles av tilstedev\u00e6relsen av lagre og to ergonomiske h\u00e5ndtak plassert p\u00e5 toppen av ballasten. Kranen er utstyrt med 2 faste hjul og et motordrevet hjul, koblet direkte til draget, og garanterer maksimal man\u00f8vrerbarhet p\u00e5 trange steder.<\/span><\/p>\n<p><span style=\"font-weight: 400;\">Standardutstyr: forseglede og vedlikeholdsfrie AGM-batterier, ekstern batterilader, s\u00f8yle med LED-lys som indikerer korrekt drift av kranen og advarsel ved overbelastning, n\u00f8dbryter.<\/span><\/p>\n<p><b>Flex G500SBR-kranen<\/b><span style=\"font-weight: 400;\"> er ogs\u00e5 utstyrt med et multifunksjonsdisplay som viser ladeniv\u00e5, batterispenning og driftstimer.<\/span><\/p>\n<p><span style=\"font-weight: 400;\">Heving, senking, forlengelse og tilbaketrekking av armen er elektrisk styrt. Alle bevegelser kan justeres av operat\u00f8ren ved hjelp av en fjernkontroll. <\/span><b>Fjernkontrollen er utstyrt med et potensiometer som lar deg styre hastigheten og proporsjonaliteten til bevegelsene til kranarmen.<\/b><\/p>\n<p><span style=\"font-weight: 400;\">Det er en <\/span><b>universell mobilkran<\/b><span style=\"font-weight: 400;\"> med ubegrensede bruksmuligheter. Ved \u00e5 bruke <\/span><b>FLEX G500SBR minikran,<\/b><span style=\"font-weight: 400;\"> takket v\u00e6re dens 270\u00b0 rotasjon og teleskoparm, er det mulig \u00e5 plassere komponenter som st\u00f8peformer, reservedeler, halvfabrikata og andre belastninger p\u00e5 CNC maskineringssentre, hyller, monteringsbord, etc.<\/span><\/p>\n<p><b>Sikkerhetsfunksjoner:<\/b><\/p>\n<p><b>Dynamisk lastbegrenser<\/b><span style=\"font-weight: 400;\"> som forhindrer overbelastning og mulige ulykker. Overv\u00e5ker konstant lasten som l\u00f8ftes eller flyttes og begrenser automatisk driften hvis lasten overskrider den innstilte sikkerhetsgrensen.<\/span><\/p>\n<p><b>Sperreventilen <\/b><span style=\"font-weight: 400;\">aktiveres automatisk ved brudd p\u00e5 hydraulikkslangen, og hindrer at lasten faller ukontrollert.<\/span><\/p>\n<p><span style=\"font-weight: 400;\">Lederhodet er utstyrt med en hastighetsvelger som gj\u00f8r at kj\u00f8ret\u00f8yets hastighet kan justeres til ulike driftsbehov. Det er to tilgjengelige elementer:<\/span><\/p>\n<ul>\n<li><span style=\"font-weight: 400;\"> Sakte modus: begrenser maksimal hastighet til 1,5 km\/t, ideelt for presise man\u00f8vrer p\u00e5 trange steder og delikat h\u00e5ndtering av last.<\/span><\/li>\n<li><span style=\"font-weight: 400;\"> Standardhastighet: tillater en maksimal hastighet p\u00e5 3 km\/t, egnet for \u00e5 dekke lange avstander under standardforhold<\/span><\/li>\n<\/ul>\n<p><b>FLEXG500SBR motvektskranen<\/b><span style=\"font-weight: 400;\"> lar deg flytte og l\u00f8fte last i full overensstemmelse med gjeldende standarder for \u00e5 beskytte operat\u00f8rsikkerheten.<\/span><\/p>\n","protected":false},"excerpt":{"rendered":"<p>MED FJERNKONTROLL<\/p>\n<p><span style=\"vertical-align: inherit;\"><span style=\"vertical-align: inherit;\"><span style=\"vertical-align: inherit;\"><span style=\"vertical-align: inherit;\">L\u00d8FTEKAPASITET 500 kg\u00a0<\/span><\/span><\/span><\/span><\/p>\n","protected":false},"featured_media":308951,"template":"","meta":{"_acf_changed":false,"_et_pb_use_builder":"","_et_pb_old_content":"","_et_gb_content_width":""},"product_brand":[],"product_cat":[565],"product_tag":[],"class_list":{"0":"post-16342","1":"product","2":"type-product","3":"status-publish","4":"has-post-thumbnail","6":"product_cat-gru-a-trazione-elettrica-con-singolo-sfilo-no","7":"pa_portata-max-kg-500-no","9":"first","10":"instock","11":"shipping-taxable","12":"product-type-simple"},"acf":[],"gallery_images":[308946,308976,308966,308956,308936,308926,308916],"_links":{"self":[{"href":"https:\/\/liftingfx.girafdev.com\/no\/wp-json\/wp\/v2\/product\/16342","targetHints":{"allow":["GET"]}}],"collection":[{"href":"https:\/\/liftingfx.girafdev.com\/no\/wp-json\/wp\/v2\/product"}],"about":[{"href":"https:\/\/liftingfx.girafdev.com\/no\/wp-json\/wp\/v2\/types\/product"}],"wp:featuredmedia":[{"embeddable":true,"href":"https:\/\/liftingfx.girafdev.com\/no\/wp-json\/wp\/v2\/media\/308951"}],"wp:attachment":[{"href":"https:\/\/liftingfx.girafdev.com\/no\/wp-json\/wp\/v2\/media?parent=16342"}],"wp:term":[{"taxonomy":"product_brand","embeddable":true,"href":"https:\/\/liftingfx.girafdev.com\/no\/wp-json\/wp\/v2\/product_brand?post=16342"},{"taxonomy":"product_cat","embeddable":true,"href":"https:\/\/liftingfx.girafdev.com\/no\/wp-json\/wp\/v2\/product_cat?post=16342"},{"taxonomy":"product_tag","embeddable":true,"href":"https:\/\/liftingfx.girafdev.com\/no\/wp-json\/wp\/v2\/product_tag?post=16342"}],"curies":[{"name":"wp","href":"https:\/\/api.w.org\/{rel}","templated":true}]}}