{"id":15621,"date":"2023-08-05T09:32:22","date_gmt":"2023-08-05T07:32:22","guid":{"rendered":"https:\/\/liftingfx.girafdev.com?post_type=product&#038;p=15621"},"modified":"2025-06-26T10:44:53","modified_gmt":"2025-06-26T08:44:53","slug":"flex-g1000dbl-mobiler-lastenkran-elektrisch","status":"publish","type":"product","link":"https:\/\/liftingfx.girafdev.com\/no\/product\/flex-g1000dbl-mobiler-lastenkran-elektrisch\/","title":{"rendered":"FLEX G1000DBL MOBIL LASTKRAN ELEKTRISK"},"content":{"rendered":"<p><b>FLEX G1000DBL-kranen er en helelektrisk svingkran som tillater l\u00f8fting av last opp til 1000 kg.<\/b><\/p>\n<p>&nbsp;<\/p>\n<p><span style=\"font-weight: 400;\">Dette <\/span><b>mobile l\u00f8fteutstyret<\/b><span style=\"font-weight: 400;\"> er som standard utstyrt med en dobbel elektrisk forlengelse som gj\u00f8r at den kan n\u00e5 en utkraging p\u00e5 2400 mm og et ratt som gj\u00f8r at kranen kan man\u00f8vreres selv i trange rom.<\/span><\/p>\n<p><b>Det intuitive kontrollsystemet, basert p\u00e5 spaker, lar operat\u00f8ren bevege den teleskopiske armen med ekstrem presisjon og flyt. Hastigheten p\u00e5 hver armbevegelse er perfekt modulerbar, noe som sikrer presis posisjonering av lasten n\u00e5r som helst innenfor handlingsomr\u00e5det. Den motoriserte rotasjonen fullf\u00f8rer allsidigheten til denne kranen, noe som gj\u00f8r den ideell for l\u00f8fteoperasjoner i trange rom.<\/b><\/p>\n<p><b>Flex G1000DBL motoriserte kran<\/b><span style=\"font-weight: 400;\"> er en alt-i-ett l\u00f8ftel\u00f8sning som, takket v\u00e6re sin 220\u00b0 rotasjon og teleskopiske arm, forenkler og optimerer all lasting og lossing av st\u00f8peform, verkt\u00f8y for CNC-bearbeidingssentre, plassering av metallplater p\u00e5 plasmaskj\u00e6remaskineri , vedlikehold og montering av komponenter p\u00e5 ulike typer maskiner.<\/span><\/p>\n<p><b>For \u00e5 sikre maksimal man\u00f8vrerbarhet selv i trange rom, kan denne elektrohydrauliske kranen utstyres med en enda mer kompakt ballast, designet for ikke \u00e5 overskride st\u00f8rrelsen p\u00e5 selve maskinen, uavhengig av armens posisjon.<\/b><\/p>\n<p>&nbsp;<\/p>\n<p><b>Flex G1000DBL elektrohydraulisk kran<\/b><span style=\"font-weight: 400;\"> er utstyrt med spakkontroller for \u00e5 aktivere f\u00f8lgende funksjoner med justerbar og proporsjonal hastighet: l\u00f8fting, senking, forlengelse, tilbaketrekking og rotasjon av armen.<\/span><\/p>\n<p><span style=\"font-weight: 400;\">Standardutstyr: forseglede og vedlikeholdsfrie AGM-batterier, ekstern batterilader, LED-lysindikator som indikerer korrekt drift og signaliserer eventuell overbelastning, n\u00f8dstoppknapp. Flex G1000DBL-kranen er ogs\u00e5 utstyrt med et multifunksjonsdisplay som viser ladeniv\u00e5, batterispenning og driftstimer.<\/span><\/p>\n<p><b>Sikkerhetsfunksjoner:<\/b><\/p>\n<p><b>Dynamisk lastbegrenser<\/b><span style=\"font-weight: 400;\"> som forhindrer overbelastning og potensielle ulykker. Den overv\u00e5ker konstant lasten som l\u00f8ftes eller flyttes og begrenser automatisk operasjonen hvis lasten overskrider den forh\u00e5ndsinnstilte sikkerhetsgrensen.<\/span><\/p>\n<p><span style=\"font-weight: 400;\">En <\/span><b>blokkeringsventil<\/b><span style=\"font-weight: 400;\"> aktiveres automatisk ved brudd i hydraulikksystemets r\u00f8r, og hindrer at lasten synker ukontrollert.<\/span><\/p>\n<p><span style=\"font-weight: 400;\">Det er en hastighetsvelger p\u00e5 roret som lar deg tilpasse hastigheten p\u00e5 kj\u00f8ret\u00f8yet til ulike driftsbehov.<\/span><\/p>\n<ul>\n<li><span style=\"font-weight: 400;\"> Sakte modus: begrenser maksimal hastighet til 1,5 km\/t, ideelt for presise man\u00f8vrer p\u00e5 trange steder og delikat h\u00e5ndtering av last.<\/span><\/li>\n<li><span style=\"font-weight: 400;\"> Standardhastighet: tillater en maksimal hastighet p\u00e5 3 km\/t, egnet for lange avstander under standardforhold<\/span><\/li>\n<\/ul>\n","protected":false},"excerpt":{"rendered":"<p>MED KONTROLLSPAKER<\/p>\n<p>L\u00d8FTEKAPASITET 1000 KG<\/p>\n","protected":false},"featured_media":309001,"template":"","meta":{"_acf_changed":false,"_et_pb_use_builder":"","_et_pb_old_content":"","_et_gb_content_width":""},"product_brand":[],"product_cat":[565],"product_tag":[],"class_list":{"0":"post-15621","1":"product","2":"type-product","3":"status-publish","4":"has-post-thumbnail","6":"product_cat-gru-a-trazione-elettrica-con-singolo-sfilo-no","7":"pa_portata-max-kg-1000-no","9":"first","10":"instock","11":"shipping-taxable","12":"product-type-simple"},"acf":[],"gallery_images":[308986,309046,309036,309026,309016,309006,308996],"_links":{"self":[{"href":"https:\/\/liftingfx.girafdev.com\/no\/wp-json\/wp\/v2\/product\/15621","targetHints":{"allow":["GET"]}}],"collection":[{"href":"https:\/\/liftingfx.girafdev.com\/no\/wp-json\/wp\/v2\/product"}],"about":[{"href":"https:\/\/liftingfx.girafdev.com\/no\/wp-json\/wp\/v2\/types\/product"}],"wp:featuredmedia":[{"embeddable":true,"href":"https:\/\/liftingfx.girafdev.com\/no\/wp-json\/wp\/v2\/media\/309001"}],"wp:attachment":[{"href":"https:\/\/liftingfx.girafdev.com\/no\/wp-json\/wp\/v2\/media?parent=15621"}],"wp:term":[{"taxonomy":"product_brand","embeddable":true,"href":"https:\/\/liftingfx.girafdev.com\/no\/wp-json\/wp\/v2\/product_brand?post=15621"},{"taxonomy":"product_cat","embeddable":true,"href":"https:\/\/liftingfx.girafdev.com\/no\/wp-json\/wp\/v2\/product_cat?post=15621"},{"taxonomy":"product_tag","embeddable":true,"href":"https:\/\/liftingfx.girafdev.com\/no\/wp-json\/wp\/v2\/product_tag?post=15621"}],"curies":[{"name":"wp","href":"https:\/\/api.w.org\/{rel}","templated":true}]}}