{"id":15595,"date":"2022-02-22T11:36:00","date_gmt":"2022-02-22T10:36:00","guid":{"rendered":"https:\/\/liftingfx.girafdev.comprodotto\/gru-a-trazione-manuale-01b2-200kg-salita-e-discesa-elettrica-singola-velocita\/"},"modified":"2025-08-04T10:10:39","modified_gmt":"2025-08-04T08:10:39","slug":"01b2-200-kg-motbalansert-svingkrane-360-2","status":"publish","type":"product","link":"https:\/\/liftingfx.girafdev.com\/no\/product\/01b2-200-kg-motbalansert-svingkrane-360-2\/","title":{"rendered":"01B2 HHYDRAULISK MINIKRAN"},"content":{"rendered":"<p>[et_pb_section fb_built=&raquo;1&#8243; _builder_version=&raquo;4.25.2&#8243; _module_preset=&raquo;default&raquo; da_disable_devices=&raquo;off|off|off&raquo; global_colors_info=&raquo;{}&raquo; da_is_popup=&raquo;off&raquo; da_exit_intent=&raquo;off&raquo; da_has_close=&raquo;on&raquo; da_alt_close=&raquo;off&raquo; da_dark_close=&raquo;off&raquo; da_not_modal=&raquo;on&raquo; da_is_singular=&raquo;off&raquo; da_with_loader=&raquo;off&raquo; da_has_shadow=&raquo;on&raquo;][\/et_pb_section]<\/p>\n","protected":false},"excerpt":{"rendered":"<p>L\u00d8FTEKAPASITET 200 KG<\/p>\n","protected":false},"featured_media":282863,"template":"","meta":{"_acf_changed":false,"_et_pb_use_builder":"on","_et_pb_old_content":"<b>Modell 01B2 gj\u00f8r det mulig \u00e5 l\u00f8fte og h\u00e5ndtere laster p\u00e5 opptil 200 kg. Kranen roterer 360\u00b0 med fri rotasjon<\/b><span style=\"font-weight: 400\">\u00a0(spaken i hvileposisjon) eller kan l\u00e5ses i 8 ulike posisjoner (spaken aktiveres) ved hjelp av en svingring ved foten av s\u00f8ylen. Det er to h\u00e5ndtak for \u00e5 gj\u00f8re rotasjonen enkel og smidig.<\/span>\r\n\r\n<span style=\"font-weight: 400\">Det som gj\u00f8r 01B2 s\u00e5 utrolig man\u00f8vrerbar, er at den bare har et fotavtrykk foran p\u00e5 780 mm. Dette er den minste st\u00f8rrelsen p\u00e5 markedet. Kranen er lett \u00e5 man\u00f8vrere takket v\u00e6re 2 svingbare h\u00f8ykapasitetshjul med st\u00f8tfangerst\u00f8tter og parkeringsbremser og 2 faste forhjul med lagre. Hele understellet er laget av ovnlakkert st\u00e5l og er i bunnen utstyrt med 2 nyttige gaffeltruckst\u00f8tter (for l\u00f8fting og transport av kranen over lange avstander i full sikkerhet)<\/span>\r\n\r\n<b>Heving og senking av armen skjer elektrisk og med \u00e9n enkelt, ikke-justerbar hastighet. Dette gj\u00f8res ved \u00e5 betjene to spesialkontroller p\u00e5 h\u00e5ndkontrollen. Det finnes ogs\u00e5 en n\u00f8dstoppkontroll p\u00e5 h\u00e5ndkontrollen.<\/b>\r\n\r\n<span style=\"font-weight: 400\">Hydraulikksystemet er utstyrt med en blokkeringsventil som hindrer lasten i \u00e5 falle ned i tilfelle utilsiktet slangebrudd, og en avlastningsventil som forhindrer at kranen overbelastes. Jibben kan forlenges i fire posisjoner, og et forlengelsesjibbe-tilbeh\u00f8r (ekstrautstyr) er tilgjengelig for \u00e5 \u00f8ke overhenget til en maksimal lengde p\u00e5 2050 mm.<\/span>\r\n\r\n<b>Drevet av et vedlikeholdsfritt, forseglet AGM-batteri, kan denne kranen ogs\u00e5 utstyres med et litiumbatteri. Ekstern batterilader. <\/b>\r\n\r\n<b>Multifunksjonsdisplay som viser ladeniv\u00e5, batterispenning og driftstimeteller.<\/b>\r\n\r\n<span style=\"font-weight: 400\">Svingbar krok med sikkerhetsl\u00e5s. Robust, avtakbart skyveh\u00e5ndtak.\u00a0<\/span>","_et_gb_content_width":""},"product_brand":[],"product_cat":[575],"product_tag":[],"class_list":{"0":"post-15595","1":"product","2":"type-product","3":"status-publish","4":"has-post-thumbnail","6":"product_cat-gru-a-trazione-manuale-girevole-360-no","7":"pa_portata-max-kg-200-no","9":"first","10":"instock","11":"shipping-taxable","12":"product-type-simple"},"acf":[],"gallery_images":[307954,307974,307964,307944,307934,307924],"_links":{"self":[{"href":"https:\/\/liftingfx.girafdev.com\/no\/wp-json\/wp\/v2\/product\/15595","targetHints":{"allow":["GET"]}}],"collection":[{"href":"https:\/\/liftingfx.girafdev.com\/no\/wp-json\/wp\/v2\/product"}],"about":[{"href":"https:\/\/liftingfx.girafdev.com\/no\/wp-json\/wp\/v2\/types\/product"}],"wp:featuredmedia":[{"embeddable":true,"href":"https:\/\/liftingfx.girafdev.com\/no\/wp-json\/wp\/v2\/media\/282863"}],"wp:attachment":[{"href":"https:\/\/liftingfx.girafdev.com\/no\/wp-json\/wp\/v2\/media?parent=15595"}],"wp:term":[{"taxonomy":"product_brand","embeddable":true,"href":"https:\/\/liftingfx.girafdev.com\/no\/wp-json\/wp\/v2\/product_brand?post=15595"},{"taxonomy":"product_cat","embeddable":true,"href":"https:\/\/liftingfx.girafdev.com\/no\/wp-json\/wp\/v2\/product_cat?post=15595"},{"taxonomy":"product_tag","embeddable":true,"href":"https:\/\/liftingfx.girafdev.com\/no\/wp-json\/wp\/v2\/product_tag?post=15595"}],"curies":[{"name":"wp","href":"https:\/\/api.w.org\/{rel}","templated":true}]}}