{"id":15592,"date":"2022-02-22T12:04:00","date_gmt":"2022-02-22T11:04:00","guid":{"rendered":"https:\/\/liftingfx.girafdev.comprodotto\/01b2p-200-kg-gru-girevole-360-discesa-elettrica-velocita-regolabile\/"},"modified":"2025-08-04T10:11:08","modified_gmt":"2025-08-04T08:11:08","slug":"200-kg-motbalansert-svingbar-kran-360-elektrisk-progressiv-nedre","status":"publish","type":"product","link":"https:\/\/liftingfx.girafdev.com\/no\/product\/200-kg-motbalansert-svingbar-kran-360-elektrisk-progressiv-nedre\/","title":{"rendered":"01B2P MOTBALANSERT SVINGKRAN"},"content":{"rendered":"<p><span style=\"font-weight: 400\">Motvektskranen med svingarm modell 01B2P er en del av et bredt utvalg av motvektskraner med 360\u00b0 svingarm og manuell trekkraft<\/span><b>, med en maksimal kapasitet p\u00e5 opptil 200 kg og rekkevidde p\u00e5 opptil 2050 mm<\/b><span style=\"font-weight: 400\">. Hydraulisk spakstyrt eller elektrisk styrt.\u00a0<\/span><\/p>\n<p><span style=\"font-weight: 400\">De representerer den mest kostnadseffektive og fleksible l\u00f8sningen for l\u00f8fting og transport av last i en rekke bruksomr\u00e5der, for eksempel maskineringssentre og maskinverkt\u00f8y, levering til samleb\u00e5nd, monteringsoperasjoner og vareh\u00e5ndtering. Takket v\u00e6re de kompakte dimensjonene er de lettman\u00f8vrerte, selv med full last, og de kan uten problemer flyttes p\u00e5 trange steder. Alle komponentene er produsert i Italia for \u00e5 sikre h\u00f8yeste konstruksjonskvalitet og frav\u00e6r av defekter.<\/span><\/p>\n<p><b>Hydraulikksystemet er utstyrt med en l\u00e5seventil som forhindrer at lasten faller ned i tilfelle r\u00f8rene brekker ved et uhell, og en grovventil som forhindrer overbelastning av kranen.<\/b><span style=\"font-weight: 400\">\u00a0De er utstyrt med 2 svingbare h\u00f8ykapasitetshjul med st\u00f8tfangerfester og parkeringsbremser og med 2 faste forhjul med lagre. Rammen er laget av lakkert st\u00e5l og er utstyrt med 2 praktiske gaffeltruckst\u00f8tter i bunnen (for \u00e5 l\u00f8fte og transportere kranen p\u00e5 en sikker m\u00e5te over lange avstander). Det solide skyveh\u00e5ndtaket kan demonteres. Det er ogs\u00e5 2 h\u00e5ndtak for \u00e5 enkelt rotere ballasten. Svingbar krok. Svingarm med svingbar krok l\u00e5sbar hver 30\u00b0.<\/span><\/p>\n<p><b>Modell 01B2P er utstyrt med en anhengsspak som gj\u00f8r det mulig \u00e5 l\u00f8fte en last med \u00e9n hastighet og kj\u00f8re den progressivt nedover.<\/b><span style=\"font-weight: 400\">\u00a0Dette er uunnv\u00e6rlig n\u00e5r det kreves millimetern\u00f8yaktighet under posisjonering av lasten.\u00a0<\/span><\/p>\n<p><span style=\"font-weight: 400\">Armen p\u00e5 motvektskranen med svingarm modell 01B2P kan forlenges i 4 posisjoner, og en valgfri armforlengelse er tilgjengelig for \u00e5 oppn\u00e5 en maksimal rekkevidde p\u00e5 2050 mm.\u00a0<\/span><\/p>\n<p><b>Drevet av et vedlikeholdsfritt, forseglet AGM-batteri, kan denne kranen ogs\u00e5 utstyres med et litiumbatteri. Ekstern batterilader. <\/b><\/p>\n<p><b>Multifunksjonsdisplay som viser ladeniv\u00e5, batterispenning og driftstimeteller.<\/b><\/p>\n","protected":false},"excerpt":{"rendered":"<p><span data-sheets-root=\"1\">L\u00d8FTEKAPASITET <\/span>200 KG<\/p>\n","protected":false},"featured_media":317339,"template":"","meta":{"_acf_changed":false,"_et_pb_use_builder":"","_et_pb_old_content":"<span style=\"font-weight: 400;\">Motvektskranen med svingarm modell 01B2P er en del av et bredt utvalg av motvektskraner med 360\u00b0 svingarm og manuell trekkraft<\/span><b>, med en maksimal kapasitet p\u00e5 opptil 200 kg og rekkevidde p\u00e5 opptil 2050 mm<\/b><span style=\"font-weight: 400;\">. Hydraulisk spakstyrt eller elektrisk styrt.\u00a0<\/span>\r\n\r\n<span style=\"font-weight: 400;\">De representerer den mest kostnadseffektive og fleksible l\u00f8sningen for l\u00f8fting og transport av last i en rekke bruksomr\u00e5der, for eksempel maskineringssentre og maskinverkt\u00f8y, levering til samleb\u00e5nd, monteringsoperasjoner og vareh\u00e5ndtering. Takket v\u00e6re de kompakte dimensjonene er de lettman\u00f8vrerte, selv med full last, og de kan uten problemer flyttes p\u00e5 trange steder. Alle komponentene er produsert i Italia for \u00e5 sikre h\u00f8yeste konstruksjonskvalitet og frav\u00e6r av defekter.<\/span>\r\n\r\n<b>Hydraulikksystemet er utstyrt med en l\u00e5seventil som forhindrer at lasten faller ned i tilfelle r\u00f8rene brekker ved et uhell, og en grovventil som forhindrer overbelastning av kranen.<\/b><span style=\"font-weight: 400;\">\u00a0De er utstyrt med 2 svingbare h\u00f8ykapasitetshjul med st\u00f8tfangerfester og parkeringsbremser og med 2 faste forhjul med lagre. Rammen er laget av lakkert st\u00e5l og er utstyrt med 2 praktiske gaffeltruckst\u00f8tter i bunnen (for \u00e5 l\u00f8fte og transportere kranen p\u00e5 en sikker m\u00e5te over lange avstander). Det solide skyveh\u00e5ndtaket kan demonteres. Det er ogs\u00e5 2 h\u00e5ndtak for \u00e5 enkelt rotere ballasten. Svingbar krok. Svingarm med svingbar krok l\u00e5sbar hver 30\u00b0.<\/span>\r\n\r\n<b>Modell 01B2P er utstyrt med en anhengsspak som gj\u00f8r det mulig \u00e5 l\u00f8fte en last med \u00e9n hastighet og kj\u00f8re den progressivt nedover.<\/b><span style=\"font-weight: 400;\">\u00a0Dette er uunnv\u00e6rlig n\u00e5r det kreves millimetern\u00f8yaktighet under posisjonering av lasten.\u00a0<\/span>\r\n\r\n<span style=\"font-weight: 400;\">Armen p\u00e5 motvektskranen med svingarm modell 01B2P kan forlenges i 4 posisjoner, og en valgfri armforlengelse er tilgjengelig for \u00e5 oppn\u00e5 en maksimal rekkevidde p\u00e5 2050 mm.\u00a0<\/span>\r\n\r\n<b>Drevet av blybatteri, kan denne kranen ogs\u00e5 utstyres med vedlikeholdsfritt AGM forseglet batteri eller litiumbatteri. Ekstern batterilader. Multifunksjonsdisplay som viser ladeniv\u00e5, batterispenning og driftstimeteller.<\/b>","_et_gb_content_width":""},"product_brand":[],"product_cat":[575],"product_tag":[],"class_list":{"0":"post-15592","1":"product","2":"type-product","3":"status-publish","4":"has-post-thumbnail","6":"product_cat-gru-a-trazione-manuale-girevole-360-no","7":"pa_portata-max-kg-200-no","9":"first","10":"instock","11":"shipping-taxable","12":"product-type-simple"},"acf":[],"gallery_images":[317334,317398,317384,317374,317354,317344],"_links":{"self":[{"href":"https:\/\/liftingfx.girafdev.com\/no\/wp-json\/wp\/v2\/product\/15592","targetHints":{"allow":["GET"]}}],"collection":[{"href":"https:\/\/liftingfx.girafdev.com\/no\/wp-json\/wp\/v2\/product"}],"about":[{"href":"https:\/\/liftingfx.girafdev.com\/no\/wp-json\/wp\/v2\/types\/product"}],"wp:featuredmedia":[{"embeddable":true,"href":"https:\/\/liftingfx.girafdev.com\/no\/wp-json\/wp\/v2\/media\/317339"}],"wp:attachment":[{"href":"https:\/\/liftingfx.girafdev.com\/no\/wp-json\/wp\/v2\/media?parent=15592"}],"wp:term":[{"taxonomy":"product_brand","embeddable":true,"href":"https:\/\/liftingfx.girafdev.com\/no\/wp-json\/wp\/v2\/product_brand?post=15592"},{"taxonomy":"product_cat","embeddable":true,"href":"https:\/\/liftingfx.girafdev.com\/no\/wp-json\/wp\/v2\/product_cat?post=15592"},{"taxonomy":"product_tag","embeddable":true,"href":"https:\/\/liftingfx.girafdev.com\/no\/wp-json\/wp\/v2\/product_tag?post=15592"}],"curies":[{"name":"wp","href":"https:\/\/api.w.org\/{rel}","templated":true}]}}