{"id":15590,"date":"2022-02-22T13:43:14","date_gmt":"2022-02-22T12:43:14","guid":{"rendered":"https:\/\/liftingfx.girafdev.comprodotto\/gru-a-trazione-manuale-01b2se-200kg-salita-discesa-avanzamento-e-rientro-elettrico-e-regolabile\/"},"modified":"2025-08-04T10:12:21","modified_gmt":"2025-08-04T08:12:21","slug":"200-kg-motbalansert-svingbar-kran-360-elektrisk-loft-senk-forleng-trekk-tilbake-jib-arm","status":"publish","type":"product","link":"https:\/\/liftingfx.girafdev.com\/no\/product\/200-kg-motbalansert-svingbar-kran-360-elektrisk-loft-senk-forleng-trekk-tilbake-jib-arm\/","title":{"rendered":"01B2SE_1000 MOTVEKTSSVINGKRAN"},"content":{"rendered":"<p><span style=\"font-weight: 400\">Den <\/span><b>motbalanserte minikranen<\/b><span style=\"font-weight: 400\"> med utliggerarm, modell 01B2SE_1000, er en del av et komplett utvalg av motbalanserte 360\u00b0 svingbare kraner med manuell trekkraft,\u00a0<\/span><b>med en maksimal kapasitet p\u00e5 opptil 200 kg og rekkevidde p\u00e5 opptil 1910 mm<\/b><span style=\"font-weight: 400\">. Hydraulisk spakstyrt eller elektrisk styrt.\u00a0<\/span><\/p>\n<p><span style=\"font-weight: 400\">De representerer den mest kostnadseffektive og fleksible l\u00f8sningen for l\u00f8fting og transport av last i en rekke bruksomr\u00e5der, for eksempel maskineringssentre og maskinverkt\u00f8y, levering til samleb\u00e5nd, monteringsoperasjoner og vareh\u00e5ndtering. Takket v\u00e6re de kompakte dimensjonene er de lettman\u00f8vrerte, selv med full last, og de kan uten problemer flyttes p\u00e5 trange steder. Alle komponenter er produsert i Italia for \u00e5 sikre h\u00f8yeste konstruksjonskvalitet og frav\u00e6r av defekter.<\/span><b>\u00a0<\/b><\/p>\n<p><b>Hydraulikksystemet er utstyrt med en l\u00e5seventil som forhindrer at lasten faller ned i tilfelle r\u00f8rene skulle brekke, og en grovventil som forhindrer overbelastning av kranen.<\/b><span style=\"font-weight: 400\">\u00a0De er utstyrt med 2 svingbare h\u00f8ykapasitetshjul med st\u00f8tfangerfester og parkeringsbremser og med 2 faste forhjul med lagre. Rammen er laget av lakkert st\u00e5l og er utstyrt med 2 praktiske gaffeltruckst\u00f8tter (for \u00e5 l\u00f8fte og transportere kranen p\u00e5 en sikker m\u00e5te over lange avstander). Det solide skyveh\u00e5ndtaket kan demonteres. Det er ogs\u00e5 2 h\u00e5ndtak for \u00e5 enkelt rotere ballasten. Svingbar krok.\u00a0<\/span><b>Den motbalanserte minikranen med utligger, modell 01B2SE_1000, er utstyrt med en elektrisk styrt utliggerarm.\u00a0<\/b><\/p>\n<p><b>Utstyrt med en 4-funksjons distribut\u00f8r for: arm l\u00f8fting, arm senking, bom forlengelse, bom tilbaketrekning.<\/b><\/p>\n<p>&nbsp;<\/p>\n<p><b>Alle bevegelser (arm og uttrekk) er elektrisk styrt, progressive og kan justeres av operat\u00f8ren med ekstrem presisjon<\/b><span style=\"font-weight: 400\">. Kontrollert nedstigningssystem med motoren sl\u00e5tt av.\u00a0<\/span><\/p>\n<p><span style=\"font-weight: 400\">Ekstern batterilader. Drevet av et vedlikeholdsfritt, forseglet AGM-batteri, kan denne kranen ogs\u00e5 utstyres med et litiumbatteri.<\/span><\/p>\n<p><b>Multifunksjonsdisplay som viser ladeniv\u00e5, batterispenning og driftstimeteller.<\/b><\/p>\n<p><span style=\"font-weight: 400\">Modell 01B2SE_1000 er den mest popul\u00e6re modellen for vanskelige plasseringer fra bakken p\u00e5 3D-maskiner, dreiebenker, over perimeterbeskyttelse, smale \u00e5pninger osv., takket v\u00e6re 360\u00b0 svingbarhet og i alle de bruksomr\u00e5dene der det ikke er plass til \u00e5 flytte lasten med en gaffeltruck eller annet stort l\u00f8fteutstyr.\u00a0<\/span><\/p>\n<div id=\"gtx-trans\" style=\"position: absolute;left: 169px;top: 506.562px\">\n<div class=\"gtx-trans-icon\"><\/div>\n<\/div>\n","protected":false},"excerpt":{"rendered":"<p><span data-sheets-root=\"1\">L\u00d8FTEKAPASITET <\/span>200 KG<\/p>\n<p>&nbsp;<\/p>\n<p>&nbsp;<\/p>\n","protected":false},"featured_media":286367,"template":"","meta":{"_acf_changed":false,"_et_pb_use_builder":"","_et_pb_old_content":"","_et_gb_content_width":""},"product_brand":[],"product_cat":[575],"product_tag":[],"class_list":{"0":"post-15590","1":"product","2":"type-product","3":"status-publish","4":"has-post-thumbnail","6":"product_cat-gru-a-trazione-manuale-girevole-360-no","7":"pa_portata-max-kg-200-no","9":"first","10":"instock","11":"shipping-taxable","12":"product-type-simple"},"acf":[],"gallery_images":[286362,286332,306614,286312,286342,286352],"_links":{"self":[{"href":"https:\/\/liftingfx.girafdev.com\/no\/wp-json\/wp\/v2\/product\/15590","targetHints":{"allow":["GET"]}}],"collection":[{"href":"https:\/\/liftingfx.girafdev.com\/no\/wp-json\/wp\/v2\/product"}],"about":[{"href":"https:\/\/liftingfx.girafdev.com\/no\/wp-json\/wp\/v2\/types\/product"}],"wp:featuredmedia":[{"embeddable":true,"href":"https:\/\/liftingfx.girafdev.com\/no\/wp-json\/wp\/v2\/media\/286367"}],"wp:attachment":[{"href":"https:\/\/liftingfx.girafdev.com\/no\/wp-json\/wp\/v2\/media?parent=15590"}],"wp:term":[{"taxonomy":"product_brand","embeddable":true,"href":"https:\/\/liftingfx.girafdev.com\/no\/wp-json\/wp\/v2\/product_brand?post=15590"},{"taxonomy":"product_cat","embeddable":true,"href":"https:\/\/liftingfx.girafdev.com\/no\/wp-json\/wp\/v2\/product_cat?post=15590"},{"taxonomy":"product_tag","embeddable":true,"href":"https:\/\/liftingfx.girafdev.com\/no\/wp-json\/wp\/v2\/product_tag?post=15590"}],"curies":[{"name":"wp","href":"https:\/\/api.w.org\/{rel}","templated":true}]}}