{"id":15588,"date":"2022-02-22T14:32:27","date_gmt":"2022-02-22T13:32:27","guid":{"rendered":"https:\/\/liftingfx.girafdev.comprodotto\/gru-contrappesata-da-1000kg-salita-e-discesa-manuale\/"},"modified":"2025-07-03T08:50:07","modified_gmt":"2025-07-03T06:50:07","slug":"1000-kg-hoykapasitetskran-manuell-loft-senk","status":"publish","type":"product","link":"https:\/\/liftingfx.girafdev.com\/no\/product\/1000-kg-hoykapasitetskran-manuell-loft-senk\/","title":{"rendered":"GZ1000 MINIKRAN"},"content":{"rendered":"<p><span style=\"font-weight: 400;\">GZ1000-modellen <\/span><b>motvektskran<\/b><span style=\"font-weight: 400;\"> er et kompakt mobilt utstyr designet for \u00e5 <\/span><b>l\u00f8fte last opp til 1000 kg<\/b><span style=\"font-weight: 400;\">. Denne krantypen er ideell for bruk i industri- eller logistikkmilj\u00f8er, hvor det kreves en <\/span><b>mobil og fleksibel l\u00f8ftel\u00f8sning.<\/b><\/p>\n<p><span style=\"font-weight: 400;\">Den er utstyrt med et ror med 200 mm diameter nylonhjul, som gj\u00f8r at kranen enkelt kan styres. Denne detaljen gir stor bevegelsesfrihet og posisjonering selv i trange omr\u00e5der, ogs\u00e5 takket v\u00e6re frontm\u00e5lene p\u00e5 800 mm.<\/span><\/p>\n<p><span style=\"font-weight: 400;\">Struktur helt laget av lakkert st\u00e5l, utstyrt med to praktiske gaffelst\u00f8tter i bunnen, ideell for \u00e5 l\u00f8fte og transportere kranen over lange avstander med gaffeltruck. L\u00f8ftingen av armen utf\u00f8res via en dobbeltvirkende manuell pumpe og senkingen av lasten skjer p\u00e5 en justerbar m\u00e5te, takket v\u00e6re rotasjonen av en ergonomisk knott, som tillater presis kontroll av hastigheten.<\/span><\/p>\n<p><span style=\"font-weight: 400;\">Hydraulikksystemet er utstyrt med en sperreventil som hindrer lasten i \u00e5 synke ved utilsiktet brudd p\u00e5 r\u00f8rene og en sikkerhetsventil som beskytter kranen mot overbelastning.<\/span><\/p>\n<p><span style=\"font-weight: 400;\">Armen er justerbar i fire forskjellige posisjoner og takket v\u00e6re en valgfri forlengelse er det mulig \u00e5 n\u00e5 en utkraging p\u00e5 opptil maks 2000 mm.<\/span><\/p>\n<p><span style=\"font-weight: 400;\">Denne kranen er spesielt egnet for <\/span><b>montering og demontering av mekaniske deler<\/b><span style=\"font-weight: 400;\"> som krever hyppig vedlikehold og <\/span><b>montering av komponenter p\u00e5 industrimaskiner<\/b><span style=\"font-weight: 400;\">. GZ 1000-kranen letter disse operasjonene, reduserer den fysiske arbeidsbelastningen og tillater raske og sikre inngrep.<\/span><\/p>\n","protected":false},"excerpt":{"rendered":"<p><span data-sheets-root=\"1\">L\u00d8FTEKAPASITET<\/span> 1000 KG<\/p>\n","protected":false},"featured_media":16268,"template":"","meta":{"_acf_changed":false,"_et_pb_use_builder":"","_et_pb_old_content":"","_et_gb_content_width":""},"product_brand":[],"product_cat":[616],"product_tag":[],"class_list":{"0":"post-15588","1":"product","2":"type-product","3":"status-publish","4":"has-post-thumbnail","6":"product_cat-gru-a-trazione-manuale-a-grande-portata-no","7":"pa_portata-max-kg-1000-no","9":"first","10":"instock","11":"shipping-taxable","12":"product-type-simple"},"acf":[],"gallery_images":[288666,288656,288686,306684,306704,306694],"_links":{"self":[{"href":"https:\/\/liftingfx.girafdev.com\/no\/wp-json\/wp\/v2\/product\/15588","targetHints":{"allow":["GET"]}}],"collection":[{"href":"https:\/\/liftingfx.girafdev.com\/no\/wp-json\/wp\/v2\/product"}],"about":[{"href":"https:\/\/liftingfx.girafdev.com\/no\/wp-json\/wp\/v2\/types\/product"}],"wp:featuredmedia":[{"embeddable":true,"href":"https:\/\/liftingfx.girafdev.com\/no\/wp-json\/wp\/v2\/media\/16268"}],"wp:attachment":[{"href":"https:\/\/liftingfx.girafdev.com\/no\/wp-json\/wp\/v2\/media?parent=15588"}],"wp:term":[{"taxonomy":"product_brand","embeddable":true,"href":"https:\/\/liftingfx.girafdev.com\/no\/wp-json\/wp\/v2\/product_brand?post=15588"},{"taxonomy":"product_cat","embeddable":true,"href":"https:\/\/liftingfx.girafdev.com\/no\/wp-json\/wp\/v2\/product_cat?post=15588"},{"taxonomy":"product_tag","embeddable":true,"href":"https:\/\/liftingfx.girafdev.com\/no\/wp-json\/wp\/v2\/product_tag?post=15588"}],"curies":[{"name":"wp","href":"https:\/\/api.w.org\/{rel}","templated":true}]}}