{"id":15587,"date":"2022-02-22T14:49:12","date_gmt":"2022-02-22T13:49:12","guid":{"rendered":"https:\/\/liftingfx.girafdev.comprodotto\/gz1000bp-gru-contrappesata-da-1000kg-con-discesa-elettrica-a-velocita-regolabile\/"},"modified":"2025-08-04T10:13:03","modified_gmt":"2025-08-04T08:13:03","slug":"1000-kg-kran-med-hoy-kapasitet-manuell-lif1000-kg-kran-med-hoy-kapasitet-elektrisk-loft-senk-enkelt-hastighet-senk","status":"publish","type":"product","link":"https:\/\/liftingfx.girafdev.com\/no\/product\/1000-kg-kran-med-hoy-kapasitet-manuell-lif1000-kg-kran-med-hoy-kapasitet-elektrisk-loft-senk-enkelt-hastighet-senk\/","title":{"rendered":"GZ1000BP MINIKRAN"},"content":{"rendered":"<p><span style=\"font-weight: 400\">GZ1000BP <\/span><b>mobilkran med motvekt<\/b><span style=\"font-weight: 400\"> lar deg l\u00f8fte og flytte <\/span><b>laster opp til 1000 kg<\/b><span style=\"font-weight: 400\">. Denne modellen er enkel \u00e5 man\u00f8vrere trygt, selv i korridorer og trange rom, takket v\u00e6re en frontdimensjon p\u00e5 kun 800 mm, leddet drag med gassfj\u00e6r og dobbelthjul \u00d8 200 mm med kulelager og bremsesystem og forhjul \u00d8 250 mm med kule peiling.<\/span><\/p>\n<p><span style=\"font-weight: 400\">Ramme helt i lakkert st\u00e5l med 2 praktiske gaffeltruckst\u00f8tter i nedre del (for \u00e5 l\u00f8fte og transportere kranen over lange avstander i full sikkerhet).<\/span><\/p>\n<p><span style=\"font-weight: 400\">Den er utstyrt med et trykknapppanel for elektrisk oppstigning med \u00e9n hastighet og elektrisk nedstigning med justerbar hastighet via joystick.<\/span><\/p>\n<p><b>Nedstigningen kan justeres til millimeter, noe som er essensielt n\u00e5r lasten skal plasseres med stor presisjon.<\/b><\/p>\n<p><span style=\"font-weight: 400\">Hydraulikksystemet er utstyrt med en sperreventil for \u00e5 hindre at lasten faller ved utilsiktet brudd p\u00e5 slangen og en sikkerhetsventil for \u00e5 hindre at kranen overbelastes.<\/span><\/p>\n<p>&nbsp;<\/p>\n<p><span style=\"font-weight: 400\">Armen kan forlenges i 4 posisjoner og en forlengelsesarm (valgfritt) er tilgjengelig for \u00e5 \u00f8ke overhenget opp til en maksimal lengde p\u00e5 2000 mm.<\/span><\/p>\n<p><span style=\"font-weight: 400\">Ekstern batterilader. Drevet av et vedlikeholdsfritt, forseglet AGM-batteri, kan denne kranen ogs\u00e5 utstyres med et litiumbatteri.<\/span><\/p>\n<p><b>Multifunksjonsdisplay som viser ladeniv\u00e5, batterispenning og driftstimeteller.<\/b><\/p>\n<p><span style=\"font-weight: 400\">GZ1000BP-kranen er en optimal l\u00f8sning for \u00e5 sikre operat\u00f8rsikkerhet ved l\u00f8fting og h\u00e5ndtering av alle typer last.<\/span><\/p>\n<div id=\"gtx-trans\" style=\"position: absolute;left: 890px;top: 394.375px\">\n<div class=\"gtx-trans-icon\"><\/div>\n<\/div>\n","protected":false},"excerpt":{"rendered":"<p><span style=\"vertical-align: inherit\"><span style=\"vertical-align: inherit\">L\u00d8FTEKAPASITET 1000 KG<\/span><\/span><\/p>\n","protected":false},"featured_media":16278,"template":"","meta":{"_acf_changed":false,"_et_pb_use_builder":"","_et_pb_old_content":"","_et_gb_content_width":""},"product_brand":[],"product_cat":[616],"product_tag":[],"class_list":{"0":"post-15587","1":"product","2":"type-product","3":"status-publish","4":"has-post-thumbnail","6":"product_cat-gru-a-trazione-manuale-a-grande-portata-no","7":"pa_portata-max-kg-1000-no","9":"first","10":"instock","11":"shipping-taxable","12":"product-type-simple"},"acf":[],"gallery_images":[287707,287727,287757,287767,287717,287737,287747],"_links":{"self":[{"href":"https:\/\/liftingfx.girafdev.com\/no\/wp-json\/wp\/v2\/product\/15587","targetHints":{"allow":["GET"]}}],"collection":[{"href":"https:\/\/liftingfx.girafdev.com\/no\/wp-json\/wp\/v2\/product"}],"about":[{"href":"https:\/\/liftingfx.girafdev.com\/no\/wp-json\/wp\/v2\/types\/product"}],"wp:featuredmedia":[{"embeddable":true,"href":"https:\/\/liftingfx.girafdev.com\/no\/wp-json\/wp\/v2\/media\/16278"}],"wp:attachment":[{"href":"https:\/\/liftingfx.girafdev.com\/no\/wp-json\/wp\/v2\/media?parent=15587"}],"wp:term":[{"taxonomy":"product_brand","embeddable":true,"href":"https:\/\/liftingfx.girafdev.com\/no\/wp-json\/wp\/v2\/product_brand?post=15587"},{"taxonomy":"product_cat","embeddable":true,"href":"https:\/\/liftingfx.girafdev.com\/no\/wp-json\/wp\/v2\/product_cat?post=15587"},{"taxonomy":"product_tag","embeddable":true,"href":"https:\/\/liftingfx.girafdev.com\/no\/wp-json\/wp\/v2\/product_tag?post=15587"}],"curies":[{"name":"wp","href":"https:\/\/api.w.org\/{rel}","templated":true}]}}