{"id":15586,"date":"2022-02-22T15:05:37","date_gmt":"2022-02-22T14:05:37","guid":{"rendered":"https:\/\/liftingfx.girafdev.comprodotto\/gz1000b-gru-contrappesata-da-1000kg-con-salita-e-discesa-elettrica-a-singola-velocita\/"},"modified":"2025-08-04T10:13:21","modified_gmt":"2025-08-04T08:13:21","slug":"1000-kg-hoykapasitetskran-elektrisk-loft-senk-enkelthastighet","status":"publish","type":"product","link":"https:\/\/liftingfx.girafdev.com\/no\/product\/1000-kg-hoykapasitetskran-elektrisk-loft-senk-enkelthastighet\/","title":{"rendered":"GZ1000B MINIKRAN"},"content":{"rendered":"<p><span style=\"font-weight: 400\">Den b\u00e6rbare <\/span><b>kranl\u00f8ftel\u00f8sninge<\/b><span style=\"font-weight: 400\">n modell GZ1000B er en del av et komplett utvalg av motvektskraner med manuell trekkraft,\u00a0<\/span><b>med en maksimal kapasitet p\u00e5 opptil 1000 kg og rekkevidde p\u00e5 opptil 2000 mm<\/b><span style=\"font-weight: 400\">. Hydraulisk spakstyrt hurtigl\u00f8ft med dobbeltvirkende pumpe eller elektrisk styrt. De representerer den mest kostnadseffektive og fleksible l\u00f8sningen for l\u00f8fting og transport av last i en rekke bruksomr\u00e5der, for eksempel maskineringssentre og maskinverkt\u00f8y, levering til samleb\u00e5nd, monteringsoperasjoner og vareh\u00e5ndtering. Takket v\u00e6re det minimale frontavtrykket p\u00e5 bare 800 mm kan de flyttes i trange kj\u00f8refelt og p\u00e5 trange steder, og de er lette \u00e5 man\u00f8vrere selv med full last uten anstrengelser. Alle komponentene er produsert i Italia for \u00e5 sikre h\u00f8yeste konstruksjonskvalitet og frav\u00e6r av defekter.<\/span><\/p>\n<p><b>Hydraulikksystemet er utstyrt med en l\u00e5seventil som hindrer lasten i \u00e5 falle ned i tilfelle utilsiktet brudd p\u00e5 r\u00f8rene, og en grovventil som forhindrer overbelastning av kranen<\/b><span style=\"font-weight: 400\">. Styrearmen p\u00e5 denne b\u00e6rbare kranl\u00f8ftel\u00f8sningen er utstyrt med gassfj\u00e6r og doble hjul \u00d8 200 mm med kulelager og bremsesystem; 2 faste forhjul \u00d8 250 mm med kulelager som gj\u00f8r den enkel \u00e5 flytte. Rammen er laget av lakkert st\u00e5l og er utstyrt med 2 praktiske gaffeltruckst\u00f8tter i bunnen for \u00e5 l\u00f8fte og transportere kranen trygt over lange avstander. 360 \u00b0 svingbar krok.<\/span><\/p>\n<p><b>Modell GZ1000B, en b\u00e6rbar kranl\u00f8ftel\u00f8sning, er utstyrt med et enhastighets l\u00f8fte-\/senkesystem som styres av en trykknapp med n\u00f8dstopp.<\/b><span style=\"font-weight: 400\">\u00a0<\/span><\/p>\n<p><b>Drevet av et vedlikeholdsfritt, forseglet AGM-batteri, kan denne kranen ogs\u00e5 utstyres med et litiumbatteri. Ekstern batterilader. <\/b><\/p>\n<p><b>Multifunksjonsdisplay som viser ladeniv\u00e5, batterispenning og driftstimeteller.<\/b><\/p>\n<p><span style=\"font-weight: 400\">Armen kan forlenges i 4 posisjoner, og en valgfri armforlenger er tilgjengelig for \u00e5 oppn\u00e5 en maksimal rekkevidde p\u00e5 2000 mm. Denne kranen er en nyttig l\u00f8ftel\u00f8sning for \u00e5 \u00f8ke sikkerheten p\u00e5 arbeidsplassen og unng\u00e5 skader for\u00e5rsaket av manuell h\u00e5ndtering av last.<\/span><\/p>\n","protected":false},"excerpt":{"rendered":"<p><span style=\"vertical-align: inherit\"><span style=\"vertical-align: inherit\"><span data-sheets-root=\"1\">L\u00d8FTEKAPASITET<\/span> 1000 Kg<\/span><\/span><\/p>\n","protected":false},"featured_media":16288,"template":"","meta":{"_acf_changed":false,"_et_pb_use_builder":"","_et_pb_old_content":"","_et_gb_content_width":""},"product_brand":[],"product_cat":[616],"product_tag":[],"class_list":{"0":"post-15586","1":"product","2":"type-product","3":"status-publish","4":"has-post-thumbnail","6":"product_cat-gru-a-trazione-manuale-a-grande-portata-no","7":"pa_portata-max-kg-1000-no","9":"first","10":"instock","11":"shipping-taxable","12":"product-type-simple"},"acf":[],"gallery_images":[291360,291340,291330,287496,287536,287526],"_links":{"self":[{"href":"https:\/\/liftingfx.girafdev.com\/no\/wp-json\/wp\/v2\/product\/15586","targetHints":{"allow":["GET"]}}],"collection":[{"href":"https:\/\/liftingfx.girafdev.com\/no\/wp-json\/wp\/v2\/product"}],"about":[{"href":"https:\/\/liftingfx.girafdev.com\/no\/wp-json\/wp\/v2\/types\/product"}],"wp:featuredmedia":[{"embeddable":true,"href":"https:\/\/liftingfx.girafdev.com\/no\/wp-json\/wp\/v2\/media\/16288"}],"wp:attachment":[{"href":"https:\/\/liftingfx.girafdev.com\/no\/wp-json\/wp\/v2\/media?parent=15586"}],"wp:term":[{"taxonomy":"product_brand","embeddable":true,"href":"https:\/\/liftingfx.girafdev.com\/no\/wp-json\/wp\/v2\/product_brand?post=15586"},{"taxonomy":"product_cat","embeddable":true,"href":"https:\/\/liftingfx.girafdev.com\/no\/wp-json\/wp\/v2\/product_cat?post=15586"},{"taxonomy":"product_tag","embeddable":true,"href":"https:\/\/liftingfx.girafdev.com\/no\/wp-json\/wp\/v2\/product_tag?post=15586"}],"curies":[{"name":"wp","href":"https:\/\/api.w.org\/{rel}","templated":true}]}}