{"id":15584,"date":"2022-02-22T15:19:40","date_gmt":"2022-02-22T14:19:40","guid":{"rendered":"https:\/\/liftingfx.girafdev.comprodotto\/gz1000bse-gru-contrappesata-da-1000kg-salita-discesa-avanzamento-e-rientro-elettrico-e-regolabile\/"},"modified":"2025-08-04T10:13:35","modified_gmt":"2025-08-04T08:13:35","slug":"1000-kg-kran-med-hoy-kapasitet-elektrisk-loft-senk-forleng-trekk-ut-jib-arm","status":"publish","type":"product","link":"https:\/\/liftingfx.girafdev.com\/no\/product\/1000-kg-kran-med-hoy-kapasitet-elektrisk-loft-senk-forleng-trekk-ut-jib-arm\/","title":{"rendered":"GZ1000BSE MINIKRAN"},"content":{"rendered":"<p><span style=\"font-weight: 400\">GZ1000BSE-modellen er en <\/span><b>motvektskran<\/b><span style=\"font-weight: 400\"> som representerer en fleksibel og h\u00f8yytelsesl\u00f8sning for \u00e5 forenkle <\/span><b>l\u00f8fting og h\u00e5ndtering av last opp til 1000 kg<\/b><span style=\"font-weight: 400\">.<\/span><\/p>\n<p><span style=\"font-weight: 400\">Den er utstyrt med et styreror med 200 mm diameter nylonhjul, som gj\u00f8r at kranen enkelt kan styres. Denne detaljen gir stor bevegelsesfrihet og posisjonering selv i trange omr\u00e5der, ogs\u00e5 takket v\u00e6re frontm\u00e5lene p\u00e5 800 mm.<\/span><\/p>\n<p><b>GZ1000BSE utkragerkran<\/b><span style=\"font-weight: 400\"> er utstyrt med elektrisk forlengelse. Heving og senking av armen og fremf\u00f8ring og tilbaketrekking av forlengelsen betjenes av en spak koblet til en 4-funksjons fordeler.<\/span><\/p>\n<p><b>Alle bevegelser er elektriske, proporsjonale og justerbare av operat\u00f8ren med ekstrem presisjon<\/b><span style=\"font-weight: 400\">. Det er den ideelle kranen n\u00e5r det kreves stor presisjon i posisjonering av lasten.<\/span><\/p>\n<p><span style=\"font-weight: 400\">Hydraulikksystemet er utstyrt med en sperreventil som hindrer at lasten faller ned ved utilsiktet brudd p\u00e5 r\u00f8rene og en avlastningsventil som hindrer at kranen overbelastes.<\/span><\/p>\n<p><span style=\"font-weight: 400\">En forlengelse av forlengelsen er tilgjengelig (valgfritt) som gj\u00f8r at overhenget kan \u00f8kes opp til en lengde p\u00e5 2000 mm.<\/span><\/p>\n<p><span style=\"font-weight: 400\">Ekstern batterilader. Drevet av et vedlikeholdsfritt, forseglet AGM-batteri, kan denne kranen ogs\u00e5 utstyres med et litiumbatteri.<\/span><\/p>\n<p><b>Multifunksjonsdisplay som viser ladeniv\u00e5, batterispenning og driftstimeteller.<\/b><\/p>\n<p><span style=\"font-weight: 400\">GZ1000BSE-kranen er ideell for montering og demontering av mekaniske deler som krever hyppig vedlikehold, samt for montering av komponenter p\u00e5 industrimaskiner. Denne modellen forenkler disse aktivitetene, letter fysisk arbeid og garanterer raske og sikre inngrep.<\/span><\/p>\n<div id=\"gtx-trans\" style=\"position: absolute;left: 850px;top: 342.578px\">\n<div class=\"gtx-trans-icon\"><\/div>\n<\/div>\n","protected":false},"excerpt":{"rendered":"<p>L\u00d8FTEKAPASITET 1000 KG<\/p>\n","protected":false},"featured_media":16297,"template":"","meta":{"_acf_changed":false,"_et_pb_use_builder":"","_et_pb_old_content":"","_et_gb_content_width":""},"product_brand":[],"product_cat":[616],"product_tag":[],"class_list":{"0":"post-15584","1":"product","2":"type-product","3":"status-publish","4":"has-post-thumbnail","6":"product_cat-gru-a-trazione-manuale-a-grande-portata-no","7":"pa_portata-max-kg-1000-no","9":"first","10":"instock","11":"shipping-taxable","12":"product-type-simple"},"acf":[],"gallery_images":[287951,287991,287961,306724,287971,288001],"_links":{"self":[{"href":"https:\/\/liftingfx.girafdev.com\/no\/wp-json\/wp\/v2\/product\/15584","targetHints":{"allow":["GET"]}}],"collection":[{"href":"https:\/\/liftingfx.girafdev.com\/no\/wp-json\/wp\/v2\/product"}],"about":[{"href":"https:\/\/liftingfx.girafdev.com\/no\/wp-json\/wp\/v2\/types\/product"}],"wp:featuredmedia":[{"embeddable":true,"href":"https:\/\/liftingfx.girafdev.com\/no\/wp-json\/wp\/v2\/media\/16297"}],"wp:attachment":[{"href":"https:\/\/liftingfx.girafdev.com\/no\/wp-json\/wp\/v2\/media?parent=15584"}],"wp:term":[{"taxonomy":"product_brand","embeddable":true,"href":"https:\/\/liftingfx.girafdev.com\/no\/wp-json\/wp\/v2\/product_brand?post=15584"},{"taxonomy":"product_cat","embeddable":true,"href":"https:\/\/liftingfx.girafdev.com\/no\/wp-json\/wp\/v2\/product_cat?post=15584"},{"taxonomy":"product_tag","embeddable":true,"href":"https:\/\/liftingfx.girafdev.com\/no\/wp-json\/wp\/v2\/product_tag?post=15584"}],"curies":[{"name":"wp","href":"https:\/\/api.w.org\/{rel}","templated":true}]}}