{"id":15580,"date":"2022-02-22T16:49:03","date_gmt":"2022-02-22T15:49:03","guid":{"rendered":"https:\/\/liftingfx.girafdev.comprodotto\/atlas-1te3l-atlas-1te3r-gru-full-electric-1000-kg-triplo-sfilo-elettrico\/"},"modified":"2025-06-27T18:14:13","modified_gmt":"2025-06-27T16:14:13","slug":"1000-kg-hel-elektrisk-kran-trippel-elektrisk-bom-2","status":"publish","type":"product","link":"https:\/\/liftingfx.girafdev.com\/no\/product\/1000-kg-hel-elektrisk-kran-trippel-elektrisk-bom-2\/","title":{"rendered":"ATLAS 1TE3L INDUSTRIKRAN ELEKTRISK"},"content":{"rendered":"<p><span style=\"font-weight: 400;\">ATLAS 1TE3L-modellen er en <\/span><b>helelektrisk motorisert kran<\/b><span style=\"font-weight: 400;\"> med en b\u00e6reevne p\u00e5 1000 kg.<\/span><\/p>\n<p><b>ATLAS 1TE3L elektrisk kran<\/b><span style=\"font-weight: 400;\"> er utstyrt med tre teleskoparmer som har en lengde p\u00e5 mer enn 3 meter.<\/span><\/p>\n<p><span style=\"font-weight: 400;\">ATLAS 1TE3L-kranen er utstyrt med en kontrollspak som gir full kontroll og bevegelse av armen med justerbar og proporsjonal hastighet for \u00e5 garantere maksimal kontroll under bevegelse og posisjonering av armen.<\/span><\/p>\n<p><span style=\"font-weight: 400;\">En av de grunnleggende egenskapene til denne Pick &amp; Carry-kranen er dens selvfremdrift da den kan bevege seg med den hengende lasten siden den ikke har stabilisatorer.<\/span><\/p>\n<p><span style=\"font-weight: 400;\">ATLAS 1TE3L er den <\/span><b>motoriserte kranen<\/b><span style=\"font-weight: 400;\"> med de minste dimensjonene i sin kategori (kun 800 mm bred), og takket v\u00e6re sin ekstreme man\u00f8vrerbarhet tilbyr den maksimal fleksibilitet til \u00e5 operere under alle forhold, selv i begrensede rom. Den eksepsjonelle styrevinkelen og muligheten til \u00e5 rotere p\u00e5 seg selv gj\u00f8r den perfekt for arbeid i komplekse milj\u00f8er og begrensede omr\u00e5der.<\/span><\/p>\n<p><span style=\"font-weight: 400;\">Standardutstyr: forseglede og vedlikeholdsfrie AGM-batterier, ekstern batterilader, LED-lysindikator som indikerer korrekt drift og signaliserer eventuell overbelastning, n\u00f8dstoppknapp. <\/span><b>ATLAS 1TE3L-kranen<\/b><span style=\"font-weight: 400;\"> er ogs\u00e5 utstyrt med et multifunksjonsdisplay som viser ladeniv\u00e5, batterispenning og driftstimer.<\/span><\/p>\n<p><span style=\"font-weight: 400;\">L\u00f8fting, senking, forlengelse og tilbaketrekking av forlengelsen er elektrisk styrt. Alle bevegelser kan justeres av operat\u00f8ren via kontrollspaker plassert p\u00e5 kranens kontrollpanel. <\/span><b>Hastighet og proporsjonalitet styres gjennom bevegelsen av spakene<\/b><span style=\"font-weight: 400;\">.<\/span><\/p>\n<p><b>Sikkerhetsfunksjoner:<\/b><\/p>\n<p><b>Dynamisk lastbegrenser<\/b><span style=\"font-weight: 400;\"> som forhindrer overbelastning og potensielle ulykker. Den overv\u00e5ker konstant lasten som l\u00f8ftes eller flyttes og begrenser automatisk operasjonen hvis lasten overskrider den forh\u00e5ndsinnstilte sikkerhetsgrensen.<\/span><\/p>\n<p><span style=\"font-weight: 400;\">En <\/span><b>blokkeringsventil <\/b><span style=\"font-weight: 400;\">aktiveres automatisk ved brudd i hydraulikksystemets r\u00f8r, og hindrer at lasten synker ukontrollert.<\/span><\/p>\n<p><span style=\"font-weight: 400;\">Roret er utstyrt med en hastighetsvelger som lar deg tilpasse kj\u00f8ret\u00f8yets hastighet til ulike driftsbehov. To stillinger er tilgjengelige:<\/span><\/p>\n<ul>\n<li><span style=\"font-weight: 400;\"> Sakte modus: begrenser maksimal hastighet til 1,5 km\/t, ideelt for presise man\u00f8vrer p\u00e5 trange steder og delikat h\u00e5ndtering av last.<\/span><\/li>\n<li><span style=\"font-weight: 400;\"> Standardhastighet: tillater en maksimal hastighet p\u00e5 3 km\/t, egnet for lange avstander under standardforhold<\/span><\/li>\n<\/ul>\n<p><span style=\"font-weight: 400;\">ATLAS 1TE3L kan utstyres med alle typer l\u00f8ftetilbeh\u00f8r for spesifikke bruksomr\u00e5der: l\u00f8ftesugekopper, vekter, klemmer, tippere, permanentmagneter, etc.<\/span><\/p>\n","protected":false},"excerpt":{"rendered":"<p>KONTROLLSPAKER<\/p>\n<p>L\u00d8FTEKAPASITET 1000 KG<\/p>\n","protected":false},"featured_media":16495,"template":"","meta":{"_acf_changed":false,"_et_pb_use_builder":"","_et_pb_old_content":"","_et_gb_content_width":""},"product_brand":[],"product_cat":[600],"product_tag":[],"class_list":{"0":"post-15580","1":"product","2":"type-product","3":"status-publish","4":"has-post-thumbnail","6":"product_cat-gru-a-trazione-elettrica-pick-carry-con-doppio-e-triplo-sfilo-elettrico-no","7":"pa_portata-max-kg-1000-no","9":"first","10":"instock","11":"shipping-taxable","12":"product-type-simple"},"acf":[],"gallery_images":[287425,306754,287415,306744,287405,287435,306734],"_links":{"self":[{"href":"https:\/\/liftingfx.girafdev.com\/no\/wp-json\/wp\/v2\/product\/15580","targetHints":{"allow":["GET"]}}],"collection":[{"href":"https:\/\/liftingfx.girafdev.com\/no\/wp-json\/wp\/v2\/product"}],"about":[{"href":"https:\/\/liftingfx.girafdev.com\/no\/wp-json\/wp\/v2\/types\/product"}],"wp:featuredmedia":[{"embeddable":true,"href":"https:\/\/liftingfx.girafdev.com\/no\/wp-json\/wp\/v2\/media\/16495"}],"wp:attachment":[{"href":"https:\/\/liftingfx.girafdev.com\/no\/wp-json\/wp\/v2\/media?parent=15580"}],"wp:term":[{"taxonomy":"product_brand","embeddable":true,"href":"https:\/\/liftingfx.girafdev.com\/no\/wp-json\/wp\/v2\/product_brand?post=15580"},{"taxonomy":"product_cat","embeddable":true,"href":"https:\/\/liftingfx.girafdev.com\/no\/wp-json\/wp\/v2\/product_cat?post=15580"},{"taxonomy":"product_tag","embeddable":true,"href":"https:\/\/liftingfx.girafdev.com\/no\/wp-json\/wp\/v2\/product_tag?post=15580"}],"curies":[{"name":"wp","href":"https:\/\/api.w.org\/{rel}","templated":true}]}}