{"id":14714,"date":"2023-07-28T13:41:31","date_gmt":"2023-07-28T11:41:31","guid":{"rendered":"https:\/\/liftingfx.girafdev.comprodotto\/flex-f1000dbl-flex-f1000dbr-gru-con-colonna-fissa-a-trazione-elettrica-con-doppio-sfilo-elettrico-e-portata-1000-kg\/"},"modified":"2025-06-25T18:17:44","modified_gmt":"2025-06-25T16:17:44","slug":"flex-f1000dbl-med-kontrollspaker","status":"publish","type":"product","link":"https:\/\/liftingfx.girafdev.com\/no\/product\/flex-f1000dbl-med-kontrollspaker\/","title":{"rendered":"FLEX F1000DBL MOBIL L\u00d8FTEL\u00d8SNING"},"content":{"rendered":"<p><b>FLEX F1000DBL-kranen er en motvektskran med fast s\u00f8yle og elektrisk trekkraft som tillater l\u00f8fting av last opp til 1000 kg.<\/b><\/p>\n<p><span style=\"font-weight: 400;\">Den er utstyrt med en dobbel teleskoparm som gj\u00f8r at den kan n\u00e5 en utkraging p\u00e5 2500 mm.<\/span><\/p>\n<p><b>Flex F1000DBL elektrisk kran<\/b><span style=\"font-weight: 400;\"> tilbyr presis og sikker kontroll over alle operasjoner. Det svingbare drivhjulet og de faste forhjulene sikrer optimal man\u00f8vrerbarhet selv i trange rom. De elektriske funksjonene, justerbare i hastighet, gj\u00f8r at kranen kan tilpasses enhver belastning og situasjon.<\/span><\/p>\n<p><span style=\"font-weight: 400;\">L\u00f8fte-, senke-, forlengelses- og tilbaketrekningsbevegelsene til teleskoparmen betjenes og <\/span><b>kontrolleres n\u00f8yaktig av operat\u00f8ren ved hjelp av enkle spaker. Hastigheten til hver bevegelse er proporsjonal med handlingen som ut\u00f8ves p\u00e5 spaken, noe som sikrer intuitiv og presis kontroll.<\/b><\/p>\n<p><span style=\"font-weight: 400;\">Det integrerte ballastsystemet lar deg l\u00f8fte en utkraget last uten \u00e5 m\u00e5tte installere sidestabilisatorer. Derfor er det en universell mobilkran med mulighet for ubegrenset bruk og umiddelbart klar til bruk.<\/span><\/p>\n<p><span style=\"font-weight: 400;\">Takket v\u00e6re sin fleksibilitet, lar den <\/span><b>motoriserte FLEX F1000DBL kranen<\/b><span style=\"font-weight: 400;\"> deg enkelt n\u00e5 og plassere alle typer last, selv i trange eller vanskelig tilgjengelige rom, som maskinverkt\u00f8y, hyller og monteringsbenker.<\/span><\/p>\n<p><b>Sikkerhetsfunksjoner:<\/b><\/p>\n<p><b>Dynamisk lastbegrenser<\/b><span style=\"font-weight: 400;\"> som forhindrer overbelastning og potensielle ulykker. Den overv\u00e5ker konstant lasten som l\u00f8ftes eller flyttes og begrenser automatisk operasjonen hvis lasten overskrider den forh\u00e5ndsinnstilte sikkerhetsgrensen.<\/span><\/p>\n<p><span style=\"font-weight: 400;\">En <\/span><b>blokkeringsventil <\/b><span style=\"font-weight: 400;\">aktiveres automatisk ved brudd i hydraulikksystemets r\u00f8r, og hindrer at lasten synker ukontrollert.<\/span><\/p>\n<p><span style=\"font-weight: 400;\">Roret er utstyrt med en hastighetsvelger som lar deg tilpasse kj\u00f8ret\u00f8yets hastighet til ulike driftsbehov.<\/span><\/p>\n<ul>\n<li><span style=\"font-weight: 400;\"> Sakte modus: begrenser maksimal hastighet til 1,5 km\/t, ideelt for presise man\u00f8vrer p\u00e5 trange steder og delikat h\u00e5ndtering av last.<\/span><\/li>\n<li><span style=\"font-weight: 400;\"> Standardhastighet: tillater en maksimal hastighet p\u00e5 3 km\/t, egnet for lange avstander under standardforhold<\/span><\/li>\n<\/ul>\n<p><span style=\"font-weight: 400;\">Standardutstyr: forseglede og vedlikeholdsfrie AGM-batterier, ekstern batterilader, LED-lysindikator som indikerer korrekt drift og signaliserer eventuell overbelastning, n\u00f8dstoppknapp. <\/span><b>FLEX F1000DBL-kranen<\/b><span style=\"font-weight: 400;\"> er ogs\u00e5 utstyrt med et multifunksjonsdisplay som viser ladeniv\u00e5, batterispenning og driftstimer.\u00a0<\/span><\/p>\n","protected":false},"excerpt":{"rendered":"<p>MED KONTROLLSPAKER<\/p>\n<p>L\u00d8FTEKAPASITET 1000 KG<\/p>\n","protected":false},"featured_media":311863,"template":"","meta":{"_acf_changed":false,"_et_pb_use_builder":"","_et_pb_old_content":"","_et_gb_content_width":""},"product_brand":[],"product_cat":[565],"product_tag":[],"class_list":{"0":"post-14714","1":"product","2":"type-product","3":"status-publish","4":"has-post-thumbnail","6":"product_cat-gru-a-trazione-elettrica-con-singolo-sfilo-no","7":"pa_portata-max-kg-1000-no","9":"first","10":"instock","11":"shipping-taxable","12":"product-type-simple"},"acf":[],"gallery_images":[311858,311808,311818,311828,311838,311848,311868],"_links":{"self":[{"href":"https:\/\/liftingfx.girafdev.com\/no\/wp-json\/wp\/v2\/product\/14714","targetHints":{"allow":["GET"]}}],"collection":[{"href":"https:\/\/liftingfx.girafdev.com\/no\/wp-json\/wp\/v2\/product"}],"about":[{"href":"https:\/\/liftingfx.girafdev.com\/no\/wp-json\/wp\/v2\/types\/product"}],"wp:featuredmedia":[{"embeddable":true,"href":"https:\/\/liftingfx.girafdev.com\/no\/wp-json\/wp\/v2\/media\/311863"}],"wp:attachment":[{"href":"https:\/\/liftingfx.girafdev.com\/no\/wp-json\/wp\/v2\/media?parent=14714"}],"wp:term":[{"taxonomy":"product_brand","embeddable":true,"href":"https:\/\/liftingfx.girafdev.com\/no\/wp-json\/wp\/v2\/product_brand?post=14714"},{"taxonomy":"product_cat","embeddable":true,"href":"https:\/\/liftingfx.girafdev.com\/no\/wp-json\/wp\/v2\/product_cat?post=14714"},{"taxonomy":"product_tag","embeddable":true,"href":"https:\/\/liftingfx.girafdev.com\/no\/wp-json\/wp\/v2\/product_tag?post=14714"}],"curies":[{"name":"wp","href":"https:\/\/api.w.org\/{rel}","templated":true}]}}