{"id":318480,"date":"2025-06-18T09:16:37","date_gmt":"2025-06-18T07:16:37","guid":{"rendered":"https:\/\/liftingfx.girafdev.com?page_id=318480"},"modified":"2025-06-20T11:32:20","modified_gmt":"2025-06-20T09:32:20","slug":"atex-sertifisert-kraner","status":"publish","type":"page","link":"https:\/\/liftingfx.girafdev.com\/no\/atex-sertifisert-kraner\/","title":{"rendered":"ATEX-SERTIFISERT KRANER"},"content":{"rendered":"<p>[et_pb_section fb_built=&raquo;1&#8243; _builder_version=&raquo;4.25.2&#8243; _module_preset=&raquo;default&raquo; background_color=&raquo;#000000&#8243; background_image=&raquo;https:\/\/liftingfx.girafdev.comwp-content\/uploads\/2024\/07\/pattren-123-20356-222025.png&raquo; background_size=&raquo;contain&raquo; background_position=&raquo;center_left&raquo; background_horizontal_offset=&raquo;100%&raquo; custom_margin=&raquo;|||0px|false|false&raquo; custom_padding=&raquo;8%|||0px|false|false&raquo; background_last_edited=&raquo;on|tablet&raquo; background_size_tablet=&raquo;cover&raquo; background_size_phone=&raquo;cover&raquo; da_disable_devices=&raquo;off|off|off&raquo; locked=&raquo;off&raquo; global_colors_info=&raquo;{}&raquo; da_is_popup=&raquo;off&raquo; da_exit_intent=&raquo;off&raquo; da_has_close=&raquo;on&raquo; da_alt_close=&raquo;off&raquo; da_dark_close=&raquo;off&raquo; da_not_modal=&raquo;on&raquo; da_is_singular=&raquo;off&raquo; da_with_loader=&raquo;off&raquo; da_has_shadow=&raquo;on&raquo;][et_pb_row column_structure=&raquo;2_3,1_3&#8243; _builder_version=&raquo;4.27.3&#8243; _module_preset=&raquo;default&raquo; custom_margin=&raquo;|auto|||false|false&raquo; custom_padding=&raquo;81px|||||&raquo; hover_enabled=&raquo;0&#8243; global_colors_info=&raquo;{}&raquo; module_class=&raquo;bn-head&raquo; sticky_enabled=&raquo;0&#8243;][et_pb_column type=&raquo;2_3&#8243; _builder_version=&raquo;4.22.2&#8243; _module_preset=&raquo;default&raquo; global_colors_info=&raquo;{}&raquo;][et_pb_heading title=&raquo;ATEX-SERTIFISERT KRANER&raquo; _builder_version=&raquo;4.27.3&#8243; _module_preset=&raquo;default&raquo; title_font=&raquo;Poppins|700||on|||||&raquo; title_text_color=&raquo;#FFFFFF&raquo; title_font_size=&raquo;60px&raquo; title_font_size_tablet=&raquo;60px&raquo; title_font_size_phone=&raquo;30px&raquo; title_font_size_last_edited=&raquo;on|phone&raquo; global_colors_info=&raquo;{}&raquo;][\/et_pb_heading][\/et_pb_column][et_pb_column type=&raquo;1_3&#8243; _builder_version=&raquo;4.22.2&#8243; _module_preset=&raquo;default&raquo; global_colors_info=&raquo;{}&raquo;][et_pb_image src=&raquo;https:\/\/liftingfx.girafdev.comwp-content\/uploads\/2025\/06\/atex.png&raquo; title_text=&raquo;atex&raquo; _builder_version=&raquo;4.27.3&#8243; _module_preset=&raquo;default&raquo; global_colors_info=&raquo;{}&raquo;][\/et_pb_image][\/et_pb_column][\/et_pb_row][et_pb_row _builder_version=&raquo;4.22.2&#8243; _module_preset=&raquo;default&raquo; custom_margin=&raquo;|auto|||false|false&raquo; border_width_top=&raquo;1px&raquo; border_color_top=&raquo;#444444&#8243; global_colors_info=&raquo;{}&raquo;][et_pb_column type=&raquo;4_4&#8243; _builder_version=&raquo;4.22.2&#8243; _module_preset=&raquo;default&raquo; global_colors_info=&raquo;{}&raquo;][lwp_divi_breadcrumbs _builder_version=&raquo;4.22.2&#8243; _module_preset=&raquo;default&raquo; module_text_color=&raquo;#e2e2e2&#8243; global_colors_info=&raquo;{}&raquo;][\/lwp_divi_breadcrumbs][\/et_pb_column][\/et_pb_row][\/et_pb_section][et_pb_section fb_built=&raquo;1&#8243; _builder_version=&raquo;4.22.2&#8243; _module_preset=&raquo;default&raquo; custom_padding=&raquo;20px|||||&raquo; top_divider_style=&raquo;waves2&#8243; top_divider_color=&raquo;#E02B20&#8243; top_divider_height=&raquo;33px&raquo; top_divider_flip=&raquo;vertical&raquo; da_disable_devices=&raquo;off|off|off&raquo; global_colors_info=&raquo;{}&raquo; da_is_popup=&raquo;off&raquo; da_exit_intent=&raquo;off&raquo; da_has_close=&raquo;on&raquo; da_alt_close=&raquo;off&raquo; da_dark_close=&raquo;off&raquo; da_not_modal=&raquo;on&raquo; da_is_singular=&raquo;off&raquo; da_with_loader=&raquo;off&raquo; da_has_shadow=&raquo;on&raquo;][et_pb_row _builder_version=&raquo;4.22.2&#8243; _module_preset=&raquo;default&raquo; global_colors_info=&raquo;{}&raquo;][et_pb_column type=&raquo;4_4&#8243; _builder_version=&raquo;4.22.2&#8243; _module_preset=&raquo;default&raquo; global_colors_info=&raquo;{}&raquo;][\/et_pb_column][\/et_pb_row][et_pb_row column_structure=&raquo;1_3,1_3,1_3&#8243; disabled_on=&raquo;off|off|off&raquo; _builder_version=&raquo;4.27.3&#8243; _module_preset=&raquo;default&raquo; global_colors_info=&raquo;{}&raquo;][et_pb_column type=&raquo;1_3&#8243; _builder_version=&raquo;4.27.3&#8243; _dynamic_attributes=&raquo;link_option_url&raquo; _module_preset=&raquo;default&raquo; link_option_url=&raquo;@ET-DC@eyJkeW5hbWljIjp0cnVlLCJjb250ZW50IjoicG9zdF9saW5rX3VybF9wYWdlIiwic2V0dGluZ3MiOnsicG9zdF9pZCI6IjIxMDkyIn19@&raquo; global_colors_info=&raquo;{}&raquo;][et_pb_image src=&raquo;https:\/\/liftingfx.girafdev.comwp-content\/uploads\/2025\/06\/290643-GRU-MANUALE-FLEXLIFT-3G-IIB-T2_095414.jpg&raquo; title_text=&raquo;290643-GRU-MANUALE-FLEXLIFT-3G-IIB-T2_095414&#8243; _builder_version=&raquo;4.27.3&#8243; _module_preset=&raquo;default&raquo; global_colors_info=&raquo;{}&raquo;][\/et_pb_image][\/et_pb_column][et_pb_column type=&raquo;1_3&#8243; _builder_version=&raquo;4.22.2&#8243; _module_preset=&raquo;default&raquo; global_colors_info=&raquo;{}&raquo;][et_pb_image src=&raquo;https:\/\/liftingfx.girafdev.comwp-content\/uploads\/2025\/06\/290643-GRU-MANUALE-FLEXLIFT-3G-IIB-T2_095453.jpg&raquo; title_text=&raquo;290643-GRU-MANUALE-FLEXLIFT-3G-IIB-T2_095453&#8243; _builder_version=&raquo;4.27.3&#8243; _module_preset=&raquo;default&raquo; global_colors_info=&raquo;{}&raquo;][\/et_pb_image][\/et_pb_column][et_pb_column type=&raquo;1_3&#8243; _builder_version=&raquo;4.22.2&#8243; _module_preset=&raquo;default&raquo; global_colors_info=&raquo;{}&raquo;][et_pb_image src=&raquo;https:\/\/liftingfx.girafdev.comwp-content\/uploads\/2025\/06\/img88.jpg&raquo; title_text=&raquo;img88&#8243; _builder_version=&raquo;4.27.3&#8243; _module_preset=&raquo;default&raquo; global_colors_info=&raquo;{}&raquo;][\/et_pb_image][\/et_pb_column][\/et_pb_row][\/et_pb_section][et_pb_section fb_built=&raquo;1&#8243; module_class=&raquo;under_hook&raquo; _builder_version=&raquo;4.25.2&#8243; _module_preset=&raquo;default&raquo; background_enable_color=&raquo;off&raquo; background_image=&raquo;https:\/\/liftingfx.girafdev.comwp-content\/uploads\/2022\/05\/mini-gru-500-kg-motorizzata-Flex-G500SB-con-trazione-elettrica.jpg&raquo; parallax=&raquo;on&raquo; parallax_method=&raquo;off&raquo; da_disable_devices=&raquo;off|off|off&raquo; locked=&raquo;off&raquo; global_colors_info=&raquo;{}&raquo; da_is_popup=&raquo;off&raquo; da_exit_intent=&raquo;off&raquo; da_has_close=&raquo;on&raquo; da_alt_close=&raquo;off&raquo; da_dark_close=&raquo;off&raquo; da_not_modal=&raquo;on&raquo; da_is_singular=&raquo;off&raquo; da_with_loader=&raquo;off&raquo; da_has_shadow=&raquo;on&raquo;][et_pb_row column_structure=&raquo;1_4,3_4&#8243; _builder_version=&raquo;4.25.2&#8243; _module_preset=&raquo;default&raquo; global_colors_info=&raquo;{}&raquo;][et_pb_column type=&raquo;1_4&#8243; _builder_version=&raquo;4.22.2&#8243; _module_preset=&raquo;default&raquo; global_colors_info=&raquo;{}&raquo;][et_pb_icon font_icon=&raquo;&#xf0a4;||fa||400&#8243; icon_color=&raquo;#ffffff&raquo; disabled_on=&raquo;on|on|off&raquo; _builder_version=&raquo;4.27.3&#8243; _module_preset=&raquo;default&raquo; global_colors_info=&raquo;{}&raquo;][\/et_pb_icon][et_pb_icon font_icon=&raquo;&#xf0a7;||fa||400&#8243; icon_color=&raquo;#ffffff&raquo; disabled_on=&raquo;off|off|on&raquo; _builder_version=&raquo;4.27.3&#8243; _module_preset=&raquo;default&raquo; global_colors_info=&raquo;{}&raquo;][\/et_pb_icon][\/et_pb_column][et_pb_column type=&raquo;3_4&#8243; _builder_version=&raquo;4.22.2&#8243; _module_preset=&raquo;default&raquo; global_colors_info=&raquo;{}&raquo;][et_pb_heading title=&raquo;ATEX mobile l\u00f8ftel\u00f8sninger for farlige milj\u00f8er&raquo; admin_label=&raquo;Header&raquo; _builder_version=&raquo;4.27.3&#8243; _module_preset=&raquo;default&raquo; title_level=&raquo;h3&#8243; title_text_align=&raquo;center&raquo; title_text_color=&raquo;#ec1c24&#8243; custom_margin=&raquo;||35px||false|false&raquo; global_colors_info=&raquo;{}&raquo;][\/et_pb_heading][et_pb_heading title=&raquo;Tilgjengelig p\u00e5 foresp\u00f8rsel og med forbehold om gjennomf\u00f8rbarhetssjekk i henhold til ATEX-direktivet&raquo; admin_label=&raquo;Header&raquo; _builder_version=&raquo;4.27.3&#8243; _module_preset=&raquo;default&raquo; title_level=&raquo;h2&#8243; title_text_align=&raquo;center&raquo; title_text_color=&raquo;#ec1c24&#8243; title_line_height=&raquo;1.5em&raquo; custom_margin=&raquo;||35px||false|false&raquo; custom_padding=&raquo;15px||||false|false&raquo; global_colors_info=&raquo;{}&raquo;][\/et_pb_heading][\/et_pb_column][\/et_pb_row][\/et_pb_section][et_pb_section fb_built=&raquo;1&#8243; _builder_version=&raquo;4.27.3&#8243; _module_preset=&raquo;default&raquo; da_disable_devices=&raquo;off|off|off&raquo; global_colors_info=&raquo;{}&raquo; da_is_popup=&raquo;off&raquo; da_exit_intent=&raquo;off&raquo; da_has_close=&raquo;on&raquo; da_alt_close=&raquo;off&raquo; da_dark_close=&raquo;off&raquo; da_not_modal=&raquo;on&raquo; da_is_singular=&raquo;off&raquo; da_with_loader=&raquo;off&raquo; da_has_shadow=&raquo;on&raquo;][et_pb_row _builder_version=&raquo;4.27.3&#8243; _module_preset=&raquo;default&raquo; global_colors_info=&raquo;{}&raquo;][et_pb_column type=&raquo;4_4&#8243; _builder_version=&raquo;4.27.3&#8243; _module_preset=&raquo;default&raquo; global_colors_info=&raquo;{}&raquo;][et_pb_text _builder_version=&raquo;4.27.3&#8243; _module_preset=&raquo;default&raquo; global_colors_info=&raquo;{}&raquo;]<\/p>\n<p><span style=\"font-weight: 400;\">Flex Lifting-kraner kan tilpasses for bruk i farlige milj\u00f8er som kjemiske og petrokjemiske anlegg, olje- og gassutvinningssteder, gruvedrift og omr\u00e5der for tunnelbygging eller vedlikehold. Dette er sektorer der sikkerhet, p\u00e5litelighet og overholdelse av internasjonale standarder er avgj\u00f8rende.<\/span><\/p>\n<p><b>ATEX-sertifisering p\u00e5 foresp\u00f8rsel<\/b><\/p>\n<p><span style=\"font-weight: 400;\">ATEX-sertifiserte versjoner av v\u00e5re kraner er tilgjengelige p\u00e5 foresp\u00f8rsel for bruk i omr\u00e5der klassifisert som eksplosjonsfarlige. Vi leverer modeller som er i <\/span><b>samsvar med ATEX-direktivet 2014\/34\/EU<\/b><span style=\"font-weight: 400;\"> og oppfyller kravene i spesifikke standarder for utstyr som brukes i potensielt eksplosive atmosf\u00e6rer.<\/span><\/p>\n<p><span style=\"font-weight: 400;\">Disse kranene kan konfigureres for drift i:<\/span><\/p>\n<ul>\n<li style=\"font-weight: 400;\" aria-level=\"1\"><b>Sone 1 og Sone 2 (gass):<\/b><span style=\"font-weight: 400;\"> der eksplosive atmosf\u00e6rer for\u00e5rsaket av gasser, damper eller t\u00e5ke kan forekomme.<\/span><\/li>\n<li style=\"font-weight: 400;\" aria-level=\"1\"><b>Sone 21 og Sone 22 (st\u00f8v):<\/b><span style=\"font-weight: 400;\"> der eksplosive atmosf\u00e6rer kan oppst\u00e5 fra brennbart st\u00f8v under normal drift.<\/span><\/li>\n<\/ul>\n<p><span style=\"font-weight: 400;\">Hver ATEX-sertifisert enhet leveres med full dokumentasjon, inkludert:<\/span><\/p>\n<ul>\n<li style=\"font-weight: 400;\" aria-level=\"1\"><span style=\"font-weight: 400;\">Samsvarserkl\u00e6ring<\/span><\/li>\n<li style=\"font-weight: 400;\" aria-level=\"1\"><span style=\"font-weight: 400;\">Dokumentasjon for eksplosjonsvern<\/span><\/li>\n<li style=\"font-weight: 400;\" aria-level=\"1\"><span style=\"font-weight: 400;\">Bruks- og vedlikeholdsmanual med ATEX-spesifikke instruksjoner<\/span><\/li>\n<\/ul>\n<p><b>Tekniske spesifikasjoner<\/b><\/p>\n<p><span style=\"font-weight: 400;\">ATEX-sertifiserte kraner vi leverer, er spesielt designet for \u00e5 sikre trygg drift i milj\u00f8er med eksplosjonsfare. De elektriske systemene er fullstendig forseglet for \u00e5 forhindre inntrengning av gass eller st\u00f8v, og alle viktige komponenter \u2014 som batterier, kontakter, sensorer og styreenheter \u2014 er ATEX-godkjente. For \u00e5 minimere risikoen for antennelse, b\u00e5de fra elektriske og mekaniske kilder, produseres kranene med komponenter og materialer som begrenser overflatetemperaturen og eliminerer gnistfare. isse n\u00f8kkelfaktorene sikrer at kranene kan operere trygt og p\u00e5litelig, selv i strengt regulerte eksplosjonsfarlige soner, samtidig som de opprettholder holdbarhet og funksjonalitet under krevende forhold.<\/span><\/p>\n<p>[\/et_pb_text][\/et_pb_column][\/et_pb_row][\/et_pb_section]<\/p>\n","protected":false},"excerpt":{"rendered":"<p><div class=\"et_pb_module lwp_divi_breadcrumbs lwp_divi_breadcrumbs_0\">\n\t\t\t\t\n\t\t\t\t\n\t\t\t\t\n\t\t\t\t\n\t\t\t\t\n\t\t\t\t\n\t\t\t\t<div class=\"et_pb_module_inner\">\n\t\t\t\t\t<div class=\"lwp-breadcrumbs\"> <span class=\"before\"><\/span> <span vocab=\"https:\/\/schema.org\/\" typeof=\"BreadcrumbList\"><span property=\"itemListElement\" typeof=\"ListItem\"><a property=\"item\" typeof=\"WebPage\" href=\"https:\/\/liftingfx.girafdev.com\/no\/\" class=\"home\"><span property=\"name\">Home<\/span><\/a><meta property=\"position\" content=\"1\"><\/span> <span class=\"separator et-pb-icon\">&amp;#x39;<\/span> <\/span><\/div>\n\t\t\t\t<\/div>\n\t\t\t<\/div>Flex Lifting-kraner kan tilpasses for bruk i farlige milj\u00f8er som kjemiske og petrokjemiske anlegg, olje- og gassutvinningssteder, gruvedrift og omr\u00e5der for tunnelbygging eller vedlikehold. Dette er sektorer der sikkerhet, p\u00e5litelighet og overholdelse av internasjonale standarder er avgj\u00f8rende. ATEX-sertifisering p\u00e5 foresp\u00f8rsel ATEX-sertifiserte versjoner av v\u00e5re kraner er tilgjengelige p\u00e5 foresp\u00f8rsel for bruk [&hellip;]<\/p>\n","protected":false},"author":11,"featured_media":0,"parent":0,"menu_order":0,"comment_status":"closed","ping_status":"closed","template":"","meta":{"_acf_changed":false,"_et_pb_use_builder":"on","_et_pb_old_content":"","_et_gb_content_width":"","footnotes":""},"class_list":["post-318480","page","type-page","status-publish","hentry"],"acf":[],"_links":{"self":[{"href":"https:\/\/liftingfx.girafdev.com\/no\/wp-json\/wp\/v2\/pages\/318480","targetHints":{"allow":["GET"]}}],"collection":[{"href":"https:\/\/liftingfx.girafdev.com\/no\/wp-json\/wp\/v2\/pages"}],"about":[{"href":"https:\/\/liftingfx.girafdev.com\/no\/wp-json\/wp\/v2\/types\/page"}],"author":[{"embeddable":true,"href":"https:\/\/liftingfx.girafdev.com\/no\/wp-json\/wp\/v2\/users\/11"}],"replies":[{"embeddable":true,"href":"https:\/\/liftingfx.girafdev.com\/no\/wp-json\/wp\/v2\/comments?post=318480"}],"version-history":[{"count":4,"href":"https:\/\/liftingfx.girafdev.com\/no\/wp-json\/wp\/v2\/pages\/318480\/revisions"}],"predecessor-version":[{"id":318891,"href":"https:\/\/liftingfx.girafdev.com\/no\/wp-json\/wp\/v2\/pages\/318480\/revisions\/318891"}],"wp:attachment":[{"href":"https:\/\/liftingfx.girafdev.com\/no\/wp-json\/wp\/v2\/media?parent=318480"}],"curies":[{"name":"wp","href":"https:\/\/api.w.org\/{rel}","templated":true}]}}