{"id":318434,"date":"2025-06-19T07:17:21","date_gmt":"2025-06-19T05:17:21","guid":{"rendered":"https:\/\/liftingfx.girafdev.com?page_id=318434"},"modified":"2025-07-26T06:15:52","modified_gmt":"2025-07-26T04:15:52","slug":"ul-sertifiserte-kraner","status":"publish","type":"page","link":"https:\/\/liftingfx.girafdev.com\/no\/ul-sertifiserte-kraner\/","title":{"rendered":"UL-SERTIFISERTE KRANER"},"content":{"rendered":"<p>[et_pb_section fb_built=&raquo;1&#8243; _builder_version=&raquo;4.25.2&#8243; _module_preset=&raquo;default&raquo; background_color=&raquo;#000000&#8243; background_image=&raquo;https:\/\/liftingfx.girafdev.comwp-content\/uploads\/2024\/07\/pattren-123-20356-222025.png&raquo; background_size=&raquo;contain&raquo; background_position=&raquo;center_left&raquo; background_horizontal_offset=&raquo;100%&raquo; custom_margin=&raquo;|||0px|false|false&raquo; custom_padding=&raquo;8%|||0px|false|false&raquo; background_last_edited=&raquo;on|tablet&raquo; background_size_tablet=&raquo;cover&raquo; background_size_phone=&raquo;cover&raquo; da_disable_devices=&raquo;off|off|off&raquo; locked=&raquo;off&raquo; global_colors_info=&raquo;{}&raquo; da_is_popup=&raquo;off&raquo; da_exit_intent=&raquo;off&raquo; da_has_close=&raquo;on&raquo; da_alt_close=&raquo;off&raquo; da_dark_close=&raquo;off&raquo; da_not_modal=&raquo;on&raquo; da_is_singular=&raquo;off&raquo; da_with_loader=&raquo;off&raquo; da_has_shadow=&raquo;on&raquo;][et_pb_row column_structure=&raquo;2_3,1_3&#8243; _builder_version=&raquo;4.27.3&#8243; _module_preset=&raquo;default&raquo; custom_margin=&raquo;|auto|||false|false&raquo; custom_padding=&raquo;81px|||||&raquo; hover_enabled=&raquo;0&#8243; global_colors_info=&raquo;{}&raquo; module_class=&raquo;bn-head&raquo; sticky_enabled=&raquo;0&#8243;][et_pb_column type=&raquo;2_3&#8243; _builder_version=&raquo;4.22.2&#8243; _module_preset=&raquo;default&raquo; global_colors_info=&raquo;{}&raquo;][et_pb_heading title=&raquo;UL-sertifiserte kraner&raquo; _builder_version=&raquo;4.27.3&#8243; _module_preset=&raquo;default&raquo; title_font=&raquo;Poppins|700||on|||||&raquo; title_text_color=&raquo;#FFFFFF&raquo; title_font_size=&raquo;60px&raquo; title_font_size_tablet=&raquo;60px&raquo; title_font_size_phone=&raquo;30px&raquo; title_font_size_last_edited=&raquo;on|phone&raquo; global_colors_info=&raquo;{}&raquo;][\/et_pb_heading][\/et_pb_column][et_pb_column type=&raquo;1_3&#8243; _builder_version=&raquo;4.22.2&#8243; _module_preset=&raquo;default&raquo; global_colors_info=&raquo;{}&raquo;][et_pb_image src=&raquo;https:\/\/liftingfx.girafdev.comwp-content\/uploads\/2025\/06\/ulimg.png&raquo; title_text=&raquo;ulimg&raquo; _builder_version=&raquo;4.27.3&#8243; _module_preset=&raquo;default&raquo; hover_enabled=&raquo;0&#8243; global_colors_info=&raquo;{}&raquo; width=&raquo;40%&raquo; sticky_enabled=&raquo;0&#8243;][\/et_pb_image][\/et_pb_column][\/et_pb_row][et_pb_row _builder_version=&raquo;4.22.2&#8243; _module_preset=&raquo;default&raquo; custom_margin=&raquo;|auto|||false|false&raquo; border_width_top=&raquo;1px&raquo; border_color_top=&raquo;#444444&#8243; global_colors_info=&raquo;{}&raquo;][et_pb_column type=&raquo;4_4&#8243; _builder_version=&raquo;4.22.2&#8243; _module_preset=&raquo;default&raquo; global_colors_info=&raquo;{}&raquo;][lwp_divi_breadcrumbs _builder_version=&raquo;4.22.2&#8243; _module_preset=&raquo;default&raquo; module_text_color=&raquo;#e2e2e2&#8243; global_colors_info=&raquo;{}&raquo;][\/lwp_divi_breadcrumbs][\/et_pb_column][\/et_pb_row][\/et_pb_section][et_pb_section fb_built=&raquo;1&#8243; _builder_version=&raquo;4.22.2&#8243; _module_preset=&raquo;default&raquo; custom_padding=&raquo;20px|||||&raquo; top_divider_style=&raquo;waves2&#8243; top_divider_color=&raquo;#E02B20&#8243; top_divider_height=&raquo;33px&raquo; top_divider_flip=&raquo;vertical&raquo; da_disable_devices=&raquo;off|off|off&raquo; global_colors_info=&raquo;{}&raquo; da_is_popup=&raquo;off&raquo; da_exit_intent=&raquo;off&raquo; da_has_close=&raquo;on&raquo; da_alt_close=&raquo;off&raquo; da_dark_close=&raquo;off&raquo; da_not_modal=&raquo;on&raquo; da_is_singular=&raquo;off&raquo; da_with_loader=&raquo;off&raquo; da_has_shadow=&raquo;on&raquo;][et_pb_row _builder_version=&raquo;4.22.2&#8243; _module_preset=&raquo;default&raquo; global_colors_info=&raquo;{}&raquo;][et_pb_column type=&raquo;4_4&#8243; _builder_version=&raquo;4.22.2&#8243; _module_preset=&raquo;default&raquo; global_colors_info=&raquo;{}&raquo;][\/et_pb_column][\/et_pb_row][et_pb_row disabled_on=&raquo;off|off|off&raquo; _builder_version=&raquo;4.27.3&#8243; _module_preset=&raquo;default&raquo; global_colors_info=&raquo;{}&raquo;][et_pb_column type=&raquo;4_4&#8243; _builder_version=&raquo;4.27.3&#8243; _dynamic_attributes=&raquo;link_option_url&raquo; _module_preset=&raquo;default&raquo; link_option_url=&raquo;@ET-DC@eyJkeW5hbWljIjp0cnVlLCJjb250ZW50IjoicG9zdF9saW5rX3VybF9wYWdlIiwic2V0dGluZ3MiOnsicG9zdF9pZCI6IjIxMDkyIn19@&raquo; global_colors_info=&raquo;{}&raquo;][et_pb_image src=&raquo;https:\/\/liftingfx.girafdev.comwp-content\/uploads\/2025\/06\/img55.jpg&raquo; title_text=&raquo;img55&#8243; _builder_version=&raquo;4.27.3&#8243; _module_preset=&raquo;default&raquo; global_colors_info=&raquo;{}&raquo;][\/et_pb_image][\/et_pb_column][\/et_pb_row][\/et_pb_section][et_pb_section fb_built=&raquo;1&#8243; module_class=&raquo;under_hook&raquo; _builder_version=&raquo;4.25.2&#8243; _module_preset=&raquo;default&raquo; background_enable_color=&raquo;off&raquo; background_image=&raquo;https:\/\/liftingfx.girafdev.comwp-content\/uploads\/2022\/05\/mini-gru-500-kg-motorizzata-Flex-G500SB-con-trazione-elettrica.jpg&raquo; parallax=&raquo;on&raquo; parallax_method=&raquo;off&raquo; da_disable_devices=&raquo;off|off|off&raquo; locked=&raquo;off&raquo; global_colors_info=&raquo;{}&raquo; da_is_popup=&raquo;off&raquo; da_exit_intent=&raquo;off&raquo; da_has_close=&raquo;on&raquo; da_alt_close=&raquo;off&raquo; da_dark_close=&raquo;off&raquo; da_not_modal=&raquo;on&raquo; da_is_singular=&raquo;off&raquo; da_with_loader=&raquo;off&raquo; da_has_shadow=&raquo;on&raquo;][et_pb_row column_structure=&raquo;1_4,3_4&#8243; _builder_version=&raquo;4.25.2&#8243; _module_preset=&raquo;default&raquo; global_colors_info=&raquo;{}&raquo;][et_pb_column type=&raquo;1_4&#8243; _builder_version=&raquo;4.22.2&#8243; _module_preset=&raquo;default&raquo; global_colors_info=&raquo;{}&raquo;][et_pb_icon font_icon=&raquo;&#xf0a4;||fa||400&#8243; icon_color=&raquo;#ffffff&raquo; disabled_on=&raquo;on|on|off&raquo; _builder_version=&raquo;4.27.3&#8243; _module_preset=&raquo;default&raquo; global_colors_info=&raquo;{}&raquo;][\/et_pb_icon][et_pb_icon font_icon=&raquo;&#xf0a7;||fa||400&#8243; icon_color=&raquo;#ffffff&raquo; disabled_on=&raquo;off|off|on&raquo; _builder_version=&raquo;4.27.3&#8243; _module_preset=&raquo;default&raquo; global_colors_info=&raquo;{}&raquo;][\/et_pb_icon][\/et_pb_column][et_pb_column type=&raquo;3_4&#8243; _builder_version=&raquo;4.22.2&#8243; _module_preset=&raquo;default&raquo; global_colors_info=&raquo;{}&raquo;][et_pb_heading title=&raquo;UL-klassifiserte mobile kraner for det nordamerikanske markedet&raquo; admin_label=&raquo;Header&raquo; _builder_version=&raquo;4.27.3&#8243; _module_preset=&raquo;default&raquo; title_level=&raquo;h3&#8243; title_text_align=&raquo;center&raquo; title_text_color=&raquo;#ec1c24&#8243; custom_margin=&raquo;||35px||false|false&raquo; global_colors_info=&raquo;{}&raquo;][\/et_pb_heading][et_pb_heading title=&raquo;UL-SERTIFISERING ER TILGJENGELIG FOR NESTEN ALLE V\u00c5RE MODELLER MED RASKE LEVERINGSTIDER&raquo; admin_label=&raquo;Header&raquo; _builder_version=&raquo;4.27.3&#8243; _module_preset=&raquo;default&raquo; title_level=&raquo;h2&#8243; title_text_align=&raquo;center&raquo; title_text_color=&raquo;#ec1c24&#8243; title_line_height=&raquo;1.5em&raquo; custom_margin=&raquo;||35px||false|false&raquo; custom_padding=&raquo;15px||||false|false&raquo; global_colors_info=&raquo;{}&raquo;][\/et_pb_heading][\/et_pb_column][\/et_pb_row][\/et_pb_section][et_pb_section fb_built=&raquo;1&#8243; _builder_version=&raquo;4.27.3&#8243; _module_preset=&raquo;default&raquo; da_disable_devices=&raquo;off|off|off&raquo; global_colors_info=&raquo;{}&raquo; da_is_popup=&raquo;off&raquo; da_exit_intent=&raquo;off&raquo; da_has_close=&raquo;on&raquo; da_alt_close=&raquo;off&raquo; da_dark_close=&raquo;off&raquo; da_not_modal=&raquo;on&raquo; da_is_singular=&raquo;off&raquo; da_with_loader=&raquo;off&raquo; da_has_shadow=&raquo;on&raquo;][et_pb_row _builder_version=&raquo;4.27.3&#8243; _module_preset=&raquo;default&raquo; global_colors_info=&raquo;{}&raquo;][et_pb_column type=&raquo;4_4&#8243; _builder_version=&raquo;4.27.3&#8243; _module_preset=&raquo;default&raquo; global_colors_info=&raquo;{}&raquo;][et_pb_text _builder_version=&raquo;4.27.3&#8243; _module_preset=&raquo;default&raquo; global_colors_info=&raquo;{}&raquo;]<\/p>\n<p><span style=\"font-weight: 400;\">UL-sertifisering er et globalt anerkjent merke for sikkerhet og kvalitet, utstedt av en uavhengig organisasjon basert i USA. N\u00e5r et produkt er <\/span><b>UL-sertifisert<\/b><span style=\"font-weight: 400;\">, betyr det at hele systemet har gjennomg\u00e5tt grundige tester og oppfyller spesifikke sikkerhets- og ytelsesstandarder som kreves for bruk p\u00e5 det nordamerikanske markedet.<\/span><\/p>\n<p><span style=\"font-weight: 400;\">Denne sertifiseringen er spesielt viktig for elektrisk og industrielt utstyr, da den sikrer at produktene overholder amerikanske forskrifter knyttet til brannfare, elektrisk st\u00f8t, mekaniske risikoer og den generelle systemintegriteten. Innen kranindustrien inneb\u00e6rer dette vurdering av komponenter som elektriske paneler, motorer, kontrollsystemer og sikkerhetsinnretninger \u2014 evaluert som en integrert helhet.<\/span><\/p>\n<p><span style=\"font-weight: 400;\">Selv om UL-sertifisering ikke er obligatorisk utenfor USA, er det et sentralt krav for salg og installasjon av utstyr i USA og Canada. Utover regelverksetterlevelse representerer det ogs\u00e5 et sterkt tegn p\u00e5 teknisk p\u00e5litelighet, produksjonskvalitet og forpliktelse til sikkerhet \u2014 egenskaper som verdsettes h\u00f8yt av kunder, integratorer og sikkerhetsinspekt\u00f8rer.<\/span><\/p>\n<p><b>Nesten alle v\u00e5re kraner utstyrt med elektriske systemer kan UL-sertifiseres<\/b><span style=\"font-weight: 400;\">, noe som sikrer at de oppfyller alle gjeldende sikkerhetsstandarder og kan integreres s\u00f8ml\u00f8st i installasjoner som krever full overholdelse av nordamerikanske forskrifter.<\/span><\/p>\n<p><span style=\"font-weight: 400;\">V\u00e5rt fokus p\u00e5 UL-sertifiserte l\u00f8sninger reflekterer v\u00e5rt engasjement for \u00e5 tilby trygt, p\u00e5litelig og globalt anerkjent utstyr som st\u00f8tter de mest krevende driftsmilj\u00f8ene.<\/span><\/p>\n<p>[\/et_pb_text][\/et_pb_column][\/et_pb_row][\/et_pb_section]<\/p>\n","protected":false},"excerpt":{"rendered":"<p><div class=\"et_pb_module lwp_divi_breadcrumbs lwp_divi_breadcrumbs_0\">\n\t\t\t\t\n\t\t\t\t\n\t\t\t\t\n\t\t\t\t\n\t\t\t\t\n\t\t\t\t\n\t\t\t\t<div class=\"et_pb_module_inner\">\n\t\t\t\t\t<div class=\"lwp-breadcrumbs\"> <span class=\"before\"><\/span> <span vocab=\"https:\/\/schema.org\/\" typeof=\"BreadcrumbList\"><span property=\"itemListElement\" typeof=\"ListItem\"><a property=\"item\" typeof=\"WebPage\" href=\"https:\/\/liftingfx.girafdev.com\/no\/\" class=\"home\"><span property=\"name\">Home<\/span><\/a><meta property=\"position\" content=\"1\"><\/span> <span class=\"separator et-pb-icon\">&amp;#x39;<\/span> <\/span><\/div>\n\t\t\t\t<\/div>\n\t\t\t<\/div>UL-sertifisering er et globalt anerkjent merke for sikkerhet og kvalitet, utstedt av en uavhengig organisasjon basert i USA. N\u00e5r et produkt er UL-sertifisert, betyr det at hele systemet har gjennomg\u00e5tt grundige tester og oppfyller spesifikke sikkerhets- og ytelsesstandarder som kreves for bruk p\u00e5 det nordamerikanske markedet. Denne sertifiseringen er spesielt viktig [&hellip;]<\/p>\n","protected":false},"author":11,"featured_media":0,"parent":0,"menu_order":0,"comment_status":"closed","ping_status":"closed","template":"","meta":{"_acf_changed":false,"_et_pb_use_builder":"on","_et_pb_old_content":"","_et_gb_content_width":"","footnotes":""},"class_list":["post-318434","page","type-page","status-publish","hentry"],"acf":[],"_links":{"self":[{"href":"https:\/\/liftingfx.girafdev.com\/no\/wp-json\/wp\/v2\/pages\/318434","targetHints":{"allow":["GET"]}}],"collection":[{"href":"https:\/\/liftingfx.girafdev.com\/no\/wp-json\/wp\/v2\/pages"}],"about":[{"href":"https:\/\/liftingfx.girafdev.com\/no\/wp-json\/wp\/v2\/types\/page"}],"author":[{"embeddable":true,"href":"https:\/\/liftingfx.girafdev.com\/no\/wp-json\/wp\/v2\/users\/11"}],"replies":[{"embeddable":true,"href":"https:\/\/liftingfx.girafdev.com\/no\/wp-json\/wp\/v2\/comments?post=318434"}],"version-history":[{"count":4,"href":"https:\/\/liftingfx.girafdev.com\/no\/wp-json\/wp\/v2\/pages\/318434\/revisions"}],"predecessor-version":[{"id":320258,"href":"https:\/\/liftingfx.girafdev.com\/no\/wp-json\/wp\/v2\/pages\/318434\/revisions\/320258"}],"wp:attachment":[{"href":"https:\/\/liftingfx.girafdev.com\/no\/wp-json\/wp\/v2\/media?parent=318434"}],"curies":[{"name":"wp","href":"https:\/\/api.w.org\/{rel}","templated":true}]}}