{"id":292558,"date":"2022-03-31T16:26:50","date_gmt":"2022-03-31T14:26:50","guid":{"rendered":"https:\/\/flexlifting.girafdev.com\/?page_id=292558"},"modified":"2025-01-29T09:09:51","modified_gmt":"2025-01-29T08:09:51","slug":"kran-for-dekkproduksjonsbedrifter","status":"publish","type":"page","link":"https:\/\/liftingfx.girafdev.com\/no\/sektorer\/kran-for-dekkproduksjonsbedrifter\/","title":{"rendered":"KRAN FOR DEKKPRODUKSJONSBEDRIFTER"},"content":{"rendered":"<h2>En helelektrisk kran med integrert st\u00f8tte for plukk av st\u00f8peformer.<\/h2>\n<p>&nbsp;<\/p>\n<p>Flex Lifting er offisiell leverand\u00f8r til de st\u00f8rste multinasjonale selskapene som produserer dekk til biler og nyttekj\u00f8ret\u00f8y. ORBIT P8-modellen er en helelektrisk kran med et fotavtrykk foran p\u00e5 bare 780 mm, noe som gj\u00f8r det mulig \u00e5 flytte den langs gangene i avdelingene der dekkproduksjonsprosessen foreg\u00e5r. Takket v\u00e6re l\u00f8ftearmens 90\u00b0-rotasjon og det doble elektriske utskyvningsr\u00f8ret kan den plukke opp formene som er plassert p\u00e5 smale hyller, plassere dem p\u00e5 en integrert roterende st\u00f8tte og transportere dem til monteringslinjene eller til vedlikeholdsavdelingen. Motvektskranen Orbit P8 kan h\u00e5ndtere st\u00f8peformer fra 100 til 200 kg, og den elektriske l\u00f8ftearmen har et maksimalt overheng p\u00e5 2 meter.<\/p>\n<p>&nbsp;<\/p>\n<div class=\"mgl-root\" data-gallery-options=\"{&quot;image_ids&quot;:[&quot;301811&quot;,&quot;301833&quot;,&quot;301801&quot;,&quot;301823&quot;],&quot;id&quot;:&quot;69f8c479b96f2&quot;,&quot;size&quot;:&quot;large&quot;,&quot;infinite&quot;:false,&quot;custom_class&quot;:null,&quot;link&quot;:&quot;file&quot;,&quot;is_preview&quot;:false,&quot;updir&quot;:&quot;https:\\\/\\\/liftingfx.girafdev.com\\\/wp-content\\\/uploads\\\/&quot;,&quot;captions&quot;:&quot;none&quot;,&quot;animation&quot;:false,&quot;layout&quot;:&quot;square&quot;,&quot;justified_row_height&quot;:200,&quot;justified_gutter&quot;:5,&quot;masonry_gutter&quot;:5,&quot;masonry_columns&quot;:3,&quot;square_gutter&quot;:5,&quot;square_columns&quot;:&quot;4&quot;,&quot;cascade_gutter&quot;:5,&quot;class_id&quot;:&quot;mgl-gallery-69f8c479b96f2&quot;,&quot;layouts&quot;:[],&quot;tiles_gutter&quot;:5,&quot;tiles_gutter_tablet&quot;:5,&quot;tiles_gutter_mobile&quot;:5,&quot;tiles_density&quot;:&quot;high&quot;,&quot;tiles_density_tablet&quot;:&quot;medium&quot;,&quot;tiles_density_mobile&quot;:&quot;low&quot;,&quot;horizontal_gutter&quot;:5,&quot;horizontal_image_height&quot;:500,&quot;horizontal_hide_scrollbar&quot;:false,&quot;carousel_gutter&quot;:5,&quot;carousel_arrow_nav_enabled&quot;:true,&quot;carousel_dot_nav_enabled&quot;:true,&quot;carousel_image_height&quot;:500,&quot;map_gutter&quot;:10,&quot;map_height&quot;:400}\" data-gallery-images=\"[{&quot;caption&quot;:&quot;&quot;,&quot;meta&quot;:{&quot;width&quot;:1511,&quot;height&quot;:1009,&quot;file&quot;:&quot;2024\\\/12\\\/IMG-20240718-WA0000.jpg&quot;,&quot;filesize&quot;:142628,&quot;sizes&quot;:{&quot;medium&quot;:{&quot;file&quot;:&quot;IMG-20240718-WA0000-300x200.jpg&quot;,&quot;width&quot;:300,&quot;height&quot;:200,&quot;mime-type&quot;:&quot;image\\\/jpeg&quot;,&quot;filesize&quot;:9963},&quot;large&quot;:{&quot;file&quot;:&quot;IMG-20240718-WA0000-1024x684.jpg&quot;,&quot;width&quot;:1024,&quot;height&quot;:684,&quot;mime-type&quot;:&quot;image\\\/jpeg&quot;,&quot;filesize&quot;:63704},&quot;thumbnail&quot;:{&quot;file&quot;:&quot;IMG-20240718-WA0000-150x150.jpg&quot;,&quot;width&quot;:150,&quot;height&quot;:150,&quot;mime-type&quot;:&quot;image\\\/jpeg&quot;,&quot;filesize&quot;:6157},&quot;medium_large&quot;:{&quot;file&quot;:&quot;IMG-20240718-WA0000-768x513.jpg&quot;,&quot;width&quot;:768,&quot;height&quot;:513,&quot;mime-type&quot;:&quot;image\\\/jpeg&quot;,&quot;filesize&quot;:41147},&quot;et-pb-post-main-image&quot;:{&quot;file&quot;:&quot;IMG-20240718-WA0000-400x250.jpg&quot;,&quot;width&quot;:400,&quot;height&quot;:250,&quot;mime-type&quot;:&quot;image\\\/jpeg&quot;,&quot;filesize&quot;:15016},&quot;et-pb-post-main-image-fullwidth&quot;:{&quot;file&quot;:&quot;IMG-20240718-WA0000-1080x675.jpg&quot;,&quot;width&quot;:1080,&quot;height&quot;:675,&quot;mime-type&quot;:&quot;image\\\/jpeg&quot;,&quot;filesize&quot;:68512},&quot;et-pb-portfolio-image&quot;:{&quot;file&quot;:&quot;IMG-20240718-WA0000-400x284.jpg&quot;,&quot;width&quot;:400,&quot;height&quot;:284,&quot;mime-type&quot;:&quot;image\\\/jpeg&quot;,&quot;filesize&quot;:16515},&quot;et-pb-portfolio-module-image&quot;:{&quot;file&quot;:&quot;IMG-20240718-WA0000-510x382.jpg&quot;,&quot;width&quot;:510,&quot;height&quot;:382,&quot;mime-type&quot;:&quot;image\\\/jpeg&quot;,&quot;filesize&quot;:25949},&quot;et-pb-portfolio-image-single&quot;:{&quot;file&quot;:&quot;IMG-20240718-WA0000-1080x721.jpg&quot;,&quot;width&quot;:1080,&quot;height&quot;:721,&quot;mime-type&quot;:&quot;image\\\/jpeg&quot;,&quot;filesize&quot;:69315},&quot;et-pb-gallery-module-image-portrait&quot;:{&quot;file&quot;:&quot;IMG-20240718-WA0000-400x516.jpg&quot;,&quot;width&quot;:400,&quot;height&quot;:516,&quot;mime-type&quot;:&quot;image\\\/jpeg&quot;,&quot;filesize&quot;:32887},&quot;et-pb-image--responsive--desktop&quot;:{&quot;file&quot;:&quot;IMG-20240718-WA0000-1280x855.jpg&quot;,&quot;width&quot;:1280,&quot;height&quot;:855,&quot;mime-type&quot;:&quot;image\\\/jpeg&quot;,&quot;filesize&quot;:90266},&quot;et-pb-image--responsive--tablet&quot;:{&quot;file&quot;:&quot;IMG-20240718-WA0000-980x654.jpg&quot;,&quot;width&quot;:980,&quot;height&quot;:654,&quot;mime-type&quot;:&quot;image\\\/jpeg&quot;,&quot;filesize&quot;:59541},&quot;et-pb-image--responsive--phone&quot;:{&quot;file&quot;:&quot;IMG-20240718-WA0000-480x321.jpg&quot;,&quot;width&quot;:480,&quot;height&quot;:321,&quot;mime-type&quot;:&quot;image\\\/jpeg&quot;,&quot;filesize&quot;:19782},&quot;woocommerce_thumbnail&quot;:{&quot;file&quot;:&quot;IMG-20240718-WA0000-300x300.jpg&quot;,&quot;width&quot;:300,&quot;height&quot;:300,&quot;mime-type&quot;:&quot;image\\\/jpeg&quot;,&quot;filesize&quot;:16644},&quot;woocommerce_single&quot;:{&quot;file&quot;:&quot;IMG-20240718-WA0000-1000x668.jpg&quot;,&quot;width&quot;:1000,&quot;height&quot;:668,&quot;mime-type&quot;:&quot;image\\\/jpeg&quot;,&quot;filesize&quot;:61497},&quot;woocommerce_gallery_thumbnail&quot;:{&quot;file&quot;:&quot;IMG-20240718-WA0000-300x300.jpg&quot;,&quot;width&quot;:300,&quot;height&quot;:300,&quot;mime-type&quot;:&quot;image\\\/jpeg&quot;,&quot;filesize&quot;:16644},&quot;cmplz_banner_image&quot;:{&quot;file&quot;:&quot;IMG-20240718-WA0000-350x100.jpg&quot;,&quot;width&quot;:350,&quot;height&quot;:100,&quot;mime-type&quot;:&quot;image\\\/jpeg&quot;,&quot;filesize&quot;:7446}},&quot;image_meta&quot;:{&quot;aperture&quot;:&quot;0&quot;,&quot;credit&quot;:&quot;&quot;,&quot;camera&quot;:&quot;&quot;,&quot;caption&quot;:&quot;&quot;,&quot;created_timestamp&quot;:&quot;0&quot;,&quot;copyright&quot;:&quot;&quot;,&quot;focal_length&quot;:&quot;0&quot;,&quot;iso&quot;:&quot;0&quot;,&quot;shutter_speed&quot;:&quot;0&quot;,&quot;title&quot;:&quot;&quot;,&quot;orientation&quot;:&quot;0&quot;,&quot;keywords&quot;:[]}},&quot;id&quot;:&quot;301811&quot;,&quot;img_html&quot;:&quot;&lt;img width=\\&quot;1024\\&quot; height=\\&quot;684\\&quot; src=\\&quot;https:\\\/\\\/liftingfx.girafdev.com\\\/wp-content\\\/uploads\\\/2024\\\/12\\\/IMG-20240718-WA0000-1024x684.jpg\\&quot; class=\\&quot;wp-image-301811 wp-image-301811\\&quot; alt=\\&quot;\\&quot; draggable=\\&quot;\\&quot; srcset=\\&quot;https:\\\/\\\/liftingfx.girafdev.com\\\/wp-content\\\/uploads\\\/2024\\\/12\\\/IMG-20240718-WA0000-980x654.jpg 980w, https:\\\/\\\/liftingfx.girafdev.com\\\/wp-content\\\/uploads\\\/2024\\\/12\\\/IMG-20240718-WA0000-480x321.jpg 480w\\&quot; sizes=\\&quot;33vw\\&quot; \\\/&gt;&quot;,&quot;link_href&quot;:&quot;https:\\\/\\\/liftingfx.girafdev.com\\\/wp-content\\\/uploads\\\/2024\\\/12\\\/IMG-20240718-WA0000.jpg&quot;,&quot;link_target&quot;:&quot;_self&quot;,&quot;link_rel&quot;:null,&quot;attributes&quot;:[]},{&quot;caption&quot;:&quot;&quot;,&quot;meta&quot;:{&quot;width&quot;:523,&quot;height&quot;:389,&quot;file&quot;:&quot;2024\\\/12\\\/Immagine-2024-12-09-182240.jpg&quot;,&quot;filesize&quot;:51712,&quot;sizes&quot;:{&quot;medium&quot;:{&quot;file&quot;:&quot;Immagine-2024-12-09-182240-300x223.jpg&quot;,&quot;width&quot;:300,&quot;height&quot;:223,&quot;mime-type&quot;:&quot;image\\\/jpeg&quot;,&quot;filesize&quot;:15947},&quot;thumbnail&quot;:{&quot;file&quot;:&quot;Immagine-2024-12-09-182240-150x150.jpg&quot;,&quot;width&quot;:150,&quot;height&quot;:150,&quot;mime-type&quot;:&quot;image\\\/jpeg&quot;,&quot;filesize&quot;:6994},&quot;et-pb-post-main-image&quot;:{&quot;file&quot;:&quot;Immagine-2024-12-09-182240-400x250.jpg&quot;,&quot;width&quot;:400,&quot;height&quot;:250,&quot;mime-type&quot;:&quot;image\\\/jpeg&quot;,&quot;filesize&quot;:20218},&quot;et-pb-portfolio-image&quot;:{&quot;file&quot;:&quot;Immagine-2024-12-09-182240-400x284.jpg&quot;,&quot;width&quot;:400,&quot;height&quot;:284,&quot;mime-type&quot;:&quot;image\\\/jpeg&quot;,&quot;filesize&quot;:22919},&quot;et-pb-portfolio-module-image&quot;:{&quot;file&quot;:&quot;Immagine-2024-12-09-182240-510x382.jpg&quot;,&quot;width&quot;:510,&quot;height&quot;:382,&quot;mime-type&quot;:&quot;image\\\/jpeg&quot;,&quot;filesize&quot;:34273},&quot;et-pb-gallery-module-image-portrait&quot;:{&quot;file&quot;:&quot;Immagine-2024-12-09-182240-400x389.jpg&quot;,&quot;width&quot;:400,&quot;height&quot;:389,&quot;mime-type&quot;:&quot;image\\\/jpeg&quot;,&quot;filesize&quot;:31136},&quot;et-pb-image--responsive--phone&quot;:{&quot;file&quot;:&quot;Immagine-2024-12-09-182240-480x357.jpg&quot;,&quot;width&quot;:480,&quot;height&quot;:357,&quot;mime-type&quot;:&quot;image\\\/jpeg&quot;,&quot;filesize&quot;:31497},&quot;woocommerce_thumbnail&quot;:{&quot;file&quot;:&quot;Immagine-2024-12-09-182240-300x300.jpg&quot;,&quot;width&quot;:300,&quot;height&quot;:300,&quot;mime-type&quot;:&quot;image\\\/jpeg&quot;,&quot;filesize&quot;:18762},&quot;woocommerce_gallery_thumbnail&quot;:{&quot;file&quot;:&quot;Immagine-2024-12-09-182240-300x300.jpg&quot;,&quot;width&quot;:300,&quot;height&quot;:300,&quot;mime-type&quot;:&quot;image\\\/jpeg&quot;,&quot;filesize&quot;:18762},&quot;cmplz_banner_image&quot;:{&quot;file&quot;:&quot;Immagine-2024-12-09-182240-350x100.jpg&quot;,&quot;width&quot;:350,&quot;height&quot;:100,&quot;mime-type&quot;:&quot;image\\\/jpeg&quot;,&quot;filesize&quot;:8966}},&quot;image_meta&quot;:{&quot;aperture&quot;:&quot;0&quot;,&quot;credit&quot;:&quot;&quot;,&quot;camera&quot;:&quot;&quot;,&quot;caption&quot;:&quot;&quot;,&quot;created_timestamp&quot;:&quot;0&quot;,&quot;copyright&quot;:&quot;&quot;,&quot;focal_length&quot;:&quot;0&quot;,&quot;iso&quot;:&quot;0&quot;,&quot;shutter_speed&quot;:&quot;0&quot;,&quot;title&quot;:&quot;&quot;,&quot;orientation&quot;:&quot;0&quot;,&quot;keywords&quot;:[]}},&quot;id&quot;:&quot;301833&quot;,&quot;img_html&quot;:&quot;&lt;img width=\\&quot;523\\&quot; height=\\&quot;389\\&quot; src=\\&quot;https:\\\/\\\/liftingfx.girafdev.com\\\/wp-content\\\/uploads\\\/2024\\\/12\\\/Immagine-2024-12-09-182240.jpg\\&quot; class=\\&quot;wp-image-301833 wp-image-301833\\&quot; alt=\\&quot;\\&quot; draggable=\\&quot;\\&quot; srcset=\\&quot;https:\\\/\\\/liftingfx.girafdev.com\\\/wp-content\\\/uploads\\\/2024\\\/12\\\/Immagine-2024-12-09-182240.jpg 523w, https:\\\/\\\/liftingfx.girafdev.com\\\/wp-content\\\/uploads\\\/2024\\\/12\\\/Immagine-2024-12-09-182240-480x357.jpg 480w\\&quot; sizes=\\&quot;33vw\\&quot; \\\/&gt;&quot;,&quot;link_href&quot;:&quot;https:\\\/\\\/liftingfx.girafdev.com\\\/wp-content\\\/uploads\\\/2024\\\/12\\\/Immagine-2024-12-09-182240.jpg&quot;,&quot;link_target&quot;:&quot;_self&quot;,&quot;link_rel&quot;:null,&quot;attributes&quot;:[]},{&quot;caption&quot;:&quot;&quot;,&quot;meta&quot;:{&quot;width&quot;:1600,&quot;height&quot;:1200,&quot;file&quot;:&quot;2024\\\/12\\\/IMG-20240729-WA0000.jpg&quot;,&quot;filesize&quot;:217957,&quot;sizes&quot;:{&quot;medium&quot;:{&quot;file&quot;:&quot;IMG-20240729-WA0000-300x225.jpg&quot;,&quot;width&quot;:300,&quot;height&quot;:225,&quot;mime-type&quot;:&quot;image\\\/jpeg&quot;,&quot;filesize&quot;:16843},&quot;large&quot;:{&quot;file&quot;:&quot;IMG-20240729-WA0000-1024x768.jpg&quot;,&quot;width&quot;:1024,&quot;height&quot;:768,&quot;mime-type&quot;:&quot;image\\\/jpeg&quot;,&quot;filesize&quot;:124026},&quot;thumbnail&quot;:{&quot;file&quot;:&quot;IMG-20240729-WA0000-150x150.jpg&quot;,&quot;width&quot;:150,&quot;height&quot;:150,&quot;mime-type&quot;:&quot;image\\\/jpeg&quot;,&quot;filesize&quot;:6808},&quot;medium_large&quot;:{&quot;file&quot;:&quot;IMG-20240729-WA0000-768x576.jpg&quot;,&quot;width&quot;:768,&quot;height&quot;:576,&quot;mime-type&quot;:&quot;image\\\/jpeg&quot;,&quot;filesize&quot;:77213},&quot;1536x1536&quot;:{&quot;file&quot;:&quot;IMG-20240729-WA0000-1536x1152.jpg&quot;,&quot;width&quot;:1536,&quot;height&quot;:1152,&quot;mime-type&quot;:&quot;image\\\/jpeg&quot;,&quot;filesize&quot;:236427},&quot;et-pb-post-main-image&quot;:{&quot;file&quot;:&quot;IMG-20240729-WA0000-400x250.jpg&quot;,&quot;width&quot;:400,&quot;height&quot;:250,&quot;mime-type&quot;:&quot;image\\\/jpeg&quot;,&quot;filesize&quot;:23100},&quot;et-pb-post-main-image-fullwidth&quot;:{&quot;file&quot;:&quot;IMG-20240729-WA0000-1080x675.jpg&quot;,&quot;width&quot;:1080,&quot;height&quot;:675,&quot;mime-type&quot;:&quot;image\\\/jpeg&quot;,&quot;filesize&quot;:114801},&quot;et-pb-portfolio-image&quot;:{&quot;file&quot;:&quot;IMG-20240729-WA0000-400x284.jpg&quot;,&quot;width&quot;:400,&quot;height&quot;:284,&quot;mime-type&quot;:&quot;image\\\/jpeg&quot;,&quot;filesize&quot;:25549},&quot;et-pb-portfolio-module-image&quot;:{&quot;file&quot;:&quot;IMG-20240729-WA0000-510x382.jpg&quot;,&quot;width&quot;:510,&quot;height&quot;:382,&quot;mime-type&quot;:&quot;image\\\/jpeg&quot;,&quot;filesize&quot;:39257},&quot;et-pb-portfolio-image-single&quot;:{&quot;file&quot;:&quot;IMG-20240729-WA0000-1080x810.jpg&quot;,&quot;width&quot;:1080,&quot;height&quot;:810,&quot;mime-type&quot;:&quot;image\\\/jpeg&quot;,&quot;filesize&quot;:137176},&quot;et-pb-gallery-module-image-portrait&quot;:{&quot;file&quot;:&quot;IMG-20240729-WA0000-400x516.jpg&quot;,&quot;width&quot;:400,&quot;height&quot;:516,&quot;mime-type&quot;:&quot;image\\\/jpeg&quot;,&quot;filesize&quot;:36603},&quot;et-pb-image--responsive--desktop&quot;:{&quot;file&quot;:&quot;IMG-20240729-WA0000-1280x960.jpg&quot;,&quot;width&quot;:1280,&quot;height&quot;:960,&quot;mime-type&quot;:&quot;image\\\/jpeg&quot;,&quot;filesize&quot;:178386},&quot;et-pb-image--responsive--tablet&quot;:{&quot;file&quot;:&quot;IMG-20240729-WA0000-980x735.jpg&quot;,&quot;width&quot;:980,&quot;height&quot;:735,&quot;mime-type&quot;:&quot;image\\\/jpeg&quot;,&quot;filesize&quot;:115958},&quot;et-pb-image--responsive--phone&quot;:{&quot;file&quot;:&quot;IMG-20240729-WA0000-480x360.jpg&quot;,&quot;width&quot;:480,&quot;height&quot;:360,&quot;mime-type&quot;:&quot;image\\\/jpeg&quot;,&quot;filesize&quot;:35719},&quot;woocommerce_thumbnail&quot;:{&quot;file&quot;:&quot;IMG-20240729-WA0000-300x300.jpg&quot;,&quot;width&quot;:300,&quot;height&quot;:300,&quot;mime-type&quot;:&quot;image\\\/jpeg&quot;,&quot;filesize&quot;:20474},&quot;woocommerce_single&quot;:{&quot;file&quot;:&quot;IMG-20240729-WA0000-1000x750.jpg&quot;,&quot;width&quot;:1000,&quot;height&quot;:750,&quot;mime-type&quot;:&quot;image\\\/jpeg&quot;,&quot;filesize&quot;:120835},&quot;woocommerce_gallery_thumbnail&quot;:{&quot;file&quot;:&quot;IMG-20240729-WA0000-300x300.jpg&quot;,&quot;width&quot;:300,&quot;height&quot;:300,&quot;mime-type&quot;:&quot;image\\\/jpeg&quot;,&quot;filesize&quot;:20474},&quot;cmplz_banner_image&quot;:{&quot;file&quot;:&quot;IMG-20240729-WA0000-350x100.jpg&quot;,&quot;width&quot;:350,&quot;height&quot;:100,&quot;mime-type&quot;:&quot;image\\\/jpeg&quot;,&quot;filesize&quot;:11188}},&quot;image_meta&quot;:{&quot;aperture&quot;:&quot;0&quot;,&quot;credit&quot;:&quot;&quot;,&quot;camera&quot;:&quot;&quot;,&quot;caption&quot;:&quot;&quot;,&quot;created_timestamp&quot;:&quot;0&quot;,&quot;copyright&quot;:&quot;&quot;,&quot;focal_length&quot;:&quot;0&quot;,&quot;iso&quot;:&quot;0&quot;,&quot;shutter_speed&quot;:&quot;0&quot;,&quot;title&quot;:&quot;&quot;,&quot;orientation&quot;:&quot;0&quot;,&quot;keywords&quot;:[]}},&quot;id&quot;:&quot;301801&quot;,&quot;img_html&quot;:&quot;&lt;img width=\\&quot;1024\\&quot; height=\\&quot;768\\&quot; src=\\&quot;https:\\\/\\\/liftingfx.girafdev.com\\\/wp-content\\\/uploads\\\/2024\\\/12\\\/IMG-20240729-WA0000-1024x768.jpg\\&quot; class=\\&quot;wp-image-301801 wp-image-301801\\&quot; alt=\\&quot;\\&quot; draggable=\\&quot;\\&quot; srcset=\\&quot;https:\\\/\\\/liftingfx.girafdev.com\\\/wp-content\\\/uploads\\\/2024\\\/12\\\/IMG-20240729-WA0000-980x735.jpg 980w, https:\\\/\\\/liftingfx.girafdev.com\\\/wp-content\\\/uploads\\\/2024\\\/12\\\/IMG-20240729-WA0000-480x360.jpg 480w\\&quot; sizes=\\&quot;33vw\\&quot; \\\/&gt;&quot;,&quot;link_href&quot;:&quot;https:\\\/\\\/liftingfx.girafdev.com\\\/wp-content\\\/uploads\\\/2024\\\/12\\\/IMG-20240729-WA0000.jpg&quot;,&quot;link_target&quot;:&quot;_self&quot;,&quot;link_rel&quot;:null,&quot;attributes&quot;:[]},{&quot;caption&quot;:&quot;&quot;,&quot;meta&quot;:{&quot;width&quot;:480,&quot;height&quot;:395,&quot;file&quot;:&quot;2024\\\/12\\\/Immagine-2024-12-09-182309.jpg&quot;,&quot;filesize&quot;:47440,&quot;sizes&quot;:{&quot;medium&quot;:{&quot;file&quot;:&quot;Immagine-2024-12-09-182309-300x247.jpg&quot;,&quot;width&quot;:300,&quot;height&quot;:247,&quot;mime-type&quot;:&quot;image\\\/jpeg&quot;,&quot;filesize&quot;:16756},&quot;thumbnail&quot;:{&quot;file&quot;:&quot;Immagine-2024-12-09-182309-150x150.jpg&quot;,&quot;width&quot;:150,&quot;height&quot;:150,&quot;mime-type&quot;:&quot;image\\\/jpeg&quot;,&quot;filesize&quot;:6857},&quot;et-pb-post-main-image&quot;:{&quot;file&quot;:&quot;Immagine-2024-12-09-182309-400x250.jpg&quot;,&quot;width&quot;:400,&quot;height&quot;:250,&quot;mime-type&quot;:&quot;image\\\/jpeg&quot;,&quot;filesize&quot;:19432},&quot;et-pb-portfolio-image&quot;:{&quot;file&quot;:&quot;Immagine-2024-12-09-182309-400x284.jpg&quot;,&quot;width&quot;:400,&quot;height&quot;:284,&quot;mime-type&quot;:&quot;image\\\/jpeg&quot;,&quot;filesize&quot;:21668},&quot;et-pb-portfolio-module-image&quot;:{&quot;file&quot;:&quot;Immagine-2024-12-09-182309-480x382.jpg&quot;,&quot;width&quot;:480,&quot;height&quot;:382,&quot;mime-type&quot;:&quot;image\\\/jpeg&quot;,&quot;filesize&quot;:33986},&quot;et-pb-gallery-module-image-portrait&quot;:{&quot;file&quot;:&quot;Immagine-2024-12-09-182309-400x395.jpg&quot;,&quot;width&quot;:400,&quot;height&quot;:395,&quot;mime-type&quot;:&quot;image\\\/jpeg&quot;,&quot;filesize&quot;:33316},&quot;woocommerce_thumbnail&quot;:{&quot;file&quot;:&quot;Immagine-2024-12-09-182309-300x300.jpg&quot;,&quot;width&quot;:300,&quot;height&quot;:300,&quot;mime-type&quot;:&quot;image\\\/jpeg&quot;,&quot;filesize&quot;:18262},&quot;woocommerce_gallery_thumbnail&quot;:{&quot;file&quot;:&quot;Immagine-2024-12-09-182309-300x300.jpg&quot;,&quot;width&quot;:300,&quot;height&quot;:300,&quot;mime-type&quot;:&quot;image\\\/jpeg&quot;,&quot;filesize&quot;:18262},&quot;cmplz_banner_image&quot;:{&quot;file&quot;:&quot;Immagine-2024-12-09-182309-350x100.jpg&quot;,&quot;width&quot;:350,&quot;height&quot;:100,&quot;mime-type&quot;:&quot;image\\\/jpeg&quot;,&quot;filesize&quot;:9231}},&quot;image_meta&quot;:{&quot;aperture&quot;:&quot;0&quot;,&quot;credit&quot;:&quot;&quot;,&quot;camera&quot;:&quot;&quot;,&quot;caption&quot;:&quot;&quot;,&quot;created_timestamp&quot;:&quot;0&quot;,&quot;copyright&quot;:&quot;&quot;,&quot;focal_length&quot;:&quot;0&quot;,&quot;iso&quot;:&quot;0&quot;,&quot;shutter_speed&quot;:&quot;0&quot;,&quot;title&quot;:&quot;&quot;,&quot;orientation&quot;:&quot;0&quot;,&quot;keywords&quot;:[]}},&quot;id&quot;:&quot;301823&quot;,&quot;img_html&quot;:&quot;&lt;img width=\\&quot;480\\&quot; height=\\&quot;395\\&quot; src=\\&quot;https:\\\/\\\/liftingfx.girafdev.com\\\/wp-content\\\/uploads\\\/2024\\\/12\\\/Immagine-2024-12-09-182309.jpg\\&quot; class=\\&quot;wp-image-301823 wp-image-301823\\&quot; alt=\\&quot;\\&quot; draggable=\\&quot;\\&quot; srcset=\\&quot;https:\\\/\\\/liftingfx.girafdev.com\\\/wp-content\\\/uploads\\\/2024\\\/12\\\/Immagine-2024-12-09-182309.jpg 480w, https:\\\/\\\/liftingfx.girafdev.com\\\/wp-content\\\/uploads\\\/2024\\\/12\\\/Immagine-2024-12-09-182309-300x247.jpg 300w\\&quot; sizes=\\&quot;33vw\\&quot; \\\/&gt;&quot;,&quot;link_href&quot;:&quot;https:\\\/\\\/liftingfx.girafdev.com\\\/wp-content\\\/uploads\\\/2024\\\/12\\\/Immagine-2024-12-09-182309.jpg&quot;,&quot;link_target&quot;:&quot;_self&quot;,&quot;link_rel&quot;:null,&quot;attributes&quot;:[]}]\" data-atts=\"{&quot;link&quot;:&quot;file&quot;,&quot;columns&quot;:&quot;4&quot;,&quot;ids&quot;:&quot;301811,301833,301801,301823&quot;,&quot;layout&quot;:&quot;square&quot;}\"><div class=\"mgl-gallery-container\"><\/div><div class=\"mgl-gallery-images\"><a class=\"\" href=\"https:\/\/liftingfx.girafdev.com\/wp-content\/uploads\/2024\/12\/IMG-20240718-WA0000.jpg\" target=\"_self\" rel=\"\" aria-label=\"\"><img loading=\"lazy\" decoding=\"async\" width=\"1024\" height=\"684\" src=\"https:\/\/liftingfx.girafdev.com\/wp-content\/uploads\/2024\/12\/IMG-20240718-WA0000-1024x684.jpg\" class=\"wp-image-301811 wp-image-301811\" alt=\"\" draggable=\"\" srcset=\"https:\/\/liftingfx.girafdev.com\/wp-content\/uploads\/2024\/12\/IMG-20240718-WA0000-980x654.jpg 980w, https:\/\/liftingfx.girafdev.com\/wp-content\/uploads\/2024\/12\/IMG-20240718-WA0000-480x321.jpg 480w\" sizes=\"auto, 33vw\" \/><\/a><a class=\"\" href=\"https:\/\/liftingfx.girafdev.com\/wp-content\/uploads\/2024\/12\/Immagine-2024-12-09-182240.jpg\" target=\"_self\" rel=\"\" aria-label=\"\"><img loading=\"lazy\" decoding=\"async\" width=\"523\" height=\"389\" src=\"https:\/\/liftingfx.girafdev.com\/wp-content\/uploads\/2024\/12\/Immagine-2024-12-09-182240.jpg\" class=\"wp-image-301833 wp-image-301833\" alt=\"\" draggable=\"\" srcset=\"https:\/\/liftingfx.girafdev.com\/wp-content\/uploads\/2024\/12\/Immagine-2024-12-09-182240.jpg 523w, https:\/\/liftingfx.girafdev.com\/wp-content\/uploads\/2024\/12\/Immagine-2024-12-09-182240-480x357.jpg 480w\" sizes=\"auto, 33vw\" \/><\/a><a class=\"\" href=\"https:\/\/liftingfx.girafdev.com\/wp-content\/uploads\/2024\/12\/IMG-20240729-WA0000.jpg\" target=\"_self\" rel=\"\" aria-label=\"\"><img loading=\"lazy\" decoding=\"async\" width=\"1024\" height=\"768\" src=\"https:\/\/liftingfx.girafdev.com\/wp-content\/uploads\/2024\/12\/IMG-20240729-WA0000-1024x768.jpg\" class=\"wp-image-301801 wp-image-301801\" alt=\"\" draggable=\"\" srcset=\"https:\/\/liftingfx.girafdev.com\/wp-content\/uploads\/2024\/12\/IMG-20240729-WA0000-980x735.jpg 980w, https:\/\/liftingfx.girafdev.com\/wp-content\/uploads\/2024\/12\/IMG-20240729-WA0000-480x360.jpg 480w\" sizes=\"auto, 33vw\" \/><\/a><a class=\"\" href=\"https:\/\/liftingfx.girafdev.com\/wp-content\/uploads\/2024\/12\/Immagine-2024-12-09-182309.jpg\" target=\"_self\" rel=\"\" aria-label=\"\"><img loading=\"lazy\" decoding=\"async\" width=\"480\" height=\"395\" src=\"https:\/\/liftingfx.girafdev.com\/wp-content\/uploads\/2024\/12\/Immagine-2024-12-09-182309.jpg\" class=\"wp-image-301823 wp-image-301823\" alt=\"\" draggable=\"\" srcset=\"https:\/\/liftingfx.girafdev.com\/wp-content\/uploads\/2024\/12\/Immagine-2024-12-09-182309.jpg 480w, https:\/\/liftingfx.girafdev.com\/wp-content\/uploads\/2024\/12\/Immagine-2024-12-09-182309-300x247.jpg 300w\" sizes=\"auto, 33vw\" \/><\/a><\/div><\/div>\n<p>&nbsp;<\/p>\n","protected":false},"excerpt":{"rendered":"<p>En helelektrisk kran med integrert st\u00f8tte for plukk av st\u00f8peformer. &nbsp; Flex Lifting er offisiell leverand\u00f8r til de st\u00f8rste multinasjonale selskapene som produserer dekk til biler og nyttekj\u00f8ret\u00f8y. ORBIT P8-modellen er en helelektrisk kran med et fotavtrykk foran p\u00e5 bare 780 mm, noe som gj\u00f8r det mulig \u00e5 flytte den langs gangene i avdelingene der [&hellip;]<\/p>\n","protected":false},"author":9,"featured_media":0,"parent":291641,"menu_order":0,"comment_status":"closed","ping_status":"closed","template":"","meta":{"_acf_changed":false,"_et_pb_use_builder":"","_et_pb_old_content":"","_et_gb_content_width":"","footnotes":""},"class_list":["post-292558","page","type-page","status-publish","hentry"],"acf":[],"_links":{"self":[{"href":"https:\/\/liftingfx.girafdev.com\/no\/wp-json\/wp\/v2\/pages\/292558","targetHints":{"allow":["GET"]}}],"collection":[{"href":"https:\/\/liftingfx.girafdev.com\/no\/wp-json\/wp\/v2\/pages"}],"about":[{"href":"https:\/\/liftingfx.girafdev.com\/no\/wp-json\/wp\/v2\/types\/page"}],"author":[{"embeddable":true,"href":"https:\/\/liftingfx.girafdev.com\/no\/wp-json\/wp\/v2\/users\/9"}],"replies":[{"embeddable":true,"href":"https:\/\/liftingfx.girafdev.com\/no\/wp-json\/wp\/v2\/comments?post=292558"}],"version-history":[{"count":7,"href":"https:\/\/liftingfx.girafdev.com\/no\/wp-json\/wp\/v2\/pages\/292558\/revisions"}],"predecessor-version":[{"id":308759,"href":"https:\/\/liftingfx.girafdev.com\/no\/wp-json\/wp\/v2\/pages\/292558\/revisions\/308759"}],"up":[{"embeddable":true,"href":"https:\/\/liftingfx.girafdev.com\/no\/wp-json\/wp\/v2\/pages\/291641"}],"wp:attachment":[{"href":"https:\/\/liftingfx.girafdev.com\/no\/wp-json\/wp\/v2\/media?parent=292558"}],"curies":[{"name":"wp","href":"https:\/\/api.w.org\/{rel}","templated":true}]}}