{"id":292556,"date":"2022-03-07T17:31:33","date_gmt":"2022-03-07T16:31:33","guid":{"rendered":"https:\/\/flexlifting.girafdev.com\/?page_id=292556"},"modified":"2024-12-07T09:52:50","modified_gmt":"2024-12-07T08:52:50","slug":"kraner-for-byggebransjen","status":"publish","type":"page","link":"https:\/\/liftingfx.girafdev.com\/no\/sektorer\/kraner-for-byggebransjen\/","title":{"rendered":"KRANER FOR BYGGEBRANSJEN"},"content":{"rendered":"<h2><strong>Svingkraner med sammenleggbar mast og avtakbare vekter<\/strong><\/h2>\n<p>&nbsp;<\/p>\n<p>Flex Lifting-kraner er en verdsatt og sv\u00e6rt popul\u00e6r l\u00f8sning i byggebransjen.<\/p>\n<p>Modellen <strong>01M5RB<\/strong> er en kran som er spesialdesignet for sikker plassering av vinduer, keramiske belegg og paneler av ulike materialer.<\/p>\n<p>Det er en kran med sammenleggbar mast som enkelt kan transporteres p\u00e5 varebiler. Den er utstyrt med avtakbare vekter som gj\u00f8r den lett \u00e5 transportere p\u00e5 vareheiser med begrenset lastekapasitet. Den kan l\u00f8ftes av konvensjonelle byggeplasskraner takket v\u00e6re spesielle \u00f8yebolter som er montert p\u00e5 rammen.<\/p>\n<p>Den er tilgjengelig i to konfigurasjoner: den f\u00f8rste med manuell l\u00f8fting og senking med justerbar hastighet, og den andre med elektrisk styrt ut- og innkj\u00f8ring av jibbarmen med progressiv hastighet. Den er utstyrt med superelastiske hjul med h\u00f8y man\u00f8vreringsevne som gj\u00f8r det mulig \u00e5 overvinne ujevnt underlag.<\/p>\n<div class=\"mgl-root\" data-gallery-options=\"{&quot;image_ids&quot;:[&quot;301737&quot;,&quot;301727&quot;,&quot;301717&quot;,&quot;301707&quot;],&quot;id&quot;:&quot;69f916ec88107&quot;,&quot;size&quot;:&quot;large&quot;,&quot;infinite&quot;:false,&quot;custom_class&quot;:null,&quot;link&quot;:&quot;file&quot;,&quot;is_preview&quot;:false,&quot;updir&quot;:&quot;https:\\\/\\\/liftingfx.girafdev.com\\\/wp-content\\\/uploads\\\/&quot;,&quot;captions&quot;:&quot;none&quot;,&quot;animation&quot;:false,&quot;layout&quot;:&quot;square&quot;,&quot;justified_row_height&quot;:200,&quot;justified_gutter&quot;:5,&quot;masonry_gutter&quot;:5,&quot;masonry_columns&quot;:3,&quot;square_gutter&quot;:5,&quot;square_columns&quot;:&quot;4&quot;,&quot;cascade_gutter&quot;:5,&quot;class_id&quot;:&quot;mgl-gallery-69f916ec88107&quot;,&quot;layouts&quot;:[],&quot;tiles_gutter&quot;:5,&quot;tiles_gutter_tablet&quot;:5,&quot;tiles_gutter_mobile&quot;:5,&quot;tiles_density&quot;:&quot;high&quot;,&quot;tiles_density_tablet&quot;:&quot;medium&quot;,&quot;tiles_density_mobile&quot;:&quot;low&quot;,&quot;horizontal_gutter&quot;:5,&quot;horizontal_image_height&quot;:500,&quot;horizontal_hide_scrollbar&quot;:false,&quot;carousel_gutter&quot;:5,&quot;carousel_arrow_nav_enabled&quot;:true,&quot;carousel_dot_nav_enabled&quot;:true,&quot;carousel_image_height&quot;:500,&quot;map_gutter&quot;:10,&quot;map_height&quot;:400}\" data-gallery-images=\"[{&quot;caption&quot;:&quot;&quot;,&quot;meta&quot;:{&quot;width&quot;:768,&quot;height&quot;:1024,&quot;file&quot;:&quot;2024\\\/12\\\/rooftop-works.jpg&quot;,&quot;filesize&quot;:131441,&quot;sizes&quot;:{&quot;medium&quot;:{&quot;file&quot;:&quot;rooftop-works-225x300.jpg&quot;,&quot;width&quot;:225,&quot;height&quot;:300,&quot;mime-type&quot;:&quot;image\\\/jpeg&quot;,&quot;filesize&quot;:18246},&quot;thumbnail&quot;:{&quot;file&quot;:&quot;rooftop-works-150x150.jpg&quot;,&quot;width&quot;:150,&quot;height&quot;:150,&quot;mime-type&quot;:&quot;image\\\/jpeg&quot;,&quot;filesize&quot;:7721},&quot;et-pb-post-main-image&quot;:{&quot;file&quot;:&quot;rooftop-works-400x250.jpg&quot;,&quot;width&quot;:400,&quot;height&quot;:250,&quot;mime-type&quot;:&quot;image\\\/jpeg&quot;,&quot;filesize&quot;:26540},&quot;et-pb-post-main-image-fullwidth&quot;:{&quot;file&quot;:&quot;rooftop-works-768x675.jpg&quot;,&quot;width&quot;:768,&quot;height&quot;:675,&quot;mime-type&quot;:&quot;image\\\/jpeg&quot;,&quot;filesize&quot;:104251},&quot;et-pb-portfolio-image&quot;:{&quot;file&quot;:&quot;rooftop-works-400x284.jpg&quot;,&quot;width&quot;:400,&quot;height&quot;:284,&quot;mime-type&quot;:&quot;image\\\/jpeg&quot;,&quot;filesize&quot;:28845},&quot;et-pb-portfolio-module-image&quot;:{&quot;file&quot;:&quot;rooftop-works-510x382.jpg&quot;,&quot;width&quot;:510,&quot;height&quot;:382,&quot;mime-type&quot;:&quot;image\\\/jpeg&quot;,&quot;filesize&quot;:44013},&quot;et-pb-gallery-module-image-portrait&quot;:{&quot;file&quot;:&quot;rooftop-works-400x516.jpg&quot;,&quot;width&quot;:400,&quot;height&quot;:516,&quot;mime-type&quot;:&quot;image\\\/jpeg&quot;,&quot;filesize&quot;:43263},&quot;et-pb-image--responsive--phone&quot;:{&quot;file&quot;:&quot;rooftop-works-480x640.jpg&quot;,&quot;width&quot;:480,&quot;height&quot;:640,&quot;mime-type&quot;:&quot;image\\\/jpeg&quot;,&quot;filesize&quot;:59100},&quot;woocommerce_thumbnail&quot;:{&quot;file&quot;:&quot;rooftop-works-300x300.jpg&quot;,&quot;width&quot;:300,&quot;height&quot;:300,&quot;mime-type&quot;:&quot;image\\\/jpeg&quot;,&quot;filesize&quot;:23110},&quot;woocommerce_gallery_thumbnail&quot;:{&quot;file&quot;:&quot;rooftop-works-300x300.jpg&quot;,&quot;width&quot;:300,&quot;height&quot;:300,&quot;mime-type&quot;:&quot;image\\\/jpeg&quot;,&quot;filesize&quot;:23110},&quot;cmplz_banner_image&quot;:{&quot;file&quot;:&quot;rooftop-works-350x100.jpg&quot;,&quot;width&quot;:350,&quot;height&quot;:100,&quot;mime-type&quot;:&quot;image\\\/jpeg&quot;,&quot;filesize&quot;:11134}},&quot;image_meta&quot;:{&quot;aperture&quot;:&quot;0&quot;,&quot;credit&quot;:&quot;&quot;,&quot;camera&quot;:&quot;&quot;,&quot;caption&quot;:&quot;&quot;,&quot;created_timestamp&quot;:&quot;0&quot;,&quot;copyright&quot;:&quot;&quot;,&quot;focal_length&quot;:&quot;0&quot;,&quot;iso&quot;:&quot;0&quot;,&quot;shutter_speed&quot;:&quot;0&quot;,&quot;title&quot;:&quot;&quot;,&quot;orientation&quot;:&quot;0&quot;,&quot;keywords&quot;:[]}},&quot;id&quot;:&quot;301737&quot;,&quot;img_html&quot;:&quot;&lt;img width=\\&quot;768\\&quot; height=\\&quot;1024\\&quot; src=\\&quot;https:\\\/\\\/liftingfx.girafdev.com\\\/wp-content\\\/uploads\\\/2024\\\/12\\\/rooftop-works.jpg\\&quot; class=\\&quot;wp-image-301737 wp-image-301737\\&quot; alt=\\&quot;\\&quot; draggable=\\&quot;\\&quot; srcset=\\&quot;https:\\\/\\\/liftingfx.girafdev.com\\\/wp-content\\\/uploads\\\/2024\\\/12\\\/rooftop-works.jpg 768w, https:\\\/\\\/liftingfx.girafdev.com\\\/wp-content\\\/uploads\\\/2024\\\/12\\\/rooftop-works-480x640.jpg 480w\\&quot; sizes=\\&quot;33vw\\&quot; \\\/&gt;&quot;,&quot;link_href&quot;:&quot;https:\\\/\\\/liftingfx.girafdev.com\\\/wp-content\\\/uploads\\\/2024\\\/12\\\/rooftop-works.jpg&quot;,&quot;link_target&quot;:&quot;_self&quot;,&quot;link_rel&quot;:null,&quot;attributes&quot;:[]},{&quot;caption&quot;:&quot;&quot;,&quot;meta&quot;:{&quot;width&quot;:1024,&quot;height&quot;:768,&quot;file&quot;:&quot;2024\\\/12\\\/01M5RB-pic-5.jpg&quot;,&quot;filesize&quot;:196332,&quot;sizes&quot;:{&quot;medium&quot;:{&quot;file&quot;:&quot;01M5RB-pic-5-300x225.jpg&quot;,&quot;width&quot;:300,&quot;height&quot;:225,&quot;mime-type&quot;:&quot;image\\\/jpeg&quot;,&quot;filesize&quot;:20683},&quot;thumbnail&quot;:{&quot;file&quot;:&quot;01M5RB-pic-5-150x150.jpg&quot;,&quot;width&quot;:150,&quot;height&quot;:150,&quot;mime-type&quot;:&quot;image\\\/jpeg&quot;,&quot;filesize&quot;:8447},&quot;medium_large&quot;:{&quot;file&quot;:&quot;01M5RB-pic-5-768x576.jpg&quot;,&quot;width&quot;:768,&quot;height&quot;:576,&quot;mime-type&quot;:&quot;image\\\/jpeg&quot;,&quot;filesize&quot;:88491},&quot;et-pb-post-main-image&quot;:{&quot;file&quot;:&quot;01M5RB-pic-5-400x250.jpg&quot;,&quot;width&quot;:400,&quot;height&quot;:250,&quot;mime-type&quot;:&quot;image\\\/jpeg&quot;,&quot;filesize&quot;:28374},&quot;et-pb-post-main-image-fullwidth&quot;:{&quot;file&quot;:&quot;01M5RB-pic-5-1024x675.jpg&quot;,&quot;width&quot;:1024,&quot;height&quot;:675,&quot;mime-type&quot;:&quot;image\\\/jpeg&quot;,&quot;filesize&quot;:139958},&quot;et-pb-portfolio-image&quot;:{&quot;file&quot;:&quot;01M5RB-pic-5-400x284.jpg&quot;,&quot;width&quot;:400,&quot;height&quot;:284,&quot;mime-type&quot;:&quot;image\\\/jpeg&quot;,&quot;filesize&quot;:30925},&quot;et-pb-portfolio-module-image&quot;:{&quot;file&quot;:&quot;01M5RB-pic-5-510x382.jpg&quot;,&quot;width&quot;:510,&quot;height&quot;:382,&quot;mime-type&quot;:&quot;image\\\/jpeg&quot;,&quot;filesize&quot;:46881},&quot;et-pb-gallery-module-image-portrait&quot;:{&quot;file&quot;:&quot;01M5RB-pic-5-400x516.jpg&quot;,&quot;width&quot;:400,&quot;height&quot;:516,&quot;mime-type&quot;:&quot;image\\\/jpeg&quot;,&quot;filesize&quot;:43789},&quot;et-pb-image--responsive--tablet&quot;:{&quot;file&quot;:&quot;01M5RB-pic-5-980x735.jpg&quot;,&quot;width&quot;:980,&quot;height&quot;:735,&quot;mime-type&quot;:&quot;image\\\/jpeg&quot;,&quot;filesize&quot;:127700},&quot;et-pb-image--responsive--phone&quot;:{&quot;file&quot;:&quot;01M5RB-pic-5-480x360.jpg&quot;,&quot;width&quot;:480,&quot;height&quot;:360,&quot;mime-type&quot;:&quot;image\\\/jpeg&quot;,&quot;filesize&quot;:42435},&quot;woocommerce_thumbnail&quot;:{&quot;file&quot;:&quot;01M5RB-pic-5-300x300.jpg&quot;,&quot;width&quot;:300,&quot;height&quot;:300,&quot;mime-type&quot;:&quot;image\\\/jpeg&quot;,&quot;filesize&quot;:24552},&quot;woocommerce_single&quot;:{&quot;file&quot;:&quot;01M5RB-pic-5-1000x750.jpg&quot;,&quot;width&quot;:1000,&quot;height&quot;:750,&quot;mime-type&quot;:&quot;image\\\/jpeg&quot;,&quot;filesize&quot;:131404},&quot;woocommerce_gallery_thumbnail&quot;:{&quot;file&quot;:&quot;01M5RB-pic-5-300x300.jpg&quot;,&quot;width&quot;:300,&quot;height&quot;:300,&quot;mime-type&quot;:&quot;image\\\/jpeg&quot;,&quot;filesize&quot;:24552},&quot;cmplz_banner_image&quot;:{&quot;file&quot;:&quot;01M5RB-pic-5-350x100.jpg&quot;,&quot;width&quot;:350,&quot;height&quot;:100,&quot;mime-type&quot;:&quot;image\\\/jpeg&quot;,&quot;filesize&quot;:12684}},&quot;image_meta&quot;:{&quot;aperture&quot;:&quot;0&quot;,&quot;credit&quot;:&quot;&quot;,&quot;camera&quot;:&quot;&quot;,&quot;caption&quot;:&quot;&quot;,&quot;created_timestamp&quot;:&quot;0&quot;,&quot;copyright&quot;:&quot;&quot;,&quot;focal_length&quot;:&quot;0&quot;,&quot;iso&quot;:&quot;0&quot;,&quot;shutter_speed&quot;:&quot;0&quot;,&quot;title&quot;:&quot;&quot;,&quot;orientation&quot;:&quot;0&quot;,&quot;keywords&quot;:[]}},&quot;id&quot;:&quot;301727&quot;,&quot;img_html&quot;:&quot;&lt;img width=\\&quot;1024\\&quot; height=\\&quot;768\\&quot; src=\\&quot;https:\\\/\\\/liftingfx.girafdev.com\\\/wp-content\\\/uploads\\\/2024\\\/12\\\/01M5RB-pic-5.jpg\\&quot; class=\\&quot;wp-image-301727 wp-image-301727\\&quot; alt=\\&quot;\\&quot; draggable=\\&quot;\\&quot; srcset=\\&quot;https:\\\/\\\/liftingfx.girafdev.com\\\/wp-content\\\/uploads\\\/2024\\\/12\\\/01M5RB-pic-5.jpg 1024w, https:\\\/\\\/liftingfx.girafdev.com\\\/wp-content\\\/uploads\\\/2024\\\/12\\\/01M5RB-pic-5-980x735.jpg 980w, https:\\\/\\\/liftingfx.girafdev.com\\\/wp-content\\\/uploads\\\/2024\\\/12\\\/01M5RB-pic-5-480x360.jpg 480w\\&quot; sizes=\\&quot;33vw\\&quot; \\\/&gt;&quot;,&quot;link_href&quot;:&quot;https:\\\/\\\/liftingfx.girafdev.com\\\/wp-content\\\/uploads\\\/2024\\\/12\\\/01M5RB-pic-5.jpg&quot;,&quot;link_target&quot;:&quot;_self&quot;,&quot;link_rel&quot;:null,&quot;attributes&quot;:[]},{&quot;caption&quot;:&quot;&quot;,&quot;meta&quot;:{&quot;width&quot;:768,&quot;height&quot;:1024,&quot;file&quot;:&quot;2024\\\/12\\\/01M5RB-pic-4.jpg&quot;,&quot;filesize&quot;:212294,&quot;sizes&quot;:{&quot;medium&quot;:{&quot;file&quot;:&quot;01M5RB-pic-4-225x300.jpg&quot;,&quot;width&quot;:225,&quot;height&quot;:300,&quot;mime-type&quot;:&quot;image\\\/jpeg&quot;,&quot;filesize&quot;:21550},&quot;thumbnail&quot;:{&quot;file&quot;:&quot;01M5RB-pic-4-150x150.jpg&quot;,&quot;width&quot;:150,&quot;height&quot;:150,&quot;mime-type&quot;:&quot;image\\\/jpeg&quot;,&quot;filesize&quot;:8688},&quot;et-pb-post-main-image&quot;:{&quot;file&quot;:&quot;01M5RB-pic-4-400x250.jpg&quot;,&quot;width&quot;:400,&quot;height&quot;:250,&quot;mime-type&quot;:&quot;image\\\/jpeg&quot;,&quot;filesize&quot;:24179},&quot;et-pb-post-main-image-fullwidth&quot;:{&quot;file&quot;:&quot;01M5RB-pic-4-768x675.jpg&quot;,&quot;width&quot;:768,&quot;height&quot;:675,&quot;mime-type&quot;:&quot;image\\\/jpeg&quot;,&quot;filesize&quot;:102354},&quot;et-pb-portfolio-image&quot;:{&quot;file&quot;:&quot;01M5RB-pic-4-400x284.jpg&quot;,&quot;width&quot;:400,&quot;height&quot;:284,&quot;mime-type&quot;:&quot;image\\\/jpeg&quot;,&quot;filesize&quot;:27257},&quot;et-pb-portfolio-module-image&quot;:{&quot;file&quot;:&quot;01M5RB-pic-4-510x382.jpg&quot;,&quot;width&quot;:510,&quot;height&quot;:382,&quot;mime-type&quot;:&quot;image\\\/jpeg&quot;,&quot;filesize&quot;:41702},&quot;et-pb-gallery-module-image-portrait&quot;:{&quot;file&quot;:&quot;01M5RB-pic-4-400x516.jpg&quot;,&quot;width&quot;:400,&quot;height&quot;:516,&quot;mime-type&quot;:&quot;image\\\/jpeg&quot;,&quot;filesize&quot;:51425},&quot;et-pb-image--responsive--phone&quot;:{&quot;file&quot;:&quot;01M5RB-pic-4-480x640.jpg&quot;,&quot;width&quot;:480,&quot;height&quot;:640,&quot;mime-type&quot;:&quot;image\\\/jpeg&quot;,&quot;filesize&quot;:70684},&quot;woocommerce_thumbnail&quot;:{&quot;file&quot;:&quot;01M5RB-pic-4-300x300.jpg&quot;,&quot;width&quot;:300,&quot;height&quot;:300,&quot;mime-type&quot;:&quot;image\\\/jpeg&quot;,&quot;filesize&quot;:25240},&quot;woocommerce_gallery_thumbnail&quot;:{&quot;file&quot;:&quot;01M5RB-pic-4-300x300.jpg&quot;,&quot;width&quot;:300,&quot;height&quot;:300,&quot;mime-type&quot;:&quot;image\\\/jpeg&quot;,&quot;filesize&quot;:25240},&quot;cmplz_banner_image&quot;:{&quot;file&quot;:&quot;01M5RB-pic-4-350x100.jpg&quot;,&quot;width&quot;:350,&quot;height&quot;:100,&quot;mime-type&quot;:&quot;image\\\/jpeg&quot;,&quot;filesize&quot;:9017}},&quot;image_meta&quot;:{&quot;aperture&quot;:&quot;0&quot;,&quot;credit&quot;:&quot;&quot;,&quot;camera&quot;:&quot;&quot;,&quot;caption&quot;:&quot;&quot;,&quot;created_timestamp&quot;:&quot;0&quot;,&quot;copyright&quot;:&quot;&quot;,&quot;focal_length&quot;:&quot;0&quot;,&quot;iso&quot;:&quot;0&quot;,&quot;shutter_speed&quot;:&quot;0&quot;,&quot;title&quot;:&quot;&quot;,&quot;orientation&quot;:&quot;0&quot;,&quot;keywords&quot;:[]}},&quot;id&quot;:&quot;301717&quot;,&quot;img_html&quot;:&quot;&lt;img width=\\&quot;768\\&quot; height=\\&quot;1024\\&quot; src=\\&quot;https:\\\/\\\/liftingfx.girafdev.com\\\/wp-content\\\/uploads\\\/2024\\\/12\\\/01M5RB-pic-4.jpg\\&quot; class=\\&quot;wp-image-301717 wp-image-301717\\&quot; alt=\\&quot;\\&quot; draggable=\\&quot;\\&quot; srcset=\\&quot;https:\\\/\\\/liftingfx.girafdev.com\\\/wp-content\\\/uploads\\\/2024\\\/12\\\/01M5RB-pic-4.jpg 768w, https:\\\/\\\/liftingfx.girafdev.com\\\/wp-content\\\/uploads\\\/2024\\\/12\\\/01M5RB-pic-4-480x640.jpg 480w\\&quot; sizes=\\&quot;33vw\\&quot; \\\/&gt;&quot;,&quot;link_href&quot;:&quot;https:\\\/\\\/liftingfx.girafdev.com\\\/wp-content\\\/uploads\\\/2024\\\/12\\\/01M5RB-pic-4.jpg&quot;,&quot;link_target&quot;:&quot;_self&quot;,&quot;link_rel&quot;:null,&quot;attributes&quot;:[]},{&quot;caption&quot;:&quot;&quot;,&quot;meta&quot;:{&quot;width&quot;:1024,&quot;height&quot;:768,&quot;file&quot;:&quot;2024\\\/12\\\/01M5RB-pic-1.jpg&quot;,&quot;filesize&quot;:215682,&quot;sizes&quot;:{&quot;medium&quot;:{&quot;file&quot;:&quot;01M5RB-pic-1-300x225.jpg&quot;,&quot;width&quot;:300,&quot;height&quot;:225,&quot;mime-type&quot;:&quot;image\\\/jpeg&quot;,&quot;filesize&quot;:21764},&quot;thumbnail&quot;:{&quot;file&quot;:&quot;01M5RB-pic-1-150x150.jpg&quot;,&quot;width&quot;:150,&quot;height&quot;:150,&quot;mime-type&quot;:&quot;image\\\/jpeg&quot;,&quot;filesize&quot;:8972},&quot;medium_large&quot;:{&quot;file&quot;:&quot;01M5RB-pic-1-768x576.jpg&quot;,&quot;width&quot;:768,&quot;height&quot;:576,&quot;mime-type&quot;:&quot;image\\\/jpeg&quot;,&quot;filesize&quot;:95425},&quot;et-pb-post-main-image&quot;:{&quot;file&quot;:&quot;01M5RB-pic-1-400x250.jpg&quot;,&quot;width&quot;:400,&quot;height&quot;:250,&quot;mime-type&quot;:&quot;image\\\/jpeg&quot;,&quot;filesize&quot;:29959},&quot;et-pb-post-main-image-fullwidth&quot;:{&quot;file&quot;:&quot;01M5RB-pic-1-1024x675.jpg&quot;,&quot;width&quot;:1024,&quot;height&quot;:675,&quot;mime-type&quot;:&quot;image\\\/jpeg&quot;,&quot;filesize&quot;:153921},&quot;et-pb-portfolio-image&quot;:{&quot;file&quot;:&quot;01M5RB-pic-1-400x284.jpg&quot;,&quot;width&quot;:400,&quot;height&quot;:284,&quot;mime-type&quot;:&quot;image\\\/jpeg&quot;,&quot;filesize&quot;:32850},&quot;et-pb-portfolio-module-image&quot;:{&quot;file&quot;:&quot;01M5RB-pic-1-510x382.jpg&quot;,&quot;width&quot;:510,&quot;height&quot;:382,&quot;mime-type&quot;:&quot;image\\\/jpeg&quot;,&quot;filesize&quot;:49747},&quot;et-pb-gallery-module-image-portrait&quot;:{&quot;file&quot;:&quot;01M5RB-pic-1-400x516.jpg&quot;,&quot;width&quot;:400,&quot;height&quot;:516,&quot;mime-type&quot;:&quot;image\\\/jpeg&quot;,&quot;filesize&quot;:50588},&quot;et-pb-image--responsive--tablet&quot;:{&quot;file&quot;:&quot;01M5RB-pic-1-980x735.jpg&quot;,&quot;width&quot;:980,&quot;height&quot;:735,&quot;mime-type&quot;:&quot;image\\\/jpeg&quot;,&quot;filesize&quot;:138589},&quot;et-pb-image--responsive--phone&quot;:{&quot;file&quot;:&quot;01M5RB-pic-1-480x360.jpg&quot;,&quot;width&quot;:480,&quot;height&quot;:360,&quot;mime-type&quot;:&quot;image\\\/jpeg&quot;,&quot;filesize&quot;:45104},&quot;woocommerce_thumbnail&quot;:{&quot;file&quot;:&quot;01M5RB-pic-1-300x300.jpg&quot;,&quot;width&quot;:300,&quot;height&quot;:300,&quot;mime-type&quot;:&quot;image\\\/jpeg&quot;,&quot;filesize&quot;:27077},&quot;woocommerce_single&quot;:{&quot;file&quot;:&quot;01M5RB-pic-1-1000x750.jpg&quot;,&quot;width&quot;:1000,&quot;height&quot;:750,&quot;mime-type&quot;:&quot;image\\\/jpeg&quot;,&quot;filesize&quot;:143277},&quot;woocommerce_gallery_thumbnail&quot;:{&quot;file&quot;:&quot;01M5RB-pic-1-300x300.jpg&quot;,&quot;width&quot;:300,&quot;height&quot;:300,&quot;mime-type&quot;:&quot;image\\\/jpeg&quot;,&quot;filesize&quot;:27077},&quot;cmplz_banner_image&quot;:{&quot;file&quot;:&quot;01M5RB-pic-1-350x100.jpg&quot;,&quot;width&quot;:350,&quot;height&quot;:100,&quot;mime-type&quot;:&quot;image\\\/jpeg&quot;,&quot;filesize&quot;:12937}},&quot;image_meta&quot;:{&quot;aperture&quot;:&quot;0&quot;,&quot;credit&quot;:&quot;&quot;,&quot;camera&quot;:&quot;&quot;,&quot;caption&quot;:&quot;&quot;,&quot;created_timestamp&quot;:&quot;0&quot;,&quot;copyright&quot;:&quot;&quot;,&quot;focal_length&quot;:&quot;0&quot;,&quot;iso&quot;:&quot;0&quot;,&quot;shutter_speed&quot;:&quot;0&quot;,&quot;title&quot;:&quot;&quot;,&quot;orientation&quot;:&quot;0&quot;,&quot;keywords&quot;:[]}},&quot;id&quot;:&quot;301707&quot;,&quot;img_html&quot;:&quot;&lt;img width=\\&quot;1024\\&quot; height=\\&quot;768\\&quot; src=\\&quot;https:\\\/\\\/liftingfx.girafdev.com\\\/wp-content\\\/uploads\\\/2024\\\/12\\\/01M5RB-pic-1.jpg\\&quot; class=\\&quot;wp-image-301707 wp-image-301707\\&quot; alt=\\&quot;\\&quot; draggable=\\&quot;\\&quot; srcset=\\&quot;https:\\\/\\\/liftingfx.girafdev.com\\\/wp-content\\\/uploads\\\/2024\\\/12\\\/01M5RB-pic-1.jpg 1024w, https:\\\/\\\/liftingfx.girafdev.com\\\/wp-content\\\/uploads\\\/2024\\\/12\\\/01M5RB-pic-1-980x735.jpg 980w, https:\\\/\\\/liftingfx.girafdev.com\\\/wp-content\\\/uploads\\\/2024\\\/12\\\/01M5RB-pic-1-480x360.jpg 480w\\&quot; sizes=\\&quot;33vw\\&quot; \\\/&gt;&quot;,&quot;link_href&quot;:&quot;https:\\\/\\\/liftingfx.girafdev.com\\\/wp-content\\\/uploads\\\/2024\\\/12\\\/01M5RB-pic-1.jpg&quot;,&quot;link_target&quot;:&quot;_self&quot;,&quot;link_rel&quot;:null,&quot;attributes&quot;:[]}]\" data-atts=\"{&quot;link&quot;:&quot;file&quot;,&quot;columns&quot;:&quot;4&quot;,&quot;ids&quot;:&quot;301737,301727,301717,301707&quot;,&quot;layout&quot;:&quot;square&quot;}\"><div class=\"mgl-gallery-container\"><\/div><div class=\"mgl-gallery-images\"><a class=\"\" href=\"https:\/\/liftingfx.girafdev.com\/wp-content\/uploads\/2024\/12\/rooftop-works.jpg\" target=\"_self\" rel=\"\" aria-label=\"\"><img loading=\"lazy\" decoding=\"async\" width=\"768\" height=\"1024\" src=\"https:\/\/liftingfx.girafdev.com\/wp-content\/uploads\/2024\/12\/rooftop-works.jpg\" class=\"wp-image-301737 wp-image-301737\" alt=\"\" draggable=\"\" srcset=\"https:\/\/liftingfx.girafdev.com\/wp-content\/uploads\/2024\/12\/rooftop-works.jpg 768w, https:\/\/liftingfx.girafdev.com\/wp-content\/uploads\/2024\/12\/rooftop-works-480x640.jpg 480w\" sizes=\"auto, 33vw\" \/><\/a><a class=\"\" href=\"https:\/\/liftingfx.girafdev.com\/wp-content\/uploads\/2024\/12\/01M5RB-pic-5.jpg\" target=\"_self\" rel=\"\" aria-label=\"\"><img loading=\"lazy\" decoding=\"async\" width=\"1024\" height=\"768\" src=\"https:\/\/liftingfx.girafdev.com\/wp-content\/uploads\/2024\/12\/01M5RB-pic-5.jpg\" class=\"wp-image-301727 wp-image-301727\" alt=\"\" draggable=\"\" srcset=\"https:\/\/liftingfx.girafdev.com\/wp-content\/uploads\/2024\/12\/01M5RB-pic-5.jpg 1024w, https:\/\/liftingfx.girafdev.com\/wp-content\/uploads\/2024\/12\/01M5RB-pic-5-980x735.jpg 980w, https:\/\/liftingfx.girafdev.com\/wp-content\/uploads\/2024\/12\/01M5RB-pic-5-480x360.jpg 480w\" sizes=\"auto, 33vw\" \/><\/a><a class=\"\" href=\"https:\/\/liftingfx.girafdev.com\/wp-content\/uploads\/2024\/12\/01M5RB-pic-4.jpg\" target=\"_self\" rel=\"\" aria-label=\"\"><img loading=\"lazy\" decoding=\"async\" width=\"768\" height=\"1024\" src=\"https:\/\/liftingfx.girafdev.com\/wp-content\/uploads\/2024\/12\/01M5RB-pic-4.jpg\" class=\"wp-image-301717 wp-image-301717\" alt=\"\" draggable=\"\" srcset=\"https:\/\/liftingfx.girafdev.com\/wp-content\/uploads\/2024\/12\/01M5RB-pic-4.jpg 768w, https:\/\/liftingfx.girafdev.com\/wp-content\/uploads\/2024\/12\/01M5RB-pic-4-480x640.jpg 480w\" sizes=\"auto, 33vw\" \/><\/a><a class=\"\" href=\"https:\/\/liftingfx.girafdev.com\/wp-content\/uploads\/2024\/12\/01M5RB-pic-1.jpg\" target=\"_self\" rel=\"\" aria-label=\"\"><img loading=\"lazy\" decoding=\"async\" width=\"1024\" height=\"768\" src=\"https:\/\/liftingfx.girafdev.com\/wp-content\/uploads\/2024\/12\/01M5RB-pic-1.jpg\" class=\"wp-image-301707 wp-image-301707\" alt=\"\" draggable=\"\" srcset=\"https:\/\/liftingfx.girafdev.com\/wp-content\/uploads\/2024\/12\/01M5RB-pic-1.jpg 1024w, https:\/\/liftingfx.girafdev.com\/wp-content\/uploads\/2024\/12\/01M5RB-pic-1-980x735.jpg 980w, https:\/\/liftingfx.girafdev.com\/wp-content\/uploads\/2024\/12\/01M5RB-pic-1-480x360.jpg 480w\" sizes=\"auto, 33vw\" \/><\/a><\/div><\/div>\n<p>&nbsp;<\/p>\n","protected":false},"excerpt":{"rendered":"<p>Svingkraner med sammenleggbar mast og avtakbare vekter &nbsp; Flex Lifting-kraner er en verdsatt og sv\u00e6rt popul\u00e6r l\u00f8sning i byggebransjen. Modellen 01M5RB er en kran som er spesialdesignet for sikker plassering av vinduer, keramiske belegg og paneler av ulike materialer. Det er en kran med sammenleggbar mast som enkelt kan transporteres p\u00e5 varebiler. Den er utstyrt [&hellip;]<\/p>\n","protected":false},"author":9,"featured_media":0,"parent":291641,"menu_order":0,"comment_status":"closed","ping_status":"closed","template":"","meta":{"_acf_changed":false,"_et_pb_use_builder":"","_et_pb_old_content":"","_et_gb_content_width":"","footnotes":""},"class_list":["post-292556","page","type-page","status-publish","hentry"],"acf":[],"_links":{"self":[{"href":"https:\/\/liftingfx.girafdev.com\/no\/wp-json\/wp\/v2\/pages\/292556","targetHints":{"allow":["GET"]}}],"collection":[{"href":"https:\/\/liftingfx.girafdev.com\/no\/wp-json\/wp\/v2\/pages"}],"about":[{"href":"https:\/\/liftingfx.girafdev.com\/no\/wp-json\/wp\/v2\/types\/page"}],"author":[{"embeddable":true,"href":"https:\/\/liftingfx.girafdev.com\/no\/wp-json\/wp\/v2\/users\/9"}],"replies":[{"embeddable":true,"href":"https:\/\/liftingfx.girafdev.com\/no\/wp-json\/wp\/v2\/comments?post=292556"}],"version-history":[{"count":4,"href":"https:\/\/liftingfx.girafdev.com\/no\/wp-json\/wp\/v2\/pages\/292556\/revisions"}],"predecessor-version":[{"id":301748,"href":"https:\/\/liftingfx.girafdev.com\/no\/wp-json\/wp\/v2\/pages\/292556\/revisions\/301748"}],"up":[{"embeddable":true,"href":"https:\/\/liftingfx.girafdev.com\/no\/wp-json\/wp\/v2\/pages\/291641"}],"wp:attachment":[{"href":"https:\/\/liftingfx.girafdev.com\/no\/wp-json\/wp\/v2\/media?parent=292556"}],"curies":[{"name":"wp","href":"https:\/\/api.w.org\/{rel}","templated":true}]}}