{"id":292531,"date":"2022-02-17T14:53:19","date_gmt":"2022-02-17T13:53:19","guid":{"rendered":"https:\/\/flexlifting.girafdev.com\/?page_id=292531"},"modified":"2025-01-29T09:01:34","modified_gmt":"2025-01-29T08:01:34","slug":"farmasoytisk-industri","status":"publish","type":"page","link":"https:\/\/liftingfx.girafdev.com\/no\/sektorer\/farmasoytisk-industri\/","title":{"rendered":"FARMAS\u00d8YTISK INDUSTRI"},"content":{"rendered":"<h2><strong>Ergonomiske og fleksible l\u00f8sninger i rustfritt st\u00e5l for legemiddelindustrien<\/strong><\/h2>\n<p>Flex lifting tilbyr en rekke motvektede mobilkraner for h\u00e5ndtering og l\u00f8fting av containere, komponenter til pakkelinjer, utstyr for pakkeoppsett og bulklaster til legemiddelindustrien. Spesielt modellene i rustfritt st\u00e5l AISI 316 og 304 garanterer korrosjonsbeskyttelse mot kjemiske stoffer og gj\u00f8r det mulig \u00e5 overholde de strengeste hygienestandardene.<\/p>\n<p>Ergonomien og fleksibiliteten til mobilkranene v\u00e5re gj\u00f8r det enklere \u00e5 utarbeide nye, spesialtilpassede layouter og beskytte arbeidernes helse i samsvar med gjeldende sikkerhetsforskrifter.<\/p>\n<div class=\"mgl-root\" data-gallery-options=\"{&quot;image_ids&quot;:[&quot;289530&quot;,&quot;289500&quot;,&quot;289490&quot;,&quot;289480&quot;],&quot;id&quot;:&quot;69f9114952918&quot;,&quot;size&quot;:&quot;large&quot;,&quot;infinite&quot;:false,&quot;custom_class&quot;:null,&quot;link&quot;:&quot;file&quot;,&quot;is_preview&quot;:false,&quot;updir&quot;:&quot;https:\\\/\\\/liftingfx.girafdev.com\\\/wp-content\\\/uploads\\\/&quot;,&quot;captions&quot;:&quot;none&quot;,&quot;animation&quot;:false,&quot;layout&quot;:&quot;square&quot;,&quot;justified_row_height&quot;:200,&quot;justified_gutter&quot;:5,&quot;masonry_gutter&quot;:5,&quot;masonry_columns&quot;:3,&quot;square_gutter&quot;:5,&quot;square_columns&quot;:&quot;4&quot;,&quot;cascade_gutter&quot;:5,&quot;class_id&quot;:&quot;mgl-gallery-69f9114952918&quot;,&quot;layouts&quot;:[],&quot;tiles_gutter&quot;:5,&quot;tiles_gutter_tablet&quot;:5,&quot;tiles_gutter_mobile&quot;:5,&quot;tiles_density&quot;:&quot;high&quot;,&quot;tiles_density_tablet&quot;:&quot;medium&quot;,&quot;tiles_density_mobile&quot;:&quot;low&quot;,&quot;horizontal_gutter&quot;:5,&quot;horizontal_image_height&quot;:500,&quot;horizontal_hide_scrollbar&quot;:false,&quot;carousel_gutter&quot;:5,&quot;carousel_arrow_nav_enabled&quot;:true,&quot;carousel_dot_nav_enabled&quot;:true,&quot;carousel_image_height&quot;:500,&quot;map_gutter&quot;:10,&quot;map_height&quot;:400}\" data-gallery-images=\"[]\" data-atts=\"{&quot;link&quot;:&quot;file&quot;,&quot;columns&quot;:&quot;4&quot;,&quot;ids&quot;:&quot;289530,289500,289490,289480&quot;,&quot;layout&quot;:&quot;square&quot;}\"><div class=\"mgl-gallery-container\"><\/div><div class=\"mgl-gallery-images\"><\/div><\/div>\n","protected":false},"excerpt":{"rendered":"<p>Ergonomiske og fleksible l\u00f8sninger i rustfritt st\u00e5l for legemiddelindustrien Flex lifting tilbyr en rekke motvektede mobilkraner for h\u00e5ndtering og l\u00f8fting av containere, komponenter til pakkelinjer, utstyr for pakkeoppsett og bulklaster til legemiddelindustrien. Spesielt modellene i rustfritt st\u00e5l AISI 316 og 304 garanterer korrosjonsbeskyttelse mot kjemiske stoffer og gj\u00f8r det mulig \u00e5 overholde de strengeste hygienestandardene. [&hellip;]<\/p>\n","protected":false},"author":9,"featured_media":0,"parent":291641,"menu_order":0,"comment_status":"closed","ping_status":"closed","template":"","meta":{"_acf_changed":false,"_et_pb_use_builder":"on","_et_pb_old_content":"","_et_gb_content_width":"","footnotes":""},"class_list":["post-292531","page","type-page","status-publish","hentry"],"acf":[],"_links":{"self":[{"href":"https:\/\/liftingfx.girafdev.com\/no\/wp-json\/wp\/v2\/pages\/292531","targetHints":{"allow":["GET"]}}],"collection":[{"href":"https:\/\/liftingfx.girafdev.com\/no\/wp-json\/wp\/v2\/pages"}],"about":[{"href":"https:\/\/liftingfx.girafdev.com\/no\/wp-json\/wp\/v2\/types\/page"}],"author":[{"embeddable":true,"href":"https:\/\/liftingfx.girafdev.com\/no\/wp-json\/wp\/v2\/users\/9"}],"replies":[{"embeddable":true,"href":"https:\/\/liftingfx.girafdev.com\/no\/wp-json\/wp\/v2\/comments?post=292531"}],"version-history":[{"count":8,"href":"https:\/\/liftingfx.girafdev.com\/no\/wp-json\/wp\/v2\/pages\/292531\/revisions"}],"predecessor-version":[{"id":308753,"href":"https:\/\/liftingfx.girafdev.com\/no\/wp-json\/wp\/v2\/pages\/292531\/revisions\/308753"}],"up":[{"embeddable":true,"href":"https:\/\/liftingfx.girafdev.com\/no\/wp-json\/wp\/v2\/pages\/291641"}],"wp:attachment":[{"href":"https:\/\/liftingfx.girafdev.com\/no\/wp-json\/wp\/v2\/media?parent=292531"}],"curies":[{"name":"wp","href":"https:\/\/api.w.org\/{rel}","templated":true}]}}