{"id":281049,"date":"2024-06-11T09:43:31","date_gmt":"2024-06-11T07:43:31","guid":{"rendered":"https:\/\/bigleap.tech\/flex2\/?page_id=281049"},"modified":"2025-05-28T10:59:25","modified_gmt":"2025-05-28T08:59:25","slug":"motvektskraner","status":"publish","type":"page","link":"https:\/\/liftingfx.girafdev.com\/no\/motvektskraner\/","title":{"rendered":"motvektskraner"},"content":{"rendered":"<p>[et_pb_section fb_built=&raquo;1&#8243; _builder_version=&raquo;4.25.2&#8243; _module_preset=&raquo;default&raquo; background_color=&raquo;#000000&#8243; background_image=&raquo;https:\/\/liftingfx.girafdev.comwp-content\/uploads\/2024\/07\/pattren-123-20356-222025.png&raquo; background_size=&raquo;contain&raquo; background_position=&raquo;center_left&raquo; background_horizontal_offset=&raquo;100%&raquo; custom_margin=&raquo;|||0px|false|false&raquo; custom_padding=&raquo;8%|||0px|false|false&raquo; background_last_edited=&raquo;on|tablet&raquo; background_size_tablet=&raquo;cover&raquo; background_size_phone=&raquo;cover&raquo; da_disable_devices=&raquo;off|off|off&raquo; locked=&raquo;off&raquo; global_colors_info=&raquo;{}&raquo; da_is_popup=&raquo;off&raquo; da_exit_intent=&raquo;off&raquo; da_has_close=&raquo;on&raquo; da_alt_close=&raquo;off&raquo; da_dark_close=&raquo;off&raquo; da_not_modal=&raquo;on&raquo; da_is_singular=&raquo;off&raquo; da_with_loader=&raquo;off&raquo; da_has_shadow=&raquo;on&raquo;][et_pb_row _builder_version=&raquo;4.22.2&#8243; _module_preset=&raquo;default&raquo; custom_margin=&raquo;|auto|||false|false&raquo; custom_padding=&raquo;81px|||||&raquo; global_colors_info=&raquo;{}&raquo;][et_pb_column type=&raquo;4_4&#8243; _builder_version=&raquo;4.22.2&#8243; _module_preset=&raquo;default&raquo; global_colors_info=&raquo;{}&raquo;][et_pb_heading title=&raquo;motvektskraner&raquo; _builder_version=&raquo;4.27.3&#8243; _module_preset=&raquo;default&raquo; title_font=&raquo;Poppins|700||on|||||&raquo; title_text_color=&raquo;#FFFFFF&raquo; title_font_size=&raquo;60px&raquo; title_font_size_tablet=&raquo;60px&raquo; title_font_size_phone=&raquo;30px&raquo; title_font_size_last_edited=&raquo;on|phone&raquo; global_colors_info=&raquo;{}&raquo;][\/et_pb_heading][\/et_pb_column][\/et_pb_row][et_pb_row _builder_version=&raquo;4.22.2&#8243; _module_preset=&raquo;default&raquo; custom_margin=&raquo;|auto|||false|false&raquo; border_width_top=&raquo;1px&raquo; border_color_top=&raquo;#444444&#8243; global_colors_info=&raquo;{}&raquo;][et_pb_column type=&raquo;4_4&#8243; _builder_version=&raquo;4.22.2&#8243; _module_preset=&raquo;default&raquo; global_colors_info=&raquo;{}&raquo;][lwp_divi_breadcrumbs _builder_version=&raquo;4.22.2&#8243; _module_preset=&raquo;default&raquo; module_text_color=&raquo;#e2e2e2&#8243; global_colors_info=&raquo;{}&raquo;][\/lwp_divi_breadcrumbs][\/et_pb_column][\/et_pb_row][\/et_pb_section][et_pb_section fb_built=&raquo;1&#8243; _builder_version=&raquo;4.22.2&#8243; _module_preset=&raquo;default&raquo; custom_padding=&raquo;20px|||||&raquo; top_divider_style=&raquo;waves2&#8243; top_divider_color=&raquo;#E02B20&#8243; top_divider_height=&raquo;33px&raquo; top_divider_flip=&raquo;vertical&raquo; da_disable_devices=&raquo;off|off|off&raquo; global_colors_info=&raquo;{}&raquo; da_is_popup=&raquo;off&raquo; da_exit_intent=&raquo;off&raquo; da_has_close=&raquo;on&raquo; da_alt_close=&raquo;off&raquo; da_dark_close=&raquo;off&raquo; da_not_modal=&raquo;on&raquo; da_is_singular=&raquo;off&raquo; da_with_loader=&raquo;off&raquo; da_has_shadow=&raquo;on&raquo;][et_pb_row column_structure=&raquo;1_2,1_2&#8243; _builder_version=&raquo;4.22.2&#8243; _module_preset=&raquo;default&raquo; global_colors_info=&raquo;{}&raquo;][et_pb_column type=&raquo;1_2&#8243; _builder_version=&raquo;4.22.2&#8243; _module_preset=&raquo;default&raquo; global_colors_info=&raquo;{}&raquo;][et_pb_blurb title=&raquo;MOTVEKTSKRANER MED MANUELL TREKKRAFT&raquo; image=&raquo;https:\/\/liftingfx.girafdev.comwp-content\/uploads\/2024\/09\/01B5SER-1000.png&raquo; alt=&raquo;01B5SE_1000 cantilever rotating crane with manual traction and electric extension&raquo; _builder_version=&raquo;4.27.3&#8243; _module_preset=&raquo;default&raquo; header_text_align=&raquo;center&raquo; body_text_align=&raquo;center&raquo; custom_padding=&raquo;||7%||false|false&raquo; hover_enabled=&raquo;0&#8243; border_radii=&raquo;on|10px|10px|10px|10px&raquo; border_width_all=&raquo;1px&raquo; border_color_all=&raquo;#E02B20&#8243; box_shadow_style=&raquo;preset3&#8243; box_shadow_blur=&raquo;60px&raquo; box_shadow_color=&raquo;rgba(224,43,32,0.3)&raquo; global_colors_info=&raquo;{}&raquo; admin_label=&raquo;MOTVEKTSKRANER MED MANUELL TREKKRAFT&raquo; title_text=&raquo;01B5SER 1000&#8243; sticky_enabled=&raquo;0&#8243;]<\/p>\n<p>Den mest \u00f8konomiske og effektive l\u00f8sningen for \u00e5 garantere sikkerheten og fleksibiliteten til hver l\u00f8fte- og h\u00e5ndteringsoperasjon. <strong>Kapasiteter fra 200 til 1000 kg<\/strong>.Svingbar eller stiv arm.<\/p>\n<p>[\/et_pb_blurb][et_pb_button button_url=&raquo;@ET-DC@eyJkeW5hbWljIjp0cnVlLCJjb250ZW50IjoicG9zdF9saW5rX3VybF9wYWdlIiwic2V0dGluZ3MiOnsicG9zdF9pZCI6IjIxMDkyIn19@&raquo; button_text=&raquo;LES MER&raquo; button_alignment=&raquo;center&raquo; _builder_version=&raquo;4.27.3&#8243; _dynamic_attributes=&raquo;button_url&raquo; _module_preset=&raquo;default&raquo; custom_button=&raquo;on&raquo; global_colors_info=&raquo;{}&raquo;][\/et_pb_button][\/et_pb_column][et_pb_column type=&raquo;1_2&#8243; _builder_version=&raquo;4.22.2&#8243; _module_preset=&raquo;default&raquo; global_colors_info=&raquo;{}&raquo;][et_pb_blurb title=&raquo;MOTVEKTSKRANER MED ELEKTRISK TREKKRAFT&raquo; image=&raquo;https:\/\/liftingfx.girafdev.comwp-content\/uploads\/2023\/08\/Dispositivo-di-sollevamento-motorizzato-FLEX-G1000DBL.png&raquo; alt=&raquo;FLEX G1000DBL Motorisert l\u00f8fteinnretning&raquo; _builder_version=&raquo;4.27.3&#8243; _module_preset=&raquo;default&raquo; header_text_align=&raquo;center&raquo; body_text_align=&raquo;center&raquo; custom_padding=&raquo;||7%||false|false&raquo; hover_enabled=&raquo;0&#8243; border_radii=&raquo;on|10px|10px|10px|10px&raquo; border_width_all=&raquo;1px&raquo; border_color_all=&raquo;#E02B20&#8243; box_shadow_style=&raquo;preset3&#8243; box_shadow_blur=&raquo;60px&raquo; box_shadow_color=&raquo;rgba(224,43,32,0.3)&raquo; locked=&raquo;off&raquo; global_colors_info=&raquo;{}&raquo; sticky_enabled=&raquo;0&#8243; admin_label=&raquo;MOTVEKTSKRANER MED ELEKTRISK TREKKRAFT&raquo; title_text=&raquo;FLEX G1000DBL Motorisert l\u00f8fteinnretning&raquo;]<\/p>\n<p>Det beste innen teknologi og ytelse. Med enkel, dobbel eller trippel elektrisk bom. Sv\u00e6rt kompakte dimensjoner<br \/>og lave vedlikeholdskostnader. For intensiv og tung bruk. Elektrisk drift med to proporsjonale hastigheter.<\/p>\n<p>[\/et_pb_blurb][et_pb_button button_url=&raquo;@ET-DC@eyJkeW5hbWljIjp0cnVlLCJjb250ZW50IjoicG9zdF9saW5rX3VybF9wYWdlIiwic2V0dGluZ3MiOnsicG9zdF9pZCI6IjIwMDcyIn19@&raquo; button_text=&raquo;LES MER&raquo; button_alignment=&raquo;center&raquo; _builder_version=&raquo;4.27.3&#8243; _dynamic_attributes=&raquo;button_url&raquo; _module_preset=&raquo;default&raquo; custom_button=&raquo;on&raquo; locked=&raquo;off&raquo; global_colors_info=&raquo;{}&raquo;][\/et_pb_button][\/et_pb_column][\/et_pb_row][\/et_pb_section]<\/p>\n","protected":false},"excerpt":{"rendered":"<p><div class=\"et_pb_module lwp_divi_breadcrumbs lwp_divi_breadcrumbs_0\">\n\t\t\t\t\n\t\t\t\t\n\t\t\t\t\n\t\t\t\t\n\t\t\t\t\n\t\t\t\t\n\t\t\t\t<div class=\"et_pb_module_inner\">\n\t\t\t\t\t<div class=\"lwp-breadcrumbs\"> <span class=\"before\"><\/span> <span vocab=\"https:\/\/schema.org\/\" typeof=\"BreadcrumbList\"><span property=\"itemListElement\" typeof=\"ListItem\"><a property=\"item\" typeof=\"WebPage\" href=\"https:\/\/liftingfx.girafdev.com\/no\/\" class=\"home\"><span property=\"name\">Home<\/span><\/a><meta property=\"position\" content=\"1\"><\/span> <span class=\"separator et-pb-icon\">&amp;#x39;<\/span> <\/span><\/div>\n\t\t\t\t<\/div>\n\t\t\t<\/div>Den mest \u00f8konomiske og effektive l\u00f8sningen for \u00e5 garantere sikkerheten og fleksibiliteten til hver l\u00f8fte- og h\u00e5ndteringsoperasjon. Kapasiteter fra 200 til 1000 kg.Svingbar eller stiv arm.Det beste innen teknologi og ytelse. Med enkel, dobbel eller trippel elektrisk bom. Sv\u00e6rt kompakte dimensjonerog lave vedlikeholdskostnader. For intensiv og tung bruk. Elektrisk drift med [&hellip;]<\/p>\n","protected":false},"author":9,"featured_media":0,"parent":0,"menu_order":0,"comment_status":"closed","ping_status":"closed","template":"","meta":{"_acf_changed":false,"_et_pb_use_builder":"on","_et_pb_old_content":"","_et_gb_content_width":"","footnotes":""},"class_list":["post-281049","page","type-page","status-publish","hentry"],"acf":[],"_links":{"self":[{"href":"https:\/\/liftingfx.girafdev.com\/no\/wp-json\/wp\/v2\/pages\/281049","targetHints":{"allow":["GET"]}}],"collection":[{"href":"https:\/\/liftingfx.girafdev.com\/no\/wp-json\/wp\/v2\/pages"}],"about":[{"href":"https:\/\/liftingfx.girafdev.com\/no\/wp-json\/wp\/v2\/types\/page"}],"author":[{"embeddable":true,"href":"https:\/\/liftingfx.girafdev.com\/no\/wp-json\/wp\/v2\/users\/9"}],"replies":[{"embeddable":true,"href":"https:\/\/liftingfx.girafdev.com\/no\/wp-json\/wp\/v2\/comments?post=281049"}],"version-history":[{"count":6,"href":"https:\/\/liftingfx.girafdev.com\/no\/wp-json\/wp\/v2\/pages\/281049\/revisions"}],"predecessor-version":[{"id":317919,"href":"https:\/\/liftingfx.girafdev.com\/no\/wp-json\/wp\/v2\/pages\/281049\/revisions\/317919"}],"wp:attachment":[{"href":"https:\/\/liftingfx.girafdev.com\/no\/wp-json\/wp\/v2\/media?parent=281049"}],"curies":[{"name":"wp","href":"https:\/\/api.w.org\/{rel}","templated":true}]}}