{"id":279219,"date":"2024-06-11T12:25:40","date_gmt":"2024-06-11T10:25:40","guid":{"rendered":"https:\/\/bigleap.tech\/flex2\/?page_id=279219"},"modified":"2025-03-21T08:56:24","modified_gmt":"2025-03-21T07:56:24","slug":"firma","status":"publish","type":"page","link":"https:\/\/liftingfx.girafdev.com\/no\/firma\/","title":{"rendered":"Firma"},"content":{"rendered":"<p>[et_pb_section fb_built=&raquo;1&#8243; _builder_version=&raquo;4.22.2&#8243; _module_preset=&raquo;default&raquo; background_color=&raquo;#000000&#8243; background_image=&raquo;https:\/\/liftingfx.girafdev.comwp-content\/uploads\/2024\/07\/pattren-123-20356-222025.png&raquo; background_size=&raquo;contain&raquo; background_position=&raquo;center_left&raquo; background_horizontal_offset=&raquo;100%&raquo; custom_margin=&raquo;|||0px|false|false&raquo; custom_padding=&raquo;7%||15px|0px|false|false&raquo; background_last_edited=&raquo;on|tablet&raquo; background_size_tablet=&raquo;cover&raquo; background_size_phone=&raquo;cover&raquo; da_disable_devices=&raquo;off|off|off&raquo; locked=&raquo;off&raquo; global_colors_info=&raquo;{}&raquo; da_is_popup=&raquo;off&raquo; da_exit_intent=&raquo;off&raquo; da_has_close=&raquo;on&raquo; da_alt_close=&raquo;off&raquo; da_dark_close=&raquo;off&raquo; da_not_modal=&raquo;on&raquo; da_is_singular=&raquo;off&raquo; da_with_loader=&raquo;off&raquo; da_has_shadow=&raquo;on&raquo;][et_pb_row _builder_version=&raquo;4.22.2&#8243; _module_preset=&raquo;default&raquo; custom_margin=&raquo;|auto|||false|false&raquo; custom_padding=&raquo;81px|||||&raquo; global_colors_info=&raquo;{}&raquo;][et_pb_column type=&raquo;4_4&#8243; _builder_version=&raquo;4.22.2&#8243; _module_preset=&raquo;default&raquo; global_colors_info=&raquo;{}&raquo;][et_pb_heading title=&raquo;Firma&raquo; _builder_version=&raquo;4.25.2&#8243; _module_preset=&raquo;default&raquo; title_font=&raquo;Poppins|700||on|||||&raquo; title_text_color=&raquo;#FFFFFF&raquo; title_font_size=&raquo;60px&raquo; global_colors_info=&raquo;{}&raquo;][\/et_pb_heading][et_pb_text _builder_version=&raquo;4.25.2&#8243; _module_preset=&raquo;default&raquo; text_font=&raquo;|300|||||||&raquo; text_text_color=&raquo;#c1c1c1&#8243; text_font_size=&raquo;16px&raquo; width=&raquo;70%&raquo; global_colors_info=&raquo;{}&raquo;][\/et_pb_text][\/et_pb_column][\/et_pb_row][et_pb_row _builder_version=&raquo;4.22.2&#8243; _module_preset=&raquo;default&raquo; custom_margin=&raquo;|auto|||false|false&raquo; border_width_top=&raquo;1px&raquo; border_color_top=&raquo;#444444&#8243; global_colors_info=&raquo;{}&raquo;][et_pb_column type=&raquo;4_4&#8243; _builder_version=&raquo;4.22.2&#8243; _module_preset=&raquo;default&raquo; global_colors_info=&raquo;{}&raquo;][lwp_divi_breadcrumbs separator_color=&raquo;#FFFFFF&raquo; current_text_color=&raquo;#FFFFFF&raquo; _builder_version=&raquo;4.27.3&#8243; _module_preset=&raquo;default&raquo; global_colors_info=&raquo;{}&raquo;][\/lwp_divi_breadcrumbs][\/et_pb_column][\/et_pb_row][\/et_pb_section][et_pb_section fb_built=&raquo;1&#8243; _builder_version=&raquo;4.27.3&#8243; _module_preset=&raquo;default&raquo; top_divider_style=&raquo;wave2&#8243; top_divider_color=&raquo;#000000&#8243; top_divider_height=&raquo;54px&raquo; top_divider_flip=&raquo;horizontal|vertical&raquo; da_disable_devices=&raquo;off|off|off&raquo; locked=&raquo;off&raquo; global_colors_info=&raquo;{}&raquo; da_is_popup=&raquo;off&raquo; da_exit_intent=&raquo;off&raquo; da_has_close=&raquo;on&raquo; da_alt_close=&raquo;off&raquo; da_dark_close=&raquo;off&raquo; da_not_modal=&raquo;on&raquo; da_is_singular=&raquo;off&raquo; da_with_loader=&raquo;off&raquo; da_has_shadow=&raquo;on&raquo;][et_pb_row _builder_version=&raquo;4.27.3&#8243; _module_preset=&raquo;default&raquo; global_colors_info=&raquo;{}&raquo;][et_pb_column type=&raquo;4_4&#8243; _builder_version=&raquo;4.27.3&#8243; _module_preset=&raquo;default&raquo; global_colors_info=&raquo;{}&raquo;][et_pb_image src=&raquo;https:\/\/liftingfx.girafdev.comwp-content\/uploads\/2024\/11\/Flex-Lifting-team-with-cranes-scaled11.jpg&raquo; title_text=&raquo;Flex-Lifting-team-with-cranes-scaled11&#8243; _builder_version=&raquo;4.27.3&#8243; _module_preset=&raquo;default&raquo; box_shadow_style=&raquo;preset4&#8243; box_shadow_color=&raquo;#E02B20&#8243; global_colors_info=&raquo;{}&raquo;][\/et_pb_image][\/et_pb_column][\/et_pb_row][et_pb_row column_structure=&raquo;1_5,3_5,1_5&#8243; _builder_version=&raquo;4.27.3&#8243; _module_preset=&raquo;default&raquo; global_colors_info=&raquo;{}&raquo;][et_pb_column type=&raquo;1_5&#8243; _builder_version=&raquo;4.27.3&#8243; _module_preset=&raquo;default&raquo; global_colors_info=&raquo;{}&raquo;][\/et_pb_column][et_pb_column type=&raquo;3_5&#8243; _builder_version=&raquo;4.27.3&#8243; _module_preset=&raquo;default&raquo; global_colors_info=&raquo;{}&raquo;][et_pb_text _builder_version=&raquo;4.27.3&#8243; _module_preset=&raquo;default&raquo; text_font=&raquo;Open Sans|600|||||||&raquo; text_text_color=&raquo;#666666&#8243; text_font_size=&raquo;18px&raquo; global_colors_info=&raquo;{}&raquo;]<\/p>\n<p style=\"text-align: center;\">Flex lifting er et merke i axa-gruppen som spesialiserer seg p\u00e5 produksjon av 100% laget i italia mobile motvektskraner, egnet for alle industrisektorer.<\/p>\n<p>[\/et_pb_text][\/et_pb_column][et_pb_column type=&raquo;1_5&#8243; _builder_version=&raquo;4.27.3&#8243; _module_preset=&raquo;default&raquo; global_colors_info=&raquo;{}&raquo;][\/et_pb_column][\/et_pb_row][et_pb_row column_structure=&raquo;1_2,1_2&#8243; _builder_version=&raquo;4.27.3&#8243; _module_preset=&raquo;default&raquo; hover_enabled=&raquo;0&#8243; global_colors_info=&raquo;{}&raquo; module_class=&raquo;company-area-no&raquo; sticky_enabled=&raquo;0&#8243;][et_pb_column type=&raquo;1_2&#8243; _builder_version=&raquo;4.27.3&#8243; _module_preset=&raquo;default&raquo; background_color=&raquo;#ededed&raquo; custom_padding=&raquo;70px|30px|70px|30px|false|false&raquo; border_radii=&raquo;on|10px|10px|10px|10px&raquo; box_shadow_style=&raquo;preset2&#8243; box_shadow_color=&raquo;#8F8F8F&raquo; global_colors_info=&raquo;{}&raquo;][et_pb_text _builder_version=&raquo;4.27.3&#8243; _module_preset=&raquo;default&raquo; text_font=&raquo;Oswald||||||||&raquo; text_text_color=&raquo;#e02b20&#8243; text_font_size=&raquo;18px&raquo; text_letter_spacing=&raquo;2px&raquo; text_orientation=&raquo;center&raquo; global_colors_info=&raquo;{}&raquo;]V\u00c5R MISJON[\/et_pb_text][et_pb_text _builder_version=&raquo;4.27.3&#8243; _module_preset=&raquo;default&raquo; text_font=&raquo;Open Sans|600|||||||&raquo; text_text_color=&raquo;#666666&#8243; text_font_size=&raquo;16px&raquo; text_line_height=&raquo;1.8em&raquo; text_orientation=&raquo;center&raquo; global_colors_info=&raquo;{}&raquo;]<\/p>\n<p>Vi er hele tiden forpliktet til forskning og utvikling av l\u00f8fte- og materialh\u00e5ndteringsl\u00f8sninger. B\u00e6rekraftige og effektive l\u00f8sninger for \u00e5 sikre maksimal sikkerhet og ergonomi for arbeidstakere. Vi setter v\u00e5r teknologi til tjeneste for mennesker, for \u00e5 forbedre kvaliteten p\u00e5 arbeidet og redusere risikoen for skader.<\/p>\n<p>[\/et_pb_text][\/et_pb_column][et_pb_column type=&raquo;1_2&#8243; _builder_version=&raquo;4.27.3&#8243; _module_preset=&raquo;default&raquo; background_color=&raquo;#ededed&raquo; custom_padding=&raquo;40px|30px|40px|30px|false|false&raquo; border_radii=&raquo;on|10px|10px|10px|10px&raquo; box_shadow_style=&raquo;preset2&#8243; box_shadow_color=&raquo;#8F8F8F&raquo; global_colors_info=&raquo;{}&raquo;][et_pb_text _builder_version=&raquo;4.27.3&#8243; _module_preset=&raquo;default&raquo; text_font=&raquo;Oswald||||||||&raquo; text_text_color=&raquo;#e02b20&#8243; text_font_size=&raquo;18px&raquo; text_letter_spacing=&raquo;2px&raquo; text_orientation=&raquo;center&raquo; global_colors_info=&raquo;{}&raquo;]50 \u00c5R MED INNOVASJON[\/et_pb_text][et_pb_text _builder_version=&raquo;4.27.3&#8243; _module_preset=&raquo;default&raquo; text_font=&raquo;Open Sans|600|||||||&raquo; text_text_color=&raquo;#666666&#8243; text_font_size=&raquo;16px&raquo; text_line_height=&raquo;1.8em&raquo; text_orientation=&raquo;center&raquo; global_colors_info=&raquo;{}&raquo;]<\/p>\n<p>Kvalitet, innovasjon og p\u00e5litelighet: dette er pilarene som Flex Lifting er basert p\u00e5. I over 50 \u00e5r har vi produsert motvektede mobilkraner av topp kvalitet, et resultat av konstant satsing p\u00e5 forskning og utvikling. Hver av v\u00e5re kraner er designet og produsert med materialer av topp kvalitet og utsatt for strenge kvalitetskontroller. \u00c5 velge en Flex Lifting-l\u00f8sning betyr \u00e5 investere i banebrytende teknologi og et produkt designet for \u00e5 vare over tid.<\/p>\n<p>[\/et_pb_text][\/et_pb_column][\/et_pb_row][et_pb_row column_structure=&raquo;1_2,1_2&#8243; _builder_version=&raquo;4.27.3&#8243; _module_preset=&raquo;default&raquo; hover_enabled=&raquo;0&#8243; global_colors_info=&raquo;{}&raquo; module_class=&raquo;company-area-no&raquo; sticky_enabled=&raquo;0&#8243;][et_pb_column type=&raquo;1_2&#8243; _builder_version=&raquo;4.27.3&#8243; _module_preset=&raquo;default&raquo; background_color=&raquo;#ededed&raquo; custom_padding=&raquo;80px|30px|75px|30px|false|false&raquo; border_radii=&raquo;on|10px|10px|10px|10px&raquo; box_shadow_style=&raquo;preset2&#8243; box_shadow_color=&raquo;#8F8F8F&raquo; global_colors_info=&raquo;{}&raquo;][et_pb_text _builder_version=&raquo;4.27.3&#8243; _module_preset=&raquo;default&raquo; text_font=&raquo;Oswald||||||||&raquo; text_text_color=&raquo;#e02b20&#8243; text_font_size=&raquo;18px&raquo; text_letter_spacing=&raquo;2px&raquo; text_orientation=&raquo;center&raquo; global_colors_info=&raquo;{}&raquo;]KRANER FOR ALLTID[\/et_pb_text][et_pb_text _builder_version=&raquo;4.27.3&#8243; _module_preset=&raquo;default&raquo; text_font=&raquo;Open Sans|600|||||||&raquo; text_text_color=&raquo;#666666&#8243; text_font_size=&raquo;16px&raquo; text_line_height=&raquo;1.8em&raquo; text_orientation=&raquo;center&raquo; global_colors_info=&raquo;{}&raquo;]<\/p>\n<p>Flex Lifting har alltid skilt seg ut for sitt utrettelige kall for fortreffelighet, som driver oss til \u00e5 finne den beste og definitive l\u00f8sningen for enhver kundeforesp\u00f8rsel. Takket v\u00e6re kontinuerlig innovasjon og tilpasset design, er v\u00e5re kraner designet for \u00e5 m\u00f8te de mest spesifikke behovene til enhver industrisektor. V\u00e5r lidenskap for kvalitet f\u00f8rer til at vi designer stadig mer innovative og h\u00f8yytelses kraner, for \u00e5 tilby l\u00f8sninger som overg\u00e5r kundenes forventninger.<\/p>\n<p>[\/et_pb_text][\/et_pb_column][et_pb_column type=&raquo;1_2&#8243; _builder_version=&raquo;4.27.3&#8243; _module_preset=&raquo;default&raquo; background_color=&raquo;#ededed&raquo; custom_padding=&raquo;35px|30px|35px|30px|false|false&raquo; border_radii=&raquo;on|10px|10px|10px|10px&raquo; box_shadow_style=&raquo;preset2&#8243; box_shadow_color=&raquo;#8F8F8F&raquo; global_colors_info=&raquo;{}&raquo;][et_pb_text _builder_version=&raquo;4.27.3&#8243; _module_preset=&raquo;default&raquo; text_font=&raquo;Oswald||||||||&raquo; text_text_color=&raquo;#e02b20&#8243; text_font_size=&raquo;18px&raquo; text_letter_spacing=&raquo;2px&raquo; text_orientation=&raquo;center&raquo; global_colors_info=&raquo;{}&raquo;]<\/p>\n<p>AxA Group<\/p>\n<p>[\/et_pb_text][et_pb_text _builder_version=&raquo;4.27.3&#8243; _module_preset=&raquo;default&raquo; text_font=&raquo;Open Sans|600|||||||&raquo; text_text_color=&raquo;#666666&#8243; text_font_size=&raquo;16px&raquo; text_line_height=&raquo;1.8em&raquo; text_orientation=&raquo;center&raquo; global_colors_info=&raquo;{}&raquo;]<\/p>\n<p>AxA Group er B2B-partneren til prestisjetunge kunder i Italia og rundt om i verden. Hovedkvarteret ligger i Dozza, i provinsen Bologna, i hjertet av den italienske motordalen, et land hvor de beste italienske selskapene som spesialiserer seg p\u00e5 produksjon av motorer og i emballasje- og automasjonssektoren ble f\u00f8dt.<\/p>\n<p>[\/et_pb_text][\/et_pb_column][\/et_pb_row][et_pb_row column_structure=&raquo;1_2,1_2&#8243; _builder_version=&raquo;4.27.3&#8243; _module_preset=&raquo;default&raquo; hover_enabled=&raquo;0&#8243; global_colors_info=&raquo;{}&raquo; module_class=&raquo;company-area-no&raquo; sticky_enabled=&raquo;0&#8243;][et_pb_column type=&raquo;1_2&#8243; _builder_version=&raquo;4.27.3&#8243; _module_preset=&raquo;default&raquo; background_color=&raquo;#ededed&raquo; custom_padding=&raquo;80px|30px|75px|30px|false|false&raquo; border_radii=&raquo;on|10px|10px|10px|10px&raquo; box_shadow_style=&raquo;preset2&#8243; box_shadow_color=&raquo;#8F8F8F&raquo; global_colors_info=&raquo;{}&raquo;][et_pb_text _builder_version=&raquo;4.27.3&#8243; _module_preset=&raquo;default&raquo; text_font=&raquo;Oswald||||||||&raquo; text_text_color=&raquo;#e02b20&#8243; text_font_size=&raquo;18px&raquo; text_letter_spacing=&raquo;2px&raquo; text_orientation=&raquo;center&raquo; global_colors_info=&raquo;{}&raquo;]<\/p>\n<p>Teamet v\u00e5rt<\/p>\n<p>[\/et_pb_text][et_pb_text _builder_version=&raquo;4.27.3&#8243; _module_preset=&raquo;default&raquo; text_font=&raquo;Open Sans|600|||||||&raquo; text_text_color=&raquo;#666666&#8243; text_font_size=&raquo;16px&raquo; text_line_height=&raquo;1.8em&raquo; text_orientation=&raquo;center&raquo; global_colors_info=&raquo;{}&raquo;]<\/p>\n<p>Bak hvert vellykket produkt er det et team av ekstraordin\u00e6re mennesker. Mennesker som jobber med lidenskap, engasjement og kreativitet for \u00e5 skape noe unikt. Folk som oss, Flex Lifting-teamet. Lidenskapelige mennesker som har stor tro p\u00e5 verdien av arbeidet deres. Vi legger all v\u00e5r innsats og erfaring i \u00e5 tilby v\u00e5re kunder produkter av h\u00f8yeste kvalitet og utmerket service.<\/p>\n<p>[\/et_pb_text][\/et_pb_column][et_pb_column type=&raquo;1_2&#8243; _builder_version=&raquo;4.27.3&#8243; _module_preset=&raquo;default&raquo; background_color=&raquo;#ededed&raquo; custom_padding=&raquo;35px|30px|35px|30px|false|false&raquo; border_radii=&raquo;on|10px|10px|10px|10px&raquo; box_shadow_style=&raquo;preset2&#8243; box_shadow_color=&raquo;#8F8F8F&raquo; global_colors_info=&raquo;{}&raquo;][et_pb_text _builder_version=&raquo;4.27.3&#8243; _module_preset=&raquo;default&raquo; text_font=&raquo;Oswald||||||||&raquo; text_text_color=&raquo;#e02b20&#8243; text_font_size=&raquo;18px&raquo; text_letter_spacing=&raquo;2px&raquo; text_orientation=&raquo;center&raquo; global_colors_info=&raquo;{}&raquo;]<\/p>\n<p>Distribusjonsnettverket, det bankende hjertet til Flex Lifting<\/p>\n<p>[\/et_pb_text][et_pb_text _builder_version=&raquo;4.27.3&#8243; _module_preset=&raquo;default&raquo; text_font=&raquo;Open Sans|600|||||||&raquo; text_text_color=&raquo;#666666&#8243; text_font_size=&raquo;16px&raquo; text_line_height=&raquo;1.8em&raquo; text_orientation=&raquo;center&raquo; global_colors_info=&raquo;{}&raquo;]<\/p>\n<p>Sammen med v\u00e5re kommersielle partnere skriver vi hver dag en ny side i Flex Liftings historie, en historie laget av lidenskap, engasjement og samarbeid. Distribusjonsnettverket v\u00e5rt er en uvurderlig strategisk ressurs som lar oss n\u00e5 nye markeder og tilby en stadig mer komplett service til v\u00e5re kunder.<\/p>\n<p>[\/et_pb_text][\/et_pb_column][\/et_pb_row][\/et_pb_section][et_pb_section fb_built=&raquo;1&#8243; _builder_version=&raquo;4.27.3&#8243; _module_preset=&raquo;default&raquo; da_disable_devices=&raquo;off|off|off&raquo; locked=&raquo;off&raquo; global_colors_info=&raquo;{}&raquo; da_is_popup=&raquo;off&raquo; da_exit_intent=&raquo;off&raquo; da_has_close=&raquo;on&raquo; da_alt_close=&raquo;off&raquo; da_dark_close=&raquo;off&raquo; da_not_modal=&raquo;on&raquo; da_is_singular=&raquo;off&raquo; da_with_loader=&raquo;off&raquo; da_has_shadow=&raquo;on&raquo;][et_pb_row column_structure=&raquo;1_4,1_4,1_4,1_4&#8243; _builder_version=&raquo;4.27.3&#8243; _module_preset=&raquo;default&raquo; global_colors_info=&raquo;{}&raquo;][et_pb_column type=&raquo;1_4&#8243; _builder_version=&raquo;4.27.3&#8243; _module_preset=&raquo;default&raquo; global_colors_info=&raquo;{}&raquo;][\/et_pb_column][et_pb_column type=&raquo;1_4&#8243; _builder_version=&raquo;4.27.3&#8243; _module_preset=&raquo;default&raquo; global_colors_info=&raquo;{}&raquo;][et_pb_image src=&raquo;https:\/\/liftingfx.girafdev.comwp-content\/uploads\/2024\/11\/logo.png&raquo; title_text=&raquo;logo&raquo; _builder_version=&raquo;4.27.3&#8243; _module_preset=&raquo;default&raquo; global_colors_info=&raquo;{}&raquo;][\/et_pb_image][\/et_pb_column][et_pb_column type=&raquo;1_4&#8243; _builder_version=&raquo;4.27.3&#8243; _module_preset=&raquo;default&raquo; global_colors_info=&raquo;{}&raquo;][et_pb_image src=&raquo;https:\/\/liftingfx.girafdev.comwp-content\/uploads\/2024\/11\/AxA.webp&raquo; title_text=&raquo;AxA&raquo; _builder_version=&raquo;4.27.3&#8243; _module_preset=&raquo;default&raquo; global_colors_info=&raquo;{}&raquo;][\/et_pb_image][\/et_pb_column][et_pb_column type=&raquo;1_4&#8243; _builder_version=&raquo;4.27.3&#8243; _module_preset=&raquo;default&raquo; global_colors_info=&raquo;{}&raquo;][\/et_pb_column][\/et_pb_row][\/et_pb_section][et_pb_section fb_built=&raquo;1&#8243; prev_background_color=&raquo;#ffffff&raquo; _builder_version=&raquo;4.22.2&#8243; _module_preset=&raquo;default&raquo; background_color=&raquo;#6f6a6e&raquo; top_divider_style=&raquo;waves2&#8243; top_divider_height=&raquo;52px&raquo; da_disable_devices=&raquo;off|off|off&raquo; locked=&raquo;off&raquo; global_colors_info=&raquo;{}&raquo; da_is_popup=&raquo;off&raquo; da_exit_intent=&raquo;off&raquo; da_has_close=&raquo;on&raquo; da_alt_close=&raquo;off&raquo; da_dark_close=&raquo;off&raquo; da_not_modal=&raquo;on&raquo; da_is_singular=&raquo;off&raquo; da_with_loader=&raquo;off&raquo; da_has_shadow=&raquo;on&raquo;][et_pb_row _builder_version=&raquo;4.16&#8243; _module_preset=&raquo;default&raquo; global_colors_info=&raquo;{}&raquo;][et_pb_column type=&raquo;4_4&#8243; _builder_version=&raquo;4.16&#8243; _module_preset=&raquo;default&raquo; global_colors_info=&raquo;{}&raquo;][et_pb_text _builder_version=&raquo;4.27.3&#8243; _module_preset=&raquo;default&raquo; header_2_text_align=&raquo;center&raquo; header_2_text_color=&raquo;#FFFFFF&raquo; header_2_line_height=&raquo;1.3em&raquo; global_colors_info=&raquo;{}&raquo;]<\/p>\n<h2>Ubegrensede applikasjoner for alle industrisektorer<\/h2>\n<p>[\/et_pb_text][et_pb_button button_url=&raquo;\/no\/counter-balanced-crans2-nor\/&raquo; button_text=&raquo;Oppdag kranene v\u00e5re&raquo; button_alignment=&raquo;center&raquo; admin_label=&raquo;Pulsante&raquo; _builder_version=&raquo;4.27.3&#8243; _module_preset=&raquo;default&raquo; custom_button=&raquo;on&raquo; button_text_size=&raquo;14px&raquo; button_text_color=&raquo;#FFFFFF&raquo; button_bg_color=&raquo;#E02B20&#8243; button_border_width=&raquo;0px&raquo; button_border_radius=&raquo;2px&raquo; button_letter_spacing=&raquo;2px&raquo; button_font=&raquo;Open Sans|700||on|||||&raquo; global_colors_info=&raquo;{}&raquo; button_bg_color__hover_enabled=&raquo;on|hover&raquo; button_bg_color__hover=&raquo;rgba(0,0,0,0.7)&raquo; button_bg_enable_color__hover=&raquo;on&raquo; button_border_radius__hover_enabled=&raquo;on|hover&raquo; button_border_radius__hover=&raquo;2px&raquo;][\/et_pb_button][\/et_pb_column][\/et_pb_row][\/et_pb_section]<\/p>\n","protected":false},"excerpt":{"rendered":"<p><div class=\"et_pb_module lwp_divi_breadcrumbs lwp_divi_breadcrumbs_0\">\n\t\t\t\t\n\t\t\t\t\n\t\t\t\t\n\t\t\t\t\n\t\t\t\t\n\t\t\t\t\n\t\t\t\t<div class=\"et_pb_module_inner\">\n\t\t\t\t\t<div class=\"lwp-breadcrumbs\"> <span class=\"before\"><\/span> <span vocab=\"https:\/\/schema.org\/\" typeof=\"BreadcrumbList\"><span property=\"itemListElement\" typeof=\"ListItem\"><a property=\"item\" typeof=\"WebPage\" href=\"https:\/\/liftingfx.girafdev.com\/no\/\" class=\"home\"><span property=\"name\">Home<\/span><\/a><meta property=\"position\" content=\"1\"><\/span> <span class=\"separator et-pb-icon\">&amp;#x39;<\/span> <\/span><\/div>\n\t\t\t\t<\/div>\n\t\t\t<\/div>Flex lifting er et merke i axa-gruppen som spesialiserer seg p\u00e5 produksjon av 100% laget i italia mobile motvektskraner, egnet for alle industrisektorer.V\u00c5R MISJONVi er hele tiden forpliktet til forskning og utvikling av l\u00f8fte- og materialh\u00e5ndteringsl\u00f8sninger. B\u00e6rekraftige og effektive l\u00f8sninger for \u00e5 sikre maksimal sikkerhet og ergonomi for arbeidstakere. Vi [&hellip;]<\/p>\n","protected":false},"author":9,"featured_media":14372,"parent":0,"menu_order":0,"comment_status":"closed","ping_status":"closed","template":"","meta":{"_acf_changed":false,"_et_pb_use_builder":"on","_et_pb_old_content":"","_et_gb_content_width":"","footnotes":""},"class_list":["post-279219","page","type-page","status-publish","has-post-thumbnail","hentry"],"acf":[],"_links":{"self":[{"href":"https:\/\/liftingfx.girafdev.com\/no\/wp-json\/wp\/v2\/pages\/279219","targetHints":{"allow":["GET"]}}],"collection":[{"href":"https:\/\/liftingfx.girafdev.com\/no\/wp-json\/wp\/v2\/pages"}],"about":[{"href":"https:\/\/liftingfx.girafdev.com\/no\/wp-json\/wp\/v2\/types\/page"}],"author":[{"embeddable":true,"href":"https:\/\/liftingfx.girafdev.com\/no\/wp-json\/wp\/v2\/users\/9"}],"replies":[{"embeddable":true,"href":"https:\/\/liftingfx.girafdev.com\/no\/wp-json\/wp\/v2\/comments?post=279219"}],"version-history":[{"count":12,"href":"https:\/\/liftingfx.girafdev.com\/no\/wp-json\/wp\/v2\/pages\/279219\/revisions"}],"predecessor-version":[{"id":314600,"href":"https:\/\/liftingfx.girafdev.com\/no\/wp-json\/wp\/v2\/pages\/279219\/revisions\/314600"}],"wp:featuredmedia":[{"embeddable":true,"href":"https:\/\/liftingfx.girafdev.com\/no\/wp-json\/wp\/v2\/media\/14372"}],"wp:attachment":[{"href":"https:\/\/liftingfx.girafdev.com\/no\/wp-json\/wp\/v2\/media?parent=279219"}],"curies":[{"name":"wp","href":"https:\/\/api.w.org\/{rel}","templated":true}]}}