{"id":279132,"date":"2024-06-11T14:13:12","date_gmt":"2024-06-11T12:13:12","guid":{"rendered":"https:\/\/bigleap.tech\/flex2\/?page_id=279132"},"modified":"2025-05-28T12:11:56","modified_gmt":"2025-05-28T10:11:56","slug":"our-production-norway","status":"publish","type":"page","link":"https:\/\/liftingfx.girafdev.com\/no\/firma\/our-production-norway\/","title":{"rendered":"our production norway"},"content":{"rendered":"<p>[et_pb_section fb_built=&raquo;1&#8243; _builder_version=&raquo;4.22.2&#8243; _module_preset=&raquo;default&raquo; background_color=&raquo;#000000&#8243; background_image=&raquo;https:\/\/liftingfx.girafdev.comwp-content\/uploads\/2024\/07\/pattren-123-20356-222025.png&raquo; background_size=&raquo;contain&raquo; background_position=&raquo;center_left&raquo; background_horizontal_offset=&raquo;100%&raquo; custom_margin=&raquo;|||0px|false|false&raquo; custom_padding=&raquo;7%||15px|0px|false|false&raquo; background_last_edited=&raquo;on|tablet&raquo; background_size_tablet=&raquo;cover&raquo; background_size_phone=&raquo;cover&raquo; da_disable_devices=&raquo;off|off|off&raquo; locked=&raquo;off&raquo; global_colors_info=&raquo;{}&raquo; da_is_popup=&raquo;off&raquo; da_exit_intent=&raquo;off&raquo; da_has_close=&raquo;on&raquo; da_alt_close=&raquo;off&raquo; da_dark_close=&raquo;off&raquo; da_not_modal=&raquo;on&raquo; da_is_singular=&raquo;off&raquo; da_with_loader=&raquo;off&raquo; da_has_shadow=&raquo;on&raquo;][et_pb_row _builder_version=&raquo;4.22.2&#8243; _module_preset=&raquo;default&raquo; custom_margin=&raquo;|auto|||false|false&raquo; custom_padding=&raquo;81px|||||&raquo; global_colors_info=&raquo;{}&raquo;][et_pb_column type=&raquo;4_4&#8243; _builder_version=&raquo;4.22.2&#8243; _module_preset=&raquo;default&raquo; global_colors_info=&raquo;{}&raquo;][et_pb_heading title=&raquo;PRODUKSJON&raquo; _builder_version=&raquo;4.25.2&#8243; _module_preset=&raquo;default&raquo; title_font=&raquo;Poppins|700||on|||||&raquo; title_text_color=&raquo;#FFFFFF&raquo; title_font_size=&raquo;60px&raquo; global_colors_info=&raquo;{}&raquo;][\/et_pb_heading][et_pb_text _builder_version=&raquo;4.25.2&#8243; _module_preset=&raquo;default&raquo; text_font=&raquo;|300|||||||&raquo; text_text_color=&raquo;#c1c1c1&#8243; text_font_size=&raquo;16px&raquo; width=&raquo;70%&raquo; global_colors_info=&raquo;{}&raquo;][\/et_pb_text][\/et_pb_column][\/et_pb_row][et_pb_row _builder_version=&raquo;4.22.2&#8243; _module_preset=&raquo;default&raquo; custom_margin=&raquo;|auto|||false|false&raquo; border_width_top=&raquo;1px&raquo; border_color_top=&raquo;#444444&#8243; global_colors_info=&raquo;{}&raquo;][et_pb_column type=&raquo;4_4&#8243; _builder_version=&raquo;4.22.2&#8243; _module_preset=&raquo;default&raquo; global_colors_info=&raquo;{}&raquo;][lwp_divi_breadcrumbs separator_color=&raquo;#FFFFFF&raquo; current_text_color=&raquo;#FFFFFF&raquo; _builder_version=&raquo;4.27.3&#8243; _module_preset=&raquo;default&raquo; global_colors_info=&raquo;{}&raquo;][\/lwp_divi_breadcrumbs][\/et_pb_column][\/et_pb_row][\/et_pb_section][et_pb_section fb_built=&raquo;1&#8243; specialty=&raquo;on&raquo; module_class=&raquo;no-lightbox&raquo; _builder_version=&raquo;4.20.4&#8243; _module_preset=&raquo;default&raquo; custom_padding=&raquo;0px||0px||false|false&raquo; da_disable_devices=&raquo;off|off|off&raquo; locked=&raquo;off&raquo; global_colors_info=&raquo;{}&raquo; da_is_popup=&raquo;off&raquo; da_exit_intent=&raquo;off&raquo; da_has_close=&raquo;on&raquo; da_alt_close=&raquo;off&raquo; da_dark_close=&raquo;off&raquo; da_not_modal=&raquo;on&raquo; da_is_singular=&raquo;off&raquo; da_with_loader=&raquo;off&raquo; da_has_shadow=&raquo;on&raquo;][et_pb_column type=&raquo;1_2&#8243; specialty_columns=&raquo;2&#8243; _builder_version=&raquo;4.16&#8243; custom_padding=&raquo;|||&raquo; global_colors_info=&raquo;{}&raquo; custom_padding__hover=&raquo;|||&raquo;][et_pb_row_inner _builder_version=&raquo;4.16&#8243; _module_preset=&raquo;default&raquo; global_colors_info=&raquo;{}&raquo;][et_pb_column_inner saved_specialty_column_type=&raquo;1_2&#8243; _builder_version=&raquo;4.16&#8243; _module_preset=&raquo;default&raquo; global_colors_info=&raquo;{}&raquo;][et_pb_image src=&raquo;https:\/\/liftingfx.girafdev.comwp-content\/uploads\/2024\/11\/AXA-24-2-Photoroom.png&raquo; title_text=&raquo;AXA -24 (2)-Photoroom&raquo; force_fullwidth=&raquo;on&raquo; _builder_version=&raquo;4.27.3&#8243; _module_preset=&raquo;default&raquo; animation_style=&raquo;fade&raquo; box_shadow_style=&raquo;preset4&#8243; box_shadow_color=&raquo;#E02B20&#8243; global_colors_info=&raquo;{}&raquo;][\/et_pb_image][\/et_pb_column_inner][\/et_pb_row_inner][\/et_pb_column][et_pb_column type=&raquo;1_2&#8243; _builder_version=&raquo;4.16&#8243; custom_padding=&raquo;|||&raquo; global_colors_info=&raquo;{}&raquo; custom_padding__hover=&raquo;|||&raquo;][et_pb_blurb title=&raquo;F&#038;U&raquo; use_icon=&raquo;on&raquo; icon_placement=&raquo;left&raquo; content_max_width=&raquo;100%&raquo; image_icon_width_last_edited=&raquo;off|desktop&raquo; admin_label=&raquo;R&#038;D&raquo; _builder_version=&raquo;4.25.2&#8243; header_level=&raquo;h3&#8243; header_font=&raquo;Oswald|||on|||||&raquo; header_text_color=&raquo;#E02B20&#8243; header_font_size=&raquo;18px&raquo; header_letter_spacing=&raquo;2px&raquo; header_line_height=&raquo;1.7em&raquo; body_font=&raquo;Open Sans|600|||||||&raquo; body_font_size=&raquo;16px&raquo; body_line_height=&raquo;1.8em&raquo; animation_style=&raquo;slide&raquo; animation_direction=&raquo;right&raquo; border_color_all_image=&raquo;rgba(51,51,51,0)&raquo; border_style_all_image=&raquo;none&raquo; image_max_width_last_edited=&raquo;off|desktop&raquo; global_colors_info=&raquo;{}&raquo;]<\/p>\n<p class=\"no-rep\">V\u00e5r forsknings- og utviklingsavdeling fokuserer alltid p\u00e5 konstant teknologisk forbedring av alle v\u00e5re kraner for \u00e5 sikre p\u00e5litelige og sikre bruks- og driftsforhold.<\/p>\n<p>[\/et_pb_blurb][et_pb_blurb title=&raquo;PRODUKSJON&raquo; use_icon=&raquo;on&raquo; icon_placement=&raquo;left&raquo; content_max_width=&raquo;100%&raquo; image_icon_width_last_edited=&raquo;off|desktop&raquo; admin_label=&raquo;MANUFACTURING&raquo; _builder_version=&raquo;4.25.2&#8243; header_level=&raquo;h3&#8243; header_font=&raquo;Oswald|||on|||||&raquo; header_text_color=&raquo;#E02B20&#8243; header_font_size=&raquo;18px&raquo; header_letter_spacing=&raquo;2px&raquo; header_line_height=&raquo;1.7em&raquo; body_font=&raquo;Open Sans|600|||||||&raquo; body_font_size=&raquo;16px&raquo; body_line_height=&raquo;1.8em&raquo; animation_style=&raquo;slide&raquo; animation_direction=&raquo;right&raquo; animation_duration=&raquo;1200ms&raquo; border_color_all_image=&raquo;rgba(51,51,51,0)&raquo; border_style_all_image=&raquo;none&raquo; image_max_width_last_edited=&raquo;off|desktop&raquo; global_colors_info=&raquo;{}&raquo;]<\/p>\n<p>V\u00e5re produksjonsprosesser er strengt inspisert for \u00e5 sikre kompatible komponenter i alle v\u00e5re avdelinger. V\u00e5re kraner er \u00abmade in AxA\u00bb.<\/p>\n<p>[\/et_pb_blurb][et_pb_blurb title=&raquo;FORSYNINGSKJEDEN&raquo; use_icon=&raquo;on&raquo; icon_placement=&raquo;left&raquo; content_max_width=&raquo;100%&raquo; image_icon_width_last_edited=&raquo;off|desktop&raquo; admin_label=&raquo;SUPPLY CHAIN&raquo; _builder_version=&raquo;4.25.2&#8243; header_level=&raquo;h3&#8243; header_font=&raquo;Oswald|||on|||||&raquo; header_text_color=&raquo;#E02B20&#8243; header_font_size=&raquo;18px&raquo; header_letter_spacing=&raquo;2px&raquo; header_line_height=&raquo;1.7em&raquo; body_font=&raquo;Open Sans|600|||||||&raquo; body_font_size=&raquo;16px&raquo; body_line_height=&raquo;1.8em&raquo; animation_style=&raquo;slide&raquo; animation_direction=&raquo;right&raquo; animation_duration=&raquo;1400ms&raquo; border_color_all_image=&raquo;rgba(51,51,51,0)&raquo; border_style_all_image=&raquo;none&raquo; image_max_width_last_edited=&raquo;off|desktop&raquo; global_colors_info=&raquo;{}&raquo;]<\/p>\n<p>V\u00e5re leverand\u00f8rer er sertifisert av v\u00e5r kvalitetskontroll og vedtar prosedyrer for sporbarhet av materialer og LEAN-produksjon, som garanterer den h\u00f8yeste produkt- og serviceytelsen. Alle v\u00e5re komponenter er \u00abmade in Italy\u00bb.<\/p>\n<p>[\/et_pb_blurb][et_pb_blurb title=&raquo;SERTIFISERING&raquo; use_icon=&raquo;on&raquo; icon_placement=&raquo;left&raquo; content_max_width=&raquo;100%&raquo; image_icon_width_last_edited=&raquo;off|desktop&raquo; admin_label=&raquo;CERTIFICATION&raquo; _builder_version=&raquo;4.25.2&#8243; header_font=&raquo;Oswald|||on|||||&raquo; header_text_color=&raquo;#E02B20&#8243; header_font_size=&raquo;18px&raquo; header_letter_spacing=&raquo;2px&raquo; header_line_height=&raquo;1.7em&raquo; body_font=&raquo;Open Sans|600|||||||&raquo; body_font_size=&raquo;16px&raquo; body_line_height=&raquo;1.8em&raquo; animation_style=&raquo;slide&raquo; animation_direction=&raquo;right&raquo; animation_duration=&raquo;1600ms&raquo; border_color_all_image=&raquo;rgba(51,51,51,0)&raquo; border_style_all_image=&raquo;none&raquo; image_max_width_last_edited=&raquo;off|desktop&raquo; global_colors_info=&raquo;{}&raquo;]<\/p>\n<p>Alle v\u00e5re kraner overholder gjeldende europeiske forskrifter, inkludert 2006\/42\/EC maskindirektivet, 2014\/35\/EU-direktivet (lavspenning) og 2014\/30\/ EU-direktivet (elektromagnetisk kompatibilitet).<\/p>\n<p>[\/et_pb_blurb][et_pb_blurb title=&raquo;KUNDESERVICE&raquo; use_icon=&raquo;on&raquo; icon_placement=&raquo;left&raquo; content_max_width=&raquo;100%&raquo; image_icon_width_last_edited=&raquo;off|desktop&raquo; admin_label=&raquo;CUSTOMER CARE&raquo; _builder_version=&raquo;4.25.2&#8243; header_font=&raquo;Oswald|||on|||||&raquo; header_text_color=&raquo;#E02B20&#8243; header_font_size=&raquo;18px&raquo; header_letter_spacing=&raquo;2px&raquo; header_line_height=&raquo;1.7em&raquo; body_font=&raquo;Open Sans|600|||||||&raquo; body_font_size=&raquo;16px&raquo; body_line_height=&raquo;1.8em&raquo; animation_style=&raquo;slide&raquo; animation_direction=&raquo;right&raquo; animation_duration=&raquo;1600ms&raquo; border_color_all_image=&raquo;rgba(51,51,51,0)&raquo; border_style_all_image=&raquo;none&raquo; image_max_width_last_edited=&raquo;off|desktop&raquo; global_colors_info=&raquo;{}&raquo;]<\/p>\n<p>V\u00e5r ettersalgsservice st\u00f8tter v\u00e5re kunder i Italia og over hele verden, 24\/7, 365 dager i \u00e5ret. v\u00e5re ansatte st\u00f8tter v\u00e5re forhandlere med uavbrutt, ansikt til ansikt og fjernundervisning. v\u00e5re reservedeler er tilgjengelige innen 24\/36 timer fra bestilling.<\/p>\n<p>[\/et_pb_blurb][\/et_pb_column][\/et_pb_section][et_pb_section fb_built=&raquo;1&#8243; prev_background_color=&raquo;#ffffff&raquo; _builder_version=&raquo;4.22.2&#8243; _module_preset=&raquo;default&raquo; background_color=&raquo;#6f6a6e&raquo; custom_padding=&raquo;75px|||||&raquo; top_divider_style=&raquo;waves2&#8243; top_divider_height=&raquo;52px&raquo; da_disable_devices=&raquo;off|off|off&raquo; locked=&raquo;off&raquo; global_colors_info=&raquo;{}&raquo; da_is_popup=&raquo;off&raquo; da_exit_intent=&raquo;off&raquo; da_has_close=&raquo;on&raquo; da_alt_close=&raquo;off&raquo; da_dark_close=&raquo;off&raquo; da_not_modal=&raquo;on&raquo; da_is_singular=&raquo;off&raquo; da_with_loader=&raquo;off&raquo; da_has_shadow=&raquo;on&raquo;][et_pb_row _builder_version=&raquo;4.16&#8243; _module_preset=&raquo;default&raquo; global_colors_info=&raquo;{}&raquo;][et_pb_column type=&raquo;4_4&#8243; _builder_version=&raquo;4.16&#8243; _module_preset=&raquo;default&raquo; global_colors_info=&raquo;{}&raquo;][et_pb_text _builder_version=&raquo;4.27.3&#8243; _module_preset=&raquo;default&raquo; header_2_text_align=&raquo;center&raquo; header_2_text_color=&raquo;#FFFFFF&raquo; header_2_line_height=&raquo;1.3em&raquo; global_colors_info=&raquo;{}&raquo;]<\/p>\n<h2>Vil du se produktene v\u00e5re?<\/h2>\n<p>[\/et_pb_text][et_pb_button button_url=&raquo;https:\/\/liftingfx.girafdev.comno\/motvektskraner\/&raquo; button_text=&raquo;Oppdag v\u00e5re kraner&raquo; button_alignment=&raquo;center&raquo; _builder_version=&raquo;4.27.3&#8243; _module_preset=&raquo;default&raquo; custom_button=&raquo;on&raquo; button_text_size=&raquo;14px&raquo; button_text_color=&raquo;#FFFFFF&raquo; button_bg_color=&raquo;#E02B20&#8243; button_border_width=&raquo;0px&raquo; button_border_radius=&raquo;2px&raquo; button_letter_spacing=&raquo;2px&raquo; button_font=&raquo;Open Sans|700||on|||||&raquo; hover_enabled=&raquo;0&#8243; global_colors_info=&raquo;{}&raquo; button_bg_color__hover_enabled=&raquo;on|hover&raquo; button_bg_color__hover=&raquo;rgba(0,0,0,0.7)&raquo; button_bg_enable_color__hover=&raquo;on&raquo; button_border_radius__hover_enabled=&raquo;on|hover&raquo; button_border_radius__hover=&raquo;2px&raquo; sticky_enabled=&raquo;0&#8243;][\/et_pb_button][\/et_pb_column][\/et_pb_row][\/et_pb_section]<\/p>\n","protected":false},"excerpt":{"rendered":"<p><div class=\"et_pb_module lwp_divi_breadcrumbs lwp_divi_breadcrumbs_0\">\n\t\t\t\t\n\t\t\t\t\n\t\t\t\t\n\t\t\t\t\n\t\t\t\t\n\t\t\t\t\n\t\t\t\t<div class=\"et_pb_module_inner\">\n\t\t\t\t\t<div class=\"lwp-breadcrumbs\"> <span class=\"before\"><\/span> <span vocab=\"https:\/\/schema.org\/\" typeof=\"BreadcrumbList\"><span property=\"itemListElement\" typeof=\"ListItem\"><a property=\"item\" typeof=\"WebPage\" href=\"https:\/\/liftingfx.girafdev.com\/no\/\" class=\"home\"><span property=\"name\">Home<\/span><\/a><meta property=\"position\" content=\"1\"><\/span> <span class=\"separator et-pb-icon\">&amp;#x39;<\/span> <\/span><\/div>\n\t\t\t\t<\/div>\n\t\t\t<\/div>V\u00e5r forsknings- og utviklingsavdeling fokuserer alltid p\u00e5 konstant teknologisk forbedring av alle v\u00e5re kraner for \u00e5 sikre p\u00e5litelige og sikre bruks- og driftsforhold.V\u00e5re produksjonsprosesser er strengt inspisert for \u00e5 sikre kompatible komponenter i alle v\u00e5re avdelinger. V\u00e5re kraner er \u00abmade in AxA\u00bb.V\u00e5re leverand\u00f8rer er sertifisert av v\u00e5r kvalitetskontroll og vedtar [&hellip;]<\/p>\n","protected":false},"author":9,"featured_media":14741,"parent":279219,"menu_order":0,"comment_status":"closed","ping_status":"closed","template":"","meta":{"_acf_changed":false,"_et_pb_use_builder":"on","_et_pb_old_content":"","_et_gb_content_width":"","footnotes":""},"class_list":["post-279132","page","type-page","status-publish","has-post-thumbnail","hentry"],"acf":[],"_links":{"self":[{"href":"https:\/\/liftingfx.girafdev.com\/no\/wp-json\/wp\/v2\/pages\/279132","targetHints":{"allow":["GET"]}}],"collection":[{"href":"https:\/\/liftingfx.girafdev.com\/no\/wp-json\/wp\/v2\/pages"}],"about":[{"href":"https:\/\/liftingfx.girafdev.com\/no\/wp-json\/wp\/v2\/types\/page"}],"author":[{"embeddable":true,"href":"https:\/\/liftingfx.girafdev.com\/no\/wp-json\/wp\/v2\/users\/9"}],"replies":[{"embeddable":true,"href":"https:\/\/liftingfx.girafdev.com\/no\/wp-json\/wp\/v2\/comments?post=279132"}],"version-history":[{"count":7,"href":"https:\/\/liftingfx.girafdev.com\/no\/wp-json\/wp\/v2\/pages\/279132\/revisions"}],"predecessor-version":[{"id":317934,"href":"https:\/\/liftingfx.girafdev.com\/no\/wp-json\/wp\/v2\/pages\/279132\/revisions\/317934"}],"up":[{"embeddable":true,"href":"https:\/\/liftingfx.girafdev.com\/no\/wp-json\/wp\/v2\/pages\/279219"}],"wp:featuredmedia":[{"embeddable":true,"href":"https:\/\/liftingfx.girafdev.com\/no\/wp-json\/wp\/v2\/media\/14741"}],"wp:attachment":[{"href":"https:\/\/liftingfx.girafdev.com\/no\/wp-json\/wp\/v2\/media?parent=279132"}],"curies":[{"name":"wp","href":"https:\/\/api.w.org\/{rel}","templated":true}]}}