{"id":3966,"date":"2022-03-14T07:43:07","date_gmt":"2022-03-14T06:43:07","guid":{"rendered":"https:\/\/liftingfx.girafdev.comprodotto\/01m3aisi-300-kg-counterbalanced-stainless-steel-swivel-crane-360-manual-lift-lower\/"},"modified":"2025-06-27T11:59:34","modified_gmt":"2025-06-27T09:59:34","slug":"grue-porte-a-faux-rotative-a-360-en-acier-inoxidable-elevation-et-descente-manuelles","status":"publish","type":"product","link":"https:\/\/liftingfx.girafdev.com\/fr\/product\/grue-porte-a-faux-rotative-a-360-en-acier-inoxidable-elevation-et-descente-manuelles\/","title":{"rendered":"01M5AISI MINI GRUE EN ACIER INOXIDABLE"},"content":{"rendered":"<p>[et_pb_section fb_built=\u00a0\u00bb1&Prime; _builder_version=\u00a0\u00bb4.27.3&Prime; _module_preset=\u00a0\u00bbdefault\u00a0\u00bb da_disable_devices=\u00a0\u00bboff|off|off\u00a0\u00bb global_colors_info=\u00a0\u00bb{}\u00a0\u00bb da_is_popup=\u00a0\u00bboff\u00a0\u00bb da_exit_intent=\u00a0\u00bboff\u00a0\u00bb da_has_close=\u00a0\u00bbon\u00a0\u00bb da_alt_close=\u00a0\u00bboff\u00a0\u00bb da_dark_close=\u00a0\u00bboff\u00a0\u00bb da_not_modal=\u00a0\u00bbon\u00a0\u00bb da_is_singular=\u00a0\u00bboff\u00a0\u00bb da_with_loader=\u00a0\u00bboff\u00a0\u00bb da_has_shadow=\u00a0\u00bbon\u00a0\u00bb][\/et_pb_section]<\/p>\n","protected":false},"excerpt":{"rendered":"<p><span style=\"vertical-align: inherit;\"><span style=\"vertical-align: inherit;\"><span data-sheets-root=\"1\">CAPACIT\u00c9 DE LEVAGE <\/span>500 KG<\/span><\/span><\/p>\n","protected":false},"featured_media":316852,"template":"","meta":{"_acf_changed":false,"_et_pb_use_builder":"on","_et_pb_old_content":"<span style=\"font-weight: 400\">La <\/span><b>grue en acier inoxidable \u00e0 contrepoids<\/b><span style=\"font-weight: 400\"> 01M5AISI repr\u00e9sente la solution la plus rentable et la plus flexible pour\u00a0<\/span><b>le levage et le transport de charges jusqu\u2019\u00e0 500 kg<\/b><span style=\"font-weight: 400\">\u00a0lors qu\u2019une haute r\u00e9sistance \u00e0 la corrosion est requise.\u00a0<\/span>\r\n\r\n<span style=\"font-weight: 400\">Gr\u00e2ce \u00e0 la compatibilit\u00e9 de l\u2019acier inoxidable avec les niveaux d\u2019hygi\u00e8ne et de s\u00e9curit\u00e9 les plus exigeants, la grue 01M5AISI repr\u00e9sente\u00a0<\/span><b>le premier choix pour les applications dans les h\u00f4pitaux, les cuisines industrielles, les installations de transformation des aliments, les entreprises pharmaceutiques et biom\u00e9dicales, l'industrie chimique, le secteur maritime et l'industrie a\u00e9rospatiale.<\/b>\r\n\r\n<span style=\"font-weight: 400\">La mini grue 01M5AISI est livr\u00e9e en standard avec une finition mate avec micro-grenaillage. Les finitions suivantes sont \u00e9galement disponibles sur demande : \u00e9lectropolissage ou effet poli miroir.\u00a0<\/span>\r\n\r\n<span style=\"font-weight: 400\">Gr\u00e2ce aux dimensions compactes, cette grue est facilement maniable m\u00eame \u00e0 pleine charge et peut \u00eatre d\u00e9plac\u00e9e sans effort dans des espaces confin\u00e9s. Tous les composants sont fabriqu\u00e9s en Italie pour garantir la plus haute qualit\u00e9 de construction et l\u2019absence de d\u00e9fauts.<\/span>\r\n\r\n<span style=\"font-weight: 400\">La sellette d'attelage avec roulements, install\u00e9e en standard sur cette solution de levage en acier inoxydable, permet une rotation pr\u00e9cise et fluide \u00e0 360\u00b0, facilitant un positionnement pr\u00e9cis du bras. Cette fonctionnalit\u00e9 est particuli\u00e8rement utile lorsque des mouvements r\u00e9p\u00e9titifs doivent \u00eatre effectu\u00e9s ou dans des espaces confin\u00e9s, o\u00f9 la pr\u00e9cision est un facteur essentiel.<\/span>\r\n\r\n<b>La grue rotative 01M5AISI est equip\u00e9e avec une pompe \u00e0 lev\u00e9e rapide\u00a0double action et une manivelle pour la descente \u00e0 vitesse r\u00e9glable.\u00a0<\/b><span style=\"font-weight: 400\">Fl\u00e8che extensible en 4 positions. Bras extensible jusqu\u2019\u00e0 1270 mm avec une rallonge optionnelle.\u00a0<\/span>\r\n\r\n<span style=\"font-weight: 400\">Le syst\u00e8me hydraulique est \u00e9quip\u00e9 d\u2019un dispositif automatique de limitation de charge et avec soupape de s\u00e9curit\u00e9 int\u00e9gr\u00e9e pour \u00e9viter la descente accidentelle en cas de rupture des tubes.\u00a0<\/span>","_et_gb_content_width":""},"product_brand":[],"product_cat":[72],"product_tag":[],"class_list":{"0":"post-3966","1":"product","2":"type-product","3":"status-publish","4":"has-post-thumbnail","6":"product_cat-grues-porte-a-faux-rotative-a-360","7":"pa_portata-max-kg-500-fr-2","9":"first","10":"instock","11":"shipping-taxable","12":"product-type-simple"},"acf":[],"gallery_images":[316849,306674,306664,316879,316869,316859],"_links":{"self":[{"href":"https:\/\/liftingfx.girafdev.com\/fr\/wp-json\/wp\/v2\/product\/3966","targetHints":{"allow":["GET"]}}],"collection":[{"href":"https:\/\/liftingfx.girafdev.com\/fr\/wp-json\/wp\/v2\/product"}],"about":[{"href":"https:\/\/liftingfx.girafdev.com\/fr\/wp-json\/wp\/v2\/types\/product"}],"wp:featuredmedia":[{"embeddable":true,"href":"https:\/\/liftingfx.girafdev.com\/fr\/wp-json\/wp\/v2\/media\/316852"}],"wp:attachment":[{"href":"https:\/\/liftingfx.girafdev.com\/fr\/wp-json\/wp\/v2\/media?parent=3966"}],"wp:term":[{"taxonomy":"product_brand","embeddable":true,"href":"https:\/\/liftingfx.girafdev.com\/fr\/wp-json\/wp\/v2\/product_brand?post=3966"},{"taxonomy":"product_cat","embeddable":true,"href":"https:\/\/liftingfx.girafdev.com\/fr\/wp-json\/wp\/v2\/product_cat?post=3966"},{"taxonomy":"product_tag","embeddable":true,"href":"https:\/\/liftingfx.girafdev.com\/fr\/wp-json\/wp\/v2\/product_tag?post=3966"}],"curies":[{"name":"wp","href":"https:\/\/api.w.org\/{rel}","templated":true}]}}