{"id":316424,"date":"2025-05-08T11:04:46","date_gmt":"2025-05-08T09:04:46","guid":{"rendered":"https:\/\/liftingfx.girafdev.com?post_type=product&#038;p=316424"},"modified":"2025-06-25T17:16:43","modified_gmt":"2025-06-25T15:16:43","slug":"flex-g750dbl-grue-motorisee-porte-a-faux-750-kg","status":"publish","type":"product","link":"https:\/\/liftingfx.girafdev.com\/fr\/product\/flex-g750dbl-grue-motorisee-porte-a-faux-750-kg\/","title":{"rendered":"FLEX G750DBL GRUE MOTORIS\u00c9E PORTE-\u00c0-FAUX"},"content":{"rendered":"<p><span style=\"font-weight: 400;\">La grue FLEX G750DBL est une <\/span><b>grue pivotante \u00e0 contrepoids \u00e0 deplacement \u00e9lectrique<\/b><span style=\"font-weight: 400;\"> qui permet de soulever des charges jusqu&rsquo;\u00e0 750 kg.<\/span><\/p>\n<p><span style=\"font-weight: 400;\">Cette <strong>grue mobile motoris\u00e9e<\/strong> \u00e9quip\u00e9e d&rsquo;un bras t\u00e9l\u00e9scopique \u00e9lectrique assure un porte-\u00e0-faux de 2400 mm.\u00a0<\/span><\/p>\n<p><span style=\"font-weight: 400;\">La rotation, qui peut \u00eatre bloqu\u00e9e tous les 30\u00b0, se fait manuellement et est facilit\u00e9e par la pr\u00e9sence de roulements et de deux poign\u00e9es ergonomiques situ\u00e9es sur la partie sup\u00e9rieure du lest. Equip\u00e9e de 2 roues fixes et d&rsquo;une roue motoris\u00e9e reli\u00e9 directement au timon pour une maniabilit\u00e9 maximale dans les espaces restreints.<\/span><\/p>\n<p><span style=\"font-weight: 400;\">Caract\u00e9ristiques standard : batteries AGM \u00e9tanches sans entretien, chargeur de batterie externe, colonne lumineuse indiquante le bon fonctionnement de la grue et avertissement de surcharge, arr\u00eat d&rsquo;urgence.<\/span><\/p>\n<p><span style=\"font-weight: 400;\">La <\/span><b>grue Flex G750DBL<\/b><span style=\"font-weight: 400;\"> dispose \u00e9galement d&rsquo;un \u00e9cran multifonction indiquant le niveau de charge, la tension de la batterie et les heures de fonctionnement.<\/span><\/p>\n<p><span style=\"font-weight: 400;\">L\u2019\u00e9l\u00e9vation, la descente, l&rsquo;extension et la rentr\u00e9e de la fl\u00e8che sont command\u00e9s \u00e9lectriquement. Tous les mouvements sont r\u00e9glables par l&rsquo;op\u00e9rateur gr<\/span><span style=\"font-weight: 400;\">\u00e2<\/span><span style=\"font-weight: 400;\">ce aux leviers de commande situ\u00e9s sur le panneau de commande de la grue. <\/span><b>La vitesse et la proportionnalit\u00e9 sont g\u00e9r\u00e9es par le mouvement des leviers.<\/b><\/p>\n<p><span style=\"font-weight: 400;\">C&rsquo;est une <\/span><b>grue mobile universelle<\/b><span style=\"font-weight: 400;\"> qui offre des possibilit\u00e9s d&rsquo;application illimit\u00e9es. Avec la <\/span><b>mini grue FLEX G750DBL<\/b><span style=\"font-weight: 400;\">, gr\u00e2ce \u00e0 sa rotation \u00e0 270\u00b0 et \u00e0 sa fl\u00e8che t\u00e9lescopique, des composants tels que des moules, des pi\u00e8ces de rechange, des produits semi-finis et d&rsquo;autres charges peuvent \u00eatre plac\u00e9s sur des centres d&rsquo;usinage CNC, des racks, des bancs d&rsquo;assemblage et tout endroit difficile d&rsquo;acc\u00e8s.<\/span><\/p>\n<p><b>Caract\u00e9ristiques de s\u00e9curit\u00e9 :<\/b><\/p>\n<p><b>Limiteur de charge dynamique<\/b><span style=\"font-weight: 400;\"> qui \u00e9vite les surcharges et les accidents potentiels. Il surveille en permanence la charge soulev\u00e9e ou manipul\u00e9e et limite automatiquement le fonctionnement si la charge d\u00e9passe la limite de s\u00e9curit\u00e9 pr\u00e9d\u00e9termin\u00e9e.<\/span><\/p>\n<p><span style=\"font-weight: 400;\">Une <\/span><b>vanne de blocage<\/b><span style=\"font-weight: 400;\"> s&rsquo;active automatiquement en cas de rupture d&rsquo;un tuyeau hydraulique, emp\u00eachant la descente incontr\u00f4l\u00e9e de la charge.<\/span><\/p>\n<p><span style=\"font-weight: 400;\">Le timon est \u00e9quip\u00e9 d&rsquo;un s\u00e9lecteur de vitesse qui permet d&rsquo;adapter la vitesse du v\u00e9hicule aux diff\u00e9rentes exigences de fonctionnement. Deux positions sont disponibles :<\/span><\/p>\n<ul>\n<li><span style=\"font-weight: 400;\"> Mode lent : limite la vitesse maximale \u00e0 1,5 km\/h, id\u00e9al pour des man\u0153uvres pr\u00e9cises dans des espaces confin\u00e9s et une manutention en douceur des charges.<\/span><\/li>\n<li><span style=\"font-weight: 400;\"> Vitesse standard : permet une vitesse maximale de 3 km\/h, adapt\u00e9e aux d\u00e9placements sur de longues distances dans des conditions standard<\/span><\/li>\n<\/ul>\n<p><span style=\"font-weight: 400;\">La <\/span><b>grue \u00e0 contrepoids FLEX G750DBL<\/b><span style=\"font-weight: 400;\"> permet de manipuler et de soulever des charges dans le respect total des r\u00e9glementations en vigueur pour la protection de la s\u00e9curit\u00e9 des op\u00e9rateurs.<\/span><\/p>\n","protected":false},"excerpt":{"rendered":"<p>COMMANDES \u00c0 LEVIER<\/p>\n<p><span data-sheets-root=\"1\">CAPACIT\u00c9 DE LEVAGE<\/span> 750 KG<\/p>\n","protected":false},"featured_media":316435,"template":"","meta":{"_acf_changed":false,"_et_pb_use_builder":"","_et_pb_old_content":"","_et_gb_content_width":""},"product_brand":[],"product_cat":[64],"product_tag":[],"class_list":{"0":"post-316424","1":"product","2":"type-product","3":"status-publish","4":"has-post-thumbnail","6":"product_cat-grues-pick-carry-avec-couble-ou-triple-extension-electrique","7":"pa_portata-max-kg-750-fr","9":"first","10":"instock","11":"shipping-taxable","12":"product-type-simple"},"acf":[],"gallery_images":[316442,316452,316462,316472,316482,316492,316502],"_links":{"self":[{"href":"https:\/\/liftingfx.girafdev.com\/fr\/wp-json\/wp\/v2\/product\/316424","targetHints":{"allow":["GET"]}}],"collection":[{"href":"https:\/\/liftingfx.girafdev.com\/fr\/wp-json\/wp\/v2\/product"}],"about":[{"href":"https:\/\/liftingfx.girafdev.com\/fr\/wp-json\/wp\/v2\/types\/product"}],"wp:featuredmedia":[{"embeddable":true,"href":"https:\/\/liftingfx.girafdev.com\/fr\/wp-json\/wp\/v2\/media\/316435"}],"wp:attachment":[{"href":"https:\/\/liftingfx.girafdev.com\/fr\/wp-json\/wp\/v2\/media?parent=316424"}],"wp:term":[{"taxonomy":"product_brand","embeddable":true,"href":"https:\/\/liftingfx.girafdev.com\/fr\/wp-json\/wp\/v2\/product_brand?post=316424"},{"taxonomy":"product_cat","embeddable":true,"href":"https:\/\/liftingfx.girafdev.com\/fr\/wp-json\/wp\/v2\/product_cat?post=316424"},{"taxonomy":"product_tag","embeddable":true,"href":"https:\/\/liftingfx.girafdev.com\/fr\/wp-json\/wp\/v2\/product_tag?post=316424"}],"curies":[{"name":"wp","href":"https:\/\/api.w.org\/{rel}","templated":true}]}}