{"id":307750,"date":"2025-01-22T17:24:17","date_gmt":"2025-01-22T16:24:17","guid":{"rendered":"https:\/\/liftingfx.girafdev.com?post_type=product&#038;p=307750"},"modified":"2025-01-22T17:40:22","modified_gmt":"2025-01-22T16:40:22","slug":"lbac500-palonnier-de-levage-pour-big-bags-capacite-500-kg","status":"publish","type":"product","link":"https:\/\/liftingfx.girafdev.com\/fr\/product\/lbac500-palonnier-de-levage-pour-big-bags-capacite-500-kg\/","title":{"rendered":"LBAC500 PALONNIER DE LEVAGE POUR BIG BAGS &#8211; CAPACIT\u00c9 500 KG"},"content":{"rendered":"<h2>CAPACIT\u00c9 500 KG<\/h2>\n<p>Le palonnier de levage pour big bag LBAC500 est un \u00e9quipement de levage extr\u00eamement polyvalent, con\u00e7u pour la manutention \u00e9quilibr\u00e9e de charges, avec des dimensions optimis\u00e9es en hauteur et en largeur. Il est \u00e9quip\u00e9 de quatre crochets pivotants \u00e0 360\u00b0 qui garantissent un maintien fiable dans toutes les conditions de fonctionnement. Avec une capacit\u00e9 de charge maximale de 500 kg, ce palonnier de levage LBAC500 se distingue par son efficacit\u00e9 et sa fiabilit\u00e9, \u00e9tant con\u00e7u avec une structure en acier robuste. Plage de r\u00e9glage 800, 1100 et 1400 mm.<\/p>\n<p>Le palonnier de levage pour big bag LBAC500 de Flex Lifting peut \u00eatre facilement install\u00e9 sur toutes nos grues et constitue la solution id\u00e9ale pour la manutention et le levage de big bags de diff\u00e9rentes tailles.<\/p>\n<p><a href=\"https:\/\/liftingfx.girafdev.comwp-content\/uploads\/2025\/01\/LBAC500-drawing.pdf\">Voir dessin<\/a><\/p>\n","protected":false},"excerpt":{"rendered":"<p>CAPACIT\u00c9 500 KG Le palonnier de levage pour big bag LBAC500 est un \u00e9quipement de levage extr\u00eamement polyvalent, con\u00e7u pour la manutention \u00e9quilibr\u00e9e de charges, avec des dimensions optimis\u00e9es en hauteur et en largeur. Il est \u00e9quip\u00e9 de quatre crochets pivotants \u00e0 360\u00b0 qui garantissent un maintien fiable dans toutes les conditions de fonctionnement. Avec [&hellip;]<\/p>\n","protected":false},"featured_media":307759,"template":"","meta":{"_acf_changed":false,"_et_pb_use_builder":"off","_et_pb_old_content":"","_et_gb_content_width":""},"product_brand":[],"product_cat":[397],"product_tag":[],"class_list":{"0":"post-307750","1":"product","2":"type-product","3":"status-publish","4":"has-post-thumbnail","6":"product_cat-options","8":"first","9":"instock","10":"shipping-taxable","11":"product-type-simple"},"acf":[],"gallery_images":[307756],"_links":{"self":[{"href":"https:\/\/liftingfx.girafdev.com\/fr\/wp-json\/wp\/v2\/product\/307750","targetHints":{"allow":["GET"]}}],"collection":[{"href":"https:\/\/liftingfx.girafdev.com\/fr\/wp-json\/wp\/v2\/product"}],"about":[{"href":"https:\/\/liftingfx.girafdev.com\/fr\/wp-json\/wp\/v2\/types\/product"}],"wp:featuredmedia":[{"embeddable":true,"href":"https:\/\/liftingfx.girafdev.com\/fr\/wp-json\/wp\/v2\/media\/307759"}],"wp:attachment":[{"href":"https:\/\/liftingfx.girafdev.com\/fr\/wp-json\/wp\/v2\/media?parent=307750"}],"wp:term":[{"taxonomy":"product_brand","embeddable":true,"href":"https:\/\/liftingfx.girafdev.com\/fr\/wp-json\/wp\/v2\/product_brand?post=307750"},{"taxonomy":"product_cat","embeddable":true,"href":"https:\/\/liftingfx.girafdev.com\/fr\/wp-json\/wp\/v2\/product_cat?post=307750"},{"taxonomy":"product_tag","embeddable":true,"href":"https:\/\/liftingfx.girafdev.com\/fr\/wp-json\/wp\/v2\/product_tag?post=307750"}],"curies":[{"name":"wp","href":"https:\/\/api.w.org\/{rel}","templated":true}]}}