{"id":301919,"date":"2024-12-10T10:48:25","date_gmt":"2024-12-10T09:48:25","guid":{"rendered":"https:\/\/flexlifting.girafdev.com\/?post_type=product&#038;p=301919"},"modified":"2025-01-22T14:37:21","modified_gmt":"2025-01-22T13:37:21","slug":"palonnier-de-levage-reglable-capacite-250-kg","status":"publish","type":"product","link":"https:\/\/liftingfx.girafdev.com\/fr\/product\/palonnier-de-levage-reglable-capacite-250-kg\/","title":{"rendered":"LBA250 PALONNIER DE LEVAGE R\u00c9GLABLE &#8211; CAPACIT\u00c9 250 KG"},"content":{"rendered":"<h2>CAPACIT\u00c9 250 KG<\/h2>\n<p>Le palonnier LBA250 est un outil de levage tr\u00e8s polyvalent, con\u00e7u pour manipuler de grandes charges de mani\u00e8re \u00e9quilibr\u00e9e, en optimisant les dimensions hors tout en hauteur et en largeur. Cet appareil est \u00e9quip\u00e9 de deux crochets de charge rotatifs \u00e0 360\u00b0, \u00e9quip\u00e9s de verrous de s\u00e9curit\u00e9 qui garantissent une \u00e9tanch\u00e9it\u00e9 impeccable dans toutes les conditions de fonctionnement. D&rsquo;une capacit\u00e9 de charge maximale de 250 kg, l&rsquo;\u00e9lingue a \u00e9t\u00e9 trait\u00e9e avec une galvanisation antioxydante, garantissant ainsi une r\u00e9sistance et une durabilit\u00e9 sup\u00e9rieures.<br \/>\nDe plus, le palonnier LBA250 est r\u00e9glable en longueur, lui permettant de s&rsquo;adapter \u00e0 diff\u00e9rentes tailles de charges \u00e0 lever. La position des crochets peut \u00eatre facilement modifi\u00e9e aux entraxes de 400, 700 et 1000 mm, gr\u00e2ce \u00e0 des \u00e9pingles de s\u00fbret\u00e9 avec but\u00e9e m\u00e9canique, garantissant ainsi une utilisation flexible et s\u00fbre.<\/p>\n<p><a href=\"https:\/\/liftingfx.girafdev.comwp-content\/uploads\/2024\/12\/LBA250.pdf\">Voir dessin<\/a><\/p>\n","protected":false},"excerpt":{"rendered":"<p>CAPACIT\u00c9 250 KG Le palonnier LBA250 est un outil de levage tr\u00e8s polyvalent, con\u00e7u pour manipuler de grandes charges de mani\u00e8re \u00e9quilibr\u00e9e, en optimisant les dimensions hors tout en hauteur et en largeur. Cet appareil est \u00e9quip\u00e9 de deux crochets de charge rotatifs \u00e0 360\u00b0, \u00e9quip\u00e9s de verrous de s\u00e9curit\u00e9 qui garantissent une \u00e9tanch\u00e9it\u00e9 impeccable [&hellip;]<\/p>\n","protected":false},"featured_media":301939,"template":"","meta":{"_acf_changed":false,"_et_pb_use_builder":"off","_et_pb_old_content":"","_et_gb_content_width":""},"product_brand":[],"product_cat":[397],"product_tag":[],"class_list":{"0":"post-301919","1":"product","2":"type-product","3":"status-publish","4":"has-post-thumbnail","6":"product_cat-options","8":"first","9":"instock","10":"shipping-taxable","11":"product-type-simple"},"acf":[],"gallery_images":[301936],"_links":{"self":[{"href":"https:\/\/liftingfx.girafdev.com\/fr\/wp-json\/wp\/v2\/product\/301919","targetHints":{"allow":["GET"]}}],"collection":[{"href":"https:\/\/liftingfx.girafdev.com\/fr\/wp-json\/wp\/v2\/product"}],"about":[{"href":"https:\/\/liftingfx.girafdev.com\/fr\/wp-json\/wp\/v2\/types\/product"}],"wp:featuredmedia":[{"embeddable":true,"href":"https:\/\/liftingfx.girafdev.com\/fr\/wp-json\/wp\/v2\/media\/301939"}],"wp:attachment":[{"href":"https:\/\/liftingfx.girafdev.com\/fr\/wp-json\/wp\/v2\/media?parent=301919"}],"wp:term":[{"taxonomy":"product_brand","embeddable":true,"href":"https:\/\/liftingfx.girafdev.com\/fr\/wp-json\/wp\/v2\/product_brand?post=301919"},{"taxonomy":"product_cat","embeddable":true,"href":"https:\/\/liftingfx.girafdev.com\/fr\/wp-json\/wp\/v2\/product_cat?post=301919"},{"taxonomy":"product_tag","embeddable":true,"href":"https:\/\/liftingfx.girafdev.com\/fr\/wp-json\/wp\/v2\/product_tag?post=301919"}],"curies":[{"name":"wp","href":"https:\/\/api.w.org\/{rel}","templated":true}]}}