{"id":301879,"date":"2024-12-10T10:18:01","date_gmt":"2024-12-10T09:18:01","guid":{"rendered":"https:\/\/flexlifting.girafdev.com\/?post_type=product&#038;p=301879"},"modified":"2025-01-22T14:42:12","modified_gmt":"2025-01-22T13:42:12","slug":"palonnier-de-levage-capacite-500-kg","status":"publish","type":"product","link":"https:\/\/liftingfx.girafdev.com\/fr\/product\/palonnier-de-levage-capacite-500-kg\/","title":{"rendered":"LBF500 PALONNIER DE LEVAGE &#8211; CAPACIT\u00c9 500 KG"},"content":{"rendered":"<h2>CAPACIT\u00c9 500 KG<\/h2>\n<p>Le palonnier de levage LBF500 est un appareil tr\u00e8s polyvalent, con\u00e7u pour faciliter la manutention de charges importantes de mani\u00e8re \u00e9quilibr\u00e9e, tout en optimisant les dimensions d&rsquo;encombrement, tant en hauteur qu&rsquo;en largeur.<\/p>\n<p>Il est \u00e9quip\u00e9 de deux crochets de charge orientables \u00e0 360\u00b0 avec un entraxe de 600 mm, munis de linguets de s\u00e9curit\u00e9 qui garantissent un maintien maximal dans toutes les conditions de travail. D&rsquo;une capacit\u00e9 de charge maximale de 500 kg, le palonnier a \u00e9t\u00e9 soumis \u00e0 un processus de zingage blanc antioxydant, ce qui lui conf\u00e8re une r\u00e9sistance et une durabilit\u00e9 \u00e9lev\u00e9es.<\/p>\n<p><a href=\"https:\/\/liftingfx.girafdev.comwp-content\/uploads\/2024\/12\/LBF500.pdf\">Voir dessin<\/a><\/p>\n","protected":false},"excerpt":{"rendered":"<p>CAPACIT\u00c9 500 KG Le palonnier de levage LBF500 est un appareil tr\u00e8s polyvalent, con\u00e7u pour faciliter la manutention de charges importantes de mani\u00e8re \u00e9quilibr\u00e9e, tout en optimisant les dimensions d&rsquo;encombrement, tant en hauteur qu&rsquo;en largeur. Il est \u00e9quip\u00e9 de deux crochets de charge orientables \u00e0 360\u00b0 avec un entraxe de 600 mm, munis de linguets [&hellip;]<\/p>\n","protected":false},"featured_media":301908,"template":"","meta":{"_acf_changed":false,"_et_pb_use_builder":"off","_et_pb_old_content":"","_et_gb_content_width":""},"product_brand":[],"product_cat":[397],"product_tag":[],"class_list":{"0":"post-301879","1":"product","2":"type-product","3":"status-publish","4":"has-post-thumbnail","6":"product_cat-options","8":"first","9":"instock","10":"shipping-taxable","11":"product-type-simple"},"acf":[],"gallery_images":[301905],"_links":{"self":[{"href":"https:\/\/liftingfx.girafdev.com\/fr\/wp-json\/wp\/v2\/product\/301879","targetHints":{"allow":["GET"]}}],"collection":[{"href":"https:\/\/liftingfx.girafdev.com\/fr\/wp-json\/wp\/v2\/product"}],"about":[{"href":"https:\/\/liftingfx.girafdev.com\/fr\/wp-json\/wp\/v2\/types\/product"}],"wp:featuredmedia":[{"embeddable":true,"href":"https:\/\/liftingfx.girafdev.com\/fr\/wp-json\/wp\/v2\/media\/301908"}],"wp:attachment":[{"href":"https:\/\/liftingfx.girafdev.com\/fr\/wp-json\/wp\/v2\/media?parent=301879"}],"wp:term":[{"taxonomy":"product_brand","embeddable":true,"href":"https:\/\/liftingfx.girafdev.com\/fr\/wp-json\/wp\/v2\/product_brand?post=301879"},{"taxonomy":"product_cat","embeddable":true,"href":"https:\/\/liftingfx.girafdev.com\/fr\/wp-json\/wp\/v2\/product_cat?post=301879"},{"taxonomy":"product_tag","embeddable":true,"href":"https:\/\/liftingfx.girafdev.com\/fr\/wp-json\/wp\/v2\/product_tag?post=301879"}],"curies":[{"name":"wp","href":"https:\/\/api.w.org\/{rel}","templated":true}]}}