{"id":295988,"date":"2024-09-02T13:56:26","date_gmt":"2024-09-02T11:56:26","guid":{"rendered":"https:\/\/flexlifting.girafdev.com\/prodotto\/01b5l\/"},"modified":"2025-08-01T11:39:37","modified_gmt":"2025-08-01T09:39:37","slug":"01b5l-500-kg-grue-rotative-elevation-et-descente-electriques","status":"publish","type":"product","link":"https:\/\/liftingfx.girafdev.com\/fr\/product\/01b5l-500-kg-grue-rotative-elevation-et-descente-electriques\/","title":{"rendered":"01B5L \u00c9QUIPEMENT DE LEVAGE MOBILE"},"content":{"rendered":"<p><b>La grue rotative<\/b><span style=\"font-weight: 400\"> 01B5L permet de soulever et de d\u00e9placer des <\/span><b>charges jusqu&rsquo;\u00e0 500 kg<\/b><span style=\"font-weight: 400\">. Gr\u00e2ce \u00e0 sa <\/span><b>rotation libre \u00e0 360\u00b0<\/b><span style=\"font-weight: 400\"> et levier de blocage tous les 30\u00b0, il est possible de positionner les charges avec une pr\u00e9cision maximale. Le syst\u00e8me de rotation, \u00e9quip\u00e9 de roulements, garantit des mouvements fluides et sans effort. La rotation du bras est facilit\u00e9e gr\u00e2ce aux deux poign\u00e9es ergonomiques positionn\u00e9es sur le lest.<\/span><\/p>\n<p><b>La position du levier de commande a \u00e9t\u00e9 con\u00e7ue pour offrir \u00e0 l&rsquo;op\u00e9rateur une visibilit\u00e9 maximale et un contr\u00f4le s\u00fbr de la charge dans chaque phase du travail.<\/b><\/p>\n<p><span style=\"font-weight: 400\">Le mod\u00e8le 01B5L est une grue compacte et performante, caract\u00e9ris\u00e9e par un <\/span><b>encombrement frontal de seulement 980 mm<\/b><span style=\"font-weight: 400\">, le plus petit du march\u00e9. Le syst\u00e8me de d\u00e9placement, compos\u00e9 de 2 roues pivotantes de grande capacit\u00e9 avec supports de pare-chocs et freins de stationnement et de 2 roues avant fixes avec roulements, assure une maniabilit\u00e9 exceptionnelle. Le ch\u00e2ssis en acier peint, les supports de chariot \u00e9l\u00e9vateur int\u00e9gr\u00e9s, le crochet pivotant avec verrouillage de s\u00e9curit\u00e9 et la poign\u00e9e de pouss\u00e9e amovible font de cette grue une solution polyvalente et fiable pour tous les besoins.\u00a0\u00bb<\/span><\/p>\n<p><b>La mont\u00e9e et la descente du bras sont contr\u00f4l\u00e9es par un levier ergonomique qui permet un r\u00e9glage pr\u00e9cis et progressif de la vitesse.<\/b><span style=\"font-weight: 400\"> Le syst\u00e8me hydraulique, \u00e9quip\u00e9 d&rsquo;une soupape de s\u00e9curit\u00e9 et d&rsquo;une soupape de surcharge, garantit une protection maximale dans toutes les conditions de travail. Le bras, extensible dans quatre positions et encore extensible gr\u00e2ce \u00e0 des extensions m\u00e9caniques, offre un <\/span><b>porte-\u00e0-faux maximum de 2050 mm<\/b><span style=\"font-weight: 400\">, garantissant flexibilit\u00e9 et pr\u00e9cision dans chaque op\u00e9ration.<\/span><\/p>\n<p><span style=\"font-weight: 400\">Chargeur de batterie externe.\u00a0<\/span>Aliment\u00e9e par une batterie \u00e9tanche AGM sans entretien, cette grue peut \u00e9galement \u00eatre \u00e9quip\u00e9e d&rsquo;une batterie au lithium.<\/p>\n<p><b>\u00c9cran multifonction indiquant le niveau de charge, la tension de la batterie et le compteur d&rsquo;heures de fonctionnement.<\/b><\/p>\n<div id=\"gtx-trans\" style=\"position: absolute;left: 1025px;top: 334.172px\">\n<div class=\"gtx-trans-icon\"><\/div>\n<\/div>\n","protected":false},"excerpt":{"rendered":"<p><span data-sheets-root=\"1\">CAPACIT\u00c9 DE LEVAGE<\/span> 500 KG<\/p>\n","protected":false},"featured_media":315010,"template":"","meta":{"_acf_changed":false,"_et_pb_use_builder":"","_et_pb_old_content":"","_et_gb_content_width":""},"product_brand":[],"product_cat":[72],"product_tag":[],"class_list":{"0":"post-295988","1":"product","2":"type-product","3":"status-publish","4":"has-post-thumbnail","6":"product_cat-grues-porte-a-faux-rotative-a-360","7":"pa_portata-max-kg-500-fr-2","9":"first","10":"instock","11":"shipping-taxable","12":"product-type-simple"},"acf":[],"gallery_images":[315010,315030,315020,315000,314990,314980],"_links":{"self":[{"href":"https:\/\/liftingfx.girafdev.com\/fr\/wp-json\/wp\/v2\/product\/295988","targetHints":{"allow":["GET"]}}],"collection":[{"href":"https:\/\/liftingfx.girafdev.com\/fr\/wp-json\/wp\/v2\/product"}],"about":[{"href":"https:\/\/liftingfx.girafdev.com\/fr\/wp-json\/wp\/v2\/types\/product"}],"wp:featuredmedia":[{"embeddable":true,"href":"https:\/\/liftingfx.girafdev.com\/fr\/wp-json\/wp\/v2\/media\/315010"}],"wp:attachment":[{"href":"https:\/\/liftingfx.girafdev.com\/fr\/wp-json\/wp\/v2\/media?parent=295988"}],"wp:term":[{"taxonomy":"product_brand","embeddable":true,"href":"https:\/\/liftingfx.girafdev.com\/fr\/wp-json\/wp\/v2\/product_brand?post=295988"},{"taxonomy":"product_cat","embeddable":true,"href":"https:\/\/liftingfx.girafdev.com\/fr\/wp-json\/wp\/v2\/product_cat?post=295988"},{"taxonomy":"product_tag","embeddable":true,"href":"https:\/\/liftingfx.girafdev.com\/fr\/wp-json\/wp\/v2\/product_tag?post=295988"}],"curies":[{"name":"wp","href":"https:\/\/api.w.org\/{rel}","templated":true}]}}