{"id":295839,"date":"2024-11-21T06:20:30","date_gmt":"2024-11-21T05:20:30","guid":{"rendered":"https:\/\/flexlifting.girafdev.com\/prodotto\/o1b2ser_400\/"},"modified":"2025-08-01T11:44:46","modified_gmt":"2025-08-01T09:44:46","slug":"01b2ser_400-grue-pivotante-datelier-200-kg-avec-telecommande","status":"publish","type":"product","link":"https:\/\/liftingfx.girafdev.com\/fr\/product\/01b2ser_400-grue-pivotante-datelier-200-kg-avec-telecommande\/","title":{"rendered":"01B2SER_400 APPAREIL DE LEVAGE"},"content":{"rendered":"<p><span style=\"font-weight: 400\">La <\/span><b>grue \u00e0 contrepoids 01B2SER_400<\/b><span style=\"font-weight: 400\"> a \u00e9t\u00e9 con\u00e7ue pour offrir facilit\u00e9 d&rsquo;utilisation et s\u00e9curit\u00e9. Le lest dot\u00e9 de poign\u00e9es ergonomiques et le syst\u00e8me de rotation \u00e9quip\u00e9 de roulements assurent une rotation fluide et sans effort. La <\/span><b>capacit\u00e9 de charge de 200 kg et la rotation \u00e0 360\u00b0<\/b><span style=\"font-weight: 400\"> en font un outil polyvalent et fiable pour une large gamme d&rsquo;applications.<\/span><\/p>\n<p><span style=\"font-weight: 400\">Gr\u00e2ce \u00e0 la <\/span><b>t\u00e9l\u00e9commande sans fil \u00e9quip\u00e9e d&rsquo;un potentiom\u00e8tre<\/b><span style=\"font-weight: 400\">, la mini grue 01B2SER_400 offre une <\/span><b>pr\u00e9cision millim\u00e9trique<\/b><span style=\"font-weight: 400\"> lors du levage, de la descente et de l&rsquo;extension de la fl\u00e8che.<\/span><\/p>\n<p><b>La mini grue 01B2SER_400 est \u00e9quip\u00e9e d&rsquo;une fl\u00e8che \u00e9lectrique d&rsquo;une course de 400 mm et, avec l&rsquo;ajout d&rsquo;une rallonge m\u00e9canique disponible en option, elle peut atteindre un porte-\u00e0-faux maximum de 1312 mm.<\/b><\/p>\n<p><span style=\"font-weight: 400\">La grue est \u00e9quip\u00e9e de quatre roues en nylon : deux pivotantes, \u00e9quip\u00e9es de pare-chocs et frein de stationnement, et deux fixes mont\u00e9es sur roulements \u00e0 billes. Cette configuration garantit une stabilit\u00e9 exceptionnelle et une maniabilit\u00e9 pr\u00e9cise m\u00eame dans des conditions de charge lourde. Le ch\u00e2ssis, en acier peint pour une plus grande r\u00e9sistance \u00e0 la corrosion, est \u00e9quip\u00e9 de supports sp\u00e9cifiques pour le levage avec un chariot \u00e9l\u00e9vateur, facilitant le d\u00e9placement de la grue dans n&rsquo;importe quel environnement de travail.<\/span><\/p>\n<p><b>Le syst\u00e8me hydraulique est \u00e9quip\u00e9 d&rsquo;une soupape de blocage qui emp\u00eache la chute de la charge en cas de rupture accidentelle des tuyaux et d&rsquo;une soupape de d\u00e9charge qui emp\u00eache la surcharge de la grue.<\/b><\/p>\n<p><span style=\"font-weight: 400\">Chargeur de batterie externe.\u00a0<\/span>Aliment\u00e9e par une batterie \u00e9tanche AGM sans entretien, cette grue peut \u00e9galement \u00eatre \u00e9quip\u00e9e d&rsquo;une batterie au lithium.<\/p>\n<p><span style=\"font-weight: 400\">Crochet pivotant avec verrouillage de s\u00e9curit\u00e9. Poign\u00e9e de pouss\u00e9e amovible robuste. <\/span><b>\u00c9cran multifonction indiquant le niveau de charge, la tension de la batterie et le compteur d&rsquo;heures de fonctionnement.<\/b><\/p>\n<p><span style=\"font-weight: 400\">Le mod\u00e8le 01B2SER_400 est le mod\u00e8le le plus appropri\u00e9 pour la manutention facile et rapide des charges lourdes dans les ateliers et les usines. Extr\u00eamement utile pour placer des charges et des \u00e9quipements sur des machines CNC, sur machines\u00a0entour\u00e9es de protections p\u00e9rim\u00e9triques et sur des zones avec un espace limit\u00e9. La solution la plus utilis\u00e9e lorsqu\u2019il n\u2019est pas possible d\u2019acc\u00e9der \u00e0 la zone de travail avec un chariot \u00e9l\u00e9vateur ou d\u2019autres solutions de levage encombrantes.\u00a0<\/span><\/p>\n","protected":false},"excerpt":{"rendered":"<p><span data-sheets-root=\"1\">CAPACIT\u00c9 DE LEVAGE<\/span> 200 KG<\/p>\n","protected":false},"featured_media":295819,"template":"","meta":{"_acf_changed":false,"_et_pb_use_builder":"","_et_pb_old_content":"<span style=\"font-weight: 400;\">La <\/span><b>grue \u00e0 contrepoids 01B2SER_400<\/b><span style=\"font-weight: 400;\"> a \u00e9t\u00e9 con\u00e7ue pour offrir facilit\u00e9 d'utilisation et s\u00e9curit\u00e9. Le lest dot\u00e9 de poign\u00e9es ergonomiques et le syst\u00e8me de rotation \u00e9quip\u00e9 de roulements assurent une rotation fluide et sans effort. La <\/span><b>capacit\u00e9 de charge de 200 kg et la rotation \u00e0 360\u00b0<\/b><span style=\"font-weight: 400;\"> en font un outil polyvalent et fiable pour une large gamme d'applications.<\/span>\r\n\r\n<span style=\"font-weight: 400;\">Gr\u00e2ce \u00e0 la <\/span><b>t\u00e9l\u00e9commande sans fil \u00e9quip\u00e9e d'un potentiom\u00e8tre<\/b><span style=\"font-weight: 400;\">, la mini grue 01B2SER_400 offre une <\/span><b>pr\u00e9cision millim\u00e9trique<\/b><span style=\"font-weight: 400;\"> lors du levage, de la descente et de l'extension de la fl\u00e8che.<\/span>\r\n\r\n<b>La mini grue 01B2SER_400 est \u00e9quip\u00e9e d'une fl\u00e8che \u00e9lectrique d'une course de 400 mm et, avec l'ajout d'une rallonge m\u00e9canique disponible en option, elle peut atteindre un porte-\u00e0-faux maximum de 1312 mm.<\/b>\r\n\r\n<span style=\"font-weight: 400;\">La grue est \u00e9quip\u00e9e de quatre roues en nylon : deux pivotantes, \u00e9quip\u00e9es de pare-chocs et frein de stationnement, et deux fixes mont\u00e9es sur roulements \u00e0 billes. Cette configuration garantit une stabilit\u00e9 exceptionnelle et une maniabilit\u00e9 pr\u00e9cise m\u00eame dans des conditions de charge lourde. Le ch\u00e2ssis, en acier peint pour une plus grande r\u00e9sistance \u00e0 la corrosion, est \u00e9quip\u00e9 de supports sp\u00e9cifiques pour le levage avec un chariot \u00e9l\u00e9vateur, facilitant le d\u00e9placement de la grue dans n'importe quel environnement de travail.<\/span>\r\n\r\n<b>Le syst\u00e8me hydraulique est \u00e9quip\u00e9 d'une soupape de blocage qui emp\u00eache la chute de la charge en cas de rupture accidentelle des tuyaux et d'une soupape de d\u00e9charge qui emp\u00eache la surcharge de la grue.<\/b>\r\n\r\n<span style=\"font-weight: 400;\">Chargeur de batterie externe. Cette grue est aliment\u00e9e par une batterie AGM et peut \u00e9galement \u00eatre \u00e9quip\u00e9e d'une batterie au lithium. Crochet pivotant avec verrouillage de s\u00e9curit\u00e9. Poign\u00e9e de pouss\u00e9e amovible robuste. <\/span><b>\u00c9cran multifonction indiquant le niveau de charge, la tension de la batterie et le compteur d'heures de fonctionnement.<\/b>\r\n\r\n<span style=\"font-weight: 400;\">Le mod\u00e8le 01B2SER_400 est le mod\u00e8le le plus appropri\u00e9 pour la manutention facile et rapide des charges lourdes dans les ateliers et les usines. Extr\u00eamement utile pour placer des charges et des \u00e9quipements sur des machines CNC, sur machines\u00a0entour\u00e9es de protections p\u00e9rim\u00e9triques et sur des zones avec un espace limit\u00e9. La solution la plus utilis\u00e9e lorsqu\u2019il n\u2019est pas possible d\u2019acc\u00e9der \u00e0 la zone de travail avec un chariot \u00e9l\u00e9vateur ou d\u2019autres solutions de levage encombrantes.\u00a0<\/span>","_et_gb_content_width":""},"product_brand":[],"product_cat":[64],"product_tag":[],"class_list":{"0":"post-295839","1":"product","2":"type-product","3":"status-publish","4":"has-post-thumbnail","6":"product_cat-grues-pick-carry-avec-couble-ou-triple-extension-electrique","7":"pa_portata-max-kg-200-fr-2","9":"first","10":"instock","11":"shipping-taxable","12":"product-type-simple"},"acf":[],"gallery_images":[295816,295796,295786,295766,295776,295806],"_links":{"self":[{"href":"https:\/\/liftingfx.girafdev.com\/fr\/wp-json\/wp\/v2\/product\/295839","targetHints":{"allow":["GET"]}}],"collection":[{"href":"https:\/\/liftingfx.girafdev.com\/fr\/wp-json\/wp\/v2\/product"}],"about":[{"href":"https:\/\/liftingfx.girafdev.com\/fr\/wp-json\/wp\/v2\/types\/product"}],"wp:featuredmedia":[{"embeddable":true,"href":"https:\/\/liftingfx.girafdev.com\/fr\/wp-json\/wp\/v2\/media\/295819"}],"wp:attachment":[{"href":"https:\/\/liftingfx.girafdev.com\/fr\/wp-json\/wp\/v2\/media?parent=295839"}],"wp:term":[{"taxonomy":"product_brand","embeddable":true,"href":"https:\/\/liftingfx.girafdev.com\/fr\/wp-json\/wp\/v2\/product_brand?post=295839"},{"taxonomy":"product_cat","embeddable":true,"href":"https:\/\/liftingfx.girafdev.com\/fr\/wp-json\/wp\/v2\/product_cat?post=295839"},{"taxonomy":"product_tag","embeddable":true,"href":"https:\/\/liftingfx.girafdev.com\/fr\/wp-json\/wp\/v2\/product_tag?post=295839"}],"curies":[{"name":"wp","href":"https:\/\/api.w.org\/{rel}","templated":true}]}}