{"id":2755,"date":"2022-02-22T17:03:19","date_gmt":"2022-02-22T16:03:19","guid":{"rendered":"https:\/\/liftingfx.girafdev.comprodotto\/heavy-duty-counterbalance-crane-with-double-and-triple-electric-boom-omnia-2tl-omnia-2tr-2000kg\/"},"modified":"2025-06-27T18:29:48","modified_gmt":"2025-06-27T16:29:48","slug":"omnia-2tl-grue-entierement-electrique-capacite-2000-kg","status":"publish","type":"product","link":"https:\/\/liftingfx.girafdev.com\/fr\/product\/omnia-2tl-grue-entierement-electrique-capacite-2000-kg\/","title":{"rendered":"OMNIA 2TL GRUE MOTORIS\u00c9E"},"content":{"rendered":"<p>La<b>\u00a0grue motoris\u00e9e pick &amp; carry<\/b>\u00a0mod\u00e8le OMNIA 2TL est un\u00a0<b>equipement de levage<\/b>\u00a0enti\u00e8rement \u00e9lectrique dot\u00e9 d\u2019une\u00a0<b>capacit\u00e9 de levage de 1.000 kg.<\/b><\/p>\n<p><b>OMNIA 2TL<\/b>\u00a0<b>est\u00a0equip\u00e9e de commandes \u00e0 leviers avec vitesse progressive.<\/b>\u00a0<b>Cette grue est porte-\u00e0-faux jusqu\u2019\u00e0 3000<\/b><b>\u2009<\/b><b>mm gr\u00e2ce \u00e0 la triple extension \u00e9lectrique.<\/b><\/p>\n<p>Gr\u00e2ce au syst\u00e8me de lestage int\u00e9gr\u00e9, les grues pick and carry ne n\u00e9cessitent pas l\u2019utilisation de stabilisateurs lat\u00e9raux. Cette caract\u00e9ristique offre la possibilit\u00e9 de man\u0153uvrer et de d\u00e9placer cettes\u00a0<b>grues \u00e9lectriques<\/b>\u00a0m\u00eame avec des charges suspendues.<\/p>\n<p>L\u2019OMNIA 2TL est la\u00a0<b>grue id\u00e9ale pour soulever des charges lourdes<\/b>\u00a0et, gr\u00e2ce \u00e0 son extr\u00eame maniabilit\u00e9, elle offre une flexibilit\u00e9 maximale pour fonctionner dans toutes les conditions, m\u00eame dans des espaces restreints.\u00a0Un excellent angle de braquage lui permet de se d\u00e9placer le long des espaces \u00e9troits ou de pivoter sur leur axe dans les espaces restreints.<\/p>\n<p>Caract\u00e9ristiques standard : batteries AGM \u00e9tanches sans entretien, chargeur de batterie externe, colonne lumineuse indiquante le bon fonctionnement de la grue et avertissement de surcharge, arr\u00eat d\u2019urgence. La\u00a0<b>grue OMNIA 2TL<\/b>\u00a0dispose \u00e9galement d\u2019un \u00e9cran multifonction indiquant le niveau de charge, la tension de la batterie et les heures de fonctionnement.<\/p>\n<p>L\u2019\u00e9l\u00e9vation, la descente, l\u2019extension et la rentr\u00e9e de la fl\u00e8che sont command\u00e9s \u00e9lectriquement. Tous les mouvements sont r\u00e9glables par l\u2019op\u00e9rateur gr\u00e2ce aux leviers de commande situ\u00e9s sur le panneau de commande de la grue.\u00a0<b>La vitesse et la proportionnalit\u00e9 sont g\u00e9r\u00e9es par le mouvement des leviers.<\/b><\/p>\n<p><b>Caract\u00e9ristiques de s\u00e9curit\u00e9 :<\/b><\/p>\n<p><b>Limiteur de charge dynamique<\/b>\u00a0qui \u00e9vite les surcharges et les accidents potentiels. Il surveille en permanence la charge soulev\u00e9e ou manipul\u00e9e et limite automatiquement le fonctionnement si la charge d\u00e9passe la limite de s\u00e9curit\u00e9 pr\u00e9d\u00e9termin\u00e9e.<\/p>\n<p>Une\u00a0<b>vanne de blocage<\/b>\u00a0s\u2019active automatiquement en cas de rupture d\u2019un tuyeau hydraulique, emp\u00eachant la descente incontr\u00f4l\u00e9e de la charge.<\/p>\n<p>Le timon est \u00e9quip\u00e9 d\u2019un s\u00e9lecteur de vitesse qui permet d\u2019adapter la vitesse du v\u00e9hicule aux diff\u00e9rentes exigences de fonctionnement. Deux positions sont disponibles :<\/p>\n<ul>\n<li>Mode lent : limite la vitesse maximale \u00e0 1,5 km\/h, id\u00e9al pour des man\u0153uvres pr\u00e9cises dans des espaces confin\u00e9s et une manutention en douceur des charges.<\/li>\n<\/ul>\n<p>L\u2019<b>OMNIA 2TL<\/b>\u00a0peut \u00eatre \u00e9quip\u00e9 de tout type d\u2019accessoires de levage pour des applications sp\u00e9cifiques : ventouses de levage, palonniers, pinces, basculeurs, aimants permanents, etc.<\/p>\n","protected":false},"excerpt":{"rendered":"<p>AVEC COMMANDES \u00c0 LEVIERS<\/p>\n<p><span data-sheets-root=\"1\">CAPACIT\u00c9 DE LEVAGE<\/span> 2000 KG<\/p>\n","protected":false},"featured_media":309721,"template":"","meta":{"_acf_changed":false,"_et_pb_use_builder":"","_et_pb_old_content":"La grue motoris\u00e9e pick & carry mod\u00e8le OMNIA 2TL est un equipement de levage enti\u00e8rement \u00e9lectrique dot\u00e9 d\u2019une capacit\u00e9 de levage de 1.000 kg.\r\nOMNIA 2TL est equip\u00e9e de commandes \u00e0 leviers avec vitesse progressive. Cette grue est porte-\u00e0-faux jusqu\u2019\u00e0 3000\u2009mm gr\u00e2ce \u00e0 la triple extension \u00e9lectrique.\r\nGr\u00e2ce au syst\u00e8me de lestage int\u00e9gr\u00e9, les grues pick and carry ne n\u00e9cessitent pas l\u2019utilisation de stabilisateurs lat\u00e9raux. Cette caract\u00e9ristique offre la possibilit\u00e9 de man\u0153uvrer et de d\u00e9placer cettes grues \u00e9lectriques m\u00eame avec des charges suspendues.\r\nL'OMNIA 2TL est la grue id\u00e9ale pour soulever des charges lourdes et, gr\u00e2ce \u00e0 son extr\u00eame maniabilit\u00e9, elle offre une flexibilit\u00e9 maximale pour fonctionner dans toutes les conditions, m\u00eame dans des espaces restreints. Un excellent angle de braquage lui permet de se d\u00e9placer le long des espaces \u00e9troits ou de pivoter sur leur axe dans les espaces restreints. \r\nCaract\u00e9ristiques standard : batteries AGM \u00e9tanches sans entretien, chargeur de batterie externe, colonne lumineuse indiquante le bon fonctionnement de la grue et avertissement de surcharge, arr\u00eat d'urgence. La grue OMNIA 2TL dispose \u00e9galement d'un \u00e9cran multifonction indiquant le niveau de charge, la tension de la batterie et les heures de fonctionnement.\r\nL\u2019\u00e9l\u00e9vation, la descente, l'extension et la rentr\u00e9e de la fl\u00e8che sont command\u00e9s \u00e9lectriquement. Tous les mouvements sont r\u00e9glables par l'op\u00e9rateur gr\u00e2ce aux leviers de commande situ\u00e9s sur le panneau de commande de la grue. La vitesse et la proportionnalit\u00e9 sont g\u00e9r\u00e9es par le mouvement des leviers.\r\nCaract\u00e9ristiques de s\u00e9curit\u00e9 :\r\nLimiteur de charge dynamique qui \u00e9vite les surcharges et les accidents potentiels. Il surveille en permanence la charge soulev\u00e9e ou manipul\u00e9e et limite automatiquement le fonctionnement si la charge d\u00e9passe la limite de s\u00e9curit\u00e9 pr\u00e9d\u00e9termin\u00e9e.\r\nUne vanne de blocage s'active automatiquement en cas de rupture d'un tuyeau hydraulique, emp\u00eachant la descente incontr\u00f4l\u00e9e de la charge.\r\nLe timon est \u00e9quip\u00e9 d'un s\u00e9lecteur de vitesse qui permet d'adapter la vitesse du v\u00e9hicule aux diff\u00e9rentes exigences de fonctionnement. Deux positions sont disponibles :\r\n\u2022 Mode lent : limite la vitesse maximale \u00e0 1,5 km\/h, id\u00e9al pour des man\u0153uvres pr\u00e9cises dans des espaces confin\u00e9s et une manutention en douceur des charges.\r\nL'OMNIA 2TL peut \u00eatre \u00e9quip\u00e9 de tout type d'accessoires de levage pour des applications sp\u00e9cifiques : ventouses de levage, palonniers, pinces, basculeurs, aimants permanents, etc.\r\n","_et_gb_content_width":""},"product_brand":[],"product_cat":[64],"product_tag":[],"class_list":{"0":"post-2755","1":"product","2":"type-product","3":"status-publish","4":"has-post-thumbnail","6":"product_cat-grues-pick-carry-avec-couble-ou-triple-extension-electrique","7":"pa_portata-max-kg-2000-fr","9":"first","10":"instock","11":"shipping-taxable","12":"product-type-simple"},"acf":[],"gallery_images":[309718,309748,309738,309728,309708,309698,309688],"_links":{"self":[{"href":"https:\/\/liftingfx.girafdev.com\/fr\/wp-json\/wp\/v2\/product\/2755","targetHints":{"allow":["GET"]}}],"collection":[{"href":"https:\/\/liftingfx.girafdev.com\/fr\/wp-json\/wp\/v2\/product"}],"about":[{"href":"https:\/\/liftingfx.girafdev.com\/fr\/wp-json\/wp\/v2\/types\/product"}],"wp:featuredmedia":[{"embeddable":true,"href":"https:\/\/liftingfx.girafdev.com\/fr\/wp-json\/wp\/v2\/media\/309721"}],"wp:attachment":[{"href":"https:\/\/liftingfx.girafdev.com\/fr\/wp-json\/wp\/v2\/media?parent=2755"}],"wp:term":[{"taxonomy":"product_brand","embeddable":true,"href":"https:\/\/liftingfx.girafdev.com\/fr\/wp-json\/wp\/v2\/product_brand?post=2755"},{"taxonomy":"product_cat","embeddable":true,"href":"https:\/\/liftingfx.girafdev.com\/fr\/wp-json\/wp\/v2\/product_cat?post=2755"},{"taxonomy":"product_tag","embeddable":true,"href":"https:\/\/liftingfx.girafdev.com\/fr\/wp-json\/wp\/v2\/product_tag?post=2755"}],"curies":[{"name":"wp","href":"https:\/\/api.w.org\/{rel}","templated":true}]}}