{"id":2659,"date":"2022-02-22T16:49:03","date_gmt":"2022-02-22T15:49:03","guid":{"rendered":"https:\/\/liftingfx.girafdev.comprodotto\/electric-mobile-lifting-crane-atlas-1te3l-atlas-1te3r-1000kg-full-electric-crane-triple-electric-boom\/"},"modified":"2025-06-27T18:12:33","modified_gmt":"2025-06-27T16:12:33","slug":"atlas-1te3l-grue-entierement-electrique-avec-triple-extension-electrique-capacite-1000-kg","status":"publish","type":"product","link":"https:\/\/liftingfx.girafdev.com\/fr\/product\/atlas-1te3l-grue-entierement-electrique-avec-triple-extension-electrique-capacite-1000-kg\/","title":{"rendered":"ATLAS 1TE3L GRUE INDUSTRIELLE \u00c9LECTRIQUE"},"content":{"rendered":"<p><span style=\"font-weight: 400;\">La<\/span><b>\u00a0grue motoris\u00e9e pick &amp; carry<\/b><span style=\"font-weight: 400;\">\u00a0mod\u00e8le Atlas 1TE3L est un\u00a0<\/span><b>equipement de levage<\/b><span style=\"font-weight: 400;\">\u00a0enti\u00e8rement \u00e9lectrique dot\u00e9 d\u2019une\u00a0<\/span><b>capacit\u00e9 de levage de 1.000 kg.<\/b><\/p>\n<p><b>ATLAS 1TE3L est\u00a0equip\u00e9e de commandes \u00e0 leviers avec vitesse progressive.<\/b><span style=\"font-weight: 400;\">\u00a0<\/span><b>Cette grue est porte-\u00e0-faux jusqu\u2019\u00e0 3000<\/b><b>\u2009<\/b><b>mm gr\u00e2ce \u00e0 la triple extension \u00e9lectrique.<\/b><\/p>\n<p><span style=\"font-weight: 400;\">Gr\u00e2ce au syst\u00e8me de lestage int\u00e9gr\u00e9, les grues pick and carry ne n\u00e9cessitent pas l\u2019utilisation de stabilisateurs lat\u00e9raux. Cette caract\u00e9ristique offre la possibilit\u00e9 de man\u0153uvrer et de d\u00e9placer cettes\u00a0<\/span><b>grues \u00e9lectriques<\/b><span style=\"font-weight: 400;\">\u00a0m\u00eame avec des charges suspendues.<\/span><\/p>\n<p><b>ATLAS 1TE3L est la grue motoris\u00e9e la plus compacte de son cat\u00e9gorie, avec une largeur de 800 mm<\/b><span style=\"font-weight: 400;\">\u00a0et, gr\u00e2ce \u00e0 son extr\u00eame maniabilit\u00e9, cette grue peut atteindre n\u2019importe quel endroit o\u00f9 la charge doit \u00eatre soulev\u00e9e. Un excellent angle de braquage lui permet de se d\u00e9placer le long des espaces \u00e9troits ou de pivoter sur leur axe dans les espaces restreints.\u00a0<\/span><\/p>\n<p><span style=\"font-weight: 400;\">Caract\u00e9ristiques standard : batteries AGM \u00e9tanches sans entretien, chargeur de batterie externe, colonne lumineuse indiquante le bon fonctionnement de la grue et avertissement de surcharge, arr\u00eat d&rsquo;urgence. La <\/span><b>grue ATLAS 1TE3L <\/b><span style=\"font-weight: 400;\">dispose \u00e9galement d&rsquo;un \u00e9cran multifonction indiquant le niveau de charge, la tension de la batterie et les heures de fonctionnement.<\/span><\/p>\n<p><span style=\"font-weight: 400;\">L\u2019\u00e9l\u00e9vation, la descente, l&rsquo;extension et la rentr\u00e9e de la fl\u00e8che sont command\u00e9s \u00e9lectriquement. Tous les mouvements sont r\u00e9glables par l&rsquo;op\u00e9rateur gr<\/span><span style=\"font-weight: 400;\">\u00e2<\/span><span style=\"font-weight: 400;\">ce aux leviers de commande situ\u00e9s sur le panneau de commande de la grue. <\/span><b>La vitesse et la proportionnalit\u00e9 sont g\u00e9r\u00e9es par le mouvement des leviers.<\/b><\/p>\n<p><b>Caract\u00e9ristiques de s\u00e9curit\u00e9 :<\/b><\/p>\n<p><b>Limiteur de charge dynamique<\/b><span style=\"font-weight: 400;\"> qui \u00e9vite les surcharges et les accidents potentiels. Il surveille en permanence la charge soulev\u00e9e ou manipul\u00e9e et limite automatiquement le fonctionnement si la charge d\u00e9passe la limite de s\u00e9curit\u00e9 pr\u00e9d\u00e9termin\u00e9e.<\/span><\/p>\n<p><span style=\"font-weight: 400;\">Une <\/span><b>vanne de blocage<\/b><span style=\"font-weight: 400;\"> s&rsquo;active automatiquement en cas de rupture d&rsquo;un tuyeau hydraulique, emp\u00eachant la descente incontr\u00f4l\u00e9e de la charge.<\/span><\/p>\n<p><span style=\"font-weight: 400;\">Le timon est \u00e9quip\u00e9 d&rsquo;un s\u00e9lecteur de vitesse qui permet d&rsquo;adapter la vitesse du v\u00e9hicule aux diff\u00e9rentes exigences de fonctionnement. Deux positions sont disponibles :<\/span><\/p>\n<ul>\n<li><span style=\"font-weight: 400;\"> Mode lent : limite la vitesse maximale \u00e0 1,5 km\/h, id\u00e9al pour des man\u0153uvres pr\u00e9cises dans des espaces confin\u00e9s et une manutention en douceur des charges.<\/span><\/li>\n<\/ul>\n<p><span style=\"font-weight: 400;\">L&rsquo;ATLAS 1TE3L peut \u00eatre \u00e9quip\u00e9 de tout type d&rsquo;accessoires de levage pour des applications sp\u00e9cifiques : ventouses de levage, palonniers, pinces, basculeurs, aimants permanents, etc.<\/span><\/p>\n","protected":false},"excerpt":{"rendered":"<p>AVEC COMMANDES \u00c0 LEVIERS<\/p>\n<p><span data-sheets-root=\"1\">CAPACIT\u00c9 DE LEVAGE<\/span> 1000 KG<\/p>\n","protected":false},"featured_media":16493,"template":"","meta":{"_acf_changed":false,"_et_pb_use_builder":"","_et_pb_old_content":"","_et_gb_content_width":""},"product_brand":[],"product_cat":[64],"product_tag":[],"class_list":{"0":"post-2659","1":"product","2":"type-product","3":"status-publish","4":"has-post-thumbnail","6":"product_cat-grues-pick-carry-avec-couble-ou-triple-extension-electrique","7":"pa_portata-max-kg-1000-fr-2","9":"first","10":"instock","11":"shipping-taxable","12":"product-type-simple"},"acf":[],"gallery_images":[287425,306754,287415,306744,287405,287435,306734],"_links":{"self":[{"href":"https:\/\/liftingfx.girafdev.com\/fr\/wp-json\/wp\/v2\/product\/2659","targetHints":{"allow":["GET"]}}],"collection":[{"href":"https:\/\/liftingfx.girafdev.com\/fr\/wp-json\/wp\/v2\/product"}],"about":[{"href":"https:\/\/liftingfx.girafdev.com\/fr\/wp-json\/wp\/v2\/types\/product"}],"wp:featuredmedia":[{"embeddable":true,"href":"https:\/\/liftingfx.girafdev.com\/fr\/wp-json\/wp\/v2\/media\/16493"}],"wp:attachment":[{"href":"https:\/\/liftingfx.girafdev.com\/fr\/wp-json\/wp\/v2\/media?parent=2659"}],"wp:term":[{"taxonomy":"product_brand","embeddable":true,"href":"https:\/\/liftingfx.girafdev.com\/fr\/wp-json\/wp\/v2\/product_brand?post=2659"},{"taxonomy":"product_cat","embeddable":true,"href":"https:\/\/liftingfx.girafdev.com\/fr\/wp-json\/wp\/v2\/product_cat?post=2659"},{"taxonomy":"product_tag","embeddable":true,"href":"https:\/\/liftingfx.girafdev.com\/fr\/wp-json\/wp\/v2\/product_tag?post=2659"}],"curies":[{"name":"wp","href":"https:\/\/api.w.org\/{rel}","templated":true}]}}