{"id":2508,"date":"2022-02-22T16:18:46","date_gmt":"2022-02-22T15:18:46","guid":{"rendered":"https:\/\/liftingfx.girafdev.comprodotto\/battery-powered-mobile-crane-orbit500-500-kg-capacity-full-electric\/"},"modified":"2025-06-27T17:38:16","modified_gmt":"2025-06-27T15:38:16","slug":"orbit-500el-grue-entierement-electrique-avec-porte-a-faux-rotative-capacite-500kg","status":"publish","type":"product","link":"https:\/\/liftingfx.girafdev.com\/fr\/product\/orbit-500el-grue-entierement-electrique-avec-porte-a-faux-rotative-capacite-500kg\/","title":{"rendered":"ORBIT 500EL GRUE \u00c9LECTRIQUE PIVOTANTE"},"content":{"rendered":"<p><b>La grue ORBIT 500EL est une grue pivotante enti\u00e8rement \u00e9lectrique qui permet le levage de charges jusqu&rsquo;\u00e0 500 kg.<\/b><\/p>\n<p><span style=\"font-weight: 400;\">Cet <\/span><b>\u00e9quipement de levage mobile<\/b><span style=\"font-weight: 400;\"> est \u00e9quip\u00e9 de s\u00e9rie d&rsquo;une double extension \u00e9lectrique qui lui permet d&rsquo;atteindre un porte-\u00e0-faux de 2410 mm et d&rsquo;une roue motoris\u00e9s qui offre une maniabilit\u00e9 optimale m\u00eame dans des environnements de travail \u00e0 espace limit\u00e9.<\/span><\/p>\n<p><b>Le syst\u00e8me de commande intuitif, bas\u00e9 sur des leviers, permet \u00e0 l&rsquo;op\u00e9rateur de contr\u00f4ler les mouvements du bras t\u00e9lescopique avec une extr\u00eame pr\u00e9cision et fluidit\u00e9. La vitesse de chaque mouvement du bras est parfaitement modulable, garantissant un positionnement pr\u00e9cis de la charge en tout point du rayon d&rsquo;action. La rotation motoris\u00e9e compl\u00e8te la polyvalence de cette grue, la rendant id\u00e9ale pour les op\u00e9rations de levage dans des espaces confin\u00e9s.<\/b><\/p>\n<p><span style=\"font-weight: 400;\">La <\/span><b>grue motoris\u00e9e ORBIT 500EL<\/b><span style=\"font-weight: 400;\"> est une solution de levage tout-en-un qui, gr\u00e2ce \u00e0 sa <\/span><b>rotation \u00e0 210 \u00b0 et son bras t\u00e9lescopique,<\/b><span style=\"font-weight: 400;\"> simplifie et optimise toutes les op\u00e9rations de chargement et d\u00e9chargement de moules, outillage de centres d&rsquo;usinage CNC, positionnement de t\u00f4les sur machines de d\u00e9coupe plasma, maintenance et assemblage de composants sur diff\u00e9rents types de machines.<\/span><\/p>\n<p><span style=\"font-weight: 400;\">La grue \u00e9lectrohydraulique Orbit 500EL est la solution id\u00e9ale pour ceux qui ont besoin d&rsquo;une maniabilit\u00e9 maximale dans des espaces limit\u00e9s. <\/span><b>Sa largeur limit\u00e9e, 990 mm, et la rotation du syst\u00e8me bras-lestage sans encombrement suppl\u00e9mentaire, le rendent unique en son genre.<\/b><\/p>\n<p><span style=\"font-weight: 400;\">La <\/span><b>grue \u00e9lectrohydraulique ORBIT 500EL<\/b><span style=\"font-weight: 400;\"> est \u00e9quip\u00e9e de commandes \u00e0 levier pour activer les fonctions suivantes \u00e0 vitesse r\u00e9glable et proportionnelle : mont\u00e9e, descente, extension, r\u00e9traction et rotation du bras.<\/span><\/p>\n<p><span style=\"font-weight: 400;\">\u00c9quipement standard : batteries AGM scell\u00e9es et sans entretien, chargeur de batterie externe, indicateur lumineux \u00e0 LED indiquant le bon fonctionnement et signalant toute surcharge, bouton d&rsquo;arr\u00eat d&rsquo;urgence. La grue ORBIT 500EL est \u00e9galement \u00e9quip\u00e9e d&rsquo;un \u00e9cran multifonction qui indique le niveau de charge, la tension de la batterie et les heures de fonctionnement.<\/span><\/p>\n<p><b>Fonctionnalit\u00e9s de s\u00e9curit\u00e9\u00a0:<\/b><\/p>\n<p><b>Limiteur de charge dynamique<\/b><span style=\"font-weight: 400;\"> qui \u00e9vite les surcharges et les accidents potentiels. Il surveille en permanence la charge lev\u00e9e ou d\u00e9plac\u00e9e et limite automatiquement le fonctionnement si la charge d\u00e9passe la limite de s\u00e9curit\u00e9 pr\u00e9\u00e9tablie.<\/span><\/p>\n<p><span style=\"font-weight: 400;\">Une <\/span><b>vanne de blocage<\/b><span style=\"font-weight: 400;\"> est automatiquement activ\u00e9e en cas de rupture des canalisations du syst\u00e8me hydraulique, emp\u00eachant la charge de descendre de mani\u00e8re incontr\u00f4lable.<\/span><\/p>\n<p><span style=\"font-weight: 400;\">Il y a un s\u00e9lecteur de vitesse sur le timon qui permet d&rsquo;adapter la vitesse du v\u00e9hicule aux diff\u00e9rents besoins op\u00e9rationnels.<\/span><\/p>\n<ul>\n<li><span style=\"font-weight: 400;\"> Mode lent : limite la vitesse maximale \u00e0 1,5 km\/h, id\u00e9al pour les man\u0153uvres pr\u00e9cises dans les espaces restreints et la manipulation d\u00e9licate des charges.<\/span><\/li>\n<li><span style=\"font-weight: 400;\"> Vitesse standard : permet une vitesse maximale de 3 km\/h, adapt\u00e9e aux d\u00e9placements sur de longues distances dans des conditions standards<\/span><\/li>\n<\/ul>\n","protected":false},"excerpt":{"rendered":"<p>AVEC COMMANDES \u00c0 LEVIERS<\/p>\n<p><span data-sheets-root=\"1\">CAPACIT\u00c9 DE LEVAGE<\/span> 500 KG<\/p>\n","protected":false},"featured_media":309928,"template":"","meta":{"_acf_changed":false,"_et_pb_use_builder":"","_et_pb_old_content":"","_et_gb_content_width":""},"product_brand":[],"product_cat":[64],"product_tag":[],"class_list":{"0":"post-2508","1":"product","2":"type-product","3":"status-publish","4":"has-post-thumbnail","6":"product_cat-grues-pick-carry-avec-couble-ou-triple-extension-electrique","7":"pa_portata-max-kg-500-fr-2","9":"first","10":"instock","11":"shipping-taxable","12":"product-type-simple"},"acf":[],"gallery_images":[309935,309925,309975,309965,309955,309945,309915],"_links":{"self":[{"href":"https:\/\/liftingfx.girafdev.com\/fr\/wp-json\/wp\/v2\/product\/2508","targetHints":{"allow":["GET"]}}],"collection":[{"href":"https:\/\/liftingfx.girafdev.com\/fr\/wp-json\/wp\/v2\/product"}],"about":[{"href":"https:\/\/liftingfx.girafdev.com\/fr\/wp-json\/wp\/v2\/types\/product"}],"wp:featuredmedia":[{"embeddable":true,"href":"https:\/\/liftingfx.girafdev.com\/fr\/wp-json\/wp\/v2\/media\/309928"}],"wp:attachment":[{"href":"https:\/\/liftingfx.girafdev.com\/fr\/wp-json\/wp\/v2\/media?parent=2508"}],"wp:term":[{"taxonomy":"product_brand","embeddable":true,"href":"https:\/\/liftingfx.girafdev.com\/fr\/wp-json\/wp\/v2\/product_brand?post=2508"},{"taxonomy":"product_cat","embeddable":true,"href":"https:\/\/liftingfx.girafdev.com\/fr\/wp-json\/wp\/v2\/product_cat?post=2508"},{"taxonomy":"product_tag","embeddable":true,"href":"https:\/\/liftingfx.girafdev.com\/fr\/wp-json\/wp\/v2\/product_tag?post=2508"}],"curies":[{"name":"wp","href":"https:\/\/api.w.org\/{rel}","templated":true}]}}