{"id":2193,"date":"2022-02-22T15:19:40","date_gmt":"2022-02-22T14:19:40","guid":{"rendered":"https:\/\/liftingfx.girafdev.comprodotto\/counterbalanced-mobile-floor-crane-gz1000bse-1000kg-electric-lift-lower-extend-retract-jib-arm\/"},"modified":"2025-08-01T11:42:40","modified_gmt":"2025-08-01T09:42:40","slug":"gz1000bse-1000kg-elevation-descente-extension-et-rentree-electriques-avec-vitesse-reglable","status":"publish","type":"product","link":"https:\/\/liftingfx.girafdev.com\/fr\/product\/gz1000bse-1000kg-elevation-descente-extension-et-rentree-electriques-avec-vitesse-reglable\/","title":{"rendered":"GZ1000BSE GRUE MOBILE D&rsquo;ATELIER"},"content":{"rendered":"<p><span style=\"font-weight: 400\">Le mod\u00e8le <\/span><b>GZ1000BSE <\/b><span style=\"font-weight: 400\">est une <\/span><b>grue \u00e0 contrepoids<\/b><span style=\"font-weight: 400\"> qui repr\u00e9sente une solution flexible et performante pour simplifier le <\/span><b>levage et la manutention de charges jusqu&rsquo;\u00e0 1000 kg.<\/b><span style=\"font-weight: 400\"> L&rsquo;encombrement frontal r\u00e9duit de seulement 800 mm en fait le choix id\u00e9al pour les applications o\u00f9 l&rsquo;espace est limit\u00e9.<\/span><\/p>\n<p><span style=\"font-weight: 400\">Elle est \u00e9quip\u00e9e d&rsquo;un timon avec roues en nylon de 200 mm de diam\u00e8tre, qui permet de diriger facilement la grue. Ce d\u00e9tail offre une grande facilit\u00e9 de mouvement et de positionnement m\u00eame dans des espaces confin\u00e9s, gr\u00e2ce \u00e9galement aux <\/span><b>dimensions frontales de 800 mm. <\/b><span style=\"font-weight: 400\">Structure enti\u00e8rement en acier peint, \u00e9quip\u00e9e de deux supports de fourches pratiques \u00e0 la base, id\u00e9ales pour soulever et transporter la grue sur de longues distances avec un chariot \u00e9l\u00e9vateur.<\/span><\/p>\n<p><b>Le mod\u00e8le GZ1000BSE est equip\u00e9 d\u2019un bras \u00e9lectrique command\u00e9 par un distributeur \u00e0 levier.<\/b><span style=\"font-weight: 400\">\u00a0Gr\u00e2ce au distributeur \u00e0 levier, la lev\u00e9e, la descente et l\u2019extension du bras sont activ\u00e9es\u00a0<\/span><b>\u00e0 vitesse progressive<\/b><span style=\"font-weight: 400\">.<\/span><\/p>\n<p><span style=\"font-weight: 400\">Une extension de la fl\u00e8che est disponible (en option) qui permet d&rsquo;augmenter le <\/span><b>porte-\u00e0-faux jusqu&rsquo;\u00e0 une longueur de 2000 mm.<\/b><\/p>\n<p><b>Le syst\u00e8me hydraulique est \u00e9quip\u00e9\u00a0d\u2019un dispositif automatique de limitation de charge et avec soupape de s\u00e9curit\u00e9 int\u00e9gr\u00e9e pour \u00e9viter la descente accidentelle en cas de rupture des tubes.<\/b><span style=\"font-weight: 400\">\u00a0<\/span><\/p>\n<p><span style=\"font-weight: 400\">Chargeur de batterie externe.\u00a0<\/span>Aliment\u00e9e par une batterie \u00e9tanche AGM sans entretien, cette grue peut \u00e9galement \u00eatre \u00e9quip\u00e9e d&rsquo;une batterie au lithium.<\/p>\n<p><b>\u00c9cran multifonction indiquant le niveau de charge, la tension de la batterie et le compteur d&rsquo;heures de fonctionnement.<\/b><\/p>\n<p><span style=\"font-weight: 400\">La grue GZ1000BSE est id\u00e9ale pour les op\u00e9rations de montage et de d\u00e9montage de pi\u00e8ces m\u00e9caniques n\u00e9cessitant un entretien fr\u00e9quent, ainsi que pour l&rsquo;assemblage de composants sur des machines industrielles. Ce mod\u00e8le simplifie ces activit\u00e9s, all\u00e9geant le travail physique et garantissant des interventions rapides et s\u00fbres.<\/span><\/p>\n","protected":false},"excerpt":{"rendered":"<p><span data-sheets-root=\"1\">CAPACIT\u00c9 DE LEVAGE<\/span> 1000 KG<\/p>\n","protected":false},"featured_media":16295,"template":"","meta":{"_acf_changed":false,"_et_pb_use_builder":"","_et_pb_old_content":"","_et_gb_content_width":""},"product_brand":[],"product_cat":[68],"product_tag":[],"class_list":{"0":"post-2193","1":"product","2":"type-product","3":"status-publish","4":"has-post-thumbnail","6":"product_cat-grues-grande-charge","7":"pa_portata-max-kg-1000-fr-2","9":"first","10":"instock","11":"shipping-taxable","12":"product-type-simple"},"acf":[],"gallery_images":[287951,287991,287961,306724,287971,288001],"_links":{"self":[{"href":"https:\/\/liftingfx.girafdev.com\/fr\/wp-json\/wp\/v2\/product\/2193","targetHints":{"allow":["GET"]}}],"collection":[{"href":"https:\/\/liftingfx.girafdev.com\/fr\/wp-json\/wp\/v2\/product"}],"about":[{"href":"https:\/\/liftingfx.girafdev.com\/fr\/wp-json\/wp\/v2\/types\/product"}],"wp:featuredmedia":[{"embeddable":true,"href":"https:\/\/liftingfx.girafdev.com\/fr\/wp-json\/wp\/v2\/media\/16295"}],"wp:attachment":[{"href":"https:\/\/liftingfx.girafdev.com\/fr\/wp-json\/wp\/v2\/media?parent=2193"}],"wp:term":[{"taxonomy":"product_brand","embeddable":true,"href":"https:\/\/liftingfx.girafdev.com\/fr\/wp-json\/wp\/v2\/product_brand?post=2193"},{"taxonomy":"product_cat","embeddable":true,"href":"https:\/\/liftingfx.girafdev.com\/fr\/wp-json\/wp\/v2\/product_cat?post=2193"},{"taxonomy":"product_tag","embeddable":true,"href":"https:\/\/liftingfx.girafdev.com\/fr\/wp-json\/wp\/v2\/product_tag?post=2193"}],"curies":[{"name":"wp","href":"https:\/\/api.w.org\/{rel}","templated":true}]}}