{"id":2057,"date":"2022-02-22T14:49:12","date_gmt":"2022-02-22T13:49:12","guid":{"rendered":"https:\/\/liftingfx.girafdev.comprodotto\/restricted-access-lifting-crane-gz1000bp-1000kg-electric-controlled-lift-and-lower\/"},"modified":"2025-08-01T11:42:25","modified_gmt":"2025-08-01T09:42:25","slug":"gz1000-b-1000kg-elevation-et-descente-electriques-1-seule-vitesse","status":"publish","type":"product","link":"https:\/\/liftingfx.girafdev.com\/fr\/product\/gz1000-b-1000kg-elevation-et-descente-electriques-1-seule-vitesse\/","title":{"rendered":"GZ1000BP SOLUTION MOBILE DE LEVAGE"},"content":{"rendered":"<p><span style=\"font-weight: 400\">La\u00a0<\/span><b>grue d\u2019atelier mod\u00e8le GZ1000BP<\/b><span style=\"font-weight: 400\">\u00a0fait partie d\u2019une large gamme de\u00a0<\/span><b>grues d\u2019atelier \u00e0 contrepoids<\/b><span style=\"font-weight: 400\">\u00a0avec traction manuelle et une capacit\u00e9 maximale jusqu\u2019\u00e0 1.000 kg et un porte-\u00e0-faux jusqu\u2019\u00e0 2.000 mm. Gr\u00e2ce \u00e0 leurs dimensions compactes et la largeur de 800 mm, les<\/span><b>\u00a0grues Flex Lifting<\/b><span style=\"font-weight: 400\">\u00a0de la gamme GZ sont facilement maniables m\u00eame \u00e0 pleine charge et peuvent \u00eatre d\u00e9plac\u00e9es sans effort dans des espaces confin\u00e9s. Tous les composants sont fabriqu\u00e9s en Italie pour garantir la plus haute qualit\u00e9 de construction et l\u2019absence de d\u00e9fauts.\u00a0<\/span><\/p>\n<p><b>Le syst\u00e8me hydraulique est \u00e9quip\u00e9\u00a0d\u2019un dispositif automatique de limitation de charge et avec soupape de s\u00e9curit\u00e9 int\u00e9gr\u00e9e pour \u00e9viter la descente accidentelle en cas de rupture des tubes.<\/b><span style=\"font-weight: 400\">\u00a0<\/span><\/p>\n<p><span style=\"font-weight: 400\">Timon de guidage equip\u00e9 d\u2019un resort \u00e0 gaz et double roue \u00d8 200 mm avec roulements \u00e0 billes et syst\u00e8me de freinage; 2 roues avant fixes \u00d8 250 mm avec roulements pour faciliter le d\u00e9placement. Le ch\u00e2ssis a une finition en peinture \u00e9poxy et est \u00e9quip\u00e9 des fourreaux de fourches pour le d\u00e9placement avec un chariot \u00e9l\u00e9vateur. Crochet orientable 360\u00b0.\u00a0<\/span><\/p>\n<p><b>La lev\u00e9e du bras de la grue mod\u00e8le GZ1000BP fonctionne \u00e0 l\u2019aide d\u2019une t\u00e9l\u00e9commande filaire avec interrupteur \u00e0 levier et \u00e0 vitesse unique. Par contre la descente s\u2019effectue \u00e0 vitesse progressive. Cette caract\u00e9ristique garantit une grande precision de positionnement au millim\u00e8tre.<\/b><span style=\"font-weight: 400\">\u00a0Fl\u00e8che extensible en 4 positions. Bras extensible jusqu\u2019\u00e0 2000 mm avec une rallonge optionnelle.\u00a0<\/span><\/p>\n<p><b>\u00c9cran multifonction indiquant le niveau de charge, la tension de la batterie et le compteur d&rsquo;heures de fonctionnement.<\/b><\/p>\n<p><span style=\"font-weight: 400\">Chargeur de batterie externe.\u00a0<\/span>Aliment\u00e9e par une batterie \u00e9tanche AGM sans entretien, cette grue peut \u00e9galement \u00eatre \u00e9quip\u00e9e d&rsquo;une batterie au lithium.<\/p>\n<p><span style=\"font-weight: 400\">Notre grue mobile GZ1000BP, un\u00a0<\/span><b>equipment de levage<\/b><span style=\"font-weight: 400\">\u00a0pour les espaces confin\u00e9s, a \u00e9t\u00e9 con\u00e7ue pour am\u00e9liorer la productivit\u00e9 et \u00e9liminer les efforts et les blessures caus\u00e9s par le levage manuel des charges.<\/span><\/p>\n","protected":false},"excerpt":{"rendered":"<p><span data-sheets-root=\"1\">CAPACIT\u00c9 DE LEVAGE<\/span> 1000 KG<\/p>\n","protected":false},"featured_media":16276,"template":"","meta":{"_acf_changed":false,"_et_pb_use_builder":"","_et_pb_old_content":"","_et_gb_content_width":""},"product_brand":[],"product_cat":[68],"product_tag":[],"class_list":{"0":"post-2057","1":"product","2":"type-product","3":"status-publish","4":"has-post-thumbnail","6":"product_cat-grues-grande-charge","7":"pa_portata-max-kg-1000-fr-2","9":"first","10":"instock","11":"shipping-taxable","12":"product-type-simple"},"acf":[],"gallery_images":[287707,287727,287757,287767,287717,287737,287747],"_links":{"self":[{"href":"https:\/\/liftingfx.girafdev.com\/fr\/wp-json\/wp\/v2\/product\/2057","targetHints":{"allow":["GET"]}}],"collection":[{"href":"https:\/\/liftingfx.girafdev.com\/fr\/wp-json\/wp\/v2\/product"}],"about":[{"href":"https:\/\/liftingfx.girafdev.com\/fr\/wp-json\/wp\/v2\/types\/product"}],"wp:featuredmedia":[{"embeddable":true,"href":"https:\/\/liftingfx.girafdev.com\/fr\/wp-json\/wp\/v2\/media\/16276"}],"wp:attachment":[{"href":"https:\/\/liftingfx.girafdev.com\/fr\/wp-json\/wp\/v2\/media?parent=2057"}],"wp:term":[{"taxonomy":"product_brand","embeddable":true,"href":"https:\/\/liftingfx.girafdev.com\/fr\/wp-json\/wp\/v2\/product_brand?post=2057"},{"taxonomy":"product_cat","embeddable":true,"href":"https:\/\/liftingfx.girafdev.com\/fr\/wp-json\/wp\/v2\/product_cat?post=2057"},{"taxonomy":"product_tag","embeddable":true,"href":"https:\/\/liftingfx.girafdev.com\/fr\/wp-json\/wp\/v2\/product_tag?post=2057"}],"curies":[{"name":"wp","href":"https:\/\/api.w.org\/{rel}","templated":true}]}}