{"id":1991,"date":"2022-02-22T14:32:27","date_gmt":"2022-02-22T13:32:27","guid":{"rendered":"https:\/\/liftingfx.girafdev.comprodotto\/rigid-arm-floor-crane-with-manual-traction-gz1000-1000kg-manual-lift-lower\/"},"modified":"2025-06-27T12:22:33","modified_gmt":"2025-06-27T10:22:33","slug":"gz1000-grue-a-contrepoids-1000kg-elevation-et-descente-manuelles","status":"publish","type":"product","link":"https:\/\/liftingfx.girafdev.com\/fr\/product\/gz1000-grue-a-contrepoids-1000kg-elevation-et-descente-manuelles\/","title":{"rendered":"GZ1000 \u00c9QUIPEMENT DE LEVAGE"},"content":{"rendered":"<p><span style=\"font-weight: 400;\">La <\/span><b>grue \u00e0 contrepoids mod\u00e8le GZ1000<\/b><span style=\"font-weight: 400;\"> est un \u00e9quipement mobile compact con\u00e7u pour <\/span><b>soulever des charges jusqu&rsquo;\u00e0 1000 kg<\/b><span style=\"font-weight: 400;\">. Ce type de grue est id\u00e9al pour une utilisation dans des environnements industriels ou logistiques, o\u00f9 une <\/span><b>solution de levage mobile et flexible<\/b><span style=\"font-weight: 400;\"> est requise.<\/span><\/p>\n<p><span style=\"font-weight: 400;\">Elle est \u00e9quip\u00e9e d&rsquo;un timon avec roues en nylon de 200 mm de diam\u00e8tre, qui permet de diriger facilement la grue. Ce d\u00e9tail offre une grande facilit\u00e9 de mouvement et de positionnement m\u00eame dans des espaces confin\u00e9s, gr\u00e2ce \u00e9galement aux <\/span><b>dimensions frontales de 800 mm.<\/b><\/p>\n<p><span style=\"font-weight: 400;\">Structure enti\u00e8rement en acier peint, \u00e9quip\u00e9e de deux supports de fourches pratiques \u00e0 la base, id\u00e9ales pour soulever et transporter la grue sur de longues distances avec un chariot \u00e9l\u00e9vateur. La lev\u00e9e du bras s&rsquo;effectue via une pompe manuelle \u00e0 double effet et la descente de la charge s&rsquo;effectue de mani\u00e8re r\u00e9glable, gr\u00e2ce \u00e0 la rotation d&rsquo;un bouton ergonomique, qui permet un contr\u00f4le pr\u00e9cis de la vitesse.<\/span><\/p>\n<p><span style=\"font-weight: 400;\">Le syst\u00e8me hydraulique est \u00e9quip\u00e9 d&rsquo;une vanne de blocage qui emp\u00eache la descente de la charge en cas de rupture accidentelle des tuyeaux et d&rsquo;une vanne de s\u00e9curit\u00e9 qui prot\u00e8ge la grue des surcharges.<\/span><\/p>\n<p><span style=\"font-weight: 400;\">Le bras est r\u00e9glable dans quatre positions diff\u00e9rentes et, gr\u00e2ce \u00e0 une extension optionnelle, il est possible d&rsquo;atteindre un <\/span><b>porte-\u00e0-faux allant jusqu&rsquo;\u00e0 un maximum de 2000 mm<\/b><span style=\"font-weight: 400;\">.<\/span><\/p>\n<p><span style=\"font-weight: 400;\">Cette grue est particuli\u00e8rement adapt\u00e9e au montage et au d\u00e9montage de pi\u00e8ces m\u00e9caniques n\u00e9cessitant un entretien fr\u00e9quent et au montage de composants sur des machines industrielles. La grue GZ 1000 facilite ces op\u00e9rations, r\u00e9duisant la charge physique de travail et permettant des interventions rapides et s\u00fbres.<\/span><\/p>\n","protected":false},"excerpt":{"rendered":"<p><span data-sheets-root=\"1\">CAPACIT\u00c9 DE LEVAGE<\/span> 1000 KG<\/p>\n","protected":false},"featured_media":16266,"template":"","meta":{"_acf_changed":false,"_et_pb_use_builder":"","_et_pb_old_content":"","_et_gb_content_width":""},"product_brand":[],"product_cat":[68],"product_tag":[],"class_list":{"0":"post-1991","1":"product","2":"type-product","3":"status-publish","4":"has-post-thumbnail","6":"product_cat-grues-grande-charge","7":"pa_portata-max-kg-1000-fr-2","9":"first","10":"instock","11":"shipping-taxable","12":"product-type-simple"},"acf":[],"gallery_images":[288666,288656,288686,306684,306704,306694],"_links":{"self":[{"href":"https:\/\/liftingfx.girafdev.com\/fr\/wp-json\/wp\/v2\/product\/1991","targetHints":{"allow":["GET"]}}],"collection":[{"href":"https:\/\/liftingfx.girafdev.com\/fr\/wp-json\/wp\/v2\/product"}],"about":[{"href":"https:\/\/liftingfx.girafdev.com\/fr\/wp-json\/wp\/v2\/types\/product"}],"wp:featuredmedia":[{"embeddable":true,"href":"https:\/\/liftingfx.girafdev.com\/fr\/wp-json\/wp\/v2\/media\/16266"}],"wp:attachment":[{"href":"https:\/\/liftingfx.girafdev.com\/fr\/wp-json\/wp\/v2\/media?parent=1991"}],"wp:term":[{"taxonomy":"product_brand","embeddable":true,"href":"https:\/\/liftingfx.girafdev.com\/fr\/wp-json\/wp\/v2\/product_brand?post=1991"},{"taxonomy":"product_cat","embeddable":true,"href":"https:\/\/liftingfx.girafdev.com\/fr\/wp-json\/wp\/v2\/product_cat?post=1991"},{"taxonomy":"product_tag","embeddable":true,"href":"https:\/\/liftingfx.girafdev.com\/fr\/wp-json\/wp\/v2\/product_tag?post=1991"}],"curies":[{"name":"wp","href":"https:\/\/api.w.org\/{rel}","templated":true}]}}