{"id":1838,"date":"2022-02-22T13:43:14","date_gmt":"2022-02-22T12:43:14","guid":{"rendered":"https:\/\/liftingfx.girafdev.comprodotto\/counterbalanced-cantilever-mini-crane-manual-01b2se-200kg-electric-lift-lower-extend-retract-jib-arm\/"},"modified":"2025-08-01T11:41:29","modified_gmt":"2025-08-01T09:41:29","slug":"grues-porte-a-faux-rotative-a-360-01b2se-200kg-elevation-descente-extension-et-rentree-electriques-avec-vitesse-reglable","status":"publish","type":"product","link":"https:\/\/liftingfx.girafdev.com\/fr\/product\/grues-porte-a-faux-rotative-a-360-01b2se-200kg-elevation-descente-extension-et-rentree-electriques-avec-vitesse-reglable\/","title":{"rendered":"01B2SE_1000 GRUE \u00c0 CONTREPOIDS T\u00c9LESCOPIQUE"},"content":{"rendered":"<p><span style=\"font-weight: 400\">La\u00a0<\/span><b>grue d\u2019atelier mod\u00e8le 01B2SE_1000<\/b><span style=\"font-weight: 400\">\u00a0fait partie d\u2019une large gamme de\u00a0<\/span><b>grues \u00e0 m\u00e2t rotatif \u00e0 360\u00b0<\/b><span style=\"font-weight: 400\"> et \u00e0 d\u00e9placement manuel avec une capacit\u00e9 maximale jusqu\u2019\u00e0 200 kg et un <\/span><b>porte-\u00e0-faux jusqu\u2019\u00e0 1910 mm<\/b><span style=\"font-weight: 400\">. Commande par levier hydraulique ou commande \u00e9lectrique.\u00a0<\/span><\/p>\n<p><span style=\"font-weight: 400\">Nos grues repr\u00e9sentent la solution la plus rentable et la plus flexible pour le levage et le transport de charges dans plusieurs applications telles que les centres d\u2019usinage et les machines-outils, la livraison aux cha\u00eenes de montage, les op\u00e9rations d\u2019assemblage, la manutention de charges. <\/span><b>Sa capacit\u00e9 de charge est de 200 kg.\u00a0<\/b><\/p>\n<p><span style=\"font-weight: 400\">Gr\u00e2ce \u00e0 leurs dimensions compactes, les<\/span><b>\u00a0grues Flex Lifting<\/b><span style=\"font-weight: 400\">\u00a0sont facilement maniables m\u00eame \u00e0 pleine charge et peuvent \u00eatre d\u00e9plac\u00e9es sans effort dans des espaces confin\u00e9s. Tous les composants sont fabriqu\u00e9s en Italie pour garantir la plus haute qualit\u00e9 de construction et l\u2019absence de d\u00e9fauts.\u00a0<\/span><\/p>\n<p><b>Le syst\u00e8me hydraulique est \u00e9quip\u00e9\u00a0d\u2019un dispositif automatique de limitation de charge et avec soupape de s\u00e9curit\u00e9 int\u00e9gr\u00e9e pour \u00e9viter la descente accidentelle en cas de rupture des tubes.<\/b><span style=\"font-weight: 400\">\u00a0<\/span><\/p>\n<p><span style=\"font-weight: 400\">Nos\u00a0<\/span><b>grues porte-\u00e0-faux rotatives<\/b><span style=\"font-weight: 400\">\u00a0sont \u00e9quip\u00e9es de 2 roues pivotantes de grande capacit\u00e9 avec supports de pare-chocs et freins de stationnement et de 2 roues avant fixes avec roulements. Le ch\u00e2ssis a une finition en peinture \u00e9poxy et est \u00e9quip\u00e9 des fourreaux de fourches pour le d\u00e9placement avec un chariot \u00e9l\u00e9vateur. La poign\u00e9e de guidage peut \u00eatre d\u00e9mont\u00e9e.\u00a0 Le contrepoids est \u00e9quip\u00e9 de deux poign\u00e9es pour faciliter la rotation. Crochet orientable 360\u00b0.\u00a0<\/span><\/p>\n<p><span style=\"font-weight: 400\">Chargeur de batterie externe.\u00a0<\/span>Aliment\u00e9e par une batterie \u00e9tanche AGM sans entretien, cette grue peut \u00e9galement \u00eatre \u00e9quip\u00e9e d&rsquo;une batterie au lithium.<\/p>\n<p><b>\u00c9cran multifonction indiquant le niveau de charge, la tension de la batterie et le compteur d&rsquo;heures de fonctionnement.<\/b><\/p>\n<p><b>Le mod\u00e8le 01B2SE_1000 est equip\u00e9 d\u2019un bras \u00e9lectrique command\u00e9 par un distributeur \u00e0 levier.<\/b><span style=\"font-weight: 400\">\u00a0Gr\u00e2ce au distributeur \u00e0 levier, la lev\u00e9e, la descente et l\u2019extension du bras sont activ\u00e9es\u00a0<\/span><b>\u00e0 vitesse progressive<\/b><span style=\"font-weight: 400\">.<\/span><\/p>\n<p><span style=\"font-weight: 400\">Le mod\u00e8le 01B2SE_1000 est le mod\u00e8le le plus appropri\u00e9 pour la manutention facile et rapide des charges lourdes dans les ateliers et les usines. Extr\u00eamement utile pour placer des charges et des \u00e9quipements sur des machines CNC, sur machines\u00a0entour\u00e9es de protections p\u00e9rim\u00e9triques et sur des zones avec un espace limit\u00e9. La solution la plus utilis\u00e9e lorsqu\u2019il n\u2019est pas possible d\u2019acc\u00e9der \u00e0 la zone de travail avec un chariot \u00e9l\u00e9vateur ou d\u2019autres solutions de levage encombrantes.\u00a0<\/span><\/p>\n","protected":false},"excerpt":{"rendered":"<p><span data-sheets-root=\"1\">CAPACIT\u00c9 DE LEVAGE <\/span>200 KG<\/p>\n","protected":false},"featured_media":286365,"template":"","meta":{"_acf_changed":false,"_et_pb_use_builder":"","_et_pb_old_content":"","_et_gb_content_width":""},"product_brand":[],"product_cat":[72],"product_tag":[],"class_list":{"0":"post-1838","1":"product","2":"type-product","3":"status-publish","4":"has-post-thumbnail","6":"product_cat-grues-porte-a-faux-rotative-a-360","7":"pa_portata-max-kg-200-fr-2","9":"first","10":"instock","11":"shipping-taxable","12":"product-type-simple"},"acf":[],"gallery_images":[286362,286332,306614,286312,286342,286352],"_links":{"self":[{"href":"https:\/\/liftingfx.girafdev.com\/fr\/wp-json\/wp\/v2\/product\/1838","targetHints":{"allow":["GET"]}}],"collection":[{"href":"https:\/\/liftingfx.girafdev.com\/fr\/wp-json\/wp\/v2\/product"}],"about":[{"href":"https:\/\/liftingfx.girafdev.com\/fr\/wp-json\/wp\/v2\/types\/product"}],"wp:featuredmedia":[{"embeddable":true,"href":"https:\/\/liftingfx.girafdev.com\/fr\/wp-json\/wp\/v2\/media\/286365"}],"wp:attachment":[{"href":"https:\/\/liftingfx.girafdev.com\/fr\/wp-json\/wp\/v2\/media?parent=1838"}],"wp:term":[{"taxonomy":"product_brand","embeddable":true,"href":"https:\/\/liftingfx.girafdev.com\/fr\/wp-json\/wp\/v2\/product_brand?post=1838"},{"taxonomy":"product_cat","embeddable":true,"href":"https:\/\/liftingfx.girafdev.com\/fr\/wp-json\/wp\/v2\/product_cat?post=1838"},{"taxonomy":"product_tag","embeddable":true,"href":"https:\/\/liftingfx.girafdev.com\/fr\/wp-json\/wp\/v2\/product_tag?post=1838"}],"curies":[{"name":"wp","href":"https:\/\/api.w.org\/{rel}","templated":true}]}}