{"id":16410,"date":"2023-12-14T16:45:38","date_gmt":"2023-12-14T15:45:38","guid":{"rendered":"https:\/\/liftingfx.girafdev.com?post_type=product&#038;p=16410"},"modified":"2025-06-26T09:56:47","modified_gmt":"2025-06-26T07:56:47","slug":"flex-f1000dbr-grue-motorisee-avec-telecommande-capacite-1000-kg","status":"publish","type":"product","link":"https:\/\/liftingfx.girafdev.com\/fr\/product\/flex-f1000dbr-grue-motorisee-avec-telecommande-capacite-1000-kg\/","title":{"rendered":"FLEX F1000DBR APPAREIL DE LEVAGE MOTORIS\u00c9"},"content":{"rendered":"<p><b>La\u00a0grue mobile FLEX F1000DBR est une grue \u00e9lectrique avec une\u00a0capacit\u00e9 maximale de 1000 kg\u00a0et une double extension \u00e9lectrique avec un\u00a0porte-\u00e0-faux de 2500 mm.\u00a0<\/b><\/p>\n<p><span style=\"font-weight: 400;\">La <\/span><b>grue \u00e9lectrique FLEX F1000DBR <\/b><span style=\"font-weight: 400;\">offre un contr\u00f4le pr\u00e9cis et s\u00fbr de toutes les op\u00e9rations. La roue motrice pivotante et les roues avant fixes assurent une maniabilit\u00e9 optimale m\u00eame dans les espaces confin\u00e9s. Les fonctions \u00e9lectriques, r\u00e9glables en vitesse, permettent d&rsquo;adapter la grue \u00e0 n&rsquo;importe quelle charge et situation.<\/span><\/p>\n<p><b>La radiocommande, \u00e9quip\u00e9e d&rsquo;un potentiom\u00e8tre, permet \u00e0 l&rsquo;op\u00e9rateur de contr\u00f4ler avec une extr\u00eame pr\u00e9cision et gradualit\u00e9 tous les mouvements du bras t\u00e9lescopique, du levage \u00e0 l&rsquo;extension.<\/b><\/p>\n<p><span style=\"font-weight: 400;\">Gr\u00e2ce au contrepoids int\u00e9gr\u00e9, c&rsquo;est une <\/span><b>solution de levage mobile et polyvalente<\/b><span style=\"font-weight: 400;\">. Sans avoir besoin de stabilisateurs, notre grue peut fonctionner dans des espaces restreints et \u00eatre d\u00e9plac\u00e9e rapidement d&rsquo;un point \u00e0 un autre. C&rsquo;est la solution id\u00e9ale pour ceux qui recherchent une solution flexible et facile \u00e0 utiliser.<\/span><\/p>\n<p><span style=\"font-weight: 400;\">Gr\u00e2ce \u00e0 sa flexibilit\u00e9, la <\/span><b>grue motoris\u00e9e FLEX F1000DBR <\/b><span style=\"font-weight: 400;\">vous permet d&rsquo;atteindre et de positionner facilement tout type de charge, m\u00eame dans des espaces \u00e9troits ou difficiles d&rsquo;acc\u00e8s, tels que les machines-outils, les \u00e9tag\u00e8res et les bancs de montage.<\/span><\/p>\n<p><b>Fonctionnalit\u00e9s de s\u00e9curit\u00e9\u00a0:<\/b><\/p>\n<p><b>Limiteur de charge dynamique<\/b><span style=\"font-weight: 400;\"> qui \u00e9vite les surcharges et les accidents potentiels. Il surveille en permanence la charge lev\u00e9e ou d\u00e9plac\u00e9e et limite automatiquement le fonctionnement si la charge d\u00e9passe la limite de s\u00e9curit\u00e9 pr\u00e9\u00e9tablie.<\/span><\/p>\n<p><span style=\"font-weight: 400;\">Une <\/span><b>vanne de blocage<\/b><span style=\"font-weight: 400;\"> est automatiquement activ\u00e9e en cas de rupture des canalisations du syst\u00e8me hydraulique, emp\u00eachant la charge de descendre de mani\u00e8re incontr\u00f4lable.<\/span><\/p>\n<p><span style=\"font-weight: 400;\">Le timon est \u00e9quip\u00e9 d&rsquo;un s\u00e9lecteur de vitesse qui permet d&rsquo;adapter la vitesse du v\u00e9hicule aux diff\u00e9rents besoins op\u00e9rationnels\u00a0:<\/span><\/p>\n<ul>\n<li><span style=\"font-weight: 400;\"> Mode lent : limite la vitesse maximale \u00e0 1,5 km\/h, id\u00e9al pour les man\u0153uvres pr\u00e9cises dans les espaces restreints et la manipulation d\u00e9licate des charges.<\/span><\/li>\n<li><span style=\"font-weight: 400;\"> Vitesse standard : permet une vitesse maximale de 3 km\/h, adapt\u00e9e aux d\u00e9placements sur de longues distances dans des conditions standards<\/span><\/li>\n<\/ul>\n<p><span style=\"font-weight: 400;\">\u00c9quipement standard : batteries AGM \u00e9tanches et sans entretien, chargeur de batterie externe, indicateur lumineux \u00e0 LED indiquant le bon fonctionnement et signalant toute surcharge, bouton d&rsquo;arr\u00eat d&rsquo;urgence. La grue FLEX F1000DBR est \u00e9galement \u00e9quip\u00e9e d&rsquo;un \u00e9cran multifonction qui indique le niveau de charge, la tension de la batterie et les heures de fonctionnement.<\/span><\/p>\n","protected":false},"excerpt":{"rendered":"<p>AVEC T\u00c9L\u00c9COMMANDE<\/p>\n<p><span data-sheets-root=\"1\">CAPACIT\u00c9 DE LEVAGE <\/span>1000 KG<\/p>\n","protected":false},"featured_media":16396,"template":"","meta":{"_acf_changed":false,"_et_pb_use_builder":"","_et_pb_old_content":"<b>La\u00a0grue mobile FLEX F1000DBR est une grue \u00e9lectrique avec une\u00a0capacit\u00e9 maximale de 1000 kg\u00a0et une double extension \u00e9lectrique avec un\u00a0porte-\u00e0-faux de 2500 mm.\u00a0<\/b>\r\n\r\n<span style=\"font-weight: 400;\">La <\/span><b>grue \u00e9lectrique FLEX F1000DBR <\/b><span style=\"font-weight: 400;\">offre un contr\u00f4le pr\u00e9cis et s\u00fbr de toutes les op\u00e9rations. La roue motrice pivotante et les roues avant fixes assurent une maniabilit\u00e9 optimale m\u00eame dans les espaces confin\u00e9s. Les fonctions \u00e9lectriques, r\u00e9glables en vitesse, permettent d'adapter la grue \u00e0 n'importe quelle charge et situation.<\/span>\r\n\r\n<b>La radiocommande, \u00e9quip\u00e9e d'un potentiom\u00e8tre, permet \u00e0 l'op\u00e9rateur de contr\u00f4ler avec une extr\u00eame pr\u00e9cision et gradualit\u00e9 tous les mouvements du bras t\u00e9lescopique, du levage \u00e0 l'extension.<\/b>\r\n\r\n<span style=\"font-weight: 400;\">Gr\u00e2ce au contrepoids int\u00e9gr\u00e9, c'est une <\/span><b>solution de levage mobile et polyvalente<\/b><span style=\"font-weight: 400;\">. Sans avoir besoin de stabilisateurs, notre grue peut fonctionner dans des espaces restreints et \u00eatre d\u00e9plac\u00e9e rapidement d'un point \u00e0 un autre. C'est la solution id\u00e9ale pour ceux qui recherchent une solution flexible et facile \u00e0 utiliser.<\/span>\r\n\r\n<span style=\"font-weight: 400;\">Gr\u00e2ce \u00e0 sa flexibilit\u00e9, la <\/span><b>grue motoris\u00e9e FLEX F1000DBR <\/b><span style=\"font-weight: 400;\">vous permet d'atteindre et de positionner facilement tout type de charge, m\u00eame dans des espaces \u00e9troits ou difficiles d'acc\u00e8s, tels que les machines-outils, les \u00e9tag\u00e8res et les bancs de montage.<\/span>\r\n\r\n<b>Fonctionnalit\u00e9s de s\u00e9curit\u00e9\u00a0:<\/b>\r\n\r\n<b>Limiteur de charge dynamique<\/b><span style=\"font-weight: 400;\"> qui \u00e9vite les surcharges et les accidents potentiels. Il surveille en permanence la charge lev\u00e9e ou d\u00e9plac\u00e9e et limite automatiquement le fonctionnement si la charge d\u00e9passe la limite de s\u00e9curit\u00e9 pr\u00e9\u00e9tablie.<\/span>\r\n\r\n<span style=\"font-weight: 400;\">Une <\/span><b>vanne de blocage<\/b><span style=\"font-weight: 400;\"> est automatiquement activ\u00e9e en cas de rupture des canalisations du syst\u00e8me hydraulique, emp\u00eachant la charge de descendre de mani\u00e8re incontr\u00f4lable.<\/span>\r\n\r\n<span style=\"font-weight: 400;\">Le timon est \u00e9quip\u00e9 d'un s\u00e9lecteur de vitesse qui permet d'adapter la vitesse du v\u00e9hicule aux diff\u00e9rents besoins op\u00e9rationnels\u00a0:<\/span>\r\n<ul>\r\n \t<li><span style=\"font-weight: 400;\"> Mode lent : limite la vitesse maximale \u00e0 1,5 km\/h, id\u00e9al pour les man\u0153uvres pr\u00e9cises dans les espaces restreints et la manipulation d\u00e9licate des charges.<\/span><\/li>\r\n \t<li><span style=\"font-weight: 400;\"> Vitesse standard : permet une vitesse maximale de 3 km\/h, adapt\u00e9e aux d\u00e9placements sur de longues distances dans des conditions standards<\/span><\/li>\r\n<\/ul>\r\n<span style=\"font-weight: 400;\">\u00c9quipement standard : batteries AGM \u00e9tanches et sans entretien, chargeur de batterie externe, indicateur lumineux \u00e0 LED indiquant le bon fonctionnement et signalant toute surcharge, bouton d'arr\u00eat d'urgence. La grue FLEX F1000DBR est \u00e9galement \u00e9quip\u00e9e d'un \u00e9cran multifonction qui indique le niveau de charge, la tension de la batterie et les heures de fonctionnement.<\/span>","_et_gb_content_width":""},"product_brand":[],"product_cat":[60],"product_tag":[],"class_list":{"0":"post-16410","1":"product","2":"type-product","3":"status-publish","4":"has-post-thumbnail","6":"product_cat-nos-grues-avec-une-seule-extension-electrique","7":"pa_portata-max-kg-1000-fr-2","9":"first","10":"instock","11":"shipping-taxable","12":"product-type-simple"},"acf":[],"gallery_images":[303758,303768,303748,303728,303738,303718,303708],"_links":{"self":[{"href":"https:\/\/liftingfx.girafdev.com\/fr\/wp-json\/wp\/v2\/product\/16410","targetHints":{"allow":["GET"]}}],"collection":[{"href":"https:\/\/liftingfx.girafdev.com\/fr\/wp-json\/wp\/v2\/product"}],"about":[{"href":"https:\/\/liftingfx.girafdev.com\/fr\/wp-json\/wp\/v2\/types\/product"}],"wp:featuredmedia":[{"embeddable":true,"href":"https:\/\/liftingfx.girafdev.com\/fr\/wp-json\/wp\/v2\/media\/16396"}],"wp:attachment":[{"href":"https:\/\/liftingfx.girafdev.com\/fr\/wp-json\/wp\/v2\/media?parent=16410"}],"wp:term":[{"taxonomy":"product_brand","embeddable":true,"href":"https:\/\/liftingfx.girafdev.com\/fr\/wp-json\/wp\/v2\/product_brand?post=16410"},{"taxonomy":"product_cat","embeddable":true,"href":"https:\/\/liftingfx.girafdev.com\/fr\/wp-json\/wp\/v2\/product_cat?post=16410"},{"taxonomy":"product_tag","embeddable":true,"href":"https:\/\/liftingfx.girafdev.com\/fr\/wp-json\/wp\/v2\/product_tag?post=16410"}],"curies":[{"name":"wp","href":"https:\/\/api.w.org\/{rel}","templated":true}]}}