{"id":16380,"date":"2023-12-14T16:13:11","date_gmt":"2023-12-14T15:13:11","guid":{"rendered":"https:\/\/liftingfx.girafdev.com?post_type=product&#038;p=16380"},"modified":"2025-06-04T07:48:47","modified_gmt":"2025-06-04T05:48:47","slug":"flex-f1000sbr-grue-motorisee-avec-telecommande-capacite-1000-kg","status":"publish","type":"product","link":"https:\/\/liftingfx.girafdev.com\/fr\/product\/flex-f1000sbr-grue-motorisee-avec-telecommande-capacite-1000-kg\/","title":{"rendered":"FLEX F1000SBR AVEC T\u00c9L\u00c9COMMANDE"},"content":{"rendered":"<p>La <strong>grue mobile FLEX F1000SBR<\/strong> est une grue \u00e9lectrique avec une <strong>capacit\u00e9 maximale de 1000 kg<\/strong> et une extension \u00e9lectrique avec un <strong>porte-\u00e0-faux de 1400 mm<\/strong>. Cette <strong>solution de levage et manutention<\/strong> offre une maniabilit\u00e9 exceptionnelle\u00a0 dans des espaces restreints.\u00a0 L&rsquo;une des principales caract\u00e9ristiques de cette grue \u00e0 contrepoids est qu&rsquo;il n&rsquo;y a pas de stabilisateurs, de sorte que cette grue offre une mobilit\u00e9 maximale avec une charge suspendue. C&rsquo;est donc une <strong>grue mobile universelle<\/strong> pour des applications illimit\u00e9es qui peut \u00eatre utilis\u00e9e sur diff\u00e9rents postes de travail. Notre <strong>\u00e9quipement de levage Flex F1000SBR<\/strong> est id\u00e9al pour placer des moules et diverses charges sur des obstacles\/barri\u00e8res, dans des machines 3D, des tours, des ouvertures \u00e9troites, des cha\u00eenes de montage et sur des protections p\u00e9rim\u00e9triques. Elle est \u00e9quip\u00e9e de s\u00e9rie d&rsquo;un dispositif de limitation de charge dynamique qui emp\u00eache la grue d&rsquo;\u00eatre charg\u00e9e au-del\u00e0 de sa capacit\u00e9 maximale \u00e0 chaque point d&rsquo;extension. Manutention et levage de charges dans le plein respect de toutes les exigences de la l\u00e9gislation en vigueur en mati\u00e8re de sant\u00e9 et de s\u00e9curit\u00e9.<\/p>\n<p><b>Flex F1000SBR est equip\u00e9e d&rsquo;une t\u00e9l\u00e9commande avec vitesse progressive pour <\/b><b>activer les fonctions suivantes :<\/b><\/p>\n<p>l<b>ev\u00e9e et descente du bras ainsi que l&rsquo;e<\/b><b>xtension et rentr\u00e9e du bras\u00a0<\/b><\/p>\n","protected":false},"excerpt":{"rendered":"<p>Grue \u00e0 contrepoids hydraulique avec bras \u00e9lectrique et capacit\u00e9 de 1.000 kg<\/p>\n","protected":false},"featured_media":16365,"template":"","meta":{"_acf_changed":false,"_et_pb_use_builder":"","_et_pb_old_content":"","_et_gb_content_width":""},"product_brand":[],"product_cat":[60],"product_tag":[],"class_list":{"0":"post-16380","1":"product","2":"type-product","3":"status-publish","4":"has-post-thumbnail","6":"product_cat-nos-grues-avec-une-seule-extension-electrique","7":"pa_portata-max-kg-1000-fr-2","9":"first","10":"instock","11":"shipping-taxable","12":"product-type-simple"},"acf":[],"gallery_images":[15931,13395,10313,10320,12028,12035,13056],"_links":{"self":[{"href":"https:\/\/liftingfx.girafdev.com\/fr\/wp-json\/wp\/v2\/product\/16380","targetHints":{"allow":["GET"]}}],"collection":[{"href":"https:\/\/liftingfx.girafdev.com\/fr\/wp-json\/wp\/v2\/product"}],"about":[{"href":"https:\/\/liftingfx.girafdev.com\/fr\/wp-json\/wp\/v2\/types\/product"}],"wp:featuredmedia":[{"embeddable":true,"href":"https:\/\/liftingfx.girafdev.com\/fr\/wp-json\/wp\/v2\/media\/16365"}],"wp:attachment":[{"href":"https:\/\/liftingfx.girafdev.com\/fr\/wp-json\/wp\/v2\/media?parent=16380"}],"wp:term":[{"taxonomy":"product_brand","embeddable":true,"href":"https:\/\/liftingfx.girafdev.com\/fr\/wp-json\/wp\/v2\/product_brand?post=16380"},{"taxonomy":"product_cat","embeddable":true,"href":"https:\/\/liftingfx.girafdev.com\/fr\/wp-json\/wp\/v2\/product_cat?post=16380"},{"taxonomy":"product_tag","embeddable":true,"href":"https:\/\/liftingfx.girafdev.com\/fr\/wp-json\/wp\/v2\/product_tag?post=16380"}],"curies":[{"name":"wp","href":"https:\/\/api.w.org\/{rel}","templated":true}]}}