{"id":1630,"date":"2022-02-22T12:04:00","date_gmt":"2022-02-22T11:04:00","guid":{"rendered":"https:\/\/liftingfx.girafdev.comprodotto\/counterbalanced-crane-slewing-arm-with-manual-traction-01b2p-200kg-electric-progressive-lower\/"},"modified":"2025-08-01T11:40:01","modified_gmt":"2025-08-01T09:40:01","slug":"01b2p-200kg-grues-porte-a-faux-rotative-a-360-descente-electrique-vitesse-reglable","status":"publish","type":"product","link":"https:\/\/liftingfx.girafdev.com\/fr\/product\/01b2p-200kg-grues-porte-a-faux-rotative-a-360-descente-electrique-vitesse-reglable\/","title":{"rendered":"01B2P GRUE D&rsquo;ATELIER PROFESSIONNELLE"},"content":{"rendered":"<p><span style=\"font-weight: 400\">La\u00a0<\/span><b>grue d\u2019atelier mod\u00e8le 01B2P<\/b><span style=\"font-weight: 400\">\u00a0fait partie d\u2019une large gamme de\u00a0<\/span><b>grues porte-\u00e0-faux \u00e0 m\u00e2t rotatif \u00e0 360\u00b0 et \u00e0 d\u00e9placement manuel<\/b><span style=\"font-weight: 400\"> et une capacit\u00e9 maximale jusqu\u2019\u00e0 200 kg et un porte-\u00e0-faux jusqu\u2019\u00e0 2050 mm. <\/span><\/p>\n<p><span style=\"font-weight: 400\">Chargeur de batterie externe.\u00a0<\/span>Aliment\u00e9e par une batterie \u00e9tanche AGM sans entretien, cette grue peut \u00e9galement \u00eatre \u00e9quip\u00e9e d&rsquo;une batterie au lithium.<\/p>\n<p><span style=\"font-weight: 400\">Commandes \u00e0 leviers hydrauliques ou commandes \u00e9lectriques.<\/span><\/p>\n<p><span style=\"font-weight: 400\">Nos grues repr\u00e9sentent la solution la plus rentable et la plus flexible pour le levage et le transport de charges dans plusieurs applications telles que les centres d\u2019usinage et les machines-outils, la livraison aux cha\u00eenes de montage, les op\u00e9rations d\u2019assemblage, la manutention de charges.<\/span><\/p>\n<p><span style=\"font-weight: 400\">Gr\u00e2ce \u00e0 leurs dimensions compactes, les<\/span><b>\u00a0grues Flex Lifting<\/b><span style=\"font-weight: 400\">\u00a0sont facilement maniables m\u00eame \u00e0 pleine charge et peuvent \u00eatre d\u00e9plac\u00e9es sans effort dans des espaces confin\u00e9s. Tous les composants sont fabriqu\u00e9s en Italie pour garantir la plus haute qualit\u00e9 de construction et l\u2019absence de d\u00e9fauts.\u00a0<\/span><\/p>\n<p><b>Le syst\u00e8me hydraulique est \u00e9quip\u00e9\u00a0d\u2019un dispositif automatique de limitation de charge et avec soupape de s\u00e9curit\u00e9 int\u00e9gr\u00e9e pour \u00e9viter la descente accidentelle en cas de rupture des tubes.<\/b><span style=\"font-weight: 400\">\u00a0<\/span><\/p>\n<p><span style=\"font-weight: 400\">Nos\u00a0<\/span><b>grues porte-\u00e0-faux rotatives<\/b><span style=\"font-weight: 400\">\u00a0sont \u00e9quip\u00e9es de 2 roues pivotantes de grande capacit\u00e9 avec supports de pare-chocs et freins de stationnement et de 2 roues avant fixes avec roulements. Le ch\u00e2ssis a une finition en peinture \u00e9poxy et est \u00e9quip\u00e9 des fourreaux de fourches pour le d\u00e9placement avec un chariot \u00e9l\u00e9vateur. La poign\u00e9e de guidage peut \u00eatre d\u00e9mont\u00e9e.\u00a0 Le contrepoids est \u00e9quip\u00e9 de deux poign\u00e9es pour faciliter la rotation. Crochet orientable 360\u00b0. M\u00e2t sur tourelle rotative qui peut \u00eatre bloqu\u00e9e tous les 30\u00b0.\u00a0<\/span><\/p>\n<p><b>\u00c9cran multifonction indiquant le niveau de charge, la tension de la batterie et le compteur d&rsquo;heures de fonctionnement.<\/b><\/p>\n<p><b>La lev\u00e9e du bras de la grue mod\u00e8le 01B2P fonctionne \u00e0 l\u2019aide d\u2019une t\u00e9l\u00e9commande filaire avec interrupteur \u00e0 levier et \u00e0 vitesse unique. Par contre la descente s\u2019effectue \u00e0 vitesse progressive. Cette caract\u00e9ristique garantit une grande precision de positionnement au millim\u00e8tre.<\/b><span style=\"font-weight: 400\">\u00a0<\/span><\/p>\n<p><span style=\"font-weight: 400\">Fl\u00e8che extensible en 4 positions. Bras extensible jusqu\u2019\u00e0 2050 mm avec rallonge optionnelle.<\/span><\/p>\n","protected":false},"excerpt":{"rendered":"<p><span data-sheets-root=\"1\">CAPACIT\u00c9 DE LEVAGE <\/span>200 KG<\/p>\n","protected":false},"featured_media":317337,"template":"","meta":{"_acf_changed":false,"_et_pb_use_builder":"","_et_pb_old_content":"","_et_gb_content_width":""},"product_brand":[],"product_cat":[72],"product_tag":[],"class_list":{"0":"post-1630","1":"product","2":"type-product","3":"status-publish","4":"has-post-thumbnail","6":"product_cat-grues-porte-a-faux-rotative-a-360","7":"pa_portata-max-kg-200-fr-2","9":"first","10":"instock","11":"shipping-taxable","12":"product-type-simple"},"acf":[],"gallery_images":[317334,317398,317384,317374,317354,317344],"_links":{"self":[{"href":"https:\/\/liftingfx.girafdev.com\/fr\/wp-json\/wp\/v2\/product\/1630","targetHints":{"allow":["GET"]}}],"collection":[{"href":"https:\/\/liftingfx.girafdev.com\/fr\/wp-json\/wp\/v2\/product"}],"about":[{"href":"https:\/\/liftingfx.girafdev.com\/fr\/wp-json\/wp\/v2\/types\/product"}],"wp:featuredmedia":[{"embeddable":true,"href":"https:\/\/liftingfx.girafdev.com\/fr\/wp-json\/wp\/v2\/media\/317337"}],"wp:attachment":[{"href":"https:\/\/liftingfx.girafdev.com\/fr\/wp-json\/wp\/v2\/media?parent=1630"}],"wp:term":[{"taxonomy":"product_brand","embeddable":true,"href":"https:\/\/liftingfx.girafdev.com\/fr\/wp-json\/wp\/v2\/product_brand?post=1630"},{"taxonomy":"product_cat","embeddable":true,"href":"https:\/\/liftingfx.girafdev.com\/fr\/wp-json\/wp\/v2\/product_cat?post=1630"},{"taxonomy":"product_tag","embeddable":true,"href":"https:\/\/liftingfx.girafdev.com\/fr\/wp-json\/wp\/v2\/product_tag?post=1630"}],"curies":[{"name":"wp","href":"https:\/\/api.w.org\/{rel}","templated":true}]}}