{"id":14123,"date":"2023-07-28T13:41:31","date_gmt":"2023-07-28T11:41:31","guid":{"rendered":"https:\/\/liftingfx.girafdev.com?post_type=product&#038;p=14123"},"modified":"2025-06-25T18:15:35","modified_gmt":"2025-06-25T16:15:35","slug":"flex-f1000dbl-grue-motorisee-hydraulique-avec-double-extension-electrique-capacite-1000-kg","status":"publish","type":"product","link":"https:\/\/liftingfx.girafdev.com\/fr\/product\/flex-f1000dbl-grue-motorisee-hydraulique-avec-double-extension-electrique-capacite-1000-kg\/","title":{"rendered":"FLEX F1000DBL DISPOSITIF DE LEVAGE MOTORIS\u00c9"},"content":{"rendered":"<p><b>La\u00a0grue mobile FLEX F1000DBL\u00a0est une grue \u00e9lectrique avec une\u00a0capacit\u00e9 maximale de 1000 kg\u00a0et une double extension \u00e9lectrique avec un\u00a0porte-\u00e0-faux de 2500 mm.\u00a0<\/b><\/p>\n<p><span style=\"font-weight: 400;\">La <\/span><b>grue \u00e9lectrique Flex F1000DBL<\/b><span style=\"font-weight: 400;\"> offre un contr\u00f4le pr\u00e9cis et s\u00fbr de toutes les op\u00e9rations. La roue motrice pivotante et les roues avant fixes assurent une maniabilit\u00e9 optimale m\u00eame dans les espaces confin\u00e9s. Les fonctions \u00e9lectriques, r\u00e9glables en vitesse, permettent d&rsquo;adapter la grue \u00e0 n&rsquo;importe quelle charge et situation.<\/span><\/p>\n<p><b>Les mouvements de levage, de descente, d&rsquo;extension et de rentr\u00e9e du bras t\u00e9lescopique sont actionn\u00e9s et contr\u00f4l\u00e9s avec pr\u00e9cision par l&rsquo;op\u00e9rateur \u00e0 l&rsquo;aide de simples leviers. La vitesse de chaque mouvement est proportionnelle \u00e0 l&rsquo;action exerc\u00e9e sur le levier, garantissant un contr\u00f4le intuitif et pr\u00e9cis.<\/b><\/p>\n<p><span style=\"font-weight: 400;\">Le syst\u00e8me de lest int\u00e9gr\u00e9 permet de soulever une charge en porte-\u00e0-faux sans avoir \u00e0 installer de stabilisateurs lat\u00e9raux. Il s&rsquo;agit donc d&rsquo;une grue mobile universelle avec des possibilit\u00e9s d&rsquo;utilisation illimit\u00e9es et imm\u00e9diatement pr\u00eate \u00e0 l&#8217;emploi.<\/span><\/p>\n<p><span style=\"font-weight: 400;\">Gr\u00e2ce \u00e0 sa flexibilit\u00e9, la <\/span><b>grue motoris\u00e9e FLEX F1000DBL<\/b><span style=\"font-weight: 400;\"> vous permet d&rsquo;atteindre et de positionner facilement tout type de charge, m\u00eame dans des espaces \u00e9troits ou difficiles d&rsquo;acc\u00e8s, tels que les machines-outils, les \u00e9tag\u00e8res et les bancs de montage.<\/span><\/p>\n<p><b>Fonctionnalit\u00e9s de s\u00e9curit\u00e9\u00a0:<\/b><\/p>\n<p><b>Limiteur de charge dynamique<\/b><span style=\"font-weight: 400;\"> qui \u00e9vite les surcharges et les accidents potentiels. Il surveille en permanence la charge lev\u00e9e ou d\u00e9plac\u00e9e et limite automatiquement le fonctionnement si la charge d\u00e9passe la limite de s\u00e9curit\u00e9 pr\u00e9\u00e9tablie.<\/span><\/p>\n<p><span style=\"font-weight: 400;\">Une <\/span><b>vanne de blocage<\/b><span style=\"font-weight: 400;\"> est automatiquement activ\u00e9e en cas de rupture des canalisations du syst\u00e8me hydraulique, emp\u00eachant la charge de descendre de mani\u00e8re incontr\u00f4lable.<\/span><\/p>\n<p><span style=\"font-weight: 400;\">Le timon est \u00e9quip\u00e9 d&rsquo;un s\u00e9lecteur de vitesse qui permet d&rsquo;adapter la vitesse du v\u00e9hicule aux diff\u00e9rents besoins op\u00e9rationnels\u00a0:<\/span><\/p>\n<ul>\n<li><span style=\"font-weight: 400;\"> Mode lent : limite la vitesse maximale \u00e0 1,5 km\/h, id\u00e9al pour les man\u0153uvres pr\u00e9cises dans les espaces restreints et la manipulation d\u00e9licate des charges.<\/span><\/li>\n<li><span style=\"font-weight: 400;\"> Vitesse standard : permet une vitesse maximale de 3 km\/h, adapt\u00e9e aux d\u00e9placements sur de longues distances dans des conditions standards<\/span><\/li>\n<\/ul>\n<p><span style=\"font-weight: 400;\">\u00c9quipement standard : batteries AGM \u00e9tanches et sans entretien, chargeur de batterie externe, indicateur lumineux \u00e0 LED indiquant le bon fonctionnement et signalant toute surcharge, bouton d&rsquo;arr\u00eat d&rsquo;urgence. La grue FLEX F1000DBL est \u00e9galement \u00e9quip\u00e9e d&rsquo;un \u00e9cran multifonction qui indique le niveau de charge, la tension de la batterie et les heures de fonctionnement.<\/span><\/p>\n","protected":false},"excerpt":{"rendered":"<p>AVEC COMMANDES \u00c0 LEVIERS<\/p>\n<p><span style=\"vertical-align: inherit;\"><span style=\"vertical-align: inherit;\"><span data-sheets-root=\"1\">CAPACIT\u00c9 DE LEVAGE <\/span>1000 KG<\/span><\/span><\/p>\n","protected":false},"featured_media":311861,"template":"","meta":{"_acf_changed":false,"_et_pb_use_builder":"","_et_pb_old_content":"","_et_gb_content_width":""},"product_brand":[],"product_cat":[60],"product_tag":[],"class_list":{"0":"post-14123","1":"product","2":"type-product","3":"status-publish","4":"has-post-thumbnail","6":"product_cat-nos-grues-avec-une-seule-extension-electrique","7":"pa_portata-max-kg-1000-fr-2","9":"first","10":"instock","11":"shipping-taxable","12":"product-type-simple"},"acf":[],"gallery_images":[311858,311808,311818,311828,311838,311848,311868],"_links":{"self":[{"href":"https:\/\/liftingfx.girafdev.com\/fr\/wp-json\/wp\/v2\/product\/14123","targetHints":{"allow":["GET"]}}],"collection":[{"href":"https:\/\/liftingfx.girafdev.com\/fr\/wp-json\/wp\/v2\/product"}],"about":[{"href":"https:\/\/liftingfx.girafdev.com\/fr\/wp-json\/wp\/v2\/types\/product"}],"wp:featuredmedia":[{"embeddable":true,"href":"https:\/\/liftingfx.girafdev.com\/fr\/wp-json\/wp\/v2\/media\/311861"}],"wp:attachment":[{"href":"https:\/\/liftingfx.girafdev.com\/fr\/wp-json\/wp\/v2\/media?parent=14123"}],"wp:term":[{"taxonomy":"product_brand","embeddable":true,"href":"https:\/\/liftingfx.girafdev.com\/fr\/wp-json\/wp\/v2\/product_brand?post=14123"},{"taxonomy":"product_cat","embeddable":true,"href":"https:\/\/liftingfx.girafdev.com\/fr\/wp-json\/wp\/v2\/product_cat?post=14123"},{"taxonomy":"product_tag","embeddable":true,"href":"https:\/\/liftingfx.girafdev.com\/fr\/wp-json\/wp\/v2\/product_tag?post=14123"}],"curies":[{"name":"wp","href":"https:\/\/api.w.org\/{rel}","templated":true}]}}