{"id":1338,"date":"2022-02-22T11:06:49","date_gmt":"2022-02-22T10:06:49","guid":{"rendered":"https:\/\/liftingfx.girafdev.comprodotto\/200-kg-counterbalanced-swivel-crane-flexlifting-with-manual-traction-01m2-manual-lift-lower\/"},"modified":"2025-06-27T08:14:53","modified_gmt":"2025-06-27T06:14:53","slug":"01m2-200kg-grues-porte-a-faux-rotative-a-360-elevation-et-descente-manuelles","status":"publish","type":"product","link":"https:\/\/liftingfx.girafdev.com\/fr\/product\/01m2-200kg-grues-porte-a-faux-rotative-a-360-elevation-et-descente-manuelles\/","title":{"rendered":"01M2 GRUE ROTATIVE \u00c0 CONTREPOIDS"},"content":{"rendered":"<p>[et_pb_section fb_built=\u00a0\u00bb1&Prime; _builder_version=\u00a0\u00bb4.25.2&Prime; _module_preset=\u00a0\u00bbdefault\u00a0\u00bb da_disable_devices=\u00a0\u00bboff|off|off\u00a0\u00bb global_colors_info=\u00a0\u00bb{}\u00a0\u00bb da_is_popup=\u00a0\u00bboff\u00a0\u00bb da_exit_intent=\u00a0\u00bboff\u00a0\u00bb da_has_close=\u00a0\u00bbon\u00a0\u00bb da_alt_close=\u00a0\u00bboff\u00a0\u00bb da_dark_close=\u00a0\u00bboff\u00a0\u00bb da_not_modal=\u00a0\u00bbon\u00a0\u00bb da_is_singular=\u00a0\u00bboff\u00a0\u00bb da_with_loader=\u00a0\u00bboff\u00a0\u00bb da_has_shadow=\u00a0\u00bbon\u00a0\u00bb][\/et_pb_section]<\/p>\n","protected":false},"excerpt":{"rendered":"<p><span data-sheets-root=\"1\">CAPACIT\u00c9 DE LEVAGE<\/span> 200 KG<\/p>\n","protected":false},"featured_media":307608,"template":"","meta":{"_acf_changed":false,"_et_pb_use_builder":"on","_et_pb_old_content":"<span style=\"font-weight: 400\">La\u00a0<\/span><b>grue rotative 01M2 avec capacit\u00e9 maximale de 200 kg<\/b><span style=\"font-weight: 400\">\u00a0est equip\u00e9e d\u2019une pompe \u00e0 lev\u00e9e rapide\u00a0double action et une manivelle pour la descente \u00e0 vitesse r\u00e9glable.<\/span>\r\n\r\n<span style=\"font-weight: 400\">La grue d\u2019atelier mod\u00e8le 01M2 fait partie d\u2019une large gamme de <\/span><b>grues porte-\u00e0-faux \u00e0 m\u00e2t rotatif \u00e0 360\u00b0 et \u00e0 d\u00e9placement manuel.<\/b><span style=\"font-weight: 400\">\u00a0 Commandes par levier hydraulique ou commandes \u00e9lectriques. Nos grues repr\u00e9sentent la solution la plus rentable et la plus flexible pour le levage et le transport de charges dans plusieurs applications telles que les centres d\u2019usinage et les machines-outils, la livraison aux cha\u00eenes de montage, les op\u00e9rations d\u2019assemblage, la manutention de charges.<\/span>\r\n\r\n<span style=\"font-weight: 400\">Gr\u00e2ce \u00e0 leurs dimensions compactes, les\u00a0<\/span><b>mini grues de levage Flex Lifting<\/b><span style=\"font-weight: 400\">\u00a0sont facilement maniables m\u00eame \u00e0 pleine charge et peuvent \u00eatre d\u00e9plac\u00e9es sans effort dans des espaces confin\u00e9s. Tous les composants sont fabriqu\u00e9s en Italie pour garantir la plus haute qualit\u00e9 de construction et l\u2019absence de d\u00e9fauts.<\/span>\r\n\r\n<b>Le syst\u00e8me hydraulique est \u00e9quip\u00e9\u00a0d\u2019un dispositif automatique de limitation de charge et avec soupape de s\u00e9curit\u00e9 int\u00e9gr\u00e9e pour \u00e9viter la descente accidentelle en cas de rupture des tubes.<\/b>\r\n\r\n<span style=\"font-weight: 400\">Les grues Flex Lifting sont \u00e9quip\u00e9es de 2 roues pivotantes de grande capacit\u00e9 avec supports de pare-chocs et freins de stationnement et de 2 roues avant fixes avec roulements. Le ch\u00e2ssis a une finition en peinture \u00e9poxy et est \u00e9quip\u00e9 des fourreaux de fourches pour le d\u00e9placement avec un chariot \u00e9l\u00e9vateur. La poign\u00e9e de guidage peut \u00eatre d\u00e9mont\u00e9e.\u00a0 Le contrepoids est \u00e9quip\u00e9 de deux poign\u00e9es pour faciliter la rotation. Crochet orientable 360\u00b0. M\u00e2t sur tourelle rotative qui peut \u00eatre bloqu\u00e9e tous les 30\u00b0.<\/span>\r\n\r\n<b>Fl\u00e8che extensible en 4 positions. Bras extensible jusqu\u2019\u00e0 2050 mm avec rallonge optionnelle.<\/b>\r\n\r\n<span style=\"font-weight: 400\">La grue 01M2 est un\u00a0<\/span><b>equipement de levage<\/b><span style=\"font-weight: 400\">\u00a0facile \u00e0 utiliser. Aucune installation n\u00e9cessaire.<\/span> <span style=\"font-weight: 400\">La grue \u00e0 contrepoids 01M2 est la solution id\u00e9ale pour toutes les entreprises qui souhaitent am\u00e9liorer l'efficacit\u00e9 de leurs processus de production, tout en garantissant une s\u00e9curit\u00e9 maximale des op\u00e9rateurs.<\/span>","_et_gb_content_width":""},"product_brand":[],"product_cat":[72],"product_tag":[],"class_list":{"0":"post-1338","1":"product","2":"type-product","3":"status-publish","4":"has-post-thumbnail","6":"product_cat-grues-porte-a-faux-rotative-a-360","7":"pa_portata-max-kg-200-fr-2","9":"first","10":"instock","11":"shipping-taxable","12":"product-type-simple"},"acf":[],"gallery_images":[308014,308024,308004,307984,308034,308044],"_links":{"self":[{"href":"https:\/\/liftingfx.girafdev.com\/fr\/wp-json\/wp\/v2\/product\/1338","targetHints":{"allow":["GET"]}}],"collection":[{"href":"https:\/\/liftingfx.girafdev.com\/fr\/wp-json\/wp\/v2\/product"}],"about":[{"href":"https:\/\/liftingfx.girafdev.com\/fr\/wp-json\/wp\/v2\/types\/product"}],"wp:featuredmedia":[{"embeddable":true,"href":"https:\/\/liftingfx.girafdev.com\/fr\/wp-json\/wp\/v2\/media\/307608"}],"wp:attachment":[{"href":"https:\/\/liftingfx.girafdev.com\/fr\/wp-json\/wp\/v2\/media?parent=1338"}],"wp:term":[{"taxonomy":"product_brand","embeddable":true,"href":"https:\/\/liftingfx.girafdev.com\/fr\/wp-json\/wp\/v2\/product_brand?post=1338"},{"taxonomy":"product_cat","embeddable":true,"href":"https:\/\/liftingfx.girafdev.com\/fr\/wp-json\/wp\/v2\/product_cat?post=1338"},{"taxonomy":"product_tag","embeddable":true,"href":"https:\/\/liftingfx.girafdev.com\/fr\/wp-json\/wp\/v2\/product_tag?post=1338"}],"curies":[{"name":"wp","href":"https:\/\/api.w.org\/{rel}","templated":true}]}}