{"id":280306,"date":"2024-07-10T14:28:42","date_gmt":"2024-07-10T12:28:42","guid":{"rendered":"https:\/\/bigleap.tech\/flex2\/?page_id=280306"},"modified":"2024-12-14T10:41:12","modified_gmt":"2024-12-14T09:41:12","slug":"newsevents3fr","status":"publish","type":"page","link":"https:\/\/liftingfx.girafdev.com\/fr\/newsevents3fr\/","title":{"rendered":"newsevents3fr"},"content":{"rendered":"<p>[et_pb_section fb_built=\u00a0\u00bb1&Prime; _builder_version=\u00a0\u00bb4.22.2&Prime; _module_preset=\u00a0\u00bbdefault\u00a0\u00bb background_color=\u00a0\u00bb#000000&Prime; background_image=\u00a0\u00bbhttps:\/\/liftingfx.girafdev.comwp-content\/uploads\/2024\/07\/pattren-123-20356-222025.png\u00a0\u00bb background_size=\u00a0\u00bbcontain\u00a0\u00bb background_position=\u00a0\u00bbcenter_left\u00a0\u00bb background_horizontal_offset=\u00a0\u00bb100%\u00a0\u00bb background_blend=\u00a0\u00bbdifference\u00a0\u00bb background_enable_pattern_style=\u00a0\u00bbon\u00a0\u00bb background_pattern_style=\u00a0\u00bbtufted\u00a0\u00bb background_pattern_color=\u00a0\u00bbrgba(111,106,110,0.27)\u00a0\u00bb background_pattern_transform=\u00a0\u00bbflip_vertical\u00a0\u00bb background_pattern_size=\u00a0\u00bbcontain\u00a0\u00bb background_pattern_repeat_origin=\u00a0\u00bbbottom_left\u00a0\u00bb background_pattern_repeat=\u00a0\u00bbrepeat-x\u00a0\u00bb background_pattern_blend_mode=\u00a0\u00bbluminosity\u00a0\u00bb custom_margin=\u00a0\u00bb|||0px|false|false\u00a0\u00bb custom_padding=\u00a0\u00bb7%||15px|0px|false|false\u00a0\u00bb background_last_edited=\u00a0\u00bbon|tablet\u00a0\u00bb background_size_tablet=\u00a0\u00bbcover\u00a0\u00bb background_size_phone=\u00a0\u00bbcover\u00a0\u00bb da_disable_devices=\u00a0\u00bboff|off|off\u00a0\u00bb locked=\u00a0\u00bboff\u00a0\u00bb global_colors_info=\u00a0\u00bb{}\u00a0\u00bb da_is_popup=\u00a0\u00bboff\u00a0\u00bb da_exit_intent=\u00a0\u00bboff\u00a0\u00bb da_has_close=\u00a0\u00bbon\u00a0\u00bb da_alt_close=\u00a0\u00bboff\u00a0\u00bb da_dark_close=\u00a0\u00bboff\u00a0\u00bb da_not_modal=\u00a0\u00bbon\u00a0\u00bb da_is_singular=\u00a0\u00bboff\u00a0\u00bb da_with_loader=\u00a0\u00bboff\u00a0\u00bb da_has_shadow=\u00a0\u00bbon\u00a0\u00bb][et_pb_row _builder_version=\u00a0\u00bb4.22.2&Prime; _module_preset=\u00a0\u00bbdefault\u00a0\u00bb custom_margin=\u00a0\u00bb|auto|||false|false\u00a0\u00bb custom_padding=\u00a0\u00bb81px|||||\u00a0\u00bb global_colors_info=\u00a0\u00bb{}\u00a0\u00bb][et_pb_column type=\u00a0\u00bb4_4&Prime; _builder_version=\u00a0\u00bb4.22.2&Prime; _module_preset=\u00a0\u00bbdefault\u00a0\u00bb global_colors_info=\u00a0\u00bb{}\u00a0\u00bb][et_pb_heading title=\u00a0\u00bbEvenements\u00a0\u00bb _builder_version=\u00a0\u00bb4.25.2&Prime; _module_preset=\u00a0\u00bbdefault\u00a0\u00bb title_font=\u00a0\u00bbPoppins|700||on|||||\u00a0\u00bb title_text_color=\u00a0\u00bb#FFFFFF\u00a0\u00bb title_font_size=\u00a0\u00bb60px\u00a0\u00bb global_colors_info=\u00a0\u00bb{}\u00a0\u00bb][\/et_pb_heading][et_pb_text _builder_version=\u00a0\u00bb4.25.2&Prime; _module_preset=\u00a0\u00bbdefault\u00a0\u00bb text_font=\u00a0\u00bb|300|||||||\u00a0\u00bb text_text_color=\u00a0\u00bb#c1c1c1&Prime; text_font_size=\u00a0\u00bb16px\u00a0\u00bb width=\u00a0\u00bb70%\u00a0\u00bb global_colors_info=\u00a0\u00bb{}\u00a0\u00bb][\/et_pb_text][\/et_pb_column][\/et_pb_row][et_pb_row _builder_version=\u00a0\u00bb4.22.2&Prime; _module_preset=\u00a0\u00bbdefault\u00a0\u00bb custom_margin=\u00a0\u00bb|auto|||false|false\u00a0\u00bb border_width_top=\u00a0\u00bb1px\u00a0\u00bb border_color_top=\u00a0\u00bb#444444&Prime; global_colors_info=\u00a0\u00bb{}\u00a0\u00bb][et_pb_column type=\u00a0\u00bb4_4&Prime; _builder_version=\u00a0\u00bb4.22.2&Prime; _module_preset=\u00a0\u00bbdefault\u00a0\u00bb global_colors_info=\u00a0\u00bb{}\u00a0\u00bb][lwp_divi_breadcrumbs _builder_version=\u00a0\u00bb4.22.2&Prime; _module_preset=\u00a0\u00bbdefault\u00a0\u00bb module_text_color=\u00a0\u00bb#e2e2e2&Prime; global_colors_info=\u00a0\u00bb{}\u00a0\u00bb][\/lwp_divi_breadcrumbs][\/et_pb_column][\/et_pb_row][\/et_pb_section][et_pb_section fb_built=\u00a0\u00bb1&Prime; admin_label=\u00a0\u00bbsection\u00a0\u00bb _builder_version=\u00a0\u00bb4.16&Prime; custom_padding=\u00a0\u00bb0px||||false|false\u00a0\u00bb da_disable_devices=\u00a0\u00bboff|off|off\u00a0\u00bb locked=\u00a0\u00bboff\u00a0\u00bb global_colors_info=\u00a0\u00bb{}\u00a0\u00bb da_is_popup=\u00a0\u00bboff\u00a0\u00bb da_exit_intent=\u00a0\u00bboff\u00a0\u00bb da_has_close=\u00a0\u00bbon\u00a0\u00bb da_alt_close=\u00a0\u00bboff\u00a0\u00bb da_dark_close=\u00a0\u00bboff\u00a0\u00bb da_not_modal=\u00a0\u00bbon\u00a0\u00bb da_is_singular=\u00a0\u00bboff\u00a0\u00bb da_with_loader=\u00a0\u00bboff\u00a0\u00bb da_has_shadow=\u00a0\u00bbon\u00a0\u00bb][et_pb_row column_structure=\u00a0\u00bb1_4,3_4&Prime; admin_label=\u00a0\u00bbrow\u00a0\u00bb _builder_version=\u00a0\u00bb4.16&Prime; background_size=\u00a0\u00bbinitial\u00a0\u00bb background_position=\u00a0\u00bbtop_left\u00a0\u00bb background_repeat=\u00a0\u00bbrepeat\u00a0\u00bb global_colors_info=\u00a0\u00bb{}\u00a0\u00bb][et_pb_column type=\u00a0\u00bb1_4&Prime; _builder_version=\u00a0\u00bb4.16&Prime; custom_padding=\u00a0\u00bb|||\u00a0\u00bb global_colors_info=\u00a0\u00bb{}\u00a0\u00bb custom_padding__hover=\u00a0\u00bb|||\u00a0\u00bb][et_pb_sidebar area=\u00a0\u00bbet_pb_widget_area_2&Prime; _builder_version=\u00a0\u00bb4.25.2&Prime; _module_preset=\u00a0\u00bbdefault\u00a0\u00bb body_font=\u00a0\u00bb|||on|||||\u00a0\u00bb global_colors_info=\u00a0\u00bb{}\u00a0\u00bb body_text_color__hover_enabled=\u00a0\u00bbon|hover\u00a0\u00bb body_text_color__hover=\u00a0\u00bb#E02B20&Prime;][\/et_pb_sidebar][\/et_pb_column][et_pb_column type=\u00a0\u00bb3_4&Prime; _builder_version=\u00a0\u00bb4.16&Prime; custom_padding=\u00a0\u00bb|||\u00a0\u00bb global_colors_info=\u00a0\u00bb{}\u00a0\u00bb custom_padding__hover=\u00a0\u00bb|||\u00a0\u00bb][ba_post_list order=\u00a0\u00bbDESC\u00a0\u00bb posts_number=\u00a0\u00bb10&Prime; include_categories=\u00a0\u00bb55&Prime; excerpt_length=\u00a0\u00bb100&Prime; show_author=\u00a0\u00bbon\u00a0\u00bb show_date=\u00a0\u00bbon\u00a0\u00bb item_spacing=\u00a0\u00bb30px\u00a0\u00bb item_padding=\u00a0\u00bb0px|0px|30px|0px|false|false\u00a0\u00bb image_width=\u00a0\u00bb100px\u00a0\u00bb image_height=\u00a0\u00bb100px\u00a0\u00bb image_spacing=\u00a0\u00bb30px\u00a0\u00bb meta_spacing=\u00a0\u00bb5px\u00a0\u00bb excerpt_spacing=\u00a0\u00bb10px\u00a0\u00bb module_id=\u00a0\u00bbpost_list\u00a0\u00bb _builder_version=\u00a0\u00bb4.27.3&Prime; _module_preset=\u00a0\u00bbdefault\u00a0\u00bb title_font=\u00a0\u00bb|700|||||||\u00a0\u00bb title_text_color=\u00a0\u00bb#3979ff\u00a0\u00bb title_font_size=\u00a0\u00bb1.5rem\u00a0\u00bb content_text_color=\u00a0\u00bb#354559&Prime; content_font_size=\u00a0\u00bb1rem\u00a0\u00bb meta_font=\u00a0\u00bb|700|||||||\u00a0\u00bb meta_text_color=\u00a0\u00bb#354559&Prime; meta_font_size=\u00a0\u00bb1rem\u00a0\u00bb custom_css_free_form=\u00a0\u00bb#post_list .dtq-post-list-child-inner {||  box-shadow: rgba(224, 43, 32, 0.4) -5px 5px, rgba(224, 43, 32, 0.3) -10px 10px, rgba(224, 43, 32, 0.2) -15px 15px;||}\u00a0\u00bb border_radii_image=\u00a0\u00bbon|3px|3px|3px|3px\u00a0\u00bb border_width_bottom_post=\u00a0\u00bb1px\u00a0\u00bb border_color_bottom_post=\u00a0\u00bb#e2e5ed\u00a0\u00bb global_colors_info=\u00a0\u00bb{}\u00a0\u00bb][\/ba_post_list][\/et_pb_column][\/et_pb_row][\/et_pb_section][et_pb_section fb_built=\u00a0\u00bb1&Prime; admin_label=\u00a0\u00bbSezione\u00a0\u00bb _builder_version=\u00a0\u00bb4.22.2&Prime; _module_preset=\u00a0\u00bbdefault\u00a0\u00bb background_color=\u00a0\u00bb#E02B20&Prime; use_background_color_gradient=\u00a0\u00bbon\u00a0\u00bb background_color_gradient_type=\u00a0\u00bbelliptical\u00a0\u00bb background_color_gradient_stops=\u00a0\u00bb#e02b20 0%|#000000 72%\u00a0\u00bb background_image=\u00a0\u00bbhttps:\/\/liftingfx.girafdev.comwp-content\/uploads\/2022\/02\/MMM_5947-1-2048&#215;1365-1.jpg\u00a0\u00bb background_blend=\u00a0\u00bbmultiply\u00a0\u00bb custom_padding=\u00a0\u00bb||10%||false|false\u00a0\u00bb top_divider_height=\u00a0\u00bb0px\u00a0\u00bb top_divider_flip=\u00a0\u00bbvertical\u00a0\u00bb da_disable_devices=\u00a0\u00bboff|off|off\u00a0\u00bb locked=\u00a0\u00bboff\u00a0\u00bb global_colors_info=\u00a0\u00bb{}\u00a0\u00bb da_is_popup=\u00a0\u00bboff\u00a0\u00bb da_exit_intent=\u00a0\u00bboff\u00a0\u00bb da_has_close=\u00a0\u00bbon\u00a0\u00bb da_alt_close=\u00a0\u00bboff\u00a0\u00bb da_dark_close=\u00a0\u00bboff\u00a0\u00bb da_not_modal=\u00a0\u00bbon\u00a0\u00bb da_is_singular=\u00a0\u00bboff\u00a0\u00bb da_with_loader=\u00a0\u00bboff\u00a0\u00bb da_has_shadow=\u00a0\u00bbon\u00a0\u00bb][et_pb_row make_equal=\u00a0\u00bbon\u00a0\u00bb _builder_version=\u00a0\u00bb4.22.2&Prime; _module_preset=\u00a0\u00bbdefault\u00a0\u00bb background_color=\u00a0\u00bbRGBA(255,255,255,0)\u00a0\u00bb width=\u00a0\u00bb50%\u00a0\u00bb custom_margin=\u00a0\u00bb||-10%||false|true\u00a0\u00bb custom_padding=\u00a0\u00bb||||false|true\u00a0\u00bb global_colors_info=\u00a0\u00bb{}\u00a0\u00bb][et_pb_column type=\u00a0\u00bb4_4&Prime; _builder_version=\u00a0\u00bb4.22.2&Prime; _module_preset=\u00a0\u00bbdefault\u00a0\u00bb background_color=\u00a0\u00bbRGBA(255,255,255,0)\u00a0\u00bb box_shadow_style=\u00a0\u00bbpreset3&Prime; global_colors_info=\u00a0\u00bb{}\u00a0\u00bb][et_pb_text _builder_version=\u00a0\u00bb4.25.2&Prime; _module_preset=\u00a0\u00bbdefault\u00a0\u00bb text_font=\u00a0\u00bb||||||||\u00a0\u00bb text_text_color=\u00a0\u00bb#FFFFFF\u00a0\u00bb text_font_size=\u00a0\u00bb17px\u00a0\u00bb background_enable_color=\u00a0\u00bboff\u00a0\u00bb text_orientation=\u00a0\u00bbcenter\u00a0\u00bb custom_padding=\u00a0\u00bb4%|3%|4%|3%|true|true\u00a0\u00bb custom_css_before=\u00a0\u00bbcontent: %22%22;||        position: absolute;||        left: 0;||        right: 0;||        top: -22px;||        margin: auto;||        width: 40px;||        height: 6px;||        background: #df2b20;||        display: block;||        margin-bottom: 20px;||        border-radius: 20px;||z-index:9;\u00a0\u00bb custom_css_after=\u00a0\u00bbcontent: %22%22;||        position: absolute;||        left: 0;||        right: 0;||        top: -20px;||        margin: auto;||        width: 120px;||        height: 2px;||        background: #fff;||        display: block;||        margin-bottom: 20px;||        border-radius: 20px;||    \u00a0\u00bb global_colors_info=\u00a0\u00bb{}\u00a0\u00bb]<\/p>\n<p>Flex Lifting propose une large gamme de mini grues con\u00e7ues pour satisfaire les besoins de levage les plus vari\u00e9s. Gr\u00e2ce au d\u00e9placement manuel ou \u00e9lectrique et au syst\u00e8me de lestage int\u00e9gr\u00e9, nos grues sont faciles \u00e0 utiliser et ne n\u00e9cessitent pas d&rsquo;installations complexes.<\/p>\n<p>Les grues \u00e0 contrepoids de Flex Lifting sont parfaites pour chaque secteur, garantissant ergonomie, s\u00e9curit\u00e9 et productivit\u00e9 maximale.<\/p>\n<p>[\/et_pb_text][\/et_pb_column][\/et_pb_row][\/et_pb_section][et_pb_section fb_built=\u00a0\u00bb1&Prime; module_class=\u00a0\u00bbunder_hook\u00a0\u00bb _builder_version=\u00a0\u00bb4.25.2&Prime; _module_preset=\u00a0\u00bbdefault\u00a0\u00bb background_color=\u00a0\u00bb#000000&Prime; background_enable_image=\u00a0\u00bboff\u00a0\u00bb parallax=\u00a0\u00bbon\u00a0\u00bb parallax_method=\u00a0\u00bboff\u00a0\u00bb background_blend=\u00a0\u00bboverlay\u00a0\u00bb custom_padding=\u00a0\u00bb4px||5px|||\u00a0\u00bb top_divider_style=\u00a0\u00bbarrow\u00a0\u00bb top_divider_color=\u00a0\u00bb#000000&Prime; bottom_divider_color=\u00a0\u00bb#000000&Prime; da_disable_devices=\u00a0\u00bboff|off|off\u00a0\u00bb locked=\u00a0\u00bboff\u00a0\u00bb global_colors_info=\u00a0\u00bb{}\u00a0\u00bb da_is_popup=\u00a0\u00bboff\u00a0\u00bb da_exit_intent=\u00a0\u00bboff\u00a0\u00bb da_has_close=\u00a0\u00bbon\u00a0\u00bb da_alt_close=\u00a0\u00bboff\u00a0\u00bb da_dark_close=\u00a0\u00bboff\u00a0\u00bb da_not_modal=\u00a0\u00bbon\u00a0\u00bb da_is_singular=\u00a0\u00bboff\u00a0\u00bb da_with_loader=\u00a0\u00bboff\u00a0\u00bb da_has_shadow=\u00a0\u00bbon\u00a0\u00bb][et_pb_row _builder_version=\u00a0\u00bb4.25.2&Prime; _module_preset=\u00a0\u00bbdefault\u00a0\u00bb custom_padding=\u00a0\u00bb||19px|||\u00a0\u00bb global_colors_info=\u00a0\u00bb{}\u00a0\u00bb][et_pb_column type=\u00a0\u00bb4_4&Prime; _builder_version=\u00a0\u00bb4.22.2&Prime; _module_preset=\u00a0\u00bbdefault\u00a0\u00bb global_colors_info=\u00a0\u00bb{}\u00a0\u00bb][\/et_pb_column][\/et_pb_row][\/et_pb_section]<\/p>\n","protected":false},"excerpt":{"rendered":"<p><div class=\"et_pb_module lwp_divi_breadcrumbs lwp_divi_breadcrumbs_0\">\n\t\t\t\t\n\t\t\t\t\n\t\t\t\t\n\t\t\t\t\n\t\t\t\t\n\t\t\t\t\n\t\t\t\t<div class=\"et_pb_module_inner\">\n\t\t\t\t\t<div class=\"lwp-breadcrumbs\"> <span class=\"before\"><\/span> <span vocab=\"https:\/\/schema.org\/\" typeof=\"BreadcrumbList\"><span property=\"itemListElement\" typeof=\"ListItem\"><a property=\"item\" typeof=\"WebPage\" href=\"https:\/\/liftingfx.girafdev.com\/fr\/\" class=\"home\"><span property=\"name\">Home<\/span><\/a><meta property=\"position\" content=\"1\"><\/span> <span class=\"separator et-pb-icon\">&amp;#x39;<\/span> <\/span><\/div>\n\t\t\t\t<\/div>\n\t\t\t<\/div><div id=\"post_list\" class=\"et_pb_with_border et_pb_module ba_post_list ba_post_list_0\">\n\t\t\t\t\n\t\t\t\t\n\t\t\t\t\n\t\t\t\t\n\t\t\t\t\n\t\t\t\t\n\t\t\t\t<div class=\"et_pb_module_inner\">\n\t\t\t\t\t<div class=\"dtq-module dtq-post-list type-list\">\n                <ul class=\"dtq-post-list-parent\">\n                    <li class=\"dtq-post-list-child\">\n\t\t<a class=\"dtq-post-list-child-inner\" href=\"https:\/\/liftingfx.girafdev.com\/fr\/solutions-de-levage-destines-aux-environnements-atex\/\">\n\t\t\t<div class=\"dtq-post-list-thumb\">\n\t\t\t\t<img decoding=\"async\" class=\"dtq-img-cover\" src=\"https:\/\/liftingfx.girafdev.com\/wp-content\/uploads\/2024\/12\/Atex.png\" \/>\n\t\t\t<\/div>\n\t\t\t<div class=\"dtq-post-list-content\">\n\t\t\t\t<h3 class=\"dtq-post-list-title\">Solutions de levage destin\u00e9s aux environnements ATEX<\/h3>\n\t\t\t\t<div class=\"dtq-post-list-meta\">\n\t\t\t<div class=\"dtq-post-list-author\">\n\t\t\tBy Paola Meda\n\t\t<\/div> <span class=\"dtq-separator\">|<\/span> <div class=\"dtq-post-list-date\">\n\t\t\tD\u00e9c 17, 2024\n\t\t<\/div>\n\t\t<\/div>\n\t\t\t\t<p class=\"dtq-post-list-excerpt\">En collaboration avec notre partenaire technique Excen, nous proposons des solutions de levage mo...<\/p>\n\t\t\t<\/div>\n\t\t<\/a>\n\t<\/li><li class=\"dtq-post-list-child\">\n\t\t<a class=\"dtq-post-list-child-inner\" href=\"https:\/\/liftingfx.girafdev.com\/fr\/telecommande-high-tech-avec-commandes-par-joystick\/\">\n\t\t\t<div class=\"dtq-post-list-thumb\">\n\t\t\t\t<img decoding=\"async\" class=\"dtq-img-cover\" src=\"https:\/\/liftingfx.girafdev.com\/wp-content\/uploads\/2024\/12\/remote-control-with-joystick.jpg\" \/>\n\t\t\t<\/div>\n\t\t\t<div class=\"dtq-post-list-content\">\n\t\t\t\t<h3 class=\"dtq-post-list-title\">T\u00e9l\u00e9commande high-tech avec commandes par joystick<\/h3>\n\t\t\t\t<div class=\"dtq-post-list-meta\">\n\t\t\t<div class=\"dtq-post-list-author\">\n\t\t\tBy Paola Meda\n\t\t<\/div> <span class=\"dtq-separator\">|<\/span> <div class=\"dtq-post-list-date\">\n\t\t\tD\u00e9c 17, 2024\n\t\t<\/div>\n\t\t<\/div>\n\t\t\t\t<p class=\"dtq-post-list-excerpt\">La nouvelle t\u00e9l\u00e9commande par joystick est d\u00e9sormais disponible de s\u00e9rie sur les grues \u00e9lectriques...<\/p>\n\t\t\t<\/div>\n\t\t<\/a>\n\t<\/li><li class=\"dtq-post-list-child\">\n\t\t<a class=\"dtq-post-list-child-inner\" href=\"https:\/\/liftingfx.girafdev.com\/fr\/promat-2025-where-supply-chain-solutions-come-together\/\">\n\t\t\t<div class=\"dtq-post-list-thumb\">\n\t\t\t\t<img decoding=\"async\" class=\"dtq-img-cover\" src=\"https:\/\/liftingfx.girafdev.com\/wp-content\/uploads\/2024\/12\/2025_ProMat_logo_full.png\" \/>\n\t\t\t<\/div>\n\t\t\t<div class=\"dtq-post-list-content\">\n\t\t\t\t<h3 class=\"dtq-post-list-title\">Promat 2025 &#8211; Where Supply Chain Solutions Come Together<\/h3>\n\t\t\t\t<div class=\"dtq-post-list-meta\">\n\t\t\t<div class=\"dtq-post-list-author\">\n\t\t\tBy Paola Meda\n\t\t<\/div> <span class=\"dtq-separator\">|<\/span> <div class=\"dtq-post-list-date\">\n\t\t\tD\u00e9c 16, 2024\n\t\t<\/div>\n\t\t<\/div>\n\t\t\t\t<p class=\"dtq-post-list-excerpt\">Le gru Flexlifting al Biemh 2022. La fiera si svolger\u00e0 a Bilbao in Spagna dal 13 al 17 giugno 2022.<\/p>\n\t\t\t<\/div>\n\t\t<\/a>\n\t<\/li><li class=\"dtq-post-list-child\">\n\t\t<a class=\"dtq-post-list-child-inner\" href=\"https:\/\/liftingfx.girafdev.com\/fr\/logimat-2025-salon-international-des-solutions-intralogistiques-et-de-la-gestion-des-processus\/\">\n\t\t\t<div class=\"dtq-post-list-thumb\">\n\t\t\t\t<img decoding=\"async\" class=\"dtq-img-cover\" src=\"https:\/\/liftingfx.girafdev.com\/wp-content\/uploads\/2022\/02\/6796Button_en.jpg\" \/>\n\t\t\t<\/div>\n\t\t\t<div class=\"dtq-post-list-content\">\n\t\t\t\t<h3 class=\"dtq-post-list-title\">LogiMAT 2025 &#8211; Salon international des solutions intralogistiques et de la gestion des processus<\/h3>\n\t\t\t\t<div class=\"dtq-post-list-meta\">\n\t\t\t<div class=\"dtq-post-list-author\">\n\t\t\tBy Mubashir Thangal\n\t\t<\/div> <span class=\"dtq-separator\">|<\/span> <div class=\"dtq-post-list-date\">\n\t\t\tF\u00e9v 18, 2022\n\t\t<\/div>\n\t\t<\/div>\n\t\t\t\t<p class=\"dtq-post-list-excerpt\">Le gru Flexlifting al Biemh 2022. La fiera si svolger\u00e0 a Bilbao in Spagna dal 13 al 17 giugno 2022.<\/p>\n\t\t\t<\/div>\n\t\t<\/a>\n\t<\/li><li class=\"dtq-post-list-child\">\n\t\t<a class=\"dtq-post-list-child-inner\" href=\"https:\/\/liftingfx.girafdev.com\/fr\/hispack-2022-salon-international-de-lemballage-des-processus-et-de-la-logistique\/\">\n\t\t\t<div class=\"dtq-post-list-thumb\">\n\t\t\t\t<img decoding=\"async\" class=\"dtq-img-cover\" src=\"https:\/\/liftingfx.girafdev.com\/wp-content\/uploads\/2022\/02\/Hispack-show-2022jpg.jpg\" \/>\n\t\t\t<\/div>\n\t\t\t<div class=\"dtq-post-list-content\">\n\t\t\t\t<h3 class=\"dtq-post-list-title\">HISPACK 2022 &#8211; Salon international de l&#8217;emballage, des processus et de la logistique<\/h3>\n\t\t\t\t<div class=\"dtq-post-list-meta\">\n\t\t\t<div class=\"dtq-post-list-author\">\n\t\t\tBy Mubashir Thangal\n\t\t<\/div> <span class=\"dtq-separator\">|<\/span> <div class=\"dtq-post-list-date\">\n\t\t\tF\u00e9v 18, 2022\n\t\t<\/div>\n\t\t<\/div>\n\t\t\t\t<p class=\"dtq-post-list-excerpt\">Vinca vous attend au salon Hispack de Barcelone qui se tienra du 24 au 27 mai 2022.<\/p>\n\t\t\t<\/div>\n\t\t<\/a>\n\t<\/li>\n                <\/ul>\n            <\/div>\n\t\t\t\t<\/div>\n\t\t\t<\/div>Flex [&hellip;]<\/p>\n","protected":false},"author":9,"featured_media":0,"parent":0,"menu_order":0,"comment_status":"closed","ping_status":"closed","template":"","meta":{"_acf_changed":false,"_et_pb_use_builder":"on","_et_pb_old_content":"","_et_gb_content_width":"","footnotes":""},"class_list":["post-280306","page","type-page","status-publish","hentry"],"acf":[],"_links":{"self":[{"href":"https:\/\/liftingfx.girafdev.com\/fr\/wp-json\/wp\/v2\/pages\/280306","targetHints":{"allow":["GET"]}}],"collection":[{"href":"https:\/\/liftingfx.girafdev.com\/fr\/wp-json\/wp\/v2\/pages"}],"about":[{"href":"https:\/\/liftingfx.girafdev.com\/fr\/wp-json\/wp\/v2\/types\/page"}],"author":[{"embeddable":true,"href":"https:\/\/liftingfx.girafdev.com\/fr\/wp-json\/wp\/v2\/users\/9"}],"replies":[{"embeddable":true,"href":"https:\/\/liftingfx.girafdev.com\/fr\/wp-json\/wp\/v2\/comments?post=280306"}],"version-history":[{"count":4,"href":"https:\/\/liftingfx.girafdev.com\/fr\/wp-json\/wp\/v2\/pages\/280306\/revisions"}],"predecessor-version":[{"id":303027,"href":"https:\/\/liftingfx.girafdev.com\/fr\/wp-json\/wp\/v2\/pages\/280306\/revisions\/303027"}],"wp:attachment":[{"href":"https:\/\/liftingfx.girafdev.com\/fr\/wp-json\/wp\/v2\/media?parent=280306"}],"curies":[{"name":"wp","href":"https:\/\/api.w.org\/{rel}","templated":true}]}}