{"id":279213,"date":"2024-06-11T12:25:40","date_gmt":"2024-06-11T10:25:40","guid":{"rendered":"https:\/\/bigleap.tech\/flex2\/?page_id=279213"},"modified":"2025-05-28T10:01:38","modified_gmt":"2025-05-28T08:01:38","slug":"qui-sommes-nous","status":"publish","type":"page","link":"https:\/\/liftingfx.girafdev.com\/fr\/qui-sommes-nous\/","title":{"rendered":"Qui sommes nous"},"content":{"rendered":"<p>[et_pb_section fb_built=\u00a0\u00bb1&Prime; _builder_version=\u00a0\u00bb4.22.2&Prime; _module_preset=\u00a0\u00bbdefault\u00a0\u00bb background_color=\u00a0\u00bb#000000&Prime; background_image=\u00a0\u00bbhttps:\/\/liftingfx.girafdev.comwp-content\/uploads\/2024\/07\/pattren-123-20356-222025.png\u00a0\u00bb background_size=\u00a0\u00bbcontain\u00a0\u00bb background_position=\u00a0\u00bbcenter_left\u00a0\u00bb background_horizontal_offset=\u00a0\u00bb100%\u00a0\u00bb custom_margin=\u00a0\u00bb|||0px|false|false\u00a0\u00bb custom_padding=\u00a0\u00bb7%||15px|0px|false|false\u00a0\u00bb background_last_edited=\u00a0\u00bbon|tablet\u00a0\u00bb background_size_tablet=\u00a0\u00bbcover\u00a0\u00bb background_size_phone=\u00a0\u00bbcover\u00a0\u00bb da_disable_devices=\u00a0\u00bboff|off|off\u00a0\u00bb locked=\u00a0\u00bboff\u00a0\u00bb global_colors_info=\u00a0\u00bb{}\u00a0\u00bb da_is_popup=\u00a0\u00bboff\u00a0\u00bb da_exit_intent=\u00a0\u00bboff\u00a0\u00bb da_has_close=\u00a0\u00bbon\u00a0\u00bb da_alt_close=\u00a0\u00bboff\u00a0\u00bb da_dark_close=\u00a0\u00bboff\u00a0\u00bb da_not_modal=\u00a0\u00bbon\u00a0\u00bb da_is_singular=\u00a0\u00bboff\u00a0\u00bb da_with_loader=\u00a0\u00bboff\u00a0\u00bb da_has_shadow=\u00a0\u00bbon\u00a0\u00bb][et_pb_row _builder_version=\u00a0\u00bb4.22.2&Prime; _module_preset=\u00a0\u00bbdefault\u00a0\u00bb custom_margin=\u00a0\u00bb|auto|||false|false\u00a0\u00bb custom_padding=\u00a0\u00bb81px|||||\u00a0\u00bb global_colors_info=\u00a0\u00bb{}\u00a0\u00bb][et_pb_column type=\u00a0\u00bb4_4&Prime; _builder_version=\u00a0\u00bb4.22.2&Prime; _module_preset=\u00a0\u00bbdefault\u00a0\u00bb global_colors_info=\u00a0\u00bb{}\u00a0\u00bb][et_pb_heading title=\u00a0\u00bbQui sommes nous\u00a0\u00bb _builder_version=\u00a0\u00bb4.25.2&Prime; _module_preset=\u00a0\u00bbdefault\u00a0\u00bb title_font=\u00a0\u00bbPoppins|700||on|||||\u00a0\u00bb title_text_color=\u00a0\u00bb#FFFFFF\u00a0\u00bb title_font_size=\u00a0\u00bb60px\u00a0\u00bb global_colors_info=\u00a0\u00bb{}\u00a0\u00bb][\/et_pb_heading][et_pb_text admin_label=\u00a0\u00bbTesto\u00a0\u00bb _builder_version=\u00a0\u00bb4.25.2&Prime; _module_preset=\u00a0\u00bbdefault\u00a0\u00bb text_font=\u00a0\u00bb|300|||||||\u00a0\u00bb text_text_color=\u00a0\u00bb#c1c1c1&Prime; text_font_size=\u00a0\u00bb16px\u00a0\u00bb width=\u00a0\u00bb70%\u00a0\u00bb global_colors_info=\u00a0\u00bb{}\u00a0\u00bb][\/et_pb_text][\/et_pb_column][\/et_pb_row][et_pb_row _builder_version=\u00a0\u00bb4.22.2&Prime; _module_preset=\u00a0\u00bbdefault\u00a0\u00bb custom_margin=\u00a0\u00bb|auto|||false|false\u00a0\u00bb border_width_top=\u00a0\u00bb1px\u00a0\u00bb border_color_top=\u00a0\u00bb#444444&Prime; global_colors_info=\u00a0\u00bb{}\u00a0\u00bb][et_pb_column type=\u00a0\u00bb4_4&Prime; _builder_version=\u00a0\u00bb4.22.2&Prime; _module_preset=\u00a0\u00bbdefault\u00a0\u00bb global_colors_info=\u00a0\u00bb{}\u00a0\u00bb][lwp_divi_breadcrumbs separator_color=\u00a0\u00bb#FFFFFF\u00a0\u00bb current_text_color=\u00a0\u00bb#FFFFFF\u00a0\u00bb _builder_version=\u00a0\u00bb4.27.3&Prime; _module_preset=\u00a0\u00bbdefault\u00a0\u00bb global_colors_info=\u00a0\u00bb{}\u00a0\u00bb][\/lwp_divi_breadcrumbs][\/et_pb_column][\/et_pb_row][\/et_pb_section][et_pb_section fb_built=\u00a0\u00bb1&Prime; _builder_version=\u00a0\u00bb4.27.3&Prime; _module_preset=\u00a0\u00bbdefault\u00a0\u00bb top_divider_style=\u00a0\u00bbwave2&Prime; top_divider_color=\u00a0\u00bb#000000&Prime; top_divider_height=\u00a0\u00bb54px\u00a0\u00bb top_divider_flip=\u00a0\u00bbhorizontal|vertical\u00a0\u00bb da_disable_devices=\u00a0\u00bboff|off|off\u00a0\u00bb locked=\u00a0\u00bboff\u00a0\u00bb global_colors_info=\u00a0\u00bb{}\u00a0\u00bb da_is_popup=\u00a0\u00bboff\u00a0\u00bb da_exit_intent=\u00a0\u00bboff\u00a0\u00bb da_has_close=\u00a0\u00bbon\u00a0\u00bb da_alt_close=\u00a0\u00bboff\u00a0\u00bb da_dark_close=\u00a0\u00bboff\u00a0\u00bb da_not_modal=\u00a0\u00bbon\u00a0\u00bb da_is_singular=\u00a0\u00bboff\u00a0\u00bb da_with_loader=\u00a0\u00bboff\u00a0\u00bb da_has_shadow=\u00a0\u00bbon\u00a0\u00bb][et_pb_row _builder_version=\u00a0\u00bb4.27.3&Prime; _module_preset=\u00a0\u00bbdefault\u00a0\u00bb global_colors_info=\u00a0\u00bb{}\u00a0\u00bb][et_pb_column type=\u00a0\u00bb4_4&Prime; _builder_version=\u00a0\u00bb4.27.3&Prime; _module_preset=\u00a0\u00bbdefault\u00a0\u00bb global_colors_info=\u00a0\u00bb{}\u00a0\u00bb][et_pb_image src=\u00a0\u00bbhttps:\/\/liftingfx.girafdev.comwp-content\/uploads\/2024\/11\/Flex-Lifting-team-with-cranes-scaled.jpg\u00a0\u00bb title_text=\u00a0\u00bbFlex Lifting team with cranes\u00a0\u00bb _builder_version=\u00a0\u00bb4.27.3&Prime; _module_preset=\u00a0\u00bbdefault\u00a0\u00bb box_shadow_style=\u00a0\u00bbpreset4&Prime; box_shadow_horizontal=\u00a0\u00bb20px\u00a0\u00bb box_shadow_vertical=\u00a0\u00bb20px\u00a0\u00bb box_shadow_color=\u00a0\u00bb#E02B20&Prime; global_colors_info=\u00a0\u00bb{}\u00a0\u00bb][\/et_pb_image][\/et_pb_column][\/et_pb_row][et_pb_row _builder_version=\u00a0\u00bb4.27.3&Prime; _module_preset=\u00a0\u00bbdefault\u00a0\u00bb global_colors_info=\u00a0\u00bb{}\u00a0\u00bb][et_pb_column type=\u00a0\u00bb4_4&Prime; _builder_version=\u00a0\u00bb4.27.3&Prime; _module_preset=\u00a0\u00bbdefault\u00a0\u00bb custom_padding=\u00a0\u00bb10px|100px|10px|100px|false|false\u00a0\u00bb global_colors_info=\u00a0\u00bb{}\u00a0\u00bb][et_pb_text _builder_version=\u00a0\u00bb4.27.3&Prime; _module_preset=\u00a0\u00bbdefault\u00a0\u00bb text_font=\u00a0\u00bbOpen Sans|600|||||||\u00a0\u00bb text_text_color=\u00a0\u00bb#666666&Prime; text_font_size=\u00a0\u00bb18px\u00a0\u00bb text_orientation=\u00a0\u00bbcenter\u00a0\u00bb global_colors_info=\u00a0\u00bb{}\u00a0\u00bb]Flex Lifting est la marque du Groupe AxA sp\u00e9cialis\u00e9e dans la production de grues mobiles \u00e0 contrepoids 100% fabriqu\u00e9es en Italie pour tous les secteurs industriels.[\/et_pb_text][\/et_pb_column][\/et_pb_row][et_pb_row column_structure=\u00a0\u00bb1_2,1_2&Prime; module_class=\u00a0\u00bbcompany-area-fr\u00a0\u00bb _builder_version=\u00a0\u00bb4.27.3&Prime; _module_preset=\u00a0\u00bbdefault\u00a0\u00bb global_colors_info=\u00a0\u00bb{}\u00a0\u00bb][et_pb_column type=\u00a0\u00bb1_2&Prime; _builder_version=\u00a0\u00bb4.27.3&Prime; _module_preset=\u00a0\u00bbdefault\u00a0\u00bb background_color=\u00a0\u00bb#ededed\u00a0\u00bb custom_padding=\u00a0\u00bb60px|30px|60px|30px|false|false\u00a0\u00bb border_radii=\u00a0\u00bbon|10px|10px|10px|10px\u00a0\u00bb box_shadow_style=\u00a0\u00bbpreset2&Prime; box_shadow_color=\u00a0\u00bb#8F8F8F\u00a0\u00bb global_colors_info=\u00a0\u00bb{}\u00a0\u00bb][et_pb_text _builder_version=\u00a0\u00bb4.27.3&Prime; _module_preset=\u00a0\u00bbdefault\u00a0\u00bb text_font=\u00a0\u00bbOswald||||||||\u00a0\u00bb text_text_color=\u00a0\u00bb#e02b20&Prime; text_font_size=\u00a0\u00bb18px\u00a0\u00bb text_letter_spacing=\u00a0\u00bb2px\u00a0\u00bb text_orientation=\u00a0\u00bbcenter\u00a0\u00bb global_colors_info=\u00a0\u00bb{}\u00a0\u00bb]Notre Mission[\/et_pb_text][et_pb_text _builder_version=\u00a0\u00bb4.27.3&Prime; _module_preset=\u00a0\u00bbdefault\u00a0\u00bb text_font=\u00a0\u00bbOpen Sans|600|||||||\u00a0\u00bb text_text_color=\u00a0\u00bb#666666&Prime; text_font_size=\u00a0\u00bb16px\u00a0\u00bb text_line_height=\u00a0\u00bb1.8em\u00a0\u00bb text_orientation=\u00a0\u00bbcenter\u00a0\u00bb global_colors_info=\u00a0\u00bb{}\u00a0\u00bb]<\/p>\n<p>Nous sommes constamment engag\u00e9s dans la recherche et le d\u00e9veloppement de solutions de levage et de manutention. Des solutions durables et efficaces pour garantir une s\u00e9curit\u00e9 et une ergonomie maximales aux travailleurs. Nous mettons notre technologie au service des personnes, pour am\u00e9liorer la qualit\u00e9 du travail et r\u00e9duire les risques de blessures.<\/p>\n<p>&nbsp;<\/p>\n<p>[\/et_pb_text][\/et_pb_column][et_pb_column type=\u00a0\u00bb1_2&Prime; _builder_version=\u00a0\u00bb4.27.3&Prime; _module_preset=\u00a0\u00bbdefault\u00a0\u00bb background_color=\u00a0\u00bb#ededed\u00a0\u00bb custom_padding=\u00a0\u00bb30px|30px|30px|30px|false|false\u00a0\u00bb border_radii=\u00a0\u00bbon|10px|10px|10px|10px\u00a0\u00bb box_shadow_style=\u00a0\u00bbpreset2&Prime; box_shadow_color=\u00a0\u00bb#8F8F8F\u00a0\u00bb global_colors_info=\u00a0\u00bb{}\u00a0\u00bb][et_pb_text _builder_version=\u00a0\u00bb4.27.3&Prime; _module_preset=\u00a0\u00bbdefault\u00a0\u00bb text_font=\u00a0\u00bbOswald||||||||\u00a0\u00bb text_text_color=\u00a0\u00bb#e02b20&Prime; text_font_size=\u00a0\u00bb18px\u00a0\u00bb text_letter_spacing=\u00a0\u00bb2px\u00a0\u00bb text_orientation=\u00a0\u00bbcenter\u00a0\u00bb global_colors_info=\u00a0\u00bb{}\u00a0\u00bb]50 ans d\u2019innovation[\/et_pb_text][et_pb_text _builder_version=\u00a0\u00bb4.27.3&Prime; _module_preset=\u00a0\u00bbdefault\u00a0\u00bb text_font=\u00a0\u00bbOpen Sans|600|||||||\u00a0\u00bb text_text_color=\u00a0\u00bb#666666&Prime; text_font_size=\u00a0\u00bb16px\u00a0\u00bb text_line_height=\u00a0\u00bb1.8em\u00a0\u00bb text_orientation=\u00a0\u00bbcenter\u00a0\u00bb global_colors_info=\u00a0\u00bb{}\u00a0\u00bb]<\/p>\n<p>Qualit\u00e9, innovation et fiabilit\u00e9 : tels sont les piliers sur lesquels repose Flex Lifting. Depuis plus de 50 ans, nous produisons des grues mobiles \u00e0 contrepoids de la plus haute qualit\u00e9, r\u00e9sultat d&rsquo;un engagement constant en recherche et d\u00e9veloppement. Chacune de nos grues est con\u00e7ue et fabriqu\u00e9e avec des mat\u00e9riaux de premi\u00e8re qualit\u00e9 et soumise \u00e0 des contr\u00f4les de qualit\u00e9 rigoureux. Choisir une solution Flex Lifting, c\u2019est investir dans une technologie de pointe et un produit con\u00e7u pour durer dans le temps.<\/p>\n<p>[\/et_pb_text][\/et_pb_column][\/et_pb_row][et_pb_row column_structure=\u00a0\u00bb1_2,1_2&Prime; module_class=\u00a0\u00bbcompany-area-fr\u00a0\u00bb _builder_version=\u00a0\u00bb4.27.3&Prime; _module_preset=\u00a0\u00bbdefault\u00a0\u00bb global_colors_info=\u00a0\u00bb{}\u00a0\u00bb][et_pb_column type=\u00a0\u00bb1_2&Prime; _builder_version=\u00a0\u00bb4.27.3&Prime; _module_preset=\u00a0\u00bbdefault\u00a0\u00bb background_color=\u00a0\u00bb#ededed\u00a0\u00bb custom_padding=\u00a0\u00bb75px|30px|75px|30px|false|false\u00a0\u00bb border_radii=\u00a0\u00bbon|10px|10px|10px|10px\u00a0\u00bb box_shadow_style=\u00a0\u00bbpreset2&Prime; box_shadow_color=\u00a0\u00bb#8F8F8F\u00a0\u00bb global_colors_info=\u00a0\u00bb{}\u00a0\u00bb][et_pb_text _builder_version=\u00a0\u00bb4.27.3&Prime; _module_preset=\u00a0\u00bbdefault\u00a0\u00bb text_font=\u00a0\u00bbOswald||||||||\u00a0\u00bb text_text_color=\u00a0\u00bb#e02b20&Prime; text_font_size=\u00a0\u00bb18px\u00a0\u00bb text_letter_spacing=\u00a0\u00bb2px\u00a0\u00bb text_orientation=\u00a0\u00bbcenter\u00a0\u00bb global_colors_info=\u00a0\u00bb{}\u00a0\u00bb]Nos grues sont une solution fiable et \u00e0 longue dur\u00e9e[\/et_pb_text][et_pb_text _builder_version=\u00a0\u00bb4.27.3&Prime; _module_preset=\u00a0\u00bbdefault\u00a0\u00bb text_font=\u00a0\u00bbOpen Sans|600|||||||\u00a0\u00bb text_text_color=\u00a0\u00bb#666666&Prime; text_font_size=\u00a0\u00bb16px\u00a0\u00bb text_line_height=\u00a0\u00bb1.8em\u00a0\u00bb text_orientation=\u00a0\u00bbcenter\u00a0\u00bb global_colors_info=\u00a0\u00bb{}\u00a0\u00bb]<\/p>\n<p>Flex Lifting s&rsquo;est toujours distingu\u00e9 par sa vocation infatigable pour l&rsquo;excellence, qui nous pousse \u00e0 trouver la solution la meilleure et d\u00e9finitive \u00e0 chaque demande de nos clients. Gr\u00e2ce \u00e0 une innovation continue et une conception personnalis\u00e9e, nos grues sont con\u00e7ues pour r\u00e9pondre aux besoins les plus sp\u00e9cifiques de chaque secteur industriel. Notre passion pour la qualit\u00e9 nous am\u00e8ne \u00e0 concevoir des grues de plus en plus innovantes et performantes, pour proposer des solutions qui d\u00e9passent les attentes de nos clients.<\/p>\n<p>[\/et_pb_text][\/et_pb_column][et_pb_column type=\u00a0\u00bb1_2&Prime; _builder_version=\u00a0\u00bb4.27.3&Prime; _module_preset=\u00a0\u00bbdefault\u00a0\u00bb background_color=\u00a0\u00bb#ededed\u00a0\u00bb custom_padding=\u00a0\u00bb30px|30px|30px|30px|false|false\u00a0\u00bb border_radii=\u00a0\u00bbon|10px|10px|10px|10px\u00a0\u00bb box_shadow_style=\u00a0\u00bbpreset2&Prime; box_shadow_color=\u00a0\u00bb#8F8F8F\u00a0\u00bb global_colors_info=\u00a0\u00bb{}\u00a0\u00bb][et_pb_text _builder_version=\u00a0\u00bb4.27.3&Prime; _module_preset=\u00a0\u00bbdefault\u00a0\u00bb text_font=\u00a0\u00bbOswald||||||||\u00a0\u00bb text_text_color=\u00a0\u00bb#e02b20&Prime; text_font_size=\u00a0\u00bb18px\u00a0\u00bb text_letter_spacing=\u00a0\u00bb2px\u00a0\u00bb text_orientation=\u00a0\u00bbcenter\u00a0\u00bb global_colors_info=\u00a0\u00bb{}\u00a0\u00bb]Groupe AxA[\/et_pb_text][et_pb_text _builder_version=\u00a0\u00bb4.27.3&Prime; _module_preset=\u00a0\u00bbdefault\u00a0\u00bb text_font=\u00a0\u00bbOpen Sans|600|||||||\u00a0\u00bb text_text_color=\u00a0\u00bb#666666&Prime; text_font_size=\u00a0\u00bb16px\u00a0\u00bb text_line_height=\u00a0\u00bb1.8em\u00a0\u00bb text_orientation=\u00a0\u00bbcenter\u00a0\u00bb global_colors_info=\u00a0\u00bb{}\u00a0\u00bb]<\/p>\n<p>Le Groupe AxA est le partenaire B2B de clients prestigieux en Italie et dans le monde. Le si\u00e8ge social est situ\u00e9 \u00e0 Dozza, dans la province de Bologne, au c\u0153ur de la Motor Valley italienne, une terre o\u00f9 sont n\u00e9es les meilleures entreprises italiennes sp\u00e9cialis\u00e9es dans la production de moteurs et dans les secteurs de l\u2019emballage et de l\u2019automatisation.<\/p>\n<p>[\/et_pb_text][\/et_pb_column][\/et_pb_row][et_pb_row column_structure=\u00a0\u00bb1_2,1_2&Prime; module_class=\u00a0\u00bbcompany-area-fr\u00a0\u00bb _builder_version=\u00a0\u00bb4.27.3&Prime; _module_preset=\u00a0\u00bbdefault\u00a0\u00bb global_colors_info=\u00a0\u00bb{}\u00a0\u00bb][et_pb_column type=\u00a0\u00bb1_2&Prime; _builder_version=\u00a0\u00bb4.27.3&Prime; _module_preset=\u00a0\u00bbdefault\u00a0\u00bb background_color=\u00a0\u00bb#ededed\u00a0\u00bb custom_padding=\u00a0\u00bb75px|30px|75px|30px|false|false\u00a0\u00bb border_radii=\u00a0\u00bbon|10px|10px|10px|10px\u00a0\u00bb box_shadow_style=\u00a0\u00bbpreset2&Prime; box_shadow_color=\u00a0\u00bb#8F8F8F\u00a0\u00bb global_colors_info=\u00a0\u00bb{}\u00a0\u00bb][et_pb_text _builder_version=\u00a0\u00bb4.27.3&Prime; _module_preset=\u00a0\u00bbdefault\u00a0\u00bb text_font=\u00a0\u00bbOswald||||||||\u00a0\u00bb text_text_color=\u00a0\u00bb#e02b20&Prime; text_font_size=\u00a0\u00bb18px\u00a0\u00bb text_letter_spacing=\u00a0\u00bb2px\u00a0\u00bb text_orientation=\u00a0\u00bbcenter\u00a0\u00bb global_colors_info=\u00a0\u00bb{}\u00a0\u00bb]<\/p>\n<p id=\"tw-target-text\" class=\"tw-data-text tw-text-large tw-ta\" dir=\"ltr\" data-placeholder=\"Traduzione\" data-ved=\"2ahUKEwiXmqnd-IaKAxU2xQIHHcv3A_8Q3ewLegQIBRAU\" aria-label=\"Testo tradotto: Notre \u00e9quipe Derri\u00e8re chaque produit \u00e0 succ\u00e8s se cache une \u00e9quipe de personnes extraordinaires. Des gens qui travaillent avec passion, d\u00e9vouement et cr\u00e9ativit\u00e9 pour cr\u00e9er quelque chose d'unique. Des gens comme nous, l\u2019\u00e9quipe Flex Lifting. Des gens passionn\u00e9s qui croient fermement \u00e0 la valeur de leur travail. Nous mettons tous nos efforts et notre exp\u00e9rience pour offrir \u00e0 nos clients des produits de la plus haute qualit\u00e9 et un excellent service.\"><span class=\"Y2IQFc\" lang=\"fr\">Notre \u00e9quipe<\/span><\/p>\n<p>[\/et_pb_text][et_pb_text _builder_version=\u00a0\u00bb4.27.3&Prime; _module_preset=\u00a0\u00bbdefault\u00a0\u00bb text_font=\u00a0\u00bbOpen Sans|600|||||||\u00a0\u00bb text_text_color=\u00a0\u00bb#666666&Prime; text_font_size=\u00a0\u00bb16px\u00a0\u00bb text_line_height=\u00a0\u00bb1.8em\u00a0\u00bb text_orientation=\u00a0\u00bbcenter\u00a0\u00bb global_colors_info=\u00a0\u00bb{}\u00a0\u00bb]<\/p>\n<p>Derri\u00e8re chaque produit \u00e0 succ\u00e8s se cache une \u00e9quipe de personnes extraordinaires. Des gens qui travaillent avec passion, d\u00e9vouement et cr\u00e9ativit\u00e9 pour cr\u00e9er quelque chose d&rsquo;unique. Des gens comme nous, l\u2019\u00e9quipe Flex Lifting. Des gens passionn\u00e9s qui croient fermement \u00e0 la valeur de leur travail. Nous mettons tous nos efforts et notre exp\u00e9rience pour offrir \u00e0 nos clients des produits de la plus haute qualit\u00e9 et un excellent service.<\/p>\n<p>[\/et_pb_text][\/et_pb_column][et_pb_column type=\u00a0\u00bb1_2&Prime; _builder_version=\u00a0\u00bb4.27.3&Prime; _module_preset=\u00a0\u00bbdefault\u00a0\u00bb background_color=\u00a0\u00bb#ededed\u00a0\u00bb custom_padding=\u00a0\u00bb30px|30px|30px|30px|false|false\u00a0\u00bb border_radii=\u00a0\u00bbon|10px|10px|10px|10px\u00a0\u00bb box_shadow_style=\u00a0\u00bbpreset2&Prime; box_shadow_color=\u00a0\u00bb#8F8F8F\u00a0\u00bb global_colors_info=\u00a0\u00bb{}\u00a0\u00bb][et_pb_text _builder_version=\u00a0\u00bb4.27.3&Prime; _module_preset=\u00a0\u00bbdefault\u00a0\u00bb text_font=\u00a0\u00bbOswald||||||||\u00a0\u00bb text_text_color=\u00a0\u00bb#e02b20&Prime; text_font_size=\u00a0\u00bb18px\u00a0\u00bb text_letter_spacing=\u00a0\u00bb2px\u00a0\u00bb text_orientation=\u00a0\u00bbcenter\u00a0\u00bb global_colors_info=\u00a0\u00bb{}\u00a0\u00bb]<\/p>\n<p>Le r\u00e9seau de distribution, c\u0153ur battant de Flex Lifting<\/p>\n<p>[\/et_pb_text][et_pb_text _builder_version=\u00a0\u00bb4.27.3&Prime; _module_preset=\u00a0\u00bbdefault\u00a0\u00bb text_font=\u00a0\u00bbOpen Sans|600|||||||\u00a0\u00bb text_text_color=\u00a0\u00bb#666666&Prime; text_font_size=\u00a0\u00bb16px\u00a0\u00bb text_line_height=\u00a0\u00bb1.8em\u00a0\u00bb text_orientation=\u00a0\u00bbcenter\u00a0\u00bb global_colors_info=\u00a0\u00bb{}\u00a0\u00bb]<\/p>\n<p>Avec nos partenaires commerciaux, nous \u00e9crivons chaque jour une nouvelle page de l\u2019histoire de Flex Lifting, une histoire faite de passion, d\u2019engagement et de collaboration. Notre r\u00e9seau de distribution est un atout strat\u00e9gique inestimable qui nous permet de conqu\u00e9rir de nouveaux march\u00e9s et d&rsquo;offrir un service de plus en plus complet \u00e0 nos clients.<\/p>\n<p>[\/et_pb_text][\/et_pb_column][\/et_pb_row][\/et_pb_section][et_pb_section fb_built=\u00a0\u00bb1&Prime; _builder_version=\u00a0\u00bb4.27.3&Prime; _module_preset=\u00a0\u00bbdefault\u00a0\u00bb da_disable_devices=\u00a0\u00bboff|off|off\u00a0\u00bb locked=\u00a0\u00bboff\u00a0\u00bb global_colors_info=\u00a0\u00bb{}\u00a0\u00bb da_is_popup=\u00a0\u00bboff\u00a0\u00bb da_exit_intent=\u00a0\u00bboff\u00a0\u00bb da_has_close=\u00a0\u00bbon\u00a0\u00bb da_alt_close=\u00a0\u00bboff\u00a0\u00bb da_dark_close=\u00a0\u00bboff\u00a0\u00bb da_not_modal=\u00a0\u00bbon\u00a0\u00bb da_is_singular=\u00a0\u00bboff\u00a0\u00bb da_with_loader=\u00a0\u00bboff\u00a0\u00bb da_has_shadow=\u00a0\u00bbon\u00a0\u00bb][et_pb_row column_structure=\u00a0\u00bb1_4,1_4,1_4,1_4&Prime; _builder_version=\u00a0\u00bb4.27.3&Prime; _module_preset=\u00a0\u00bbdefault\u00a0\u00bb global_colors_info=\u00a0\u00bb{}\u00a0\u00bb][et_pb_column type=\u00a0\u00bb1_4&Prime; _builder_version=\u00a0\u00bb4.27.3&Prime; _module_preset=\u00a0\u00bbdefault\u00a0\u00bb global_colors_info=\u00a0\u00bb{}\u00a0\u00bb][\/et_pb_column][et_pb_column type=\u00a0\u00bb1_4&Prime; _builder_version=\u00a0\u00bb4.27.3&Prime; _module_preset=\u00a0\u00bbdefault\u00a0\u00bb global_colors_info=\u00a0\u00bb{}\u00a0\u00bb][et_pb_image src=\u00a0\u00bbhttps:\/\/liftingfx.girafdev.comwp-content\/uploads\/2024\/11\/logo.png\u00a0\u00bb title_text=\u00a0\u00bblogo\u00a0\u00bb _builder_version=\u00a0\u00bb4.27.3&Prime; _module_preset=\u00a0\u00bbdefault\u00a0\u00bb global_colors_info=\u00a0\u00bb{}\u00a0\u00bb][\/et_pb_image][\/et_pb_column][et_pb_column type=\u00a0\u00bb1_4&Prime; _builder_version=\u00a0\u00bb4.27.3&Prime; _module_preset=\u00a0\u00bbdefault\u00a0\u00bb global_colors_info=\u00a0\u00bb{}\u00a0\u00bb][et_pb_image src=\u00a0\u00bbhttps:\/\/liftingfx.girafdev.comwp-content\/uploads\/2024\/11\/AxA.webp\u00a0\u00bb title_text=\u00a0\u00bbAxA\u00a0\u00bb _builder_version=\u00a0\u00bb4.27.3&Prime; _module_preset=\u00a0\u00bbdefault\u00a0\u00bb global_colors_info=\u00a0\u00bb{}\u00a0\u00bb][\/et_pb_image][\/et_pb_column][et_pb_column type=\u00a0\u00bb1_4&Prime; _builder_version=\u00a0\u00bb4.27.3&Prime; _module_preset=\u00a0\u00bbdefault\u00a0\u00bb global_colors_info=\u00a0\u00bb{}\u00a0\u00bb][\/et_pb_column][\/et_pb_row][\/et_pb_section][et_pb_section fb_built=\u00a0\u00bb1&Prime; prev_background_color=\u00a0\u00bb#ffffff\u00a0\u00bb _builder_version=\u00a0\u00bb4.22.2&Prime; _module_preset=\u00a0\u00bbdefault\u00a0\u00bb background_color=\u00a0\u00bb#6f6a6e\u00a0\u00bb top_divider_style=\u00a0\u00bbwaves2&Prime; top_divider_height=\u00a0\u00bb52px\u00a0\u00bb da_disable_devices=\u00a0\u00bboff|off|off\u00a0\u00bb locked=\u00a0\u00bboff\u00a0\u00bb global_colors_info=\u00a0\u00bb{}\u00a0\u00bb da_is_popup=\u00a0\u00bboff\u00a0\u00bb da_exit_intent=\u00a0\u00bboff\u00a0\u00bb da_has_close=\u00a0\u00bbon\u00a0\u00bb da_alt_close=\u00a0\u00bboff\u00a0\u00bb da_dark_close=\u00a0\u00bboff\u00a0\u00bb da_not_modal=\u00a0\u00bbon\u00a0\u00bb da_is_singular=\u00a0\u00bboff\u00a0\u00bb da_with_loader=\u00a0\u00bboff\u00a0\u00bb da_has_shadow=\u00a0\u00bbon\u00a0\u00bb][et_pb_row _builder_version=\u00a0\u00bb4.16&Prime; _module_preset=\u00a0\u00bbdefault\u00a0\u00bb global_colors_info=\u00a0\u00bb{}\u00a0\u00bb][et_pb_column type=\u00a0\u00bb4_4&Prime; _builder_version=\u00a0\u00bb4.16&Prime; _module_preset=\u00a0\u00bbdefault\u00a0\u00bb global_colors_info=\u00a0\u00bb{}\u00a0\u00bb][et_pb_text _builder_version=\u00a0\u00bb4.25.2&Prime; _module_preset=\u00a0\u00bbdefault\u00a0\u00bb header_2_text_align=\u00a0\u00bbcenter\u00a0\u00bb header_2_text_color=\u00a0\u00bb#FFFFFF\u00a0\u00bb header_2_line_height=\u00a0\u00bb1.3em\u00a0\u00bb global_colors_info=\u00a0\u00bb{}\u00a0\u00bb]<\/p>\n<h2>En savoir plus sur nos grues?<\/h2>\n<p>[\/et_pb_text][et_pb_button button_url=\u00a0\u00bbhttps:\/\/liftingfx.girafdev.comfr\/grues-avec-contrepoids\/\u00a0\u00bb button_text=\u00a0\u00bbD\u00c9COUVREZ NOS GRUES\u00a0\u00bb button_alignment=\u00a0\u00bbcenter\u00a0\u00bb _builder_version=\u00a0\u00bb4.27.3&Prime; _module_preset=\u00a0\u00bbdefault\u00a0\u00bb custom_button=\u00a0\u00bbon\u00a0\u00bb button_text_size=\u00a0\u00bb14px\u00a0\u00bb button_text_color=\u00a0\u00bb#FFFFFF\u00a0\u00bb button_bg_color=\u00a0\u00bb#E02B20&Prime; button_border_width=\u00a0\u00bb0px\u00a0\u00bb button_border_radius=\u00a0\u00bb2px\u00a0\u00bb button_letter_spacing=\u00a0\u00bb2px\u00a0\u00bb button_font=\u00a0\u00bbOpen Sans|700||on|||||\u00a0\u00bb hover_enabled=\u00a0\u00bb0&Prime; global_colors_info=\u00a0\u00bb{}\u00a0\u00bb button_bg_color__hover_enabled=\u00a0\u00bbon|hover\u00a0\u00bb button_bg_color__hover=\u00a0\u00bbrgba(0,0,0,0.7)\u00a0\u00bb button_bg_enable_color__hover=\u00a0\u00bbon\u00a0\u00bb button_border_radius__hover_enabled=\u00a0\u00bbon|hover\u00a0\u00bb button_border_radius__hover=\u00a0\u00bb2px\u00a0\u00bb sticky_enabled=\u00a0\u00bb0&Prime;][\/et_pb_button][\/et_pb_column][\/et_pb_row][\/et_pb_section]<\/p>\n","protected":false},"excerpt":{"rendered":"<p><div class=\"et_pb_module lwp_divi_breadcrumbs lwp_divi_breadcrumbs_0\">\n\t\t\t\t\n\t\t\t\t\n\t\t\t\t\n\t\t\t\t\n\t\t\t\t\n\t\t\t\t\n\t\t\t\t<div class=\"et_pb_module_inner\">\n\t\t\t\t\t<div class=\"lwp-breadcrumbs\"> <span class=\"before\"><\/span> <span vocab=\"https:\/\/schema.org\/\" typeof=\"BreadcrumbList\"><span property=\"itemListElement\" typeof=\"ListItem\"><a property=\"item\" typeof=\"WebPage\" href=\"https:\/\/liftingfx.girafdev.com\/fr\/\" class=\"home\"><span property=\"name\">Home<\/span><\/a><meta property=\"position\" content=\"1\"><\/span> <span class=\"separator et-pb-icon\">&amp;#x39;<\/span> <\/span><\/div>\n\t\t\t\t<\/div>\n\t\t\t<\/div>Flex Lifting est la marque du Groupe AxA sp\u00e9cialis\u00e9e dans la production de grues mobiles \u00e0 contrepoids 100% fabriqu\u00e9es en Italie pour tous les secteurs industriels.Notre MissionNous sommes constamment engag\u00e9s dans la recherche et le d\u00e9veloppement de solutions de levage et de manutention. Des solutions durables et efficaces pour garantir [&hellip;]<\/p>\n","protected":false},"author":9,"featured_media":199,"parent":0,"menu_order":0,"comment_status":"closed","ping_status":"closed","template":"","meta":{"_acf_changed":false,"_et_pb_use_builder":"on","_et_pb_old_content":"","_et_gb_content_width":"","footnotes":""},"class_list":["post-279213","page","type-page","status-publish","has-post-thumbnail","hentry"],"acf":[],"_links":{"self":[{"href":"https:\/\/liftingfx.girafdev.com\/fr\/wp-json\/wp\/v2\/pages\/279213","targetHints":{"allow":["GET"]}}],"collection":[{"href":"https:\/\/liftingfx.girafdev.com\/fr\/wp-json\/wp\/v2\/pages"}],"about":[{"href":"https:\/\/liftingfx.girafdev.com\/fr\/wp-json\/wp\/v2\/types\/page"}],"author":[{"embeddable":true,"href":"https:\/\/liftingfx.girafdev.com\/fr\/wp-json\/wp\/v2\/users\/9"}],"replies":[{"embeddable":true,"href":"https:\/\/liftingfx.girafdev.com\/fr\/wp-json\/wp\/v2\/comments?post=279213"}],"version-history":[{"count":17,"href":"https:\/\/liftingfx.girafdev.com\/fr\/wp-json\/wp\/v2\/pages\/279213\/revisions"}],"predecessor-version":[{"id":317884,"href":"https:\/\/liftingfx.girafdev.com\/fr\/wp-json\/wp\/v2\/pages\/279213\/revisions\/317884"}],"wp:featuredmedia":[{"embeddable":true,"href":"https:\/\/liftingfx.girafdev.com\/fr\/wp-json\/wp\/v2\/media\/199"}],"wp:attachment":[{"href":"https:\/\/liftingfx.girafdev.com\/fr\/wp-json\/wp\/v2\/media?parent=279213"}],"curies":[{"name":"wp","href":"https:\/\/api.w.org\/{rel}","templated":true}]}}