{"id":1195,"date":"2022-02-17T14:53:19","date_gmt":"2022-02-17T13:53:19","guid":{"rendered":"https:\/\/liftingfx.girafdev.compharmaceutical-industry\/"},"modified":"2024-11-29T17:46:53","modified_gmt":"2024-11-29T16:46:53","slug":"industrie-pharmaceutique","status":"publish","type":"page","link":"https:\/\/liftingfx.girafdev.com\/fr\/secteurs\/industrie-pharmaceutique\/","title":{"rendered":"Industrie pharmaceutique"},"content":{"rendered":"<h2>Solutions ergonomiques et flexibles en ACIER INOXYDABLE pour l\u2019industrie pharmaceutique<\/h2>\n<p>&nbsp;<\/p>\n<p>Les <strong>grues en acier inoxydable<\/strong> sont la solution id\u00e9ale pour l&rsquo;industrie pharmaceutique, o\u00f9 l&rsquo;hygi\u00e8ne et la s\u00e9curit\u00e9 sont essentielles.<\/p>\n<p>Flex Lifting propose des <strong>\u00e9quipements de levage en acier inoxydable<\/strong>, con\u00e7us pour r\u00e9pondre aux besoins sp\u00e9cifiques de cette industrie.<\/p>\n<p>Les grues en acier inoxydable de Flex Lifting sont souvent utilis\u00e9es dans l&rsquo;industrie pharmaceutique pour r\u00e9aliser les activit\u00e9s suivantes :<\/p>\n<ul>\n<li>transport de mati\u00e8res premi\u00e8res, de produits interm\u00e9diaires et finis au sein des usines de production<\/li>\n<li>stockage et valorisation des mat\u00e9riaux dans les entrep\u00f4ts et d\u00e9p\u00f4ts<\/li>\n<li>l&rsquo;installation, l&rsquo;entretien et la r\u00e9paration de machines et d&rsquo;\u00e9quipements<\/li>\n<li>transport d&rsquo;\u00e9chantillons et de r\u00e9actifs vers les laboratoires de recherche et d\u00e9veloppement<\/li>\n<\/ul>\n<p>Nos <strong>grues porte-\u00e0-faux en acier inoxydable<\/strong> se caract\u00e9risent par :<\/p>\n<ul>\n<li>Construction robuste\u00a0: les grues sont fabriqu\u00e9es en acier inoxydable de haute qualit\u00e9, ce qui garantit r\u00e9sistance et durabilit\u00e9.<\/li>\n<li>Conception hygi\u00e9nique : les surfaces lisses et non poreuses en acier inoxydable facilitent le nettoyage et la d\u00e9sinfection, \u00e9vitant ainsi la contamination<\/li>\n<li>Fiabilit\u00e9 : les grues Flex Lifting sont con\u00e7ues pour offrir un fonctionnement fiable et durable, r\u00e9duisant ainsi les co\u00fbts de maintenance et d&rsquo;exploitation<\/li>\n<li>S\u00e9curit\u00e9 : les grues Flex Lifting garantissent une s\u00e9curit\u00e9 maximale de l&rsquo;op\u00e9rateur et des produits gr\u00e2ce \u00e0 leur construction robuste et \u00e0 leurs fonctions de s\u00e9curit\u00e9 int\u00e9gr\u00e9es<\/li>\n<\/ul>\n<div class=\"mgl-root\" data-gallery-options=\"{&quot;image_ids&quot;:[&quot;289527&quot;,&quot;289497&quot;,&quot;289487&quot;,&quot;289477&quot;],&quot;id&quot;:&quot;69f90bd183585&quot;,&quot;size&quot;:&quot;large&quot;,&quot;infinite&quot;:false,&quot;custom_class&quot;:null,&quot;link&quot;:&quot;file&quot;,&quot;is_preview&quot;:false,&quot;updir&quot;:&quot;https:\\\/\\\/liftingfx.girafdev.com\\\/wp-content\\\/uploads\\\/&quot;,&quot;captions&quot;:&quot;none&quot;,&quot;animation&quot;:false,&quot;layout&quot;:&quot;square&quot;,&quot;justified_row_height&quot;:200,&quot;justified_gutter&quot;:5,&quot;masonry_gutter&quot;:5,&quot;masonry_columns&quot;:3,&quot;square_gutter&quot;:5,&quot;square_columns&quot;:&quot;4&quot;,&quot;cascade_gutter&quot;:5,&quot;class_id&quot;:&quot;mgl-gallery-69f90bd183585&quot;,&quot;layouts&quot;:[],&quot;tiles_gutter&quot;:5,&quot;tiles_gutter_tablet&quot;:5,&quot;tiles_gutter_mobile&quot;:5,&quot;tiles_density&quot;:&quot;high&quot;,&quot;tiles_density_tablet&quot;:&quot;medium&quot;,&quot;tiles_density_mobile&quot;:&quot;low&quot;,&quot;horizontal_gutter&quot;:5,&quot;horizontal_image_height&quot;:500,&quot;horizontal_hide_scrollbar&quot;:false,&quot;carousel_gutter&quot;:5,&quot;carousel_arrow_nav_enabled&quot;:true,&quot;carousel_dot_nav_enabled&quot;:true,&quot;carousel_image_height&quot;:500,&quot;map_gutter&quot;:10,&quot;map_height&quot;:400}\" data-gallery-images=\"[]\" data-atts=\"{&quot;link&quot;:&quot;file&quot;,&quot;columns&quot;:&quot;4&quot;,&quot;ids&quot;:&quot;289527,289497,289487,289477&quot;,&quot;layout&quot;:&quot;square&quot;}\"><div class=\"mgl-gallery-container\"><\/div><div class=\"mgl-gallery-images\"><\/div><\/div>\n","protected":false},"excerpt":{"rendered":"<p>Solutions ergonomiques et flexibles en ACIER INOXYDABLE pour l\u2019industrie pharmaceutique &nbsp; Les grues en acier inoxydable sont la solution id\u00e9ale pour l&rsquo;industrie pharmaceutique, o\u00f9 l&rsquo;hygi\u00e8ne et la s\u00e9curit\u00e9 sont essentielles. Flex Lifting propose des \u00e9quipements de levage en acier inoxydable, con\u00e7us pour r\u00e9pondre aux besoins sp\u00e9cifiques de cette industrie. Les grues en acier inoxydable de [&hellip;]<\/p>\n","protected":false},"author":11,"featured_media":0,"parent":291651,"menu_order":0,"comment_status":"closed","ping_status":"closed","template":"","meta":{"_acf_changed":false,"_et_pb_use_builder":"on","_et_pb_old_content":"<p>[et_pb_section][et_pb_row][et_pb_column type=\"4_4\"][et_pb_text]<\/p><h2>Solutions ergonomiques et flexibles en ACIER INOXYDABLE pour l'industrie pharmaceutique<\/h2><p>Flex Lifting propose une gamme de <strong>grues mobiles \u00e0 contrepoids<\/strong> pour la <strong>manutention et le levage de conteneurs, de composants pour lignes de conditionnement et de charges en vrac pour l'industrie pharmaceutique<\/strong>. En particulier, les mod\u00e8les en <strong>acier inoxydable AISI 316<\/strong> et <strong>304<\/strong> garantissent une protection anti-corrosion contre les agents chimiques et permettent le respect des normes d'hygi\u00e8ne les plus rigoureuses.<\/p><p>L'ergonomie et la flexibilit\u00e9 de nos grues mobiles facilitent la pr\u00e9paration de nouveaux am\u00e9nagements d\u00e9di\u00e9s et la protection de la sant\u00e9 des travailleurs dans le respect des r\u00e8gles de s\u00e9curit\u00e9 en vigueur.<\/p><p>[\/et_pb_text][\/et_pb_column][\/et_pb_row][\/et_pb_section]<\/p>","_et_gb_content_width":"","footnotes":""},"class_list":["post-1195","page","type-page","status-publish","hentry"],"acf":[],"_links":{"self":[{"href":"https:\/\/liftingfx.girafdev.com\/fr\/wp-json\/wp\/v2\/pages\/1195","targetHints":{"allow":["GET"]}}],"collection":[{"href":"https:\/\/liftingfx.girafdev.com\/fr\/wp-json\/wp\/v2\/pages"}],"about":[{"href":"https:\/\/liftingfx.girafdev.com\/fr\/wp-json\/wp\/v2\/types\/page"}],"author":[{"embeddable":true,"href":"https:\/\/liftingfx.girafdev.com\/fr\/wp-json\/wp\/v2\/users\/11"}],"replies":[{"embeddable":true,"href":"https:\/\/liftingfx.girafdev.com\/fr\/wp-json\/wp\/v2\/comments?post=1195"}],"version-history":[{"count":7,"href":"https:\/\/liftingfx.girafdev.com\/fr\/wp-json\/wp\/v2\/pages\/1195\/revisions"}],"predecessor-version":[{"id":298739,"href":"https:\/\/liftingfx.girafdev.com\/fr\/wp-json\/wp\/v2\/pages\/1195\/revisions\/298739"}],"up":[{"embeddable":true,"href":"https:\/\/liftingfx.girafdev.com\/fr\/wp-json\/wp\/v2\/pages\/291651"}],"wp:attachment":[{"href":"https:\/\/liftingfx.girafdev.com\/fr\/wp-json\/wp\/v2\/media?parent=1195"}],"curies":[{"name":"wp","href":"https:\/\/api.w.org\/{rel}","templated":true}]}}