{"id":9661,"date":"2022-08-02T11:00:53","date_gmt":"2022-08-02T09:00:53","guid":{"rendered":"https:\/\/liftingfx.girafdev.com?post_type=product&#038;p=9661"},"modified":"2025-06-04T07:48:49","modified_gmt":"2025-06-04T05:48:49","slug":"flex-f1000sbl-grua-electrica-con-columna-fija-y-brazo-electrico-capacidad-1000-kg","status":"publish","type":"product","link":"https:\/\/liftingfx.girafdev.com\/es\/product\/flex-f1000sbl-grua-electrica-con-columna-fija-y-brazo-electrico-capacidad-1000-kg\/","title":{"rendered":"FLEX F1000SBL CON PALANCAS DE CONTROL"},"content":{"rendered":"<p><strong>La gr\u00faa m\u00f3vil FLEX F1000SBL es una gr\u00faa el\u00e9ctrica con una capacidad m\u00e1xima de 1000 kg y ext\u00e9nsion el\u00e9ctrica lo que permite que el brazo se extienda hasta 1.400 mm.<\/strong>\u00a0La <strong>pluma m\u00f3vil<\/strong> Flex F1000SBL tiene una capacidad de direcci\u00f3n excepcional que le permite doblarse en espacios reducidos o girar sobre su eje en espacios limitados. Una de las caracter\u00edsticas clave de esta <strong>gr\u00faa contrapesada<\/strong> es que no hay estabilizadores laterales, por lo que esta gr\u00faa ofrece la m\u00e1xima movilidad con carga suspendida. Por lo tanto, es una gr\u00faa m\u00f3vil universal para aplicaciones ilimitadas que se puede utilizar en diferentes estaciones de trabajo. Nuestro <strong>equipo de elevaci\u00f3n<\/strong> Flex F1000SBL es ideal para colocar moldes y diversas cargas sobre obst\u00e1culos\/barreras, en m\u00e1quinas 3D, tornos, aberturas estrechas, l\u00edneas de montaje y sobre protecciones perimetrales. Est\u00e1 equipada de serie con un dispositivo para la limitaci\u00f3n din\u00e1mica de la carga que evita que la gr\u00faa se cargue m\u00e1s all\u00e1 de su capacidad m\u00e1xima en cada punto de la extensi\u00f3n. Manipulaci\u00f3n y elevaci\u00f3n de cargas en pleno cumplimiento con todos los requisitos por la legislaci\u00f3n vigentede en materia de seguridad y salud.<\/p>\n<p>El mod.\u00a0<strong>FLEX F1000SBL<\/strong> est\u00e1 equipado con palancas de control que permiten de operar las siguientes funciones con velocidad ajustable y proporcional:<\/p>\n<p>Elevaci\u00f3n del brazo \u2013 Descenso del brazo \u2013 Extensi\u00f3n del brazo \u2013 Retraimiento del brazo.<\/p>\n","protected":false},"excerpt":{"rendered":"<p>Gr\u00faa hidr\u00e1ulica contrapesada con palancas de control, extensi\u00f3n el\u00e9ctrica y 1.000 kg de capacidad<\/p>\n","protected":false},"featured_media":16362,"template":"","meta":{"_acf_changed":false,"_et_pb_use_builder":"","_et_pb_old_content":"","_et_gb_content_width":""},"product_brand":[],"product_cat":[62],"product_tag":[],"class_list":{"0":"post-9661","1":"product","2":"type-product","3":"status-publish","4":"has-post-thumbnail","6":"product_cat-gruas-con-1-extension-electrica","7":"pa_portata-max-kg-1000-es-2","9":"first","10":"instock","11":"shipping-taxable","12":"product-type-simple"},"acf":[],"gallery_images":[15936,13399,10317,10324,12032,12039,13060],"_links":{"self":[{"href":"https:\/\/liftingfx.girafdev.com\/es\/wp-json\/wp\/v2\/product\/9661","targetHints":{"allow":["GET"]}}],"collection":[{"href":"https:\/\/liftingfx.girafdev.com\/es\/wp-json\/wp\/v2\/product"}],"about":[{"href":"https:\/\/liftingfx.girafdev.com\/es\/wp-json\/wp\/v2\/types\/product"}],"wp:featuredmedia":[{"embeddable":true,"href":"https:\/\/liftingfx.girafdev.com\/es\/wp-json\/wp\/v2\/media\/16362"}],"wp:attachment":[{"href":"https:\/\/liftingfx.girafdev.com\/es\/wp-json\/wp\/v2\/media?parent=9661"}],"wp:term":[{"taxonomy":"product_brand","embeddable":true,"href":"https:\/\/liftingfx.girafdev.com\/es\/wp-json\/wp\/v2\/product_brand?post=9661"},{"taxonomy":"product_cat","embeddable":true,"href":"https:\/\/liftingfx.girafdev.com\/es\/wp-json\/wp\/v2\/product_cat?post=9661"},{"taxonomy":"product_tag","embeddable":true,"href":"https:\/\/liftingfx.girafdev.com\/es\/wp-json\/wp\/v2\/product_tag?post=9661"}],"curies":[{"name":"wp","href":"https:\/\/api.w.org\/{rel}","templated":true}]}}